{"id":11624,"date":"2023-10-04T07:39:45","date_gmt":"2023-10-04T07:39:45","guid":{"rendered":"http:\/\/toursmiches.com\/?post_type=product&#038;p=11624"},"modified":"2024-04-02T15:44:08","modified_gmt":"2024-04-02T15:44:08","slug":"2-hours-kayak-los-haitises","status":"publish","type":"product","link":"https:\/\/toursmiches.com\/af\/miches\/2-hours-kayak-los-haitises\/","title":{"rendered":"2 Uur Kajak Los Haitises"},"content":{"rendered":"<div class=\"vc_row wpb_row vc_row-fluid\" ><div class=\"wpb_column vc_column_container vc_col-sm-12\"><div class=\"vc_column-inner\"><div class=\"wpb_wrapper\"><div class=\"vc_btn3-container vc_btn3-inline\" ><a class=\"vc_general vc_btn3 vc_btn3-size-md vc_btn3-shape-rounded vc_btn3-style-modern vc_btn3-color-green\" href=\"https:\/\/bookingadventures.tours\/booking.php?tour_id=76244158e4bf48f84872b711d82fa754\" title=\"\" target=\"_blank\" rel=\"noopener\">BESPREEK NOU<\/a><\/div>[mkdf_section_title title_tag=\u00bb\u00bb disable_break_words=\u00bbno\u00bb subtitle_tag=\u00bb\u00bb title=\u00bbKayaking in Los Haitises National Park with Tour guide from Ca\u00f1o Hondo 2 hours\u00bb subtitle=\u00bbKayaks &amp; Local Guide\u00bb]<\/div><\/div><\/div><\/div><div class=\"vc_row wpb_row vc_row-fluid\" ><div class=\"wpb_column vc_column_container vc_col-sm-12\"><div class=\"vc_column-inner\"><div class=\"wpb_wrapper\"><div class=\"vc_empty_space\"   style=\"height: 32px\"><span class=\"vc_empty_space_inner\"><\/span><\/div><\/div><\/div><\/div><\/div><div class=\"vc_row wpb_row vc_row-fluid\" ><div class=\"wpb_column vc_column_container vc_col-sm-12\"><div class=\"vc_column-inner\"><div class=\"wpb_wrapper\">\n\t<div class=\"wpb_text_column wpb_content_element\" >\n\t\t<div class=\"wpb_wrapper\">\n\t\t\t<h4><b><i>Oorsig <\/i><\/b><\/h4>\n<p>Kajak Mangroves in Los Haitises Nasionale Park met &#039;n plaaslike toergids 2 uur. Besoek Mangroves in Cano Hondo rivier plus &#039;n oorsig van die San Lorenzo Bay in Los Haitises Nasionale park, Sabana de la mar Cano Hondo area. In geval jy langer sal hou: <a href=\"https:\/\/www.ticketswhales.com\/Tours-Excursions\/kayaking\/kayaking-in-los-haitises-with-tour-guide-from-cano-hondo-4-hours\/\" target=\"_blank\" rel=\"noopener\"><strong>Kajak 4 uur in Los Haitises.<\/strong><\/a><\/p>\n<ul>\n<li style=\"font-weight: 400;\"><span style=\"font-weight: 400;\">Die gids verskaf onderrig en toesig<\/span><\/li>\n<li>Kajakke en roeispane beskikbaar Dubbel vir twee mense en Enkel vir net een persoon.<\/li>\n<\/ul>\n<p>&nbsp;<\/p>\n<h4><b>Insluitings &amp; Uitsluitings<\/b><\/h4>\n<p>&nbsp;<\/p>\n<p><b>Insluitings<\/b><\/p>\n<p>&nbsp;<\/p>\n<ol>\n<li style=\"font-weight: 400;\">Kajak reis<\/li>\n<li style=\"font-weight: 400;\"><span style=\"font-weight: 400;\">Alle belastings, fooie en hanteringskoste<\/span><\/li>\n<li style=\"font-weight: 400;\"><span style=\"font-weight: 400;\">Plaaslike belasting<\/span><\/li>\n<li style=\"font-weight: 400;\"><span style=\"font-weight: 400;\">Plaaslike gids<\/span><\/li>\n<\/ol>\n<p><b> Uitsluitings<\/b><\/p>\n<ol>\n<li style=\"font-weight: 400;\"><span style=\"font-weight: 400;\">Gratifikasies<\/span><\/li>\n<li style=\"font-weight: 400;\"><span style=\"font-weight: 400;\">Oordrag<\/span><\/li>\n<li>Middagete is nie ingesluit nie<\/li>\n<li>Grotte is nie ingesluit nie<\/li>\n<li style=\"font-weight: 400;\"><span style=\"font-weight: 400;\">Alkoholiese drankies<\/span><\/li>\n<\/ol>\n<p>&nbsp;<\/p>\n<h4><em><strong>Vertrek en Terugkeer<\/strong><\/em><\/h4>\n<p><span style=\"font-weight: 400;\">Die reisiger sal &#039;n ontmoetingspunt kry na die besprekingsproses. Toere begin en eindig by ons ontmoetingspunte.<\/span><\/p>\n<p>&nbsp;<\/p>\n<h4><b><i>Wat om te verwag?<\/i><\/b><\/h4>\n<p>&nbsp;<\/p>\n<p><em><strong>Kry jou kaartjies<\/strong><\/em> vir &#039;n besoek vir 2 uur deur die Ca\u00f1o Hondo River Forest (Mangroves) met die plaaslike toergidse te kajak.<\/p>\n<p>Wanneer ons alle soorte toerusting kry wat nodig is vir jou veiligheid (Reddingsbaadjies, ens.) begin die aksie Kajak vanaf Ca\u00f1o Hondo hawerivier.<\/p>\n<p><span style=\"font-weight: 400;\">The tour, organized by \u00abBooking Adventures\u00bb starts at the meeting point set with the Tour Guide. <\/span>Neem kajakke en gaan deur mangrove-moerasse, verby antieke seerowergrotte, en in beskermde woude in hierdie skilderagtige reservaat vanaf Cano Hondo Hotels-omgewing of vanaf Sabana de la Mar,<\/p>\n<div class=\"body-description secondary\">\n<p>Kom saam met Booking Adventures en begin kyk na &#039;n paar vo\u00ebls gevulde mangroves, golwende heuwels van welige plantegroei en grotte van <em><strong>Los Haitises Nasionale Park<\/strong><\/em>. Neem &#039;n Kayaks-uitstappie vanaf Cano Hondo-rivier, Sabana de la Mar. Deur die mangroves en Land by die oop San Lorenzobaai, vanwaar jy die ruwe boslandskap kan fotografeer. Kyk na die water om te sien <em><strong>Manatees<\/strong><\/em>, skaaldiere, en <em><strong>Dolfyne.<\/strong><\/em><\/p>\n<p>As jy langer van hierdie reis hou, het ons &#039;n tweede opsie: <a href=\"https:\/\/www.ticketswhales.com\/Tours-Excursions\/kayaking\/kayaking-in-los-haitises-with-tour-guide-from-cano-hondo-4-hours\/\" target=\"_blank\" rel=\"noopener\"><em><strong>Kajak in Los Haitises 4 uur<\/strong><\/em><\/a><\/p>\n<p>Die toer eindig by die beginpunt in Los Haitises Nasionale Park. Ons beveel hierdie reis om 6:00 vm. aan in die geval wat jy graag sal wil sien <em><strong>Manatees<\/strong><\/em>, skaaldiere, en <em><strong>Dolfyne.<\/strong><\/em><\/p>\n<\/div>\n<p><em><strong>06:00<\/strong><\/em> Dit is vroeg so daar is nie nog bote by die Nasionale Park Los Haitises nie.<\/p>\n<h4><em><strong>Wat moet jy saambring?<\/strong><\/em><\/h4>\n<ul>\n<li style=\"font-weight: 400;\"><span style=\"font-weight: 400;\">kamera<\/span><\/li>\n<li style=\"font-weight: 400;\"><span style=\"font-weight: 400;\">Afstotende knoppe<\/span><\/li>\n<li style=\"font-weight: 400;\"><span style=\"font-weight: 400;\">sonroom<\/span><\/li>\n<li style=\"font-weight: 400;\"><span style=\"font-weight: 400;\">Hoed<\/span><\/li>\n<li style=\"font-weight: 400;\"><span style=\"font-weight: 400;\">Gemaklike broek<\/span><\/li>\n<li style=\"font-weight: 400;\"><span style=\"font-weight: 400;\">sandale\u00a0<\/span><\/li>\n<li style=\"font-weight: 400;\"><span style=\"font-weight: 400;\">Swemdrag<\/span><\/li>\n<\/ul>\n<p>&nbsp;<\/p>\n<h4><b><i>Hotel Optel <\/i><\/b><\/h4>\n<p><span style=\"font-weight: 400;\">Hoteloptel word nie vir hierdie toer aangebied nie. <\/span><\/p>\n<p>&nbsp;<\/p>\n<p><b>Let wel:<\/b><span style=\"font-weight: 400;\"> Indien jy binne 24 uur na die toer\/uitstappie se vertrektyd bespreek word, kan ons hotel optel re\u00ebl met ekstra kostes. Sodra jou aankoop voltooi is, sal ons vir jou volledige kontakinligting (foonnommer, e-posadres, ens.) stuur vir ons plaaslike toergids om afhaalre\u00eblings te re\u00ebl.<\/span><\/p>\n<h4><b><i>Bevestiging van addisionele inligting <\/i><\/b><\/h4>\n<ol>\n<li>Kaartjies is die kwitansie na betaling van hierdie toer. Jy kan die betaling op jou foon wys.<\/li>\n<li style=\"font-weight: 400;\"><span style=\"font-weight: 400;\">Ontmoetingspunt sal na die besprekingsproses ontvang word.<\/span><\/li>\n<li style=\"font-weight: 400;\"><span style=\"font-weight: 400;\">Kinders moet deur &#039;n volwassene vergesel word.<\/span><\/li>\n<li style=\"font-weight: 400;\"><span style=\"font-weight: 400;\"> Nie rolstoeltoeganklik nie <\/span><\/li>\n<li style=\"font-weight: 400;\"><span style=\"font-weight: 400;\">Babas moet op skoot sit <\/span><\/li>\n<li style=\"font-weight: 400;\"><span style=\"font-weight: 400;\">Nie aanbeveel vir reisigers met rugprobleme nie<\/span><\/li>\n<li style=\"font-weight: 400;\"><span style=\"font-weight: 400;\">Nie aanbeveel vir swanger reisigers nie <\/span><\/li>\n<li style=\"font-weight: 400;\"><span style=\"font-weight: 400;\"> Geen hartprobleme of ander ernstige mediese toestande nie <\/span><\/li>\n<li style=\"font-weight: 400;\"><span style=\"font-weight: 400;\">Die meeste reisigers kan deelneem<\/span><\/li>\n<\/ol>\n<h4><b><i>Kansellasie beleid<\/i><\/b><\/h4>\n<p>Vir &#039;n volle terugbetaling, lees asseblief ons Kansellasiebeleide\u00a0<a href=\"https:\/\/www.ticketswhales.com\/online-booking\/\" target=\"_blank\" rel=\"noopener\" data-saferedirecturl=\"https:\/\/www.google.com\/url?q=https:\/\/www.ticketswhales.com\/online-booking\/&amp;source=gmail&amp;ust=1672532492004000&amp;usg=AOvVaw3ylqI1cdbIPTimEqEWneyd\">Klik hier<\/a>. Fondse sal verlore gaan as die bespreking op dieselfde dag van die reis gekanselleer word.<\/p>\n\n\t\t<\/div>\n\t<\/div>\n<div class=\"vc_btn3-container vc_btn3-inline\" ><a class=\"vc_general vc_btn3 vc_btn3-size-md vc_btn3-shape-rounded vc_btn3-style-modern vc_btn3-color-green\" href=\"https:\/\/bookingadventures.tours\/booking.php?tour_id=76244158e4bf48f84872b711d82fa754\" title=\"\" target=\"_blank\" rel=\"noopener\">BESPREEK NOU<\/a><\/div><\/div><\/div><\/div><\/div><div class=\"vc_row wpb_row vc_row-fluid\" ><div class=\"wpb_column vc_column_container vc_col-sm-12\"><div class=\"vc_column-inner\"><div class=\"wpb_wrapper\"><div class=\"vc_empty_space\"   style=\"height: 32px\"><span class=\"vc_empty_space_inner\"><\/span><\/div>\n\t<div class=\"wpb_text_column wpb_content_element\" >\n\t\t<div class=\"wpb_wrapper\">\n\t\t\t<h4>Kontak Ons?<\/h4>\n<h5><em><strong>Bespreking Avonture<\/strong><\/em><\/h5>\n<p><em><strong>Plaaslike mense<\/strong> en <strong>Onderdane<\/strong> Toergidse &amp; Gastedienste<\/em><\/p>\n<p><span class=\"text-turquoise\">Besprekings:<\/span> Toere en uitstappies in Dom. Rep.<\/p>\n<p><img decoding=\"async\" class=\"emoji\" draggable=\"false\" src=\"https:\/\/s.w.org\/images\/core\/emoji\/11.2.0\/svg\/1f4de.svg\" alt=\"\ud83d\udcde\" title=\"\"> Tel\/Whatsapp\u00a0 <a href=\"tel:+1-809-720-6035\">+1-809-720-6035<\/a>.<\/p>\n<p><img decoding=\"async\" class=\"emoji\" draggable=\"false\" src=\"https:\/\/s.w.org\/images\/core\/emoji\/11.2.0\/svg\/1f4e9.svg\" alt=\"\ud83d\udce9\" title=\"\"> <a href=\"mailto:info@bookingadventures.com.do\">info@bookingadventures.com.do<\/a><\/p>\n<p><strong>Ons is &#039;n buigsame instelling vir privaat toere deur Whatsapp: <a href=\"tel:+18097206035\">+18097206035.<\/a><\/strong><\/p>\n\n\t\t<\/div>\n\t<\/div>\n<div class=\"vc_empty_space\"   style=\"height: 32px\"><span class=\"vc_empty_space_inner\"><\/span><\/div><\/div><\/div><\/div><\/div><div class=\"vc_row wpb_row vc_row-fluid\" ><div class=\"wpb_column vc_column_container vc_col-sm-12\"><div class=\"vc_column-inner\"><div class=\"wpb_wrapper\"><div class=\"vc_btn3-container vc_btn3-inline\" ><a class=\"vc_general vc_btn3 vc_btn3-size-md vc_btn3-shape-rounded vc_btn3-style-modern vc_btn3-color-green\" href=\"https:\/\/bookingadventures.tours\/booking.php?tour_id=76244158e4bf48f84872b711d82fa754\" title=\"\" target=\"_blank\" rel=\"noopener\">BESPREEK NOU<\/a><\/div><\/div><\/div><\/div><\/div><div class=\"vc_row wpb_row vc_row-fluid\" ><div class=\"wpb_column vc_column_container vc_col-sm-12\"><div class=\"vc_column-inner\"><div class=\"wpb_wrapper\"><\/div><\/div><\/div><\/div>","protected":false},"excerpt":{"rendered":"<p>Uitstappie na Los Haitises Nasionale Park vanaf Sabana de la Mar of Ca\u00f1o Hondo Hotels. Kajak Mangroves in Los Haitises Nasionale Park met &#039;n plaaslike toergids. Besoek Mangroves in Ca\u00f1o Hondo rivier plus &#039;n oorsig van die San Lorenzo Bay in Los Haitises Nasionale park, Sabana de la Mar Ca\u00f1o Hondo area. Indien jy belangstel om ook die grotte te besoek, bespreek asseblief 4 uur kajak <a href=\"https:\/\/www.ticketswhales.com\/Tours-Excursions\/kayaking\/kayaking-in-los-haitises-with-tour-guide-from-cano-hondo-4-hours\/\">reis hierheen.<\/a><\/p>\n<ul>\n<li style=\"font-weight: 400;\"><span style=\"font-weight: 400;\">Die gids verskaf onderrig en toesig<\/span><\/li>\n<li>Kajakke en roeispane beskikbaar Dubbel vir twee mense en Enkel vir net een persoon.<\/li>\n<\/ul>\n<p>&nbsp;<\/p>\n<p>Stel hierdie toer saam met &#039;n staproete en leer saam met plaaslike inwoners oor die geskiedenis van Los Haitises Nasionale Park.<\/p>\n<p>&nbsp;<\/p>\n<p><strong>Kies asseblief die datum vir die toer\u00a0<\/strong><\/p>","protected":false},"featured_media":113,"template":"","meta":[],"product_brand":[],"product_cat":[565,119,96,144,573,98,121,99,122,123,124],"product_tag":[126,127,149,145,150,151,152,153,132,133,114,148,143],"class_list":{"0":"post-11624","1":"product","2":"type-product","3":"status-publish","4":"has-post-thumbnail","6":"product_cat-1-sabana-de-la-mar","7":"product_cat-caves","8":"product_cat-hiking","9":"product_cat-kayaking","10":"product_cat-kayaking-los-haitises","11":"product_cat-local-tour-guides","12":"product_cat-mangroves","13":"product_cat-swimming-natural-springs","14":"product_cat-tours-and-excursions","15":"product_cat-tours-excursions-los-haitises-national-park","16":"product_cat-tours-excursions-samana-bay-dominican-republic","17":"product_tag-cano-hondo","18":"product_tag-cano-hondo-hotel","19":"product_tag-cano-hondo-river","20":"product_tag-day-tour-cano-hondo","21":"product_tag-kayak-dominican-republic","22":"product_tag-kayak-los-haitises","23":"product_tag-kayak-tour","24":"product_tag-kayaking","25":"product_tag-los-haitises","26":"product_tag-los-haitises-national-park","27":"product_tag-sabana-de-la-mar","28":"product_tag-samana-excursions","29":"product_tag-samana-tours","31":"first","32":"instock","33":"sale","34":"shipping-taxable","35":"product-type-external"},"_links":{"self":[{"href":"https:\/\/toursmiches.com\/af\/wp-json\/wp\/v2\/product\/11624","targetHints":{"allow":["GET"]}}],"collection":[{"href":"https:\/\/toursmiches.com\/af\/wp-json\/wp\/v2\/product"}],"about":[{"href":"https:\/\/toursmiches.com\/af\/wp-json\/wp\/v2\/types\/product"}],"wp:featuredmedia":[{"embeddable":true,"href":"https:\/\/toursmiches.com\/af\/wp-json\/wp\/v2\/media\/113"}],"wp:attachment":[{"href":"https:\/\/toursmiches.com\/af\/wp-json\/wp\/v2\/media?parent=11624"}],"wp:term":[{"taxonomy":"product_brand","embeddable":true,"href":"https:\/\/toursmiches.com\/af\/wp-json\/wp\/v2\/product_brand?post=11624"},{"taxonomy":"product_cat","embeddable":true,"href":"https:\/\/toursmiches.com\/af\/wp-json\/wp\/v2\/product_cat?post=11624"},{"taxonomy":"product_tag","embeddable":true,"href":"https:\/\/toursmiches.com\/af\/wp-json\/wp\/v2\/product_tag?post=11624"}],"curies":[{"name":"wp","href":"https:\/\/api.w.org\/{rel}","templated":true}]}}