{"id":595,"date":"2020-07-02T12:43:09","date_gmt":"2020-07-02T12:43:09","guid":{"rendered":"http:\/\/toursmiches.com\/?post_type=product&#038;p=595"},"modified":"2024-04-16T18:46:40","modified_gmt":"2024-04-16T18:46:40","slug":"excursion-cascada-el-limon-con-caballos","status":"publish","type":"product","link":"https:\/\/toursmiches.com\/am\/miches\/excursion-cascada-el-limon-con-caballos\/","title":{"rendered":"Excursi\u00f3n Cascada El Lim\u00f3n con Caballos"},"content":{"rendered":"<div class=\"vc_row wpb_row vc_row-fluid\" ><div class=\"wpb_column vc_column_container vc_col-sm-12\"><div class=\"vc_column-inner\"><div class=\"wpb_wrapper\">[mkdf_section_title subtitle_tag=\u00bb\u00bb subtitle=\u00bbViaje normal pero privado\u00bb]<\/div><\/div><\/div><\/div><div class=\"vc_row wpb_row vc_row-fluid\" ><div class=\"wpb_column vc_column_container vc_col-sm-12\"><div class=\"vc_column-inner\"><div class=\"wpb_wrapper\">\n\t<div class=\"wpb_text_column wpb_content_element\" >\n\t\t<div class=\"wpb_wrapper\">\n\t\t\t<h2>Tour a las cascadas de El Lim\u00f3n (caballos y nataci\u00f3n) + almuerzo<\/h2>\n<h3>\u1218\u130d\u1208\u132b<\/h3>\n<p>Este es un tour privado a las cascadas El Lim\u00f3n con paseos a caballo o senderismo. Visitando el bosque de cacao y caf\u00e9 bajo las plantas de cocos. Cuando llegue a las cascadas, podr\u00e1 nadar y establecer la hora con su gu\u00eda local. Despu\u00e9s disfrutar de un almuerzo t\u00edpico en la comunidad de El Lim\u00f3n.<\/p>\n<p>Aprenda con los locales y obtenga un viaje seguro. Obtenga sus entradas en oferta hoy.<\/p>\n<ul>\n<li>Incluye almuerzo<\/li>\n<li>A caballo o senderismo<\/li>\n<li>El gu\u00eda proporciona instrucciones y supervisi\u00f3n.<\/li>\n<li>Tarifas al Parque Nacional<\/li>\n<\/ul>\n<h3>\u121b\u12ab\u1270\u1275 \u12a5\u1293 \u121b\u130d\u1208\u120d<\/h3>\n<h4>\u121b\u12ab\u1270\u1275<\/h4>\n<ol>\n<li>Almuerzo Buffet en El Lim\u00f3n.<\/li>\n<li>Excursi\u00f3n a pie o a caballo<\/li>\n<li>\u1201\u1209\u121d \u130d\u1265\u122e\u127d\u1363 \u12ad\u134d\u12eb\u12ce\u127d \u12a5\u1293 \u12e8\u12a0\u12eb\u12eb\u12dd \u12ad\u134d\u12eb\u12ce\u127d<\/li>\n<li>\u12e8\u12a0\u12ab\u1263\u1262 \u130d\u1265\u122e\u127d<\/li>\n<li>\u1218\u1320\u1326\u127d<\/li>\n<li>\u1201\u1209\u121d \u12a5\u1295\u1245\u1235\u1243\u1234\u12ce\u127d<\/li>\n<li>\u12e8\u12a0\u12ab\u1263\u1262 \u1218\u1218\u122a\u12eb<\/li>\n<\/ol>\n<h3>\u12e8\u121b\u12ed\u12ab\u1270\u1271<\/h3>\n<ol>\n<li>\u1320\u1243\u121a \u121d\u12ad\u122e\u127d<\/li>\n<li>\u1218\u1313\u1313\u12e3<\/li>\n<li>\u12e8\u12a0\u120d\u12ae\u120d \u1218\u1320\u1326\u127d<\/li>\n<li>Comida en la playa<\/li>\n<\/ol>\n<h3><em>\u1218\u1290\u1233\u1275 \u12a5\u1293 \u1218\u1218\u1208\u1235<\/em><\/h3>\n<p>\u1270\u1313\u12e1 \u12a8\u1266\u1273 \u121b\u1235\u12eb\u12dd \u1202\u12f0\u1275 \u1260\u128b\u120b \u12e8\u1218\u1230\u1265\u1230\u1262\u12eb \u1290\u1325\u1265 \u12eb\u1308\u129b\u120d\u1362 \u1309\u1265\u129d\u1276\u127d \u1260\u1218\u1230\u1265\u1230\u1262\u12eb \u1290\u1325\u1266\u127b\u127d\u1295 \u12ed\u1300\u121d\u122b\u1209 \u12a5\u1293 \u12ed\u1320\u1293\u1240\u1243\u1209\u1362<\/p>\n<h3><em>\u121d\u1295 \u12ed\u1320\u1260\u1243\u120d?<\/em><\/h3>\n<p>Obtenga sus boletos para visitar Las Cascacadas El Lim\u00f3n en Saman\u00e1 y un maravilloso almuerzo en el restaurante El Lim\u00f3n.<\/p>\n<p>El recorrido, organizado por \u00abBooking Adventures\u00bb, comienza en el punto de encuentro establecido con el gu\u00eda tur\u00edstico.<\/p>\n<p>Los mejores viajes privados a las cascadas de El Lim\u00f3n con un gu\u00eda tur\u00edstico local. Reserve un viaje a caballo por el bosque, rodeando el r\u00edo Lim\u00f3n, visitando plantaciones de cacao y caf\u00e9 bajo la sombra de coco.<\/p>\n<p>Primero, det\u00e9ngase en la peque\u00f1a cascada donde generalmente no hay mucha gente y puede nadar. Luego continuamos hacia la gran cascada donde nos quedaremos durante una hora o m\u00e1s si lo desea.<\/p>\n<p>Llevar los caballos de vuelta al restaurante donde disfrutaremos de un almuerzo t\u00edpico en la playa. Pescado frito con Tostones y Ensalada o puede obtener otras opciones en el men\u00fa con cargos adicionales.<\/p>\n<p>Almuerce en el restaurante de la comunidad de El Lim\u00f3n y podr\u00e1 quedarse todo el tiempo que quiera nadando. Si eres vegano, tambi\u00e9n podemos prepararte algo de comida.<\/p>\n<h3><em>\u121d\u1295 \u12ed\u12d8\u12cd \u12ed\u121d\u1321?<\/em><\/h3>\n<ul>\n<li>\u12ab\u121c\u122b<\/li>\n<li>\u12a0\u1235\u1338\u12eb\u134a\u12ce\u127d<\/li>\n<li>\u12e8\u1340\u1210\u12ed \u1218\u12a8\u120b\u12a8\u12eb<\/li>\n<li>\u12ae\u134d\u12eb<\/li>\n<li>\u121d\u1279 \u1231\u122a\u12ce\u127d<\/li>\n<li>\u12e8\u132b\u12ab \u12e8\u12a5\u130d\u122d \u1309\u12de \u132b\u121b\u12ce\u127d<\/li>\n<li>\u12e8\u1218\u12cb\u129b \u120d\u1265\u1235<\/li>\n<\/ul>\n<h3><em>\u1206\u1274\u120d \u121b\u1295\u1233\u1275<\/em><\/h3>\n<p>\u1206\u1274\u120d \u1208\u1218\u12cd\u1230\u12f5 \u1208\u12da\u1205 \u1309\u1265\u129d\u1275 \u12a0\u12ed\u1230\u1325\u121d\u1362<\/p>\n<p><strong>\u121b\u1235\u1273\u12c8\u123b:<\/strong> \u12a8\u1309\u1265\u129d\u1271\/\u12e8\u123d\u122d\u123d\u122d \u1218\u1290\u123b \u130a\u12dc \u126024 \u1230\u12a0\u1273\u1275 \u12cd\u1235\u1325 \u1266\u1273 \u12ab\u1235\u12eb\u12d9\u1363\u1206\u1274\u120d \u1208\u1218\u12cd\u1230\u12f5 \u1270\u1328\u121b\u122a \u12ad\u134d\u12eb\u12ce\u127d\u1295 \u120d\u1293\u12d8\u130b\u1305 \u12a5\u1295\u127d\u120b\u1208\u1295\u1362 \u130d\u12e2\u12ce \u12a5\u1295\u12f0\u1270\u1320\u1293\u1240\u1240\u1363 \u1208\u12a0\u12ab\u1263\u1262\u12eb\u127d\u1295 \u12a0\u1235\u130e\u1265\u129a\u12ce\u127d \u12e8\u1218\u1230\u1265\u1230\u1262\u12eb \u12dd\u130d\u1305\u1276\u127d\u1295 \u1208\u121b\u12d8\u130b\u1300\u1275 \u12e8\u1270\u121f\u120b \u12e8\u1218\u1308\u129b \u12a0\u12f5\u122b\u123b (\u1235\u120d\u12ad \u1241\u1325\u122d\u1363 \u12a2\u121c\u12ed\u120d \u12a0\u12f5\u122b\u123b\u1363 \u12c8\u12d8\u1270) \u12a5\u1295\u120d\u12ad\u120d\u12ce\u1273\u1208\u1295\u1362<\/p>\n<h3><em>\u12e8\u1270\u1328\u121b\u122a \u1218\u1228\u1303 \u121b\u1228\u130b\u1308\u132b<\/em><\/h3>\n<ul>\n<li>\u1275\u12ac\u1276\u1279 \u1208\u12da\u1205 \u1309\u1265\u129d\u1275 \u12a8\u12a8\u1348\u1209 \u1260\u128b\u120b \u12f0\u1228\u1230\u129d \u1293\u1278\u12cd\u1362 \u12ad\u134d\u12eb\u12cd\u1295 \u1260\u1235\u120d\u12ad\u12ce \u120b\u12ed \u121b\u1233\u12e8\u1275 \u12ed\u127d\u120b\u1209\u1362<\/li>\n<li>\u12e8\u1235\u1265\u1230\u1263 \u1290\u1325\u1261 \u12a8\u1266\u1273 \u121b\u1235\u12eb\u12e3 \u1202\u12f0\u1271 \u1260\u128b\u120b \u12ed\u1240\u1260\u120b\u120d.<\/li>\n<li>\u120d\u1306\u127d \u12a8\u1275\u120d\u1245 \u1230\u12cd \u130b\u122d \u1218\u12eb\u12eb\u12dd \u12a0\u1208\u1263\u1278\u12cd.<\/li>\n<li>\u1260\u1270\u123d\u12a8\u122d\u12ab\u122a \u12c8\u1295\u1260\u122d \u1270\u12f0\u122b\u123d \u12a0\u12ed\u12f0\u1208\u121d\u1362<\/li>\n<li>Los infantes deben sentarse en un asiento para beb\u00e9s ocon un adulto<\/li>\n<li>\u12e8\u1300\u122d\u1263 \u127d\u130d\u122d \u120b\u1208\u1263\u1278\u12cd \u1218\u1295\u1308\u12f0\u129e\u127d \u12a0\u12ed\u1218\u12a8\u122d\u121d\u1362<\/li>\n<li>\u1208\u1290\u134d\u1230 \u1321\u122d \u1234\u1276\u127d \u12a0\u12ed\u1218\u12a8\u122d\u121d.<\/li>\n<li>\u121d\u1295\u121d \u12e8\u120d\u1265 \u127d\u130d\u122e\u127d \u12c8\u12ed\u121d \u120c\u120e\u127d \u12a8\u1263\u12f5 \u12e8\u1324\u1293 \u1201\u1294\u1273\u12ce\u127d.<\/li>\n<li>\u12a0\u1265\u12db\u129e\u1279 \u1270\u1313\u12e6\u127d \u1218\u1233\u1270\u134d \u12ed\u127d\u120b\u1209\u1362<\/li>\n<\/ul>\n<h3><em>\u12e8\u1235\u1228\u12db \u1218\u1218\u122a\u12eb<\/em><\/h3>\n<p>\u1208\u1219\u1209 \u1270\u1218\u120b\u123d \u1308\u1295\u12d8\u1265\u1363 \u120d\u121d\u12f5 \u12a8\u1218\u1300\u1218\u1229 \u1240\u1295 \u1260\u134a\u1275 \u1262\u12eb\u1295\u1235 24 \u1230\u12d3\u1273\u1275 \u12ed\u1230\u122d\u12d9\u1362<\/p>\n\n\t\t<\/div>\n\t<\/div>\n<\/div><\/div><\/div><\/div><div class=\"vc_row wpb_row vc_row-fluid\" ><div class=\"wpb_column vc_column_container vc_col-sm-12\"><div class=\"vc_column-inner\"><div class=\"wpb_wrapper\"><div class=\"vc_empty_space\"   style=\"height: 32px\"><span class=\"vc_empty_space_inner\"><\/span><\/div>\n\t<div class=\"wpb_text_column wpb_content_element\" >\n\t\t<div class=\"wpb_wrapper\">\n\t\t\t<h4>Cont\u00e1ctenos<\/h4>\n<h5>\u12e8\u1300\u1265\u12f5 \u1266\u1273 \u121b\u1235\u12eb\u12dd<\/h5>\n<p><em><strong>\u12e8\u1200\u1308\u122d \u12cd\u1235\u1325 \u12a5\u1293 \u12e8\u1200\u1308\u122d \u12cd\u1235\u1325 \u12a0\u1235\u130e\u1265\u129a\u12ce\u127d \u12a5\u1293 \u12e8\u12a5\u1295\u130d\u12f3 \u12a0\u1308\u120d\u130d\u120e\u1276\u127d<\/strong><\/em><\/p>\n<p>\u12e8\u1270\u12eb\u12d9 \u1266\u1273\u12ce\u127d\u1361 \u1309\u1265\u129d\u1276\u127d \u12a5\u1293 \u123d\u122d\u123d\u122e\u127d \u1260\u12f6\u121d. \u1270\u12c8\u12ab\u12ed.<\/p>\n<p>\u1235\u120d\u12ad\/\u12cb\u1275\u1235\u12a0\u1355 +1-809-720-6035\u1362<\/p>\n<p>info@bookingadventures.com.do<\/p>\n<p>Hacemos tours privados de configuraci\u00f3n flexible por Whatsapp: +18097206035.<\/p>\n\n\t\t<\/div>\n\t<\/div>\n<div class=\"vc_empty_space\"   style=\"height: 32px\"><span class=\"vc_empty_space_inner\"><\/span><\/div><\/div><\/div><\/div><\/div>","protected":false},"excerpt":{"rendered":"<p><strong>\u12a5\u1263\u12ad\u12ce \u12e8\u1309\u1265\u129d\u1271\u1295 \u1240\u1295 \u12ed\u121d\u1228\u1321\u1361-<\/strong><\/p>","protected":false},"featured_media":131,"template":"","meta":[],"product_brand":[],"product_cat":[120,96,97,135,136,122,443,123,124],"product_tag":[138,140,155,156,142,143],"class_list":{"0":"post-595","1":"product","2":"type-product","3":"status-publish","4":"has-post-thumbnail","6":"product_cat-fees-entrace","7":"product_cat-hiking","8":"product_cat-horse-riding-to-waterfalls","9":"product_cat-lunch","10":"product_cat-safari-samana","11":"product_cat-tours-and-excursions","12":"product_cat-tours-y-excursiones-es","13":"product_cat-tours-excursions-los-haitises-national-park","14":"product_cat-tours-excursions-samana-bay-dominican-republic","15":"product_tag-beach-time","16":"product_tag-el-limon-waterfalls","17":"product_tag-hiking-el-limon","18":"product_tag-horses-el-limon","19":"product_tag-samana","20":"product_tag-samana-tours","22":"first","23":"instock","24":"sale","25":"featured","26":"sold-individually","27":"shipping-taxable","28":"product-type-external"},"_links":{"self":[{"href":"https:\/\/toursmiches.com\/am\/wp-json\/wp\/v2\/product\/595","targetHints":{"allow":["GET"]}}],"collection":[{"href":"https:\/\/toursmiches.com\/am\/wp-json\/wp\/v2\/product"}],"about":[{"href":"https:\/\/toursmiches.com\/am\/wp-json\/wp\/v2\/types\/product"}],"wp:featuredmedia":[{"embeddable":true,"href":"https:\/\/toursmiches.com\/am\/wp-json\/wp\/v2\/media\/131"}],"wp:attachment":[{"href":"https:\/\/toursmiches.com\/am\/wp-json\/wp\/v2\/media?parent=595"}],"wp:term":[{"taxonomy":"product_brand","embeddable":true,"href":"https:\/\/toursmiches.com\/am\/wp-json\/wp\/v2\/product_brand?post=595"},{"taxonomy":"product_cat","embeddable":true,"href":"https:\/\/toursmiches.com\/am\/wp-json\/wp\/v2\/product_cat?post=595"},{"taxonomy":"product_tag","embeddable":true,"href":"https:\/\/toursmiches.com\/am\/wp-json\/wp\/v2\/product_tag?post=595"}],"curies":[{"name":"wp","href":"https:\/\/api.w.org\/{rel}","templated":true}]}}