{"id":595,"date":"2020-07-02T12:43:09","date_gmt":"2020-07-02T12:43:09","guid":{"rendered":"http:\/\/toursmiches.com\/?post_type=product&#038;p=595"},"modified":"2024-04-16T18:46:40","modified_gmt":"2024-04-16T18:46:40","slug":"excursion-cascada-el-limon-con-caballos","status":"publish","type":"product","link":"https:\/\/toursmiches.com\/ar\/\u0645\u064a\u0634\/excursion-cascada-el-limon-con-caballos\/","title":{"rendered":"\u0631\u062d\u0644\u0629 \u0634\u0644\u0627\u0644 \u0625\u0644 \u0644\u064a\u0645\u0648\u0646 \u0645\u0639 \u0627\u0644\u062e\u064a\u0648\u0644"},"content":{"rendered":"<div class=\"vc_row wpb_row vc_row-fluid\" ><div class=\"wpb_column vc_column_container vc_col-sm-12\"><div class=\"vc_column-inner\"><div class=\"wpb_wrapper\">[mkdf_section_title subtitle_tag=\u00bb\u00bb subtitle=\u00bbViaje normal pero privado\u00bb]<\/div><\/div><\/div><\/div><div class=\"vc_row wpb_row vc_row-fluid\" ><div class=\"wpb_column vc_column_container vc_col-sm-12\"><div class=\"vc_column-inner\"><div class=\"wpb_wrapper\">\n\t<div class=\"wpb_text_column wpb_content_element\" >\n\t\t<div class=\"wpb_wrapper\">\n\t\t\t<h2>Tour a las cascadas de El Lim\u00f3n (caballos y nataci\u00f3n) + almuerzo<\/h2>\n<h3>\u0648\u0635\u0641<\/h3>\n<p>Este es un tour privado a las cascadas El Lim\u00f3n con paseos a caballo o senderismo. Visitando el bosque de cacao y caf\u00e9 bajo las plantas de cocos. Cuando llegue a las cascadas, podr\u00e1 nadar y establecer la hora con su gu\u00eda local. Despu\u00e9s disfrutar de un almuerzo t\u00edpico en la comunidad de El Lim\u00f3n.<\/p>\n<p>Aprenda con los locales y obtenga un viaje seguro. Obtenga sus entradas en oferta hoy.<\/p>\n<ul>\n<li>Incluye almuerzo<\/li>\n<li>A caballo o senderismo<\/li>\n<li>\u064a\u0648\u0641\u0631 \u0627\u0644\u062f\u0644\u064a\u0644 \u0627\u0644\u062a\u0639\u0644\u064a\u0645\u0627\u062a \u0648\u0627\u0644\u0625\u0634\u0631\u0627\u0641.<\/li>\n<li>\u0631\u0633\u0648\u0645 \u0625\u0644\u0649 \u0627\u0644\u062d\u062f\u064a\u0642\u0629 \u0627\u0644\u0648\u0637\u0646\u064a\u0629<\/li>\n<\/ul>\n<h3>\u0627\u0644\u0627\u062f\u0631\u0627\u062c \u0648\u0627\u0644\u0627\u0633\u062a\u062b\u0646\u0627\u0621\u0627\u062a<\/h3>\n<h4>\u0627\u0644\u0627\u062f\u0631\u0627\u062c<\/h4>\n<ol>\n<li>Almuerzo Buffet en El Lim\u00f3n.<\/li>\n<li>\u0631\u062d\u0644\u0629 \u0633\u064a\u0631\u0627 \u0639\u0644\u0649 \u0627\u0644\u0623\u0642\u062f\u0627\u0645 \u0623\u0648 \u0639\u0644\u0649 \u0638\u0647\u0648\u0631 \u0627\u0644\u062e\u064a\u0644<\/li>\n<li>\u062c\u0645\u064a\u0639 \u0627\u0644\u0636\u0631\u0627\u0626\u0628 \u0648\u0627\u0644\u0631\u0633\u0648\u0645 \u0648\u0631\u0633\u0648\u0645 \u0627\u0644\u0645\u0646\u0627\u0648\u0644\u0629<\/li>\n<li>\u0627\u0644\u0636\u0631\u0627\u0626\u0628 \u0627\u0644\u0645\u062d\u0644\u064a\u0629<\/li>\n<li>\u0645\u0634\u0631\u0648\u0628\u0627\u062a<\/li>\n<li>\u062c\u0645\u064a\u0639 \u0627\u0644\u0623\u0646\u0634\u0637\u0629<\/li>\n<li>\u062f\u0644\u064a\u0644 \u0645\u062d\u0644\u064a<\/li>\n<\/ol>\n<h3>\u0627\u0644\u0627\u0633\u062a\u062b\u0646\u0627\u0621\u0627\u062a<\/h3>\n<ol>\n<li>\u0646\u0635\u0627\u0626\u062d<\/li>\n<li>\u064a\u0646\u0642\u0644<\/li>\n<li>\u0627\u0644\u0645\u0634\u0631\u0648\u0628\u0627\u062a \u0627\u0644\u0643\u062d\u0648\u0644\u064a\u0629<\/li>\n<li>Comida en la playa<\/li>\n<\/ol>\n<h3><em>\u0627\u0644\u0645\u063a\u0627\u062f\u0631\u0629 \u0648\u0627\u0644\u0639\u0648\u062f\u0629<\/em><\/h3>\n<p>\u0633\u064a\u062d\u0635\u0644 \u0627\u0644\u0645\u0633\u0627\u0641\u0631 \u0639\u0644\u0649 \u0646\u0642\u0637\u0629 \u0627\u0644\u062a\u0642\u0627\u0621 \u0628\u0639\u062f \u0639\u0645\u0644\u064a\u0629 \u0627\u0644\u062d\u062c\u0632. \u062a\u0628\u062f\u0623 \u0627\u0644\u062c\u0648\u0644\u0627\u062a \u0648\u062a\u0646\u062a\u0647\u064a \u0641\u064a \u0646\u0642\u0627\u0637 \u0627\u0644\u0627\u0644\u062a\u0642\u0627\u0621 \u0644\u062f\u064a\u0646\u0627.<\/p>\n<h3><em>\u0645\u0627\u0630\u0627 \u062a\u062a\u0648\u0642\u0639\u061f<\/em><\/h3>\n<p>Obtenga sus boletos para visitar Las Cascacadas El Lim\u00f3n en Saman\u00e1 y un maravilloso almuerzo en el restaurante El Lim\u00f3n.<\/p>\n<p>El recorrido, organizado por \u00abBooking Adventures\u00bb, comienza en el punto de encuentro establecido con el gu\u00eda tur\u00edstico.<\/p>\n<p>Los mejores viajes privados a las cascadas de El Lim\u00f3n con un gu\u00eda tur\u00edstico local. Reserve un viaje a caballo por el bosque, rodeando el r\u00edo Lim\u00f3n, visitando plantaciones de cacao y caf\u00e9 bajo la sombra de coco.<\/p>\n<p>\u0623\u0648\u0644\u0627\u064b\u060c \u062a\u0648\u0642\u0641 \u0639\u0646\u062f \u0627\u0644\u0634\u0644\u0627\u0644 \u0627\u0644\u0635\u063a\u064a\u0631 \u062d\u064a\u062b \u0644\u0627 \u064a\u0648\u062c\u062f \u0639\u0627\u062f\u0629\u064b \u0627\u0644\u0643\u062b\u064a\u0631 \u0645\u0646 \u0627\u0644\u0646\u0627\u0633 \u0648\u064a\u0645\u0643\u0646\u0643 \u0627\u0644\u0633\u0628\u0627\u062d\u0629. \u062b\u0645 \u0646\u0648\u0627\u0635\u0644 \u0627\u0644\u0633\u064a\u0631 \u0646\u062d\u0648 \u0627\u0644\u0634\u0644\u0627\u0644 \u0627\u0644\u0643\u0628\u064a\u0631 \u062d\u064a\u062b \u0633\u0646\u0628\u0642\u0649 \u0644\u0645\u062f\u0629 \u0633\u0627\u0639\u0629 \u0623\u0648 \u0623\u0643\u062b\u0631 \u0625\u0630\u0627 \u0643\u0646\u062a \u062a\u0631\u063a\u0628 \u0641\u064a \u0630\u0644\u0643.<\/p>\n<p>\u0642\u0645 \u0628\u0625\u0631\u062c\u0627\u0639 \u0627\u0644\u062e\u064a\u0648\u0644 \u0625\u0644\u0649 \u0627\u0644\u0645\u0637\u0639\u0645 \u062d\u064a\u062b \u0633\u0646\u0633\u062a\u0645\u062a\u0639 \u0628\u0648\u062c\u0628\u0629 \u063a\u062f\u0627\u0621 \u0646\u0645\u0648\u0630\u062c\u064a\u0629 \u0639\u0644\u0649 \u0627\u0644\u0634\u0627\u0637\u0626. \u0633\u0645\u0643 \u0645\u0642\u0644\u064a \u0645\u0639 \u0627\u0644\u062a\u0648\u0633\u062a\u0648\u0646 \u0648\u0627\u0644\u0633\u0644\u0637\u0629 \u0623\u0648 \u064a\u0645\u0643\u0646\u0643 \u0627\u0644\u062d\u0635\u0648\u0644 \u0639\u0644\u0649 \u062e\u064a\u0627\u0631\u0627\u062a \u0623\u062e\u0631\u0649 \u0641\u064a \u0627\u0644\u0642\u0627\u0626\u0645\u0629 \u0645\u0642\u0627\u0628\u0644 \u0631\u0633\u0648\u0645 \u0625\u0636\u0627\u0641\u064a\u0629.<\/p>\n<p>Almuerce en el restaurante de la comunidad de El Lim\u00f3n y podr\u00e1 quedarse todo el tiempo que quiera nadando. Si eres vegano, tambi\u00e9n podemos prepararte algo de comida.<\/p>\n<h3><em>\u0645\u0627\u0630\u0627 \u064a\u062c\u0628 \u0623\u0646 \u062a\u062d\u0636\u0631\u061f<\/em><\/h3>\n<ul>\n<li>\u0622\u0644\u0629 \u062a\u0635\u0648\u064a\u0631<\/li>\n<li>\u0627\u0644\u0645\u0648\u0627\u062f \u0627\u0644\u0637\u0627\u0631\u062f\u0629<\/li>\n<li>\u0643\u0631\u064a\u0645 \u0648\u0627\u0642\u064a \u0645\u0646 \u0627\u0644\u0634\u0645\u0633<\/li>\n<li>\u0642\u0628\u0639\u0629<\/li>\n<li>\u0627\u0644\u0633\u0631\u0627\u0648\u064a\u0644 \u0627\u0644\u0645\u0631\u064a\u062d\u0629<\/li>\n<li>\u0623\u062d\u0630\u064a\u0629 \u0627\u0644\u0645\u0634\u064a \u0644\u0645\u0633\u0627\u0641\u0627\u062a \u0637\u0648\u064a\u0644\u0629 \u0641\u064a \u0627\u0644\u063a\u0627\u0628\u0627\u062a<\/li>\n<li>\u0645\u0644\u0627\u0628\u0633 \u0627\u0644\u0633\u0628\u0627\u062d\u0629<\/li>\n<\/ul>\n<h3><em>\u0628\u064a\u0643 \u0627\u0628 \u0627\u0644\u0641\u0646\u062f\u0642<\/em><\/h3>\n<p>\u0644\u0627 \u064a\u062a\u0645 \u062a\u0642\u062f\u064a\u0645 \u062e\u062f\u0645\u0629 \u0627\u0644\u0627\u0633\u062a\u0642\u0628\u0627\u0644 \u0641\u064a \u0627\u0644\u0641\u0646\u062f\u0642 \u0644\u0647\u0630\u0647 \u0627\u0644\u062c\u0648\u0644\u0629.<\/p>\n<p><strong>\u0645\u0644\u062d\u0648\u0638\u0629:<\/strong> \u0625\u0630\u0627 \u0642\u0645\u062a \u0628\u0627\u0644\u062d\u062c\u0632 \u062e\u0644\u0627\u0644 24 \u0633\u0627\u0639\u0629 \u0645\u0646 \u0648\u0642\u062a \u0645\u063a\u0627\u062f\u0631\u0629 \u0627\u0644\u062c\u0648\u0644\u0629\/\u0627\u0644\u0631\u062d\u0644\u0629\u060c \u0641\u064a\u0645\u0643\u0646\u0646\u0627 \u062a\u0631\u062a\u064a\u0628 \u062e\u062f\u0645\u0629 \u0627\u0644\u0627\u0633\u062a\u0642\u0628\u0627\u0644 \u0641\u064a \u0627\u0644\u0641\u0646\u062f\u0642 \u0645\u0642\u0627\u0628\u0644 \u0631\u0633\u0648\u0645 \u0625\u0636\u0627\u0641\u064a\u0629. \u0628\u0645\u062c\u0631\u062f \u0627\u0643\u062a\u0645\u0627\u0644 \u0639\u0645\u0644\u064a\u0629 \u0627\u0644\u0634\u0631\u0627\u0621\u060c \u0633\u0646\u0631\u0633\u0644 \u0644\u0643 \u0645\u0639\u0644\u0648\u0645\u0627\u062a \u0627\u0644\u0627\u062a\u0635\u0627\u0644 \u0627\u0644\u0643\u0627\u0645\u0644\u0629 (\u0631\u0642\u0645 \u0627\u0644\u0647\u0627\u062a\u0641 \u0648\u0639\u0646\u0648\u0627\u0646 \u0627\u0644\u0628\u0631\u064a\u062f \u0627\u0644\u0625\u0644\u0643\u062a\u0631\u0648\u0646\u064a \u0648\u0645\u0627 \u0625\u0644\u0649 \u0630\u0644\u0643) \u0644\u0645\u0631\u0634\u062f\u0646\u0627 \u0627\u0644\u0633\u064a\u0627\u062d\u064a \u0627\u0644\u0645\u062d\u0644\u064a \u0644\u062a\u0631\u062a\u064a\u0628 \u062a\u0631\u062a\u064a\u0628\u0627\u062a \u0627\u0644\u0627\u0633\u062a\u0644\u0627\u0645.<\/p>\n<h3><em>\u062a\u0623\u0643\u064a\u062f \u0627\u0644\u0645\u0639\u0644\u0648\u0645\u0627\u062a \u0627\u0644\u0625\u0636\u0627\u0641\u064a\u0629<\/em><\/h3>\n<ul>\n<li>\u0627\u0644\u062a\u0630\u0627\u0643\u0631 \u0647\u064a \u0627\u0644\u0625\u064a\u0635\u0627\u0644 \u0628\u0639\u062f \u062f\u0641\u0639 \u062b\u0645\u0646 \u0647\u0630\u0647 \u0627\u0644\u062c\u0648\u0644\u0629. \u064a\u0645\u0643\u0646\u0643 \u0625\u0638\u0647\u0627\u0631 \u0627\u0644\u062f\u0641\u0639 \u0639\u0644\u0649 \u0647\u0627\u062a\u0641\u0643.<\/li>\n<li>\u0633\u064a\u062a\u0645 \u0627\u0633\u062a\u0644\u0627\u0645 \u0646\u0642\u0637\u0629 \u0627\u0644\u0627\u0644\u062a\u0642\u0627\u0621 \u0628\u0639\u062f \u0639\u0645\u0644\u064a\u0629 \u0627\u0644\u062d\u062c\u0632.<\/li>\n<li>\u064a\u062c\u0628 \u0623\u0646 \u064a\u0635\u0627\u062d\u0628 \u0627\u0644\u0623\u0637\u0641\u0627\u0644 \u0645\u0646 \u0642\u0628\u0644 \u0627\u0644\u0643\u0628\u0627\u0631.<\/li>\n<li>\u0644\u0627 \u064a\u0645\u0643\u0646 \u0627\u0644\u0648\u0635\u0648\u0644 \u0625\u0644\u064a\u0647 \u0628\u0648\u0627\u0633\u0637\u0629 \u0627\u0644\u0643\u0631\u0627\u0633\u064a \u0627\u0644\u0645\u062a\u062d\u0631\u0643\u0629<\/li>\n<li>Los infantes deben sentarse en un asiento para beb\u00e9s ocon un adulto<\/li>\n<li>\u0644\u0627 \u064a\u0646\u0635\u062d \u0628\u0647 \u0644\u0644\u0645\u0633\u0627\u0641\u0631\u064a\u0646 \u0627\u0644\u0630\u064a\u0646 \u064a\u0639\u0627\u0646\u0648\u0646 \u0645\u0646 \u0645\u0634\u0627\u0643\u0644 \u0641\u064a \u0627\u0644\u0638\u0647\u0631.<\/li>\n<li>\u0644\u0627 \u064a\u0646\u0635\u062d \u0628\u0647 \u0644\u0644\u0646\u0633\u0627\u0621 \u0627\u0644\u062d\u0648\u0627\u0645\u0644.<\/li>\n<li>\u0644\u0627 \u062a\u0648\u062c\u062f \u0645\u0634\u0627\u0643\u0644 \u0641\u064a \u0627\u0644\u0642\u0644\u0628 \u0623\u0648 \u063a\u064a\u0631\u0647\u0627 \u0645\u0646 \u0627\u0644\u062d\u0627\u0644\u0627\u062a \u0627\u0644\u0637\u0628\u064a\u0629 \u0627\u0644\u062e\u0637\u064a\u0631\u0629.<\/li>\n<li>\u064a\u0645\u0643\u0646 \u0644\u0645\u0639\u0638\u0645 \u0627\u0644\u0645\u0633\u0627\u0641\u0631\u064a\u0646 \u0627\u0644\u0645\u0634\u0627\u0631\u0643\u0629.<\/li>\n<\/ul>\n<h3><em>\u0633\u064a\u0627\u0633\u0629 \u0627\u0644\u0625\u0644\u063a\u0627\u0621<\/em><\/h3>\n<p>\u0644\u0627\u0633\u062a\u0631\u062f\u0627\u062f \u0643\u0627\u0645\u0644 \u0627\u0644\u0645\u0628\u0644\u063a\u060c \u0642\u0645 \u0628\u0627\u0644\u0625\u0644\u063a\u0627\u0621 \u0642\u0628\u0644 24 \u0633\u0627\u0639\u0629 \u0639\u0644\u0649 \u0627\u0644\u0623\u0642\u0644 \u0645\u0646 \u062a\u0627\u0631\u064a\u062e \u0628\u062f\u0621 \u0627\u0644\u062a\u062c\u0631\u0628\u0629.<\/p>\n\n\t\t<\/div>\n\t<\/div>\n<\/div><\/div><\/div><\/div><div class=\"vc_row wpb_row vc_row-fluid\" ><div class=\"wpb_column vc_column_container vc_col-sm-12\"><div class=\"vc_column-inner\"><div class=\"wpb_wrapper\"><div class=\"vc_empty_space\"   style=\"height: 32px\"><span class=\"vc_empty_space_inner\"><\/span><\/div>\n\t<div class=\"wpb_text_column wpb_content_element\" >\n\t\t<div class=\"wpb_wrapper\">\n\t\t\t<h4>\u0627\u062a\u0635\u0644 \u0628\u0646\u0627<\/h4>\n<h5>\u062d\u062c\u0648\u0632\u0627\u062a \u0627\u0644\u0645\u063a\u0627\u0645\u0631\u0629<\/h5>\n<p><em><strong>\u0627\u0644\u0645\u0631\u0634\u062f\u064a\u0646 \u0627\u0644\u0633\u064a\u0627\u062d\u064a\u064a\u0646 \u0627\u0644\u0645\u062d\u0644\u064a\u064a\u0646 \u0648\u0627\u0644\u0648\u0637\u0646\u064a\u064a\u0646 \u0648\u062e\u062f\u0645\u0627\u062a \u0627\u0644\u0636\u064a\u0648\u0641<\/strong><\/em><\/p>\n<p>\u0627\u0644\u062d\u062c\u0648\u0632\u0627\u062a: \u0627\u0644\u062c\u0648\u0644\u0627\u062a \u0648\u0627\u0644\u0631\u062d\u0644\u0627\u062a \u0641\u064a Dom.<\/p>\n<p>\u0647\u0627\u062a\u0641\/\u0648\u0627\u062a\u0633\u0627\u0628 +1-809-720-6035.<\/p>\n<p>info@bookingadventures.com.do<\/p>\n<p>\u0646\u0642\u0648\u0645 \u0628\u062c\u0648\u0644\u0627\u062a \u062e\u0627\u0635\u0629 \u0628\u062a\u0643\u0648\u064a\u0646 \u0645\u0631\u0646 \u0639\u0628\u0631 Whatsapp: +18097206035.<\/p>\n\n\t\t<\/div>\n\t<\/div>\n<div class=\"vc_empty_space\"   style=\"height: 32px\"><span class=\"vc_empty_space_inner\"><\/span><\/div><\/div><\/div><\/div><\/div>","protected":false},"excerpt":{"rendered":"<p><strong>\u0627\u0644\u0631\u062c\u0627\u0621 \u062a\u062d\u062f\u064a\u062f \u062a\u0627\u0631\u064a\u062e \u0627\u0644\u062c\u0648\u0644\u0629:<\/strong><\/p>","protected":false},"featured_media":131,"template":"","meta":[],"product_brand":[],"product_cat":[120,96,97,135,136,122,443,123,124],"product_tag":[138,140,155,156,142,143],"class_list":{"0":"post-595","1":"product","2":"type-product","3":"status-publish","4":"has-post-thumbnail","6":"product_cat-fees-entrace","7":"product_cat-hiking","8":"product_cat-horse-riding-to-waterfalls","9":"product_cat-lunch","10":"product_cat-safari-samana","11":"product_cat-tours-and-excursions","12":"product_cat-tours-y-excursiones-es","13":"product_cat-tours-excursions-los-haitises-national-park","14":"product_cat-tours-excursions-samana-bay-dominican-republic","15":"product_tag-beach-time","16":"product_tag-el-limon-waterfalls","17":"product_tag-hiking-el-limon","18":"product_tag-horses-el-limon","19":"product_tag-samana","20":"product_tag-samana-tours","22":"first","23":"instock","24":"sale","25":"featured","26":"sold-individually","27":"shipping-taxable","28":"product-type-external"},"_links":{"self":[{"href":"https:\/\/toursmiches.com\/ar\/wp-json\/wp\/v2\/product\/595","targetHints":{"allow":["GET"]}}],"collection":[{"href":"https:\/\/toursmiches.com\/ar\/wp-json\/wp\/v2\/product"}],"about":[{"href":"https:\/\/toursmiches.com\/ar\/wp-json\/wp\/v2\/types\/product"}],"wp:featuredmedia":[{"embeddable":true,"href":"https:\/\/toursmiches.com\/ar\/wp-json\/wp\/v2\/media\/131"}],"wp:attachment":[{"href":"https:\/\/toursmiches.com\/ar\/wp-json\/wp\/v2\/media?parent=595"}],"wp:term":[{"taxonomy":"product_brand","embeddable":true,"href":"https:\/\/toursmiches.com\/ar\/wp-json\/wp\/v2\/product_brand?post=595"},{"taxonomy":"product_cat","embeddable":true,"href":"https:\/\/toursmiches.com\/ar\/wp-json\/wp\/v2\/product_cat?post=595"},{"taxonomy":"product_tag","embeddable":true,"href":"https:\/\/toursmiches.com\/ar\/wp-json\/wp\/v2\/product_tag?post=595"}],"curies":[{"name":"wp","href":"https:\/\/api.w.org\/{rel}","templated":true}]}}