{"id":11635,"date":"2023-10-04T07:39:46","date_gmt":"2023-10-04T07:39:46","guid":{"rendered":"http:\/\/toursmiches.com\/?post_type=product&#038;p=11635"},"modified":"2024-04-02T14:05:57","modified_gmt":"2024-04-02T14:05:57","slug":"4-hours-kayak-los-haitises","status":"publish","type":"product","link":"https:\/\/toursmiches.com\/az\/miches\/4-hours-kayak-los-haitises\/","title":{"rendered":"4 Saat Kayak Los Haitises"},"content":{"rendered":"<div class=\"vc_row wpb_row vc_row-fluid\" ><div class=\"wpb_column vc_column_container vc_col-sm-12\"><div class=\"vc_column-inner\"><div class=\"wpb_wrapper\"><div class=\"vc_empty_space\"   style=\"height: 32px\"><span class=\"vc_empty_space_inner\"><\/span><\/div><\/div><\/div><\/div><\/div><div class=\"vc_row wpb_row vc_row-fluid\" ><div class=\"wpb_column vc_column_container vc_col-sm-12\"><div class=\"vc_column-inner\"><div class=\"wpb_wrapper\">[mkdf_section_title title_tag=\u00bb\u00bb disable_break_words=\u00bbno\u00bb subtitle_tag=\u00bb\u00bb title=\u00bbKayaking in Los Haitises with Tour guide from Ca\u00f1o Hondo 4 Hours\u00bb subtitle=\u00bbMangroves, Caves and more.\u00bb]<\/div><\/div><\/div><\/div><div class=\"vc_row wpb_row vc_row-fluid\" ><div class=\"wpb_column vc_column_container vc_col-sm-12\"><div class=\"vc_column-inner\"><div class=\"wpb_wrapper\"><div class=\"vc_empty_space\"   style=\"height: 32px\"><span class=\"vc_empty_space_inner\"><\/span><\/div><\/div><\/div><\/div><\/div><div class=\"vc_row wpb_row vc_row-fluid\" ><div class=\"wpb_column vc_column_container vc_col-sm-12\"><div class=\"vc_column-inner\"><div class=\"wpb_wrapper\"><div class=\"vc_btn3-container vc_btn3-inline\" ><button class=\"vc_general vc_btn3 vc_btn3-size-md vc_btn3-shape-rounded vc_btn3-style-modern vc_btn3-color-green\">\u0130ND\u0130 REZERVASYON ED\u0130N<\/button><\/div>\n\t<div class=\"wpb_text_column wpb_content_element\" >\n\t\t<div class=\"wpb_wrapper\">\n\t\t\t<h4><b><i>\u00dcmumi bax\u0131\u015f <\/i><\/b><\/h4>\n<p>Kayaking Mangroves in Los Haitises National Park with a local tour guide 4 Hours. Visiting Mangroves, Caves, Pictographs in Ca\u00f1o Hondo River plus an Overview of the San Lorenzo Bay in Los Haitises National park, Sabana de la Mar Ca\u00f1o Hondo area. In Case of Short trip: <a href=\"https:\/\/www.ticketswhales.com\/Tours-Excursions\/caves\/kayaking-in-los-haitises-with-tour-guide-from-cano-hondo-2\/\" target=\"_blank\" rel=\"noopener\"><em><strong>Kayaking Los Haitises 2 Hours<\/strong><\/em><\/a><\/p>\n<ul>\n<li style=\"font-weight: 400;\"><span style=\"font-weight: 400;\">The guide provides instruction and Supervision<\/span><\/li>\n<li>Kayaks and Paddles available Doble for two people and Simple for just one person.<\/li>\n<\/ul>\n<p>&nbsp;<\/p>\n<h4><b>Daxil v\u0259 \u0130stisnalar<\/b><\/h4>\n<p>&nbsp;<\/p>\n<p><b>Daxiletm\u0259l\u0259r<\/b><\/p>\n<p>&nbsp;<\/p>\n<ol>\n<li style=\"font-weight: 400;\">Kayaking trip<\/li>\n<li>Caves tours<\/li>\n<li style=\"font-weight: 400;\"><span style=\"font-weight: 400;\">B\u00fct\u00fcn vergil\u0259r, r\u00fcsumlar v\u0259 \u0259m\u0259liyyat x\u0259rcl\u0259ri<\/span><\/li>\n<li style=\"font-weight: 400;\"><span style=\"font-weight: 400;\">Yerli vergil\u0259r<\/span><\/li>\n<li style=\"font-weight: 400;\"><span style=\"font-weight: 400;\">Yerli b\u0259l\u0259d\u00e7i<\/span><\/li>\n<\/ol>\n<p><b> \u0130stisnalar<\/b><\/p>\n<ol>\n<li style=\"font-weight: 400;\"><span style=\"font-weight: 400;\">H\u0259diyy\u0259l\u0259r<\/span><\/li>\n<li style=\"font-weight: 400;\"><span style=\"font-weight: 400;\">Transfer<\/span><\/li>\n<li>Lunch is not included<\/li>\n<li style=\"font-weight: 400;\"><span style=\"font-weight: 400;\">Spirtli \u0130\u00e7kil\u0259r<\/span><\/li>\n<\/ol>\n<p>&nbsp;<\/p>\n<h4><em><strong>Gedi\u015f v\u0259 Qay\u0131d\u0131\u015f<\/strong><\/em><\/h4>\n<p><span style=\"font-weight: 400;\">Rezervasiya prosesind\u0259n sonra s\u0259yah\u0259t\u00e7i g\u00f6r\u00fc\u015f n\u00f6qt\u0259si \u0259ld\u0259 ed\u0259c\u0259k. Turlar g\u00f6r\u00fc\u015f n\u00f6qt\u0259l\u0259rimizd\u0259 ba\u015flay\u0131r v\u0259 bitir.<\/span><\/p>\n<p>&nbsp;<\/p>\n<h4><b><i>N\u0259 g\u00f6zl\u0259m\u0259k olar?<\/i><\/b><\/h4>\n<p>&nbsp;<\/p>\n<p><em><strong>Biletl\u0259rinizi al\u0131n<\/strong><\/em> for visiting 4 hours by Kayaking the Cano Hondo River Forest ( Mangroves), Rockly Islands, Birding and Caves with the local tour guide.<\/p>\n<p>When we get all types of equipment required for your safety\u00a0 (Lifejackets, etc)\u00a0 \u00a0the action start Kayaking from Ca\u00f1o Hondo port River.<\/p>\n<p><span style=\"font-weight: 400;\">The tour, organized by \u00abBooking Adventures\u00bb starts at the meeting point set with the Tour Guide. <\/span>Taking kayaks and going through mangrove swamps, past ancient pirate caves, and into protected forests in this picturesque reserve starting from Ca\u00f1o Hondo Hotels area or from Sabana de la Mar,<\/p>\n<div class=\"body-description secondary\">\n<p>Come with Booking Adventures and start checking some bird-filled mangroves, rolling hills of lush vegetation and caves of <em><strong>Los Haitises Milli Park\u0131<\/strong><\/em>. Taking a Kayaks Excursion from Ca\u00f1o Hondo river, Sabana de la Mar. Through the mangroves and Land at the open San Lorenzo Bay, from where you can photograph the rugged forest landscape. Look to the water to spot <em><strong>Manatees<\/strong><\/em>, x\u0259r\u00e7\u0259ngkimil\u0259r v\u0259 <em><strong>Delfinl\u0259r.<\/strong><\/em><\/p>\n<p>The national park\u2019s name comes from its original inhabitants, the Taino Indians. In their language \u201cHaitises\u201d translates to highlands or Hills, a reference to the coastline\u2019s steep geological formations with Limestones. Venture deeper into the park to explore caves such as the <em><strong>Cueva de la Arena<\/strong><\/em> v\u0259 <strong><em>X\u0259tt ma\u011faras\u0131.<\/em><\/strong> Caves in the reserve were used as shelter by the Taino Indians and, later, by hiding pirates. Look for drawings by Indians that decorate some of the walls.<\/p>\n<p>In case you will like this trip short we have a second option: <a href=\"https:\/\/www.ticketswhales.com\/Tours-Excursions\/caves\/kayaking-in-los-haitises-with-tour-guide-from-cano-hondo-2\/\" target=\"_blank\" rel=\"noopener\">Kayaking in Los Haitises 2 Hours\u00a0<\/a><\/p>\n<p>The Tour finish at the starting point in Los Haitises National Park. We Recommend this trip at 6: 00 am in Case you will like to see <em><strong>Manatees<\/strong><\/em>, x\u0259r\u00e7\u0259ngkimil\u0259r v\u0259 <em><strong>Delfinl\u0259r.<\/strong><\/em><\/p>\n<\/div>\n<p><em><strong>6:00 AM<\/strong><\/em> is early so there are not still boats at the National Park Los Haitises.<\/p>\n<h4><em><strong>N\u0259 g\u0259tirm\u0259lis\u0259n?<\/strong><\/em><\/h4>\n<ul>\n<li style=\"font-weight: 400;\"><span style=\"font-weight: 400;\">kamera<\/span><\/li>\n<li style=\"font-weight: 400;\"><span style=\"font-weight: 400;\">Qoruyucu q\u00f6n\u00e7\u0259l\u0259r<\/span><\/li>\n<li style=\"font-weight: 400;\"><span style=\"font-weight: 400;\">g\u00fcn\u0259\u015f kremi<\/span><\/li>\n<li style=\"font-weight: 400;\"><span style=\"font-weight: 400;\">\u015eapka<\/span><\/li>\n<li style=\"font-weight: 400;\"><span style=\"font-weight: 400;\">Rahat \u015falvar<\/span><\/li>\n<li style=\"font-weight: 400;\"><span style=\"font-weight: 400;\">Sandals\u00a0<\/span><\/li>\n<li style=\"font-weight: 400;\"><span style=\"font-weight: 400;\">\u00dczg\u00fc\u00e7\u00fcl\u00fck geyimi<\/span><\/li>\n<\/ul>\n<p>&nbsp;<\/p>\n<h4><b><i>Oteld\u0259n g\u00f6t\u00fcr\u00fclm\u0259 <\/i><\/b><\/h4>\n<p><span style=\"font-weight: 400;\">Bu tur \u00fc\u00e7\u00fcn oteld\u0259n g\u00f6t\u00fcr\u00fclm\u0259 t\u0259klif edilmir. <\/span><\/p>\n<p>&nbsp;<\/p>\n<p><b>Qeyd:<\/b><span style=\"font-weight: 400;\"> \u018fg\u0259r siz tur\/ekskursiyan\u0131n gedi\u015f vaxt\u0131ndan sonra 24 saat \u0259rzind\u0259 bron ets\u0259niz, biz \u0259lav\u0259 \u00f6d\u0259ni\u015fl\u0259 oteld\u0259n g\u00f6t\u00fcr\u00fclm\u0259ni t\u0259\u015fkil ed\u0259 bil\u0259rik. Al\u0131\u015f-veri\u015finiz tamamland\u0131qdan sonra g\u00f6t\u00fcrm\u0259 t\u0259dbirl\u0259rini t\u0259\u015fkil etm\u0259k \u00fc\u00e7\u00fcn yerli Tur b\u0259l\u0259d\u00e7imiz \u00fc\u00e7\u00fcn siz\u0259 tam \u0259laq\u0259 m\u0259lumat\u0131 (telefon n\u00f6mr\u0259si, e-po\u00e7t \u00fcnvan\u0131 v\u0259 s.) g\u00f6nd\u0259r\u0259c\u0259yik.<\/span><\/p>\n<h4><b><i>\u018flav\u0259 m\u0259lumat\u0131n t\u0259sdiqi <\/i><\/b><\/h4>\n<ol>\n<li>Tickets are the Receipt after paying this Tour. You can showthe payment on your phone.<\/li>\n<li style=\"font-weight: 400;\"><span style=\"font-weight: 400;\">G\u00f6r\u00fc\u015f N\u00f6qt\u0259si Rezervasiya Prosesind\u0259n sonra al\u0131nacaq.<\/span><\/li>\n<li style=\"font-weight: 400;\"><span style=\"font-weight: 400;\">U\u015faqlar b\u00f6y\u00fckl\u0259r t\u0259r\u0259find\u0259n m\u00fc\u015fayi\u0259t olunmal\u0131d\u0131r.<\/span><\/li>\n<li style=\"font-weight: 400;\"><span style=\"font-weight: 400;\"> \u018flil arabas\u0131 \u00fc\u00e7\u00fcn \u0259l\u00e7atan deyil <\/span><\/li>\n<li style=\"font-weight: 400;\"><span style=\"font-weight: 400;\">K\u00f6rp\u0259l\u0259r quca\u011f\u0131nda oturmal\u0131d\u0131rlar <\/span><\/li>\n<li style=\"font-weight: 400;\"><span style=\"font-weight: 400;\">Arxa probleml\u0259ri olan s\u0259yah\u0259t\u00e7il\u0259r \u00fc\u00e7\u00fcn t\u00f6vsiy\u0259 edilmir<\/span><\/li>\n<li style=\"font-weight: 400;\"><span style=\"font-weight: 400;\">Hamil\u0259 s\u0259yah\u0259t ed\u0259nl\u0259r \u00fc\u00e7\u00fcn t\u00f6vsiy\u0259 edilmir <\/span><\/li>\n<li style=\"font-weight: 400;\"><span style=\"font-weight: 400;\"> \u00dcr\u0259k problemi v\u0259 ya dig\u0259r ciddi tibbi \u015f\u0259rtl\u0259r yoxdur <\/span><\/li>\n<li style=\"font-weight: 400;\"><span style=\"font-weight: 400;\">\u018fks\u0259r s\u0259yah\u0259t\u00e7il\u0259r i\u015ftirak ed\u0259 bil\u0259r<\/span><\/li>\n<\/ol>\n<h4><b><i>L\u0259\u011fv Siyas\u0259ti<\/i><\/b><\/h4>\n<p>Tam geri qaytarmaq \u00fc\u00e7\u00fcn L\u0259\u011fv siyas\u0259timizi oxuyun\u00a0<a href=\"https:\/\/www.ticketswhales.com\/online-booking\/\" target=\"_blank\" rel=\"noopener\" data-saferedirecturl=\"https:\/\/www.google.com\/url?q=https:\/\/www.ticketswhales.com\/online-booking\/&amp;source=gmail&amp;ust=1672532492004000&amp;usg=AOvVaw3ylqI1cdbIPTimEqEWneyd\">Bura klikl\u0259yin<\/a>. Rezervasiya s\u0259f\u0259rin eyni g\u00fcn\u00fcnd\u0259 l\u0259\u011fv edil\u0259rs\u0259, v\u0259sait itiril\u0259c\u0259k.<\/p>\n\n\t\t<\/div>\n\t<\/div>\n<\/div><\/div><\/div><\/div><div class=\"vc_row wpb_row vc_row-fluid\" ><div class=\"wpb_column vc_column_container vc_col-sm-12\"><div class=\"vc_column-inner\"><div class=\"wpb_wrapper\"><div class=\"vc_empty_space\"   style=\"height: 32px\"><span class=\"vc_empty_space_inner\"><\/span><\/div>\n\t<div class=\"wpb_text_column wpb_content_element\" >\n\t\t<div class=\"wpb_wrapper\">\n\t\t\t<h4>Biziml\u0259 \u0259laq\u0259 saxlay\u0131n?<\/h4>\n<h5>Rezervasiya mac\u0259ralar\u0131<\/h5>\n<p><em><strong>Yerlil\u0259r<\/strong>\u00a0v\u0259\u00a0<strong>Millil\u0259r<\/strong>\u00a0Tur B\u0259l\u0259d\u00e7il\u0259ri v\u0259 Qonaq Xidm\u0259tl\u0259ri<\/em><\/p>\n<p><span class=\"text-turquoise\">Rezervasyonlar:<\/span>\u00a0Dom Rep-d\u0259 Turlar v\u0259 Ekskursiyalar<\/p>\n<p><img decoding=\"async\" class=\"emoji\" draggable=\"false\" src=\"https:\/\/s.w.org\/images\/core\/emoji\/11.2.0\/svg\/1f4de.svg\" alt=\"\ud83d\udcde\" title=\"\">\u00a0Tel\/Whatsapp\u00a0\u00a0<a href=\"tel:+1-809-720-6035\">+1-809-720-6035<\/a>.<\/p>\n<p><img decoding=\"async\" class=\"emoji\" draggable=\"false\" src=\"https:\/\/s.w.org\/images\/core\/emoji\/11.2.0\/svg\/1f4e9.svg\" alt=\"\ud83d\udce9\" title=\"\">\u00a0<a href=\"mailto:info@bookingadventures.com.do\">info@bookingadventures.com.do<\/a><\/p>\n<p><strong><span style=\"vertical-align: inherit;\"><span style=\"vertical-align: inherit;\">Somos tours privados de configuraci\u00f3n flexible por Whatsapp:\u00a0<\/span><\/span><a href=\"tel:+18097206035\">+18097206035.<\/a><\/strong><\/p>\n\n\t\t<\/div>\n\t<\/div>\n<div class=\"vc_empty_space\"   style=\"height: 32px\"><span class=\"vc_empty_space_inner\"><\/span><\/div><\/div><\/div><\/div><\/div><div class=\"vc_row wpb_row vc_row-fluid\" ><div class=\"wpb_column vc_column_container vc_col-sm-12\"><div class=\"vc_column-inner\"><div class=\"wpb_wrapper\"><div class=\"vc_btn3-container vc_btn3-inline\" ><button class=\"vc_general vc_btn3 vc_btn3-size-md vc_btn3-shape-rounded vc_btn3-style-modern vc_btn3-color-green\">\u0130ND\u0130 REZERVASYON ED\u0130N<\/button><\/div><\/div><\/div><\/div><\/div>","protected":false},"excerpt":{"rendered":"<p><span style=\"vertical-align: inherit;\"><span style=\"vertical-align: inherit;\">Excursi\u00f3n al Parque Nacional Los Haitises partiendo de Sabana de la Mar en la zona de Cano Hondo, Visita de manglares, Cuevas, Pictogramas y Formaciones Rocosas.<\/span><\/span><\/p>\n<p><span style=\"vertical-align: inherit;\"><span style=\"vertical-align: inherit;\">Este recorrido se puede configurar con el <\/span><\/span><a href=\"https:\/\/www.ticketswhales.com\/Tours-Excursions\/hiking\/hike-kayak-los-haitises-national-park\/\"><span style=\"vertical-align: inherit;\"><span style=\"vertical-align: inherit;\">clip<\/span><\/span><\/a><span style=\"vertical-align: inherit;\"><span style=\"vertical-align: inherit;\"> Senderismo <\/span><a href=\"https:\/\/www.ticketswhales.com\/Tours-Excursions\/hiking\/hike-kayak-los-haitises-national-park\/\"><span style=\"vertical-align: inherit;\">aqu\u00ed. <\/span><\/a><span style=\"vertical-align: inherit;\">Conozca la historia real de la historia del Parque Nacional Los Haitises con los lugare\u00f1os.<\/span><\/span><\/p>\n<p>&nbsp;<\/p>\n<p><strong><span style=\"vertical-align: inherit;\"><span style=\"vertical-align: inherit;\">Seleccione la fecha para el Tour:<\/span><\/span><\/strong><\/p>","protected":false},"featured_media":11652,"template":"","meta":[],"product_brand":[],"product_cat":[565,144,573,123,124],"product_tag":[126,127,145,150,197,198,199,132,133,200,201,114,147,148],"class_list":{"0":"post-11635","1":"product","2":"type-product","3":"status-publish","4":"has-post-thumbnail","6":"product_cat-1-sabana-de-la-mar","7":"product_cat-kayaking","8":"product_cat-kayaking-los-haitises","9":"product_cat-tours-excursions-los-haitises-national-park","10":"product_cat-tours-excursions-samana-bay-dominican-republic","11":"product_tag-cano-hondo","12":"product_tag-cano-hondo-hotel","13":"product_tag-day-tour-cano-hondo","14":"product_tag-kayak-dominican-republic","15":"product_tag-kayaking-dominican-republic","16":"product_tag-kayaking-los-haitises","17":"product_tag-kayaks","18":"product_tag-los-haitises","19":"product_tag-los-haitises-national-park","20":"product_tag-los-haitises-tours","21":"product_tag-private-tours-samana","22":"product_tag-sabana-de-la-mar","23":"product_tag-samana-bay","24":"product_tag-samana-excursions","26":"first","27":"instock","28":"sale","29":"sold-individually","30":"shipping-taxable","31":"product-type-external"},"_links":{"self":[{"href":"https:\/\/toursmiches.com\/az\/wp-json\/wp\/v2\/product\/11635","targetHints":{"allow":["GET"]}}],"collection":[{"href":"https:\/\/toursmiches.com\/az\/wp-json\/wp\/v2\/product"}],"about":[{"href":"https:\/\/toursmiches.com\/az\/wp-json\/wp\/v2\/types\/product"}],"wp:featuredmedia":[{"embeddable":true,"href":"https:\/\/toursmiches.com\/az\/wp-json\/wp\/v2\/media\/11652"}],"wp:attachment":[{"href":"https:\/\/toursmiches.com\/az\/wp-json\/wp\/v2\/media?parent=11635"}],"wp:term":[{"taxonomy":"product_brand","embeddable":true,"href":"https:\/\/toursmiches.com\/az\/wp-json\/wp\/v2\/product_brand?post=11635"},{"taxonomy":"product_cat","embeddable":true,"href":"https:\/\/toursmiches.com\/az\/wp-json\/wp\/v2\/product_cat?post=11635"},{"taxonomy":"product_tag","embeddable":true,"href":"https:\/\/toursmiches.com\/az\/wp-json\/wp\/v2\/product_tag?post=11635"}],"curies":[{"name":"wp","href":"https:\/\/api.w.org\/{rel}","templated":true}]}}