{"id":595,"date":"2020-07-02T12:43:09","date_gmt":"2020-07-02T12:43:09","guid":{"rendered":"http:\/\/toursmiches.com\/?post_type=product&#038;p=595"},"modified":"2024-04-16T18:46:40","modified_gmt":"2024-04-16T18:46:40","slug":"excursion-cascada-el-limon-con-caballos","status":"publish","type":"product","link":"https:\/\/toursmiches.com\/be\/miches\/excursion-cascada-el-limon-con-caballos\/","title":{"rendered":"\u042d\u043a\u0441\u043a\u0443\u0440\u0441\u0456\u044f \u0434\u0430 \u0432\u0430\u0434\u0430\u0441\u043f\u0430\u0434\u0443 \u042d\u043b\u044c-\u041b\u0456\u043c\u043e\u043d \u043d\u0430 \u043a\u043e\u043d\u044f\u0445"},"content":{"rendered":"<div class=\"vc_row wpb_row vc_row-fluid\" ><div class=\"wpb_column vc_column_container vc_col-sm-12\"><div class=\"vc_column-inner\"><div class=\"wpb_wrapper\">[mkdf_section_title subtitle_tag=\u00bb\u00bb subtitle=\u00bbViaje normal pero privado\u00bb]<\/div><\/div><\/div><\/div><div class=\"vc_row wpb_row vc_row-fluid\" ><div class=\"wpb_column vc_column_container vc_col-sm-12\"><div class=\"vc_column-inner\"><div class=\"wpb_wrapper\">\n\t<div class=\"wpb_text_column wpb_content_element\" >\n\t\t<div class=\"wpb_wrapper\">\n\t\t\t<h2>Tour a las cascadas de El Lim\u00f3n (caballos y nataci\u00f3n) + almuerzo<\/h2>\n<h3>\u0410\u043f\u0456\u0441\u0430\u043d\u043d\u0435<\/h3>\n<p>Este es un tour privado a las cascadas El Lim\u00f3n con paseos a caballo o senderismo. Visitando el bosque de cacao y caf\u00e9 bajo las plantas de cocos. Cuando llegue a las cascadas, podr\u00e1 nadar y establecer la hora con su gu\u00eda local. Despu\u00e9s disfrutar de un almuerzo t\u00edpico en la comunidad de El Lim\u00f3n.<\/p>\n<p>Aprenda con los locales y obtenga un viaje seguro. Obtenga sus entradas en oferta hoy.<\/p>\n<ul>\n<li>Incluye almuerzo<\/li>\n<li>A caballo o senderismo<\/li>\n<li>El gu\u00eda proporciona instrucciones y supervisi\u00f3n.<\/li>\n<li>Tarifas al Parque Nacional<\/li>\n<\/ul>\n<h3>\u0423\u043a\u043b\u044e\u0447\u044d\u043d\u043d\u0456 \u0456 \u0432\u044b\u043a\u043b\u044e\u0447\u044d\u043d\u043d\u0456<\/h3>\n<h4>\u0423\u043a\u043b\u044e\u0447\u044d\u043d\u043d\u044f<\/h4>\n<ol>\n<li>Almuerzo Buffet en El Lim\u00f3n.<\/li>\n<li>Excursi\u00f3n a pie o a caballo<\/li>\n<li>\u0423\u0441\u0435 \u043f\u0430\u0434\u0430\u0442\u043a\u0456, \u0437\u0431\u043e\u0440\u044b \u0456 \u0437\u0431\u043e\u0440\u044b \u0437\u0430 \u0430\u043f\u0440\u0430\u0446\u043e\u045e\u043a\u0443<\/li>\n<li>\u041c\u044f\u0441\u0446\u043e\u0432\u044b\u044f \u043f\u0430\u0434\u0430\u0442\u043a\u0456<\/li>\n<li>\u041d\u0430\u043f\u043e\u0456<\/li>\n<li>\u0423\u0441\u0435 \u043c\u0435\u0440\u0430\u043f\u0440\u044b\u0435\u043c\u0441\u0442\u0432\u044b<\/li>\n<li>\u041c\u044f\u0441\u0446\u043e\u0432\u044b \u0433\u0456\u0434<\/li>\n<\/ol>\n<h3>\u0412\u044b\u043a\u043b\u044e\u0447\u044d\u043d\u043d\u0456<\/h3>\n<ol>\n<li>\u041f\u0430\u0440\u0430\u0434\u044b<\/li>\n<li>\u0422\u0440\u0430\u043d\u0441\u043f\u0430\u0440\u0442<\/li>\n<li>\u0410\u043b\u043a\u0430\u0433\u043e\u043b\u044c\u043d\u044b\u044f \u043d\u0430\u043f\u043e\u0456<\/li>\n<li>Comida en la playa<\/li>\n<\/ol>\n<h3><em>\u0410\u0434&#039;\u0435\u0437\u0434 \u0456 \u0432\u044f\u0440\u0442\u0430\u043d\u043d\u0435<\/em><\/h3>\n<p>\u041f\u0430\u0434\u0430\u0440\u043e\u0436\u043d\u0456\u043a \u0430\u0442\u0440\u044b\u043c\u0430\u0435 \u043c\u0435\u0441\u0446\u0430 \u0441\u0443\u0441\u0442\u0440\u044d\u0447\u044b \u043f\u0430\u0441\u043b\u044f \u0431\u0440\u0430\u043d\u0456\u0440\u0430\u0432\u0430\u043d\u043d\u044f. \u042d\u043a\u0441\u043a\u0443\u0440\u0441\u0456\u0456 \u043f\u0430\u0447\u044b\u043d\u0430\u044e\u0446\u0446\u0430 \u0456 \u0437\u0430\u043a\u0430\u043d\u0447\u0432\u0430\u044e\u0446\u0446\u0430 \u045e \u043c\u0435\u0441\u0446\u0430\u0445 \u0441\u0443\u0441\u0442\u0440\u044d\u0447\u044b.<\/p>\n<h3><em>\u0427\u0430\u0433\u043e \u0447\u0430\u043a\u0430\u0446\u044c?<\/em><\/h3>\n<p>Obtenga sus boletos para visitar Las Cascacadas El Lim\u00f3n en Saman\u00e1 y un maravilloso almuerzo en el restaurante El Lim\u00f3n.<\/p>\n<p>El recorrido, organizado por \u00abBooking Adventures\u00bb, comienza en el punto de encuentro establecido con el gu\u00eda tur\u00edstico.<\/p>\n<p>Los mejores viajes privados a las cascadas de El Lim\u00f3n con un gu\u00eda tur\u00edstico local. Reserve un viaje a caballo por el bosque, rodeando el r\u00edo Lim\u00f3n, visitando plantaciones de cacao y caf\u00e9 bajo la sombra de coco.<\/p>\n<p>Primero, det\u00e9ngase en la peque\u00f1a cascada donde generalmente no hay mucha gente y puede nadar. Luego continuamos hacia la gran cascada donde nos quedaremos durante una hora o m\u00e1s si lo desea.<\/p>\n<p>Llevar los caballos de vuelta al restaurante donde disfrutaremos de un almuerzo t\u00edpico en la playa. Pescado frito con Tostones y Ensalada o puede obtener otras opciones en el men\u00fa con cargos adicionales.<\/p>\n<p>Almuerce en el restaurante de la comunidad de El Lim\u00f3n y podr\u00e1 quedarse todo el tiempo que quiera nadando. Si eres vegano, tambi\u00e9n podemos prepararte algo de comida.<\/p>\n<h3><em>\u0428\u0442\u043e \u0442\u0440\u044d\u0431\u0430 \u045e\u0437\u044f\u0446\u044c \u0437 \u0441\u0430\u0431\u043e\u0439?<\/em><\/h3>\n<ul>\n<li>\u041a\u0430\u043c\u0435\u0440\u0430<\/li>\n<li>\u0420\u044d\u043f\u0435\u043b\u0435\u043d\u0442\u044b<\/li>\n<li>\u0441\u043e\u043d\u0446\u0430\u0430\u0445\u043e\u045e\u043d\u044b \u043a\u0440\u044d\u043c<\/li>\n<li>\u041a\u0430\u043f\u044f\u043b\u044e\u0448<\/li>\n<li>\u0417\u0440\u0443\u0447\u043d\u044b\u044f \u0448\u0442\u0430\u043d\u044b<\/li>\n<li>\u0410\u0431\u0443\u0442\u0430\u043a \u0434\u043b\u044f \u043f\u0430\u0445\u043e\u0434\u0443 \u045e \u043b\u0435\u0441<\/li>\n<li>\u041a\u0443\u043f\u0430\u043b\u044c\u043d\u0456\u043a<\/li>\n<\/ul>\n<h3><em>\u0414\u0430\u0441\u0442\u0430\u045e\u043a\u0430 \u0437 \u0433\u0430\u0442\u044d\u043b\u044f<\/em><\/h3>\n<p>\u0422\u0440\u0430\u043d\u0441\u0444\u0435\u0440 \u0437 \u0433\u0430\u0442\u044d\u043b\u044f \u043d\u0435 \u043f\u0440\u0430\u043f\u0430\u043d\u0443\u0435\u0446\u0446\u0430 \u0434\u043b\u044f \u0433\u044d\u0442\u0430\u0433\u0430 \u0442\u0443\u0440\u0430.<\/p>\n<p><strong>\u043d\u0430\u0442\u0430\u0442\u043a\u0430:<\/strong> \u041a\u0430\u043b\u0456 \u0432\u044b \u0440\u043e\u0431\u0456\u0446\u0435 \u0431\u0440\u0430\u043d\u0456\u0440\u0430\u0432\u0430\u043d\u043d\u0435 \u043d\u0430 \u043f\u0440\u0430\u0446\u044f\u0433\u0443 24 \u0433\u0430\u0434\u0437\u0456\u043d \u043f\u0430\u0441\u043b\u044f \u0430\u0434\u043f\u0440\u0430\u045e\u043b\u0435\u043d\u043d\u044f \u0442\u0443\u0440\u0430\/\u044d\u043a\u0441\u043a\u0443\u0440\u0441\u0456\u0456, \u043c\u044b \u043c\u043e\u0436\u0430\u043c \u0430\u0440\u0433\u0430\u043d\u0456\u0437\u0430\u0432\u0430\u0446\u044c \u0442\u0440\u0430\u043d\u0441\u0444\u0435\u0440 \u0437 \u0433\u0430\u0442\u044d\u043b\u044f \u0437\u0430 \u0434\u0430\u0434\u0430\u0442\u043a\u043e\u0432\u0443\u044e \u043f\u043b\u0430\u0442\u0443. \u041f\u0430\u0441\u043b\u044f \u0437\u0430\u0432\u044f\u0440\u0448\u044d\u043d\u043d\u044f \u043f\u0430\u043a\u0443\u043f\u043a\u0456 \u043c\u044b \u0432\u044b\u0448\u043b\u0435\u043c \u0432\u0430\u043c \u043f\u043e\u045e\u043d\u0443\u044e \u043a\u0430\u043d\u0442\u0430\u043a\u0442\u043d\u0443\u044e \u0456\u043d\u0444\u0430\u0440\u043c\u0430\u0446\u044b\u044e (\u043d\u0443\u043c\u0430\u0440 \u0442\u044d\u043b\u0435\u0444\u043e\u043d\u0430, \u0430\u0434\u0440\u0430\u0441 \u044d\u043b\u0435\u043a\u0442\u0440\u043e\u043d\u043d\u0430\u0439 \u043f\u043e\u0448\u0442\u044b \u0456 \u0433.\u0434.), \u043a\u0430\u0431 \u043d\u0430\u0448 \u043c\u044f\u0441\u0446\u043e\u0432\u044b \u0433\u0456\u0434 \u0430\u0440\u0433\u0430\u043d\u0456\u0437\u0430\u0432\u0430\u045e \u0434\u0430\u0441\u0442\u0430\u045e\u043a\u0443.<\/p>\n<h3><em>\u041f\u0430\u0446\u0432\u044f\u0440\u0434\u0436\u044d\u043d\u043d\u0435 \u0434\u0430\u0434\u0430\u0442\u043a\u043e\u0432\u0430\u0439 \u0456\u043d\u0444\u0430\u0440\u043c\u0430\u0446\u044b\u0456<\/em><\/h3>\n<ul>\n<li>\u041a\u0432\u0456\u0442\u043a\u0456 \u0437&#039;\u044f\u045e\u043b\u044f\u044e\u0446\u0446\u0430 \u043a\u0432\u0456\u0442\u0430\u043d\u0446\u044b\u044f\u0439 \u043f\u0430\u0441\u043b\u044f \u0430\u043f\u043b\u0430\u0442\u044b \u0433\u044d\u0442\u0430\u0433\u0430 \u0442\u0443\u0440\u0430. \u0412\u044b \u043c\u043e\u0436\u0430\u0446\u0435 \u043f\u0430\u043a\u0430\u0437\u0430\u0446\u044c \u0430\u043f\u043b\u0430\u0442\u0443 \u043d\u0430 \u0441\u0432\u0430\u0456\u043c \u0442\u044d\u043b\u0435\u0444\u043e\u043d\u0435.<\/li>\n<li>\u041c\u0435\u0441\u0446\u0430 \u0441\u0443\u0441\u0442\u0440\u044d\u0447\u044b \u0431\u0443\u0434\u0437\u0435 \u0430\u0442\u0440\u044b\u043c\u0430\u043d\u0430 \u043f\u0430\u0441\u043b\u044f \u043f\u0440\u0430\u0446\u044d\u0441\u0443 \u0431\u0440\u0430\u043d\u0456\u0440\u0430\u0432\u0430\u043d\u043d\u044f.<\/li>\n<li>\u0414\u0437\u0435\u0446\u0456 \u043f\u0430\u0432\u0456\u043d\u043d\u044b \u0431\u044b\u0446\u044c \u0443 \u0441\u0443\u043f\u0440\u0430\u0432\u0430\u0434\u0436\u044d\u043d\u043d\u0456 \u0434\u0430\u0440\u043e\u0441\u043b\u044b\u0445.<\/li>\n<li>\u041d\u0435\u0434\u0430\u0441\u0442\u0443\u043f\u043d\u0430 \u0434\u043b\u044f \u0456\u043d\u0432\u0430\u043b\u0456\u0434\u0430\u045e-\u043a\u0430\u043b\u044f\u0441\u0430\u0447\u043d\u0456\u043a\u0430\u045e<\/li>\n<li>Los infantes deben sentarse en un asiento para beb\u00e9s ocon un adulto<\/li>\n<li>\u041d\u0435 \u0440\u044d\u043a\u0430\u043c\u0435\u043d\u0434\u0443\u0435\u0446\u0446\u0430 \u043f\u0430\u0434\u0430\u0440\u043e\u0436\u043d\u0456\u043a\u0430\u043c \u0437 \u043f\u0440\u0430\u0431\u043b\u0435\u043c\u0430\u043c\u0456 \u0441\u043f\u0456\u043d\u044b.<\/li>\n<li>\u041d\u0435 \u0440\u044d\u043a\u0430\u043c\u0435\u043d\u0434\u0443\u0435\u0446\u0446\u0430 \u0446\u044f\u0436\u0430\u0440\u043d\u044b\u043c.<\/li>\n<li>\u041d\u044f\u043c\u0430 \u043f\u0440\u0430\u0431\u043b\u0435\u043c \u0437 \u0441\u044d\u0440\u0446\u0430\u043c \u0430\u0431\u043e \u0456\u043d\u0448\u044b\u0445 \u0441\u0443\u0440&#039;\u0451\u0437\u043d\u044b\u0445 \u0437\u0430\u0445\u0432\u043e\u0440\u0432\u0430\u043d\u043d\u044f\u045e.<\/li>\n<li>\u0411\u043e\u043b\u044c\u0448\u0430\u0441\u0446\u044c \u043f\u0430\u0434\u0430\u0440\u043e\u0436\u043d\u0456\u043a\u0430\u045e \u043c\u043e\u0433\u0443\u0446\u044c \u043f\u0440\u044b\u043d\u044f\u0446\u044c \u0443\u0434\u0437\u0435\u043b.<\/li>\n<\/ul>\n<h3><em>\u041f\u0430\u043b\u0456\u0442\u044b\u043a\u0430 \u0430\u0434\u043c\u0435\u043d\u044b<\/em><\/h3>\n<p>\u0414\u043b\u044f \u043f\u043e\u045e\u043d\u0430\u0433\u0430 \u0432\u044f\u0440\u0442\u0430\u043d\u043d\u044f \u0441\u0440\u043e\u0434\u043a\u0430\u045e \u0430\u0434\u043c\u044f\u043d\u0456\u0446\u0435 \u043f\u0430\u0434\u043f\u0456\u0441\u043a\u0443 \u044f\u043a \u043c\u0456\u043d\u0456\u043c\u0443\u043c \u0437\u0430 24 \u0433\u0430\u0434\u0437\u0456\u043d\u044b \u0434\u0430 \u0434\u0430\u0442\u044b \u043f\u0430\u0447\u0430\u0442\u043a\u0443 \u0432\u043e\u043f\u044b\u0442\u0443.<\/p>\n\n\t\t<\/div>\n\t<\/div>\n<\/div><\/div><\/div><\/div><div class=\"vc_row wpb_row vc_row-fluid\" ><div class=\"wpb_column vc_column_container vc_col-sm-12\"><div class=\"vc_column-inner\"><div class=\"wpb_wrapper\"><div class=\"vc_empty_space\"   style=\"height: 32px\"><span class=\"vc_empty_space_inner\"><\/span><\/div>\n\t<div class=\"wpb_text_column wpb_content_element\" >\n\t\t<div class=\"wpb_wrapper\">\n\t\t\t<h4>\u0417\u0432\u044f\u0436\u044b\u0446\u0435\u0441\u044f \u0437 \u043d\u0430\u043c\u0456<\/h4>\n<h5>\u0411\u0440\u0430\u043d\u0456\u0440\u0430\u0432\u0430\u043d\u043d\u0435 \u043f\u0440\u044b\u0433\u043e\u0434<\/h5>\n<p><em><strong>\u041c\u044f\u0441\u0446\u043e\u0432\u044b\u044f \u0456 \u043d\u0430\u0446\u044b\u044f\u043d\u0430\u043b\u044c\u043d\u044b\u044f \u044d\u043a\u0441\u043a\u0443\u0440\u0441\u0430\u0432\u043e\u0434\u044b \u0456 \u0430\u0431\u0441\u043b\u0443\u0433\u043e\u045e\u0432\u0430\u043d\u043d\u0435 \u0433\u0430\u0441\u0446\u0435\u0439<\/strong><\/em><\/p>\n<p>\u0411\u0440\u0430\u043d\u0456\u0440\u0430\u0432\u0430\u043d\u043d\u0435: \u0442\u0443\u0440\u044b \u0456 \u044d\u043a\u0441\u043a\u0443\u0440\u0441\u0456\u0456 \u045e \u0414\u043e\u043c.\u0440\u044d\u0441\u043f.<\/p>\n<p>\u0422\u044d\u043b\/Whatsapp +1-809-720-6035.<\/p>\n<p>info@bookingadventures.com.do<\/p>\n<p>\u041c\u044b \u0440\u043e\u0431\u0456\u043c \u043f\u0440\u044b\u0432\u0430\u0442\u043d\u044b\u044f \u0442\u0443\u0440\u044b \u0437 \u0433\u043d\u0443\u0442\u043a\u0430\u0439 \u043a\u0430\u043d\u0444\u0456\u0433\u0443\u0440\u0430\u0446\u044b\u044f\u0439 \u043f\u0440\u0430\u0437 Whatsapp: +18097206035.<\/p>\n\n\t\t<\/div>\n\t<\/div>\n<div class=\"vc_empty_space\"   style=\"height: 32px\"><span class=\"vc_empty_space_inner\"><\/span><\/div><\/div><\/div><\/div><\/div>","protected":false},"excerpt":{"rendered":"<p><strong>\u0412\u044b\u0431\u0435\u0440\u044b\u0446\u0435 \u0434\u0430\u0442\u0443 \u044d\u043a\u0441\u043a\u0443\u0440\u0441\u0456\u0456:<\/strong><\/p>","protected":false},"featured_media":131,"template":"","meta":[],"product_brand":[],"product_cat":[120,96,97,135,136,122,443,123,124],"product_tag":[138,140,155,156,142,143],"class_list":{"0":"post-595","1":"product","2":"type-product","3":"status-publish","4":"has-post-thumbnail","6":"product_cat-fees-entrace","7":"product_cat-hiking","8":"product_cat-horse-riding-to-waterfalls","9":"product_cat-lunch","10":"product_cat-safari-samana","11":"product_cat-tours-and-excursions","12":"product_cat-tours-y-excursiones-es","13":"product_cat-tours-excursions-los-haitises-national-park","14":"product_cat-tours-excursions-samana-bay-dominican-republic","15":"product_tag-beach-time","16":"product_tag-el-limon-waterfalls","17":"product_tag-hiking-el-limon","18":"product_tag-horses-el-limon","19":"product_tag-samana","20":"product_tag-samana-tours","22":"first","23":"instock","24":"sale","25":"featured","26":"sold-individually","27":"shipping-taxable","28":"product-type-external"},"_links":{"self":[{"href":"https:\/\/toursmiches.com\/be\/wp-json\/wp\/v2\/product\/595","targetHints":{"allow":["GET"]}}],"collection":[{"href":"https:\/\/toursmiches.com\/be\/wp-json\/wp\/v2\/product"}],"about":[{"href":"https:\/\/toursmiches.com\/be\/wp-json\/wp\/v2\/types\/product"}],"wp:featuredmedia":[{"embeddable":true,"href":"https:\/\/toursmiches.com\/be\/wp-json\/wp\/v2\/media\/131"}],"wp:attachment":[{"href":"https:\/\/toursmiches.com\/be\/wp-json\/wp\/v2\/media?parent=595"}],"wp:term":[{"taxonomy":"product_brand","embeddable":true,"href":"https:\/\/toursmiches.com\/be\/wp-json\/wp\/v2\/product_brand?post=595"},{"taxonomy":"product_cat","embeddable":true,"href":"https:\/\/toursmiches.com\/be\/wp-json\/wp\/v2\/product_cat?post=595"},{"taxonomy":"product_tag","embeddable":true,"href":"https:\/\/toursmiches.com\/be\/wp-json\/wp\/v2\/product_tag?post=595"}],"curies":[{"name":"wp","href":"https:\/\/api.w.org\/{rel}","templated":true}]}}