{"id":16184,"date":"2025-09-08T14:35:50","date_gmt":"2025-09-08T14:35:50","guid":{"rendered":"https:\/\/toursmiches.com\/?post_type=product&#038;p=16184"},"modified":"2025-09-08T14:47:40","modified_gmt":"2025-09-08T14:47:40","slug":"los-haitises-boat-tour-sabana-de-la-mar-caves-mangroves","status":"publish","type":"product","link":"https:\/\/toursmiches.com\/cs\/miches\/los-haitises-boat-tour-sabana-de-la-mar-caves-mangroves\/","title":{"rendered":"Los Haitises: Boat Tour Sabana de la mar, Caves &#038; Mangroves"},"content":{"rendered":"<p>This trip starts with a Local Tour Guide that knows the original History of the gorgeous National Park.<\/p>\n<p>Pot\u00e9, co za\u010dneme z hlavn\u00edho p\u0159\u00edstavu n\u00e1rodn\u00edho parku Los Haitises n\u00e1zev Ca\u00f1o Hondo (Deep Creek) na lodi se z\u00e1chrann\u00fdmi vestami. Budeme se kochat \u010derven\u00fdm mangrovov\u00fdm lesem, dokud nedoraz\u00edme do z\u00e1toky San Lorenzo. Z mal\u00e9 z\u00e1toky se dostaneme do z\u00e1toky Saman\u00e1. A jsme tady! Prvn\u00ed \u00fa\u017easn\u00e1 v\u011bc, kterou m\u016f\u017eete vid\u011bt, je sb\u00edrka Obrovsk\u00fd v\u00e1pencov\u00fd horsk\u00fd ostrov zvan\u00fd Mogotes. na jejich vrcholu v\u00edce ne\u017e 700 druh\u016f rostlin a mnoho mok\u0159adn\u00edch pt\u00e1k\u016f l\u00e9taj\u00edc\u00edch kolem. Pozd\u011bji n\u00e1v\u0161t\u011bva jeskyn\u00ed s piktogramy na\u0161ich domorod\u00fdch komunit z doby p\u0159ed 750 lety.<\/p>\n<p>Through the mangroves and Land at the open San Lorenzo Bay, from where you can photograph the rugged forest landscape. Look to the water to spot Manatees, crustaceans, and dolphins.<\/p>\n<p>The national park\u2019s name comes from its original inhabitants, the Taino Indians. In their language \u201cHaitises\u201d translates to highlands or Hills, a reference to the coastline\u2019s steep geological formations with Limestones. Aventure deeper into the park to explore caves such as the Cueva de la Arena and Cueva de la L\u00ednea. Caves in the reserve were used as shelter by the Taino Indians and, later, by hiding pirates. Look for drawings by Indians that decorate some of the walls. After visiting Los Haitises National Park we will go back to the port where our trip started.<\/p>","protected":false},"excerpt":{"rendered":"<div data-track=\"overview\" data-v-83a2b402=\"\">\n<section id=\"activity-overview\" class=\"activity-overview\" data-component=\"overview\" data-v-83a2b402=\"\" data-v-f3236c42=\"\">\n<p class=\"activity-overview__content\" data-test-id=\"activity-overview-content\" data-v-f3236c42=\"\">Try a rainforest hike in Los Haitises for and enjoy a boat trip through the mangroves and visit the park&#8217;s caves. Learn from a local guide while exploring the park, and see a variety of wildlife.<\/p>\n<\/section>\n<\/div>\n<div data-track=\"key-details\" data-v-83a2b402=\"\"><\/div>","protected":false},"featured_media":16312,"template":"","meta":[],"product_brand":[],"product_cat":[610],"product_tag":[130,611],"class_list":{"0":"post-16184","1":"product","2":"type-product","3":"status-publish","4":"has-post-thumbnail","6":"product_cat-dominican-republic","7":"product_tag-excursion","8":"product_tag-tour","10":"first","11":"instock","12":"shipping-taxable","13":"product-type-external"},"_links":{"self":[{"href":"https:\/\/toursmiches.com\/cs\/wp-json\/wp\/v2\/product\/16184","targetHints":{"allow":["GET"]}}],"collection":[{"href":"https:\/\/toursmiches.com\/cs\/wp-json\/wp\/v2\/product"}],"about":[{"href":"https:\/\/toursmiches.com\/cs\/wp-json\/wp\/v2\/types\/product"}],"wp:featuredmedia":[{"embeddable":true,"href":"https:\/\/toursmiches.com\/cs\/wp-json\/wp\/v2\/media\/16312"}],"wp:attachment":[{"href":"https:\/\/toursmiches.com\/cs\/wp-json\/wp\/v2\/media?parent=16184"}],"wp:term":[{"taxonomy":"product_brand","embeddable":true,"href":"https:\/\/toursmiches.com\/cs\/wp-json\/wp\/v2\/product_brand?post=16184"},{"taxonomy":"product_cat","embeddable":true,"href":"https:\/\/toursmiches.com\/cs\/wp-json\/wp\/v2\/product_cat?post=16184"},{"taxonomy":"product_tag","embeddable":true,"href":"https:\/\/toursmiches.com\/cs\/wp-json\/wp\/v2\/product_tag?post=16184"}],"curies":[{"name":"wp","href":"https:\/\/api.w.org\/{rel}","templated":true}]}}