{"id":551,"date":"2020-06-19T20:10:32","date_gmt":"2020-06-19T20:10:32","guid":{"rendered":"http:\/\/toursmiches.com\/?post_type=product&#038;p=551"},"modified":"2023-10-14T21:50:12","modified_gmt":"2023-10-14T21:50:12","slug":"excursion-al-los-haitises-y-cano-hondo-desde-samana","status":"publish","type":"product","link":"https:\/\/toursmiches.com\/cs\/miches\/exkurze-do-los-haitises-a-cano-hondo-ze-samany\/","title":{"rendered":"V\u00fdlet do Los Haitises a Ca\u00f1o Hondo ze Saman\u00e1"},"content":{"rendered":"<div class=\"vc_row wpb_row vc_row-fluid\" ><div class=\"wpb_column vc_column_container vc_col-sm-12\"><div class=\"vc_column-inner\"><div class=\"wpb_wrapper\">[mkdf_section_title subtitle_tag=\u00bb\u00bb subtitle=\u00bbAlmuerzo y Nataci\u00f3n en Piscinas Naturales\u00bb]<\/div><\/div><\/div><\/div><div class=\"vc_row wpb_row vc_row-fluid\" ><div class=\"wpb_column vc_column_container vc_col-sm-12\"><div class=\"vc_column-inner\"><div class=\"wpb_wrapper\">\n\t<div class=\"wpb_text_column wpb_content_element\" >\n\t\t<div class=\"wpb_wrapper\">\n\t\t\t<h2>N\u00e1rodn\u00ed park Los Haitises + ob\u011bd v Cano Hondo z p\u0159\u00edstavu Saman\u00e1.<\/h2>\n<h3><em>Popis<\/em><\/h3>\n<p>N\u00e1rodn\u00ed park Los Haitises za\u010d\u00ednaj\u00edc\u00ed z p\u0159\u00edstavu Saman\u00e1 plus \u00fa\u017easn\u00fd ob\u011bd a koup\u00e1n\u00ed v p\u0159\u00edrodn\u00edch pramenech v Ca\u00f1o Hondo Ecolodge. Poj\u010fte s n\u00e1mi nav\u0161t\u00edvit nejkr\u00e1sn\u011bj\u0161\u00ed n\u00e1rodn\u00ed park v Dominik\u00e1nsk\u00e9 republice, nav\u0161t\u00edvit mangrovy, jeskyn\u011b a z\u00e1toku San Lorenzo a tak\u00e9 p\u0159ej\u00edt kr\u00e1snou z\u00e1toku Saman\u00e1. Po ob\u011bd\u011b v Ca\u00f1o Hondo budete m\u00edt mo\u017enost se n\u011bkolik hodin koupat v p\u0159\u00edrodn\u00edch baz\u00e9nech a pot\u00e9 se vr\u00e1tit do p\u0159\u00edstavu Saman\u00e1.<\/p>\n<p>Po tomto z\u00e1\u017eitku se vr\u00e1t\u00edte do p\u0159\u00edstavu Saman\u00e1.<\/p>\n<ul>\n<li>V\u010detn\u011b dan\u00ed<\/li>\n<li>Pr\u016fvodce poskytuje instrukce a dohled.<\/li>\n<\/ul>\n<h3>Zahrnut\u00ed a vylou\u010den\u00ed<\/h3>\n<h4>Inkluze<\/h4>\n<ol>\n<li>Prohl\u00eddka Los Haitises + jeskyn\u011b a piktogramy<\/li>\n<li>Ob\u011bd v Ca\u00f1o Hondo<\/li>\n<li>Koup\u00e1n\u00ed v p\u0159\u00edrodn\u00edch baz\u00e9nech<\/li>\n<li>V\u0161echny dan\u011b, poplatky a manipula\u010dn\u00ed poplatky.<\/li>\n<li>M\u00edstn\u00ed dan\u011b<\/li>\n<li>N\u00e1poje<\/li>\n<li>V\u0161echny aktivity<\/li>\n<li>M\u00edstn\u00ed pr\u016fvodce<\/li>\n<\/ol>\n<h4>V\u00fdjimky<\/h4>\n<ol>\n<li>Skl\u00e1p\u011bn\u00ed<\/li>\n<li>P\u0159evod<\/li>\n<li>Alkoholick\u00e9 n\u00e1poje<\/li>\n<\/ol>\n<h3><em>Odjezd a n\u00e1vrat<\/em><\/h3>\n<p>Cestovatel z\u00edsk\u00e1 m\u00edsto setk\u00e1n\u00ed po procesu rezervace. Prohl\u00eddky za\u010d\u00ednaj\u00ed a kon\u010d\u00ed v m\u00edstech na\u0161eho setk\u00e1n\u00ed.<\/p>\n<h3><em>Co \u010dekat?<\/em><\/h3>\n<p>Z\u00edskejte vstupenky na n\u00e1v\u0161t\u011bvu n\u00e1rodn\u00edho parku Los Haitises s \u00fa\u017easn\u00fdm ob\u011bdem v Ca\u00f1o Hondo a koup\u00e1n\u00edm v p\u0159\u00edrodn\u00edch baz\u00e9nech.<\/p>\n<p>Z p\u0159\u00edstavu Saman\u00e1 na palub\u011b lodi nebo katamar\u00e1nu s m\u00edstn\u00edm pr\u016fvodcem projedeme z\u00e1tokou Saman\u00e1 vedle Sabana de la Mar, abychom nav\u0161t\u00edvili jeden z nejkr\u00e1sn\u011bj\u0161\u00edch n\u00e1rodn\u00edch park\u016f v Dominik\u00e1nsk\u00e9 republice.<\/p>\n<h5>N\u00e1rodn\u00ed park Los Haitises.<\/h5>\n<p>N\u00e1v\u0161t\u011bva ostrova s pt\u00e1ky kolem. V hn\u00edzdn\u00ed sez\u00f3n\u011b m\u016f\u017eeme v hn\u00edzdech spat\u0159it i ml\u00e1\u010fata pelik\u00e1n\u016f. Jd\u011bte hloub\u011bji do skalnat\u00fdch ostrov\u016f a nav\u0161tivte jeskyn\u011b s piktogramy a petroglyfy domorod\u00fdch obyvatel.<\/p>\n<p>El recorrido, organizado por \u00abBooking Adventures\u00bb, comienza en el punto de encuentro establecido con el gu\u00eda tur\u00edstico. Ven con Booking Adventures y comienza a observar algunos manglares llenos de aves, colinas onduladas de exuberante vegetaci\u00f3n y cuevas del Parque Nacional Los Haitises.<\/p>\n<p>El nombre del parque nacional proviene de sus habitantes originales, los indios ta\u00ednos. En su idioma, \u00abHaitises\u00bb se traduce a tierras altas o colinas, una referencia a las empinadas formaciones geol\u00f3gicas de la costa con calizas. Avent\u00farate en el parque para explorar cuevas como la Cueva de la Arena y la Cueva de la L\u00ednea.<\/p>\n<p>Jeskyn\u011b v rezervaci byly pou\u017e\u00edv\u00e1ny jako \u00fakryt indi\u00e1ny Ta\u00edno a pozd\u011bji skryt\u00fdmi pir\u00e1ty. Pod\u00edvejte se na kresby indi\u00e1n\u016f zdob\u00edc\u00edch n\u011bkter\u00e9 st\u011bny.<\/p>\n<p>Po n\u00e1v\u0161t\u011bv\u011b n\u00e1rodn\u00edho parku Los Haitises pojedeme do Cano Hondo. V Cano Hondo se dozv\u00edte o t\u00e9to ekologick\u00e9 historii a d\u00e1te si ob\u011bd s typick\u00fdm j\u00eddlem komunity Sabana de la mar.<\/p>\n<p>Ob\u011bd bude v\u00fdborn\u00fd, ale je\u0161t\u011b nekon\u010d\u00edme. Po ob\u011bd\u011b se vykoupeme v p\u0159\u00edrodn\u00edch baz\u00e9nech od \u0159eky Jibales, \u0159eky k \u0159ece Ca\u00f1o Hondo. V Ca\u00f1o Hondo z\u016fstaneme do 16:00 a vr\u00e1t\u00edme se do p\u0159\u00edstavu Saman\u00e1, op\u011bt projedeme mangrovov\u00fdmi porosty a doraz\u00edme do otev\u0159en\u00e9 z\u00e1toky San Lorenzo, odkud lze fotografovat \u010dlenitou lesn\u00ed krajinu. Pod\u00edvejte se do vody, abyste vid\u011bli kapust\u0148\u00e1ky, kor\u00fd\u0161e a delf\u00edny.<\/p>\n<p>Do t\u00e9 doby se dohodnete s turistick\u00fdm pr\u016fvodcem a pot\u00e9 jedete do p\u0159\u00edstavu Cano Hondo a jedete lod\u00ed zp\u011bt do p\u0159\u00edstavu Saman\u00e1 kolem z\u00e1toky Saman\u00e1 30 minut.<\/p>\n<p>Pokud se v\u00e1m tento v\u00fdlet l\u00edb\u00ed v\u00edce, m\u00e1me tyto mo\u017enosti:<\/p>\n<p>Los Haitises + Cayo Levantado z p\u0159\u00edstavu Saman\u00e1.<\/p>\n<h3><em>Co byste si m\u011bli vz\u00edt s sebou?<\/em><\/h3>\n<ul>\n<li>Fotoapar\u00e1t<\/li>\n<li>Repelenty<\/li>\n<li>opalovac\u00ed kr\u00e9m<\/li>\n<li>Klobouk<\/li>\n<li>Pohodln\u00e9 kalhoty<\/li>\n<li>Turistick\u00e1 obuv Forest<\/li>\n<li>Sand\u00e1ly do jarn\u00edch oblast\u00ed.<\/li>\n<li>Plaveck\u00fd \u00fabor<\/li>\n<\/ul>\n<h3><em>Vyzvednut\u00ed v hotelu<\/em><\/h3>\n<p>U tohoto z\u00e1jezdu nen\u00ed nab\u00edzeno vyzvednut\u00ed v hotelu.<\/p>\n<p><strong>Pozn\u00e1mka:<\/strong> Pokud si rezervujete m\u00edsto do 24 hodin p\u0159ed odjezdem na prohl\u00eddku\/v\u00fdlet, m\u016f\u017eeme v\u00e1m za p\u0159\u00edplatek zajistit vyzvednut\u00ed v hotelu. Po dokon\u010den\u00ed n\u00e1kupu v\u00e1m za\u0161leme ve\u0161ker\u00e9 kontaktn\u00ed informace (telefonn\u00ed \u010d\u00edslo, e-mailovou adresu atd.), abyste mohli s na\u0161\u00edm m\u00edstn\u00edm pr\u016fvodcem domluvit vyzvednut\u00ed.<\/p>\n<h3>Potvrzen\u00ed dal\u0161\u00edch informac\u00ed<\/h3>\n<ol>\n<li>Vstupenky jsou stvrzenkou po zaplacen\u00ed t\u00e9to prohl\u00eddky. Platbu m\u016f\u017eete uk\u00e1zat na sv\u00e9m telefonu.<\/li>\n<li>M\u00edsto setk\u00e1n\u00ed obdr\u017e\u00edte po proveden\u00ed rezervace.<\/li>\n<li>D\u011bti mus\u00ed b\u00fdt v doprovodu dosp\u011bl\u00e9 osoby.<\/li>\n<li>Nen\u00ed bezbari\u00e9rov\u00fd<\/li>\n<li>Kojenci by m\u011bli sed\u011bt v d\u011btsk\u00fdch seda\u010dk\u00e1ch nebo s dosp\u011blou osobou<\/li>\n<li>Nedoporu\u010duje se cestuj\u00edc\u00edm s probl\u00e9my se z\u00e1dy.<\/li>\n<li>Nedoporu\u010duje se t\u011bhotn\u00fdm \u017een\u00e1m.<\/li>\n<li>\u017d\u00e1dn\u00e9 srde\u010dn\u00ed probl\u00e9my ani jin\u00e9 z\u00e1va\u017en\u00e9 zdravotn\u00ed pot\u00ed\u017ee.<\/li>\n<li>\u00da\u010dastnit se m\u016f\u017ee v\u011bt\u0161ina cestovatel\u016f.<\/li>\n<\/ol>\n<h3><em>Storno podm\u00ednky<\/em><\/h3>\n<p>Chcete-li z\u00edskat plnou n\u00e1hradu, zru\u0161te alespo\u0148 24 hodin p\u0159ed datem zah\u00e1jen\u00ed z\u00e1\u017eitku.<\/p>\n\n\t\t<\/div>\n\t<\/div>\n<\/div><\/div><\/div><\/div><div class=\"vc_row wpb_row vc_row-fluid\" ><div class=\"wpb_column vc_column_container vc_col-sm-12\"><div class=\"vc_column-inner\"><div class=\"wpb_wrapper\"><div class=\"vc_empty_space\"   style=\"height: 32px\"><span class=\"vc_empty_space_inner\"><\/span><\/div>\n\t<div class=\"wpb_video_widget wpb_content_element vc_clearfix   vc_video-aspect-ratio-169 vc_video-el-width-100 vc_video-align-left\" >\n\t\t<div class=\"wpb_wrapper\">\n\t\t\t\n\t\t\t<div class=\"wpb_video_wrapper\"><iframe loading=\"lazy\" title=\"N\u00e1rodn\u00ed park Los Haitises, v\u00fdlety a exkurze ze Samany nebo Sabany de la Mar. Rezervujte zde:\" src=\"https:\/\/player.vimeo.com\/video\/346508015?dnt=1&amp;app_id=122963\" width=\"1100\" height=\"619\" frameborder=\"0\" allow=\"autoplay; fullscreen\" allowfullscreen><\/iframe><\/div>\n\t\t<\/div>\n\t<\/div>\n<\/div><\/div><\/div><\/div><div class=\"vc_row wpb_row vc_row-fluid\" ><div class=\"wpb_column vc_column_container vc_col-sm-12\"><div class=\"vc_column-inner\"><div class=\"wpb_wrapper\"><div class=\"vc_empty_space\"   style=\"height: 32px\"><span class=\"vc_empty_space_inner\"><\/span><\/div>\n\t<div class=\"wpb_text_column wpb_content_element\" >\n\t\t<div class=\"wpb_wrapper\">\n\t\t\t<h4>Kontaktujte n\u00e1s?<\/h4>\n<h5>Rezervace dobrodru\u017estv\u00ed<\/h5>\n<p><em>Pr\u016fvodci<\/em> <em><strong>prostory<\/strong><\/em> y <strong><em>n\u00e1rodn\u00ed<\/em><\/strong> &amp;<em>\u00a0slu\u017eby pro hosty<\/em><\/p>\n<p>Rezervace: Prohl\u00eddky a exkurze v Dom.<\/p>\n<p>Tel \/ Whatsapp + 1-809-720-6035.<\/p>\n<p>info@bookingadventures.com.do<\/p>\n<p>Jsme soukrom\u00e9 z\u00e1jezdy s flexibiln\u00ed konfigurac\u00ed od Whatsapp: +18097206035.<\/p>\n\n\t\t<\/div>\n\t<\/div>\n<div class=\"vc_empty_space\"   style=\"height: 32px\"><span class=\"vc_empty_space_inner\"><\/span><\/div><\/div><\/div><\/div><\/div>","protected":false},"excerpt":{"rendered":"<p><strong>Zvolte pros\u00edm datum turn\u00e9\u00a0<\/strong><\/p>","protected":false},"featured_media":104,"template":"","meta":[],"product_brand":[],"product_cat":[119,96,144,98,135,121,99,122,443,123,124],"product_tag":[126,127,128,145,132,133,146,147,148,143],"class_list":{"0":"post-551","1":"product","2":"type-product","3":"status-publish","4":"has-post-thumbnail","6":"product_cat-caves","7":"product_cat-hiking","8":"product_cat-kayaking","9":"product_cat-local-tour-guides","10":"product_cat-lunch","11":"product_cat-mangroves","12":"product_cat-swimming-natural-springs","13":"product_cat-tours-and-excursions","14":"product_cat-tours-y-excursiones-es","15":"product_cat-tours-excursions-los-haitises-national-park","16":"product_cat-tours-excursions-samana-bay-dominican-republic","17":"product_tag-cano-hondo","18":"product_tag-cano-hondo-hotel","19":"product_tag-cano-hondo-tours","20":"product_tag-day-tour-cano-hondo","21":"product_tag-los-haitises","22":"product_tag-los-haitises-national-park","23":"product_tag-mangroves-los-haitises","24":"product_tag-samana-bay","25":"product_tag-samana-excursions","26":"product_tag-samana-tours","28":"first","29":"instock","30":"sale","31":"sold-individually","32":"shipping-taxable","33":"product-type-external"},"_links":{"self":[{"href":"https:\/\/toursmiches.com\/cs\/wp-json\/wp\/v2\/product\/551","targetHints":{"allow":["GET"]}}],"collection":[{"href":"https:\/\/toursmiches.com\/cs\/wp-json\/wp\/v2\/product"}],"about":[{"href":"https:\/\/toursmiches.com\/cs\/wp-json\/wp\/v2\/types\/product"}],"wp:featuredmedia":[{"embeddable":true,"href":"https:\/\/toursmiches.com\/cs\/wp-json\/wp\/v2\/media\/104"}],"wp:attachment":[{"href":"https:\/\/toursmiches.com\/cs\/wp-json\/wp\/v2\/media?parent=551"}],"wp:term":[{"taxonomy":"product_brand","embeddable":true,"href":"https:\/\/toursmiches.com\/cs\/wp-json\/wp\/v2\/product_brand?post=551"},{"taxonomy":"product_cat","embeddable":true,"href":"https:\/\/toursmiches.com\/cs\/wp-json\/wp\/v2\/product_cat?post=551"},{"taxonomy":"product_tag","embeddable":true,"href":"https:\/\/toursmiches.com\/cs\/wp-json\/wp\/v2\/product_tag?post=551"}],"curies":[{"name":"wp","href":"https:\/\/api.w.org\/{rel}","templated":true}]}}