{"id":554,"date":"2020-06-22T17:36:48","date_gmt":"2020-06-22T17:36:48","guid":{"rendered":"http:\/\/toursmiches.com\/?post_type=product&#038;p=554"},"modified":"2024-04-17T20:44:54","modified_gmt":"2024-04-17T20:44:54","slug":"excursion-a-los-haitises-desde-sabana-de-la-mar-o-cano-hondo","status":"publish","type":"product","link":"https:\/\/toursmiches.com\/de\/miches\/ausflug-in-die-haitises-von-sabana-de-la-mar-oder-cano-hondo\/","title":{"rendered":"Ausflug nach Los Haitises von Sabana de la Mar oder Ca\u00f1o Hondo aus"},"content":{"rendered":"<div class=\"vc_row wpb_row vc_row-fluid\" ><div class=\"wpb_column vc_column_container vc_col-sm-12\"><div class=\"vc_column-inner\"><div class=\"wpb_wrapper\">[mkdf_section_title subtitle_tag=\u00bb\u00bb subtitle=\u00bbTour normal a los Haitises\u00bb]<\/div><\/div><\/div><\/div><div class=\"vc_row wpb_row vc_row-fluid\" ><div class=\"wpb_column vc_column_container vc_col-sm-12\"><div class=\"vc_column-inner\"><div class=\"wpb_wrapper\">\n\t<div class=\"wpb_text_column wpb_content_element\" >\n\t\t<div class=\"wpb_wrapper\">\n\t\t\t<h2>Nationalpark Los Haitises Von Sabana de la Mar oder dem Hotel Cano Hondo aus.<\/h2>\n<h3>Beschreibung<\/h3>\n<p>Eine normale private Reise in den Nationalpark Los Haitises. Kommen Sie mit uns und besuchen Sie den sch\u00f6nsten Nationalpark der Dominikanischen Republik mit Mangroven, H\u00f6hlen und der Bucht von San Lorenzo. Diese Erfahrung kann damit beginnen, dass die Gemeinde Sabana de la Mar etwas \u00fcber die Geschichte von Sabana de la Mar erf\u00e4hrt. Dar\u00fcber hinaus beginnen wir diese Reise am Hafen von Ca\u00f1o Hondo.<\/p>\n<ul>\n<li>Steuern inbegriffen<\/li>\n<li>Der Guide bietet Anleitung und Betreuung.<\/li>\n<li>Beim Mittagessen in Ca\u00f1o Hondo ist das Mittagessen nicht inbegriffen. W\u00e4hlen Sie diese Tour: Los Haitises Plus Ca\u00f1o Hondo.<\/li>\n<\/ul>\n<h3>Einschl\u00fcsse und Ausschl\u00fcsse<\/h3>\n<h4>Einschl\u00fcsse<\/h4>\n<ol>\n<li>Los Haitises Tour + H\u00f6hlen und Piktogramme<\/li>\n<li>Alle Steuern, Geb\u00fchren und Bearbeitungsgeb\u00fchren.<\/li>\n<li>Lokale Steuern<\/li>\n<li>Alle Aktivit\u00e4ten<\/li>\n<li>Lokaler F\u00fchrer<\/li>\n<\/ol>\n<h4>Ausschl\u00fcsse<\/h4>\n<ol>\n<li>Tipps<\/li>\n<li>Beim Mittagessen in Ca\u00f1o Hondo ist das Mittagessen nicht inbegriffen. W\u00e4hlen Sie diese Tour: Los Haitises Plus Ca\u00f1o Hondo.<\/li>\n<li>Transport<\/li>\n<li>Alkoholische Getr\u00e4nke<\/li>\n<\/ol>\n<h3><em>Abreise und R\u00fcckkehr<\/em><\/h3>\n<p>Der Reisende erh\u00e4lt nach dem Buchungsvorgang einen Treffpunkt. Die Touren beginnen und enden an unseren Treffpunkten.<\/p>\n<h4><em>Was zu erwarten ist?<\/em><\/h4>\n<p>Holen Sie sich Ihre Tickets f\u00fcr den Nationalpark Los Haitises mit H\u00f6hlen, Mangroven und der Bucht von San Lorenzo.<\/p>\n<p>Der niedrigste Preis f\u00fcr einen Besuch des Nationalparks Los Haitises von Hotels in Sabana de la Mar oder Ca\u00f1o Hondo mit lokalen F\u00fchrern. Die Reise beginnt am Haupthafen des Nationalparks Los Haitises. Diese Reise beginnt um 10:00 Uhr mit einem lokalen Reiseleiter, der die urspr\u00fcngliche Geschichte des herrlichen Nationalparks kennt.<\/p>\n<p>Dann starten wir vom Haupthafen des Nationalparks Los Haitises, Ca\u00f1o Hondo (Deep Creek), in einem BOOT mit Schwimmwesten. Wir werden den roten Mangrovenwald genie\u00dfen, bis wir die Bucht von San Lorenzo erreichen. Kleine Bucht in der Saman\u00e1-Bucht. Und es geht los! Das erste, was Sie sehen k\u00f6nnen, ist die Ansammlung einer riesigen Kalkstein-Berginsel namens Mogotes. \u00dcber ihnen fliegen mehr als 700 Pflanzenarten und viele Feuchtv\u00f6gel umher. Sp\u00e4ter Besuch von H\u00f6hlen mit Piktogrammen unserer indigenen Gemeinschaften vor 750 Jahren.<\/p>\n<p>Durch die Mangroven und landen Sie in der offenen Bucht von San Lorenzo, von wo aus Sie die raue Waldlandschaft fotografieren k\u00f6nnen. Schauen Sie ins Wasser, um Seek\u00fche, Krebstiere und Delfine zu beobachten.<\/p>\n<p>El nombre del parque nacional proviene de sus habitantes originales, los indios ta\u00ednos. En su idioma, \u00abHaitises\u00bb se traduce en tierras altas o colinas, una referencia a las empinadas formaciones geol\u00f3gicas de la costa con calizas. Avent\u00farate en el parque para explorar cuevas como la Cueva de la Arena y la Cueva de la L\u00ednea. Las cuevas en la reserva fueron utilizadas como refugio por los indios ta\u00ednos y, m\u00e1s tarde, por los piratas escondidos. Busque dibujos de indios que decoran algunas de las paredes. Despu\u00e9s de visitar el Parque Nacional Los Haitises, regresaremos al puerto donde comenz\u00f3 nuestro viaje.<\/p>\n<h3><em>Was sollten Sie mitbringen?<\/em><\/h3>\n<ul>\n<li>Kamera<\/li>\n<li>Abwehrmittel<\/li>\n<li>Sonnenschutz<\/li>\n<li>Hut<\/li>\n<li>Bequeme Hose<\/li>\n<li>Waldwanderschuhe<\/li>\n<li>Sandalen zu Fr\u00fchlingsbereichen.<\/li>\n<li>Badeanzug<\/li>\n<\/ul>\n<h3><em>Abholung vom Hotel<\/em><\/h3>\n<p>Eine Abholung vom Hotel wird angeboten, wenn Sie sich im Paraiso Ca\u00f1o Hondo oder Altos Ca\u00f1o Hondo Hotel befinden. Unser Treffpunkt ist 5 Gehminuten von diesen Hotels entfernt.<\/p>\n<p><strong>Notiz<\/strong>- Wenn Sie innerhalb von 24 Stunden vor der Abfahrtszeit der Tour\/des Ausflugs buchen, k\u00f6nnen wir gegen Aufpreis eine Abholung vom Hotel arrangieren, wenn Sie nicht in den Ca\u00f1o Hondo-Hotels sind. Sobald Ihr Kauf abgeschlossen ist, senden wir Ihnen die vollst\u00e4ndigen Kontaktinformationen (Telefonnummer, E-Mail-Adresse usw.) f\u00fcr unseren \u00f6rtlichen Reiseleiter, um die Abholung zu vereinbaren.<\/p>\n<h3><em>Best\u00e4tigung zus\u00e4tzlicher Informationen<\/em><\/h3>\n<ul>\n<li>Die Tickets sind die Quittung nach der Bezahlung dieser Tour. Sie k\u00f6nnen die Zahlung auf Ihrem Telefon anzeigen.<\/li>\n<li>Der Treffpunkt wird Ihnen nach der Buchung mitgeteilt.<\/li>\n<li>Kinder m\u00fcssen von einem Erwachsenen begleitet werden.<\/li>\n<li>Nicht rollstuhlgerecht<\/li>\n<li>Kleinkinder sollten in einer Babyschale oder bei einem Erwachsenen sitzen<\/li>\n<li>F\u00fcr Reisende mit R\u00fcckenproblemen nicht zu empfehlen.<\/li>\n<li>F\u00fcr schwangere Frauen nicht empfohlen.<\/li>\n<li>Keine Herzprobleme oder andere schwerwiegende Erkrankungen.<\/li>\n<li>Die meisten Reisenden k\u00f6nnen teilnehmen.<\/li>\n<\/ul>\n<h3><em>Annullierungspolitik<\/em><\/h3>\n<p>F\u00fcr eine vollst\u00e4ndige R\u00fcckerstattung stornieren Sie bitte mindestens 24 Stunden vor dem Startdatum des Erlebnisses.<\/p>\n<h3><em>Kontaktiere uns?<\/em><\/h3>\n<p>Abenteuer buchen<br \/>\nLokale und nationale Reiseleiter und G\u00e4steservice<\/p>\n<p>Reservierungen: F\u00fchrungen und Ausfl\u00fcge im Dom. Reps.<\/p>\n<p>\ud83d\udcde Tel\/WhatsApp +1-809-720-6035.<\/p>\n<p>\ud83d\udce9 info@bookingadventures.com.do<\/p>\n<p>Wir organisieren private Touren mit flexibler Konfiguration per WhatsApp: +18097206035.<\/p>\n\n\t\t<\/div>\n\t<\/div>\n<\/div><\/div><\/div><\/div>","protected":false},"excerpt":{"rendered":"<p>Der niedrigste Preis f\u00fcr einen Besuch des Nationalparks Los Haitises von Hotels in Sabana de la Mar oder Ca\u00f1o Hondo mit lokalen F\u00fchrern. Die Reise beginnt am Haupthafen des Nationalparks Los Haitises. Diese Reise beginnt um 10:00 Uhr mit einem lokalen Reiseleiter, der die urspr\u00fcngliche Geschichte des herrlichen Nationalparks kennt.<\/p>\n<p>Dann starten wir vom Haupthafen des Nationalparks Los Haitises, Ca\u00f1o Hondo (Deep Creek), in einem BOOT mit Schwimmwesten. Wir werden den roten Mangrovenwald genie\u00dfen, bis wir die Bucht von San Lorenzo erreichen, eine kleine Bucht in der Bucht von Saman\u00e1. Und es geht los! Das erste, was Sie sehen k\u00f6nnen, ist die Ansammlung einer riesigen Kalkstein-Berginsel namens Mogotes. Dar\u00fcber hinaus fliegen mehr als 700 Pflanzenarten und viele Feuchtv\u00f6gel umher. Sp\u00e4ter Besuch von H\u00f6hlen mit Piktogrammen unserer indigenen Gemeinschaften vor 750 Jahren.<\/p>\n<p><strong>Bitte w\u00e4hlen Sie das Datum f\u00fcr die Tour aus\u00a0<\/strong><\/p>","protected":false},"featured_media":81,"template":"","meta":[],"product_brand":[],"product_cat":[119,120,98,121,99,122,443,123,124],"product_tag":[125,126,127,128,129,130,131,132,133,134,114],"class_list":{"0":"post-554","1":"product","2":"type-product","3":"status-publish","4":"has-post-thumbnail","6":"product_cat-caves","7":"product_cat-fees-entrace","8":"product_cat-local-tour-guides","9":"product_cat-mangroves","10":"product_cat-swimming-natural-springs","11":"product_cat-tours-and-excursions","12":"product_cat-tours-y-excursiones-es","13":"product_cat-tours-excursions-los-haitises-national-park","14":"product_cat-tours-excursions-samana-bay-dominican-republic","15":"product_tag-boat-tour","16":"product_tag-cano-hondo","17":"product_tag-cano-hondo-hotel","18":"product_tag-cano-hondo-tours","19":"product_tag-eco-tours","20":"product_tag-excursion","21":"product_tag-locals-guides","22":"product_tag-los-haitises","23":"product_tag-los-haitises-national-park","24":"product_tag-los-haitises-national-park-tour","25":"product_tag-sabana-de-la-mar","27":"first","28":"instock","29":"sale","30":"sold-individually","31":"shipping-taxable","32":"product-type-external"},"_links":{"self":[{"href":"https:\/\/toursmiches.com\/de\/wp-json\/wp\/v2\/product\/554","targetHints":{"allow":["GET"]}}],"collection":[{"href":"https:\/\/toursmiches.com\/de\/wp-json\/wp\/v2\/product"}],"about":[{"href":"https:\/\/toursmiches.com\/de\/wp-json\/wp\/v2\/types\/product"}],"wp:featuredmedia":[{"embeddable":true,"href":"https:\/\/toursmiches.com\/de\/wp-json\/wp\/v2\/media\/81"}],"wp:attachment":[{"href":"https:\/\/toursmiches.com\/de\/wp-json\/wp\/v2\/media?parent=554"}],"wp:term":[{"taxonomy":"product_brand","embeddable":true,"href":"https:\/\/toursmiches.com\/de\/wp-json\/wp\/v2\/product_brand?post=554"},{"taxonomy":"product_cat","embeddable":true,"href":"https:\/\/toursmiches.com\/de\/wp-json\/wp\/v2\/product_cat?post=554"},{"taxonomy":"product_tag","embeddable":true,"href":"https:\/\/toursmiches.com\/de\/wp-json\/wp\/v2\/product_tag?post=554"}],"curies":[{"name":"wp","href":"https:\/\/api.w.org\/{rel}","templated":true}]}}