{"id":593,"date":"2020-07-01T16:40:04","date_gmt":"2020-07-01T16:40:04","guid":{"rendered":"http:\/\/toursmiches.com\/?post_type=product&#038;p=593"},"modified":"2024-04-16T19:44:59","modified_gmt":"2024-04-16T19:44:59","slug":"excursion-cascada-el-limon-senderismo-y-natacion","status":"publish","type":"product","link":"https:\/\/toursmiches.com\/et\/miches\/excursion-cascada-el-limon-senderismo-y-natacion\/","title":{"rendered":"El Lim\u00f3ni kose ekskursioon Matkamine ja ujumine"},"content":{"rendered":"<div class=\"vc_row wpb_row vc_row-fluid\" ><div class=\"wpb_column vc_column_container vc_col-sm-12\"><div class=\"vc_column-inner\"><div class=\"wpb_wrapper\">[mkdf_section_title subtitle_tag=\u00bb\u00bb subtitle=\u00bbSenderismo a las cascadas\u00bb]<\/div><\/div><\/div><\/div><div class=\"vc_row wpb_row vc_row-fluid\" ><div class=\"wpb_column vc_column_container vc_col-sm-12\"><div class=\"vc_column-inner\"><div class=\"wpb_wrapper\"><div class=\"vc_empty_space\"   style=\"height: 32px\"><span class=\"vc_empty_space_inner\"><\/span><\/div><\/div><\/div><\/div><\/div><div class=\"vc_row wpb_row vc_row-fluid\" ><div class=\"wpb_column vc_column_container vc_col-sm-12\"><div class=\"vc_column-inner\"><div class=\"wpb_wrapper\">\n\t<div class=\"wpb_text_column wpb_content_element\" >\n\t\t<div class=\"wpb_wrapper\">\n\t\t\t<h2>Tour a las cascadas de El Lim\u00f3n (senderismo y nataci\u00f3n)<\/h2>\n<h3>Kirjeldus<\/h3>\n<p>Las cascadas El Lim\u00f3n Senderismo con gu\u00edas locales. Visitando el bosque de cacao y caf\u00e9 bajo el cultivo de cocos. Cuando llegue a las cascadas, podr\u00e1 nadar y establecer la hora con su gu\u00eda local.<\/p>\n<p>Aprenda con los locales sobre la naturaleza y la historia de Saman\u00e1 y disfrute de\u00a0 un viaje seguro. Obtenga sus entradas en oferta hoy.<\/p>\n<ul>\n<li>Senderismo<\/li>\n<li>El gu\u00eda proporciona instrucciones y supervisi\u00f3n.<\/li>\n<li>Tarifas al Parque Nacional<\/li>\n<\/ul>\n<h3>Kaasamised ja v\u00e4listused<\/h3>\n<h4>Kaasamised<\/h4>\n<ol>\n<li>Tour de senderismo<\/li>\n<li>Todos los impuestos, tarifas y cargos de lugar<\/li>\n<li>Kohalikud maksud<\/li>\n<li>Kohalik giid<\/li>\n<\/ol>\n<h4>V\u00e4listused<\/h4>\n<ol>\n<li>Comida no incluida<\/li>\n<li>N\u00e4pun\u00e4iteid<\/li>\n<li>Transport<\/li>\n<li>Alkohoolsed joogid<\/li>\n<li>Comida en la playa no incluida<\/li>\n<\/ol>\n<h3><em>V\u00e4ljas\u00f5it ja tagasis\u00f5it<\/em><\/h3>\n<p>El viajero obtendr\u00e1 un punto de encuentro despu\u00e9s del proceso de reserva. Los tours comienzan y terminan en nuestros puntos de encuentro.<\/p>\n<h3>Mida oodata?<\/h3>\n<p>Obtenga sus boletos para visitar La Cascada El Lim\u00f3n en Saman\u00e1 senderismo con un gu\u00eda tur\u00edstico local.<\/p>\n<p>El recorrido, organizado por \u00abBooking Adventures\u00bb, comienza en el punto de encuentro establecido con el gu\u00eda tur\u00edstico.<\/p>\n<p>Cascadas de El Lim\u00f3n con un gu\u00eda tur\u00edstico local. Reserve un viaje de senderismo por el bosque, rodeando el r\u00edo Lim\u00f3n, visitando plantaciones de cacao y caf\u00e9 bajo las sombra de coco.<\/p>\n<p>Primero, det\u00e9ngase en la peque\u00f1a cascada donde generalmente no hay mucha gente y puede nadar alrededor. Luego continuamos hacia la gran cascada donde nos quedaremos durante una hora o m\u00e1s si lo desea.<\/p>\n<p>Despu\u00e9s del Senderismo, puede configurar si desea almorzar con un cargo adicional.<\/p>\n<h3><em>Mida peaksite kaasa v\u00f5tma?<\/em><\/h3>\n<ul>\n<li>Kaamera<\/li>\n<li>Repellendid<\/li>\n<li>crema solar<\/li>\n<li>M\u00fcts<\/li>\n<li>Mugavad p\u00fcksid<\/li>\n<li>Metsa matkajalatsid<\/li>\n<li>Ujumisriided<\/li>\n<\/ul>\n<h3><em>Hotelli vastuv\u00f5tt<\/em><\/h3>\n<p>No se ofrece la recogida en el hotel para este tour.<\/p>\n<p><strong>Nota:<\/strong> si realiza la reserva dentro de las 24 horas de la hora de salida del tour \/ excursi\u00f3n, podemos organizar la recogida en el hotel con cargos adicionales. Una vez que se complete su compra, le enviaremos informaci\u00f3n de contacto completa (n\u00famero de tel\u00e9fono, direcci\u00f3n de correo electr\u00f3nico, etc.) para que nuestro gu\u00eda tur\u00edstico local organice los arreglos de recogida.<\/p>\n<h3><em>Lisainfo kinnitus<\/em><\/h3>\n<ul>\n<li>Piletid on kviitung p\u00e4rast selle tuuri eest tasumist. Saate n\u00e4idata makset oma telefonis.<\/li>\n<li>Kohtumiskoha saab k\u00e4tte p\u00e4rast broneerimisprotsessi.<\/li>\n<li>Lastega peab kaasas olema t\u00e4iskasvanu.<\/li>\n<li>Pole ratastooliga ligip\u00e4\u00e4setav<\/li>\n<li>Los infantes deben sentarse en un asiento para beb\u00e9s o con un\u00a0 adulto<\/li>\n<li>Ei soovitata seljaprobleemidega reisijatele.<\/li>\n<li>Ei soovitata rasedatele.<\/li>\n<li>Puuduvad s\u00fcdameprobleemid ega muud t\u00f5sised haigusseisundid.<\/li>\n<li>Enamik reisijaid saab osaleda.<\/li>\n<\/ul>\n<h3><em>T\u00fchistamispoliitika<\/em><\/h3>\n<p>Para obtener un reembolso completo, cancele al menos 24 horas antes de la fecha de inicio de la experiencia.<\/p>\n<h3>Cont\u00e1ctenos<\/h3>\n<p><em><strong>Reservas de aventuras<\/strong><\/em><br \/>\n<em><strong>Kohalikud ja riiklikud giidid ja k\u00fclalisteenused<\/strong><\/em><\/p>\n<p>Reservas: Tours y Excursiones en Dom. Rep.<\/p>\n<p>\ud83d\udcde Tel\/Whatsapp +1-809-720-6035.<\/p>\n<p>\ud83d\udce9 info@bookingadventures.com.do<\/p>\n<p>Hacemos tours privados de configuraci\u00f3n flexible por Whatsapp: +18097206035.<\/p>\n\n\t\t<\/div>\n\t<\/div>\n<\/div><\/div><\/div><\/div>","protected":false},"excerpt":{"rendered":"<p>Las cascadas El Lim\u00f3n Senderismo con gu\u00edas locales. Visitando el bosque de cacao y caf\u00e9 bajo la sombra de las plantaciones de cocos. Cuando llegue a las cascadas, podr\u00e1 nadar y establecer la hora con su gu\u00eda local.<\/p>\n<p>Aprenda con los locales sobre la naturaleza y la historia de Saman\u00e1 y obtenga un viaje seguro. Obtenga sus entradas en oferta hoy.<\/p>\n<p><strong>Por favor seleccione la fecha para el Tour:<\/strong><\/p>","protected":false},"featured_media":130,"template":"","meta":[],"product_brand":[],"product_cat":[120,96,136,99,122,443,123,124,154],"product_tag":[137,138,140,155,142,143],"class_list":{"0":"post-593","1":"product","2":"type-product","3":"status-publish","4":"has-post-thumbnail","6":"product_cat-fees-entrace","7":"product_cat-hiking","8":"product_cat-safari-samana","9":"product_cat-swimming-natural-springs","10":"product_cat-tours-and-excursions","11":"product_cat-tours-y-excursiones-es","12":"product_cat-tours-excursions-los-haitises-national-park","13":"product_cat-tours-excursions-samana-bay-dominican-republic","14":"product_cat-trails-or-paths","15":"product_tag-bacardi-island","16":"product_tag-beach-time","17":"product_tag-el-limon-waterfalls","18":"product_tag-hiking-el-limon","19":"product_tag-samana","20":"product_tag-samana-tours","22":"first","23":"instock","24":"sale","25":"sold-individually","26":"shipping-taxable","27":"product-type-external"},"_links":{"self":[{"href":"https:\/\/toursmiches.com\/et\/wp-json\/wp\/v2\/product\/593","targetHints":{"allow":["GET"]}}],"collection":[{"href":"https:\/\/toursmiches.com\/et\/wp-json\/wp\/v2\/product"}],"about":[{"href":"https:\/\/toursmiches.com\/et\/wp-json\/wp\/v2\/types\/product"}],"wp:featuredmedia":[{"embeddable":true,"href":"https:\/\/toursmiches.com\/et\/wp-json\/wp\/v2\/media\/130"}],"wp:attachment":[{"href":"https:\/\/toursmiches.com\/et\/wp-json\/wp\/v2\/media?parent=593"}],"wp:term":[{"taxonomy":"product_brand","embeddable":true,"href":"https:\/\/toursmiches.com\/et\/wp-json\/wp\/v2\/product_brand?post=593"},{"taxonomy":"product_cat","embeddable":true,"href":"https:\/\/toursmiches.com\/et\/wp-json\/wp\/v2\/product_cat?post=593"},{"taxonomy":"product_tag","embeddable":true,"href":"https:\/\/toursmiches.com\/et\/wp-json\/wp\/v2\/product_tag?post=593"}],"curies":[{"name":"wp","href":"https:\/\/api.w.org\/{rel}","templated":true}]}}