{"id":556,"date":"2020-06-22T22:09:47","date_gmt":"2020-06-22T22:09:47","guid":{"rendered":"http:\/\/toursmiches.com\/?post_type=product&#038;p=556"},"modified":"2024-04-17T19:11:29","modified_gmt":"2024-04-17T19:11:29","slug":"excursion-a-los-haitises-desde-las-terrenas-medio-dia","status":"publish","type":"product","link":"https:\/\/toursmiches.com\/fr\/miches\/excursion-aux-haitiens-depuis-las-terrenas-demi-journee\/","title":{"rendered":"Excursion \u00e0 Los Haitises depuis Las Terrenas \u2013 Demi-journ\u00e9e"},"content":{"rendered":"<div class=\"vc_row wpb_row vc_row-fluid\" ><div class=\"wpb_column vc_column_container vc_col-sm-12\"><div class=\"vc_column-inner\"><div class=\"wpb_wrapper\">[mkdf_section_title subtitle_tag=\u00bb\u00bb subtitle=\u00bbTransporte y almuerzo incluidos\u00bb]<\/div><\/div><\/div><\/div><div class=\"vc_row wpb_row vc_row-fluid\" ><div class=\"wpb_column vc_column_container vc_col-sm-12\"><div class=\"vc_column-inner\"><div class=\"wpb_wrapper\">\n\t<div class=\"wpb_text_column wpb_content_element\" >\n\t\t<div class=\"wpb_wrapper\">\n\t\t\t<h2>Visite du parc national Los Haitises depuis Las Terrenas de Saman\u00e1. Excursion d&#039;une demi-journ\u00e9e.<\/h2>\n<h5>Visite du parc national Los Haitises depuis Las Terrenas de Saman\u00e1. Excursion d&#039;une demi-journ\u00e9e.<\/h5>\n<h3>Description<\/h3>\n<p>Visite du parc national Los Haitises depuis Las Terrenas de Saman\u00e1. Excursion d&#039;une demi-journ\u00e9e. depuis votre h\u00f4tel \u00e0 Las Terrenas \u00e0 Saman\u00e1. Nous nous dirigerons vers la communaut\u00e9 de S\u00e1nchez, o\u00f9 nous prendrons le bateau pour traverser la baie de Saman\u00e1. Visite de R\u00edo Naranjo, en passant par la communaut\u00e9 de p\u00eacheurs du parc national Los Haitises, 3 grottes, la grotte de Boca Tibur\u00f3n, l&#039;\u00eele Birding Key et les mangroves de la baie de Saman\u00e1.<\/p>\n<p>Apr\u00e8s cette exp\u00e9rience, vous retournerez \u00e0 la communaut\u00e9 de Las Terrenas o\u00f9 nous viendrons vous chercher.<\/p>\n<ul>\n<li>Taxes incluses<\/li>\n<li>D\u00e9jeuner<\/li>\n<li>Ap\u00e9ritifs<\/li>\n<li>Guide touristique local en anglais ou en fran\u00e7ais<\/li>\n<li>Transport<\/li>\n<li>Voyage en bateau<\/li>\n<\/ul>\n<h3>Inclusions et exclusions<\/h3>\n<h4>Inclusions<\/h4>\n<ol>\n<li>Visite de Los Haitises + Grottes et pictogrammes<\/li>\n<li>D\u00e9jeuner<\/li>\n<li>Toutes les taxes, frais et frais de dossier.<\/li>\n<li>Imp\u00f4ts locaux<\/li>\n<li>Boissons<\/li>\n<li>Ap\u00e9ritifs<\/li>\n<li>Toutes les activit\u00e9s<\/li>\n<li>Guide local<\/li>\n<\/ol>\n<h4>Exclusions<\/h4>\n<ol>\n<li>Pourboire<\/li>\n<li>Boissons alcoolis\u00e9es<\/li>\n<\/ol>\n<h3><em>D\u00e9part et retour<\/em><\/h3>\n<p>Le voyageur obtiendra un point de rendez-vous apr\u00e8s le processus de r\u00e9servation. Les visites commencent et se terminent \u00e0 leurs points de rendez-vous.<\/p>\n<h5>Parc National Los Haitises depuis Las Terrenas<\/h5>\n<h3><em>Attendre?<\/em><\/h3>\n<p>Obtenez vos billets pour visiter le parc national Los Haitises depuis Las Terrenas de Saman\u00e1. Excursion d&#039;une demi-journ\u00e9e. Au d\u00e9part de Las Terrenas, Saman\u00e1 avec transport jusqu&#039;au port pour monter \u00e0 bord d&#039;un bateau avec un guide local, nous passons la baie de Saman\u00e1 jusqu&#039;\u00e0 Los Haitises, \u00e0 c\u00f4t\u00e9 de Sabana de la Mar pour visiter l&#039;un des plus beaux parcs nationaux de la R\u00e9publique Dominicaine. . Parc National Los Haitises.<\/p>\n<p>El recorrido, organizado por \u00abBooking Adventures\u00bb, comienza en el punto de encuentro establecido con el gu\u00eda tur\u00edstico. Ven con Booking Adventures y comienza a observar algunos manglares llenos de p\u00e1jaros, colinas onduladas de exuberante vegetaci\u00f3n y cuevas del Parque Nacional Los Haitises. Visitando la isla con p\u00e1jaros alrededor. En la temporada de anidaci\u00f3n, incluso podemos ver los polluelos de Pelecanos en los nidos. Entrar m\u00e1s en las Islas Rocosas y visitar las cuevas con pictograf\u00edas y petroglifos de los pueblos ind\u00edgenas.<\/p>\n<p>\u00c0 travers les mangroves et les terres de la baie ouverte de San Lorenzo, Sabana de la Mar, d&#039;o\u00f9 vous pourrez photographier le paysage forestier accident\u00e9. Regardez dans l&#039;eau pour voir des lamantins, des crustac\u00e9s et des dauphins.<\/p>\n<p>El nombre del parque nacional proviene de sus habitantes originales, los indios ta\u00ednos. En su idioma, \u00abHaitises\u00bb se traduce en tierras altas o colinas, una referencia a las empinadas formaciones geol\u00f3gicas de la costa con calizas. Avent\u00farate en el parque para explorar cuevas como la Cueva San Gabriel, la Cueva de la Arena y la Cueva de la L\u00ednea.<\/p>\n<p>Ces grottes de la r\u00e9serve servaient d&#039;abri aux Indiens Ta\u00edno et, plus tard, de cachette aux pirates. Recherchez des dessins d&#039;Indiens d\u00e9corant certains murs. Apr\u00e8s avoir visit\u00e9 le parc national Los Haitises, nous retournerons \u00e0 Sanchez, Saman\u00e1.<\/p>\n<p>Passage par la baie de Saman\u00e1 30 min. Nous prendrons un d\u00e9jeuner typique. Si vous \u00eates v\u00e9g\u00e9talien, ne vous inqui\u00e9tez pas, nous avons aussi de la nourriture pour vous !<\/p>\n<p>Apr\u00e8s le d\u00e9jeuner, nous retournons \u00e0 Las Terrenas !<\/p>\n<p>Si vous pr\u00e9f\u00e9rez ce voyage plus long ou plus court, nous avons ces options\u00a0:<\/p>\n<p>Seulement Los Haitises depuis le port de Saman\u00e1.<br \/>\nLos Haitises + Ca\u00f1o Hondo depuis le port de Saman\u00e1.<\/p>\n<h3><em>Que faut-il apporter ?<\/em><\/h3>\n<ul>\n<li>Appareil photo<\/li>\n<li>R\u00e9pulsifs<\/li>\n<li>Cr\u00e8me solaire<\/li>\n<li>Chapeau<\/li>\n<li>Pantalon confortable<\/li>\n<li>Chaussures de randonn\u00e9e en for\u00eat<\/li>\n<li>Sandales aux zones de printemps.<\/li>\n<li>Maillot de bain<\/li>\n<\/ul>\n<h3><em>Prise en charge \u00e0 l'h\u00f4tel<\/em><\/h3>\n<p>La prise en charge \u00e0 l&#039;h\u00f4tel n&#039;est pas propos\u00e9e pour cette visite.<\/p>\n<p><strong>Note:<\/strong> Si vous r\u00e9servez dans les 24 heures pr\u00e9c\u00e9dant l&#039;heure de d\u00e9part de la visite\/excursion, nous pouvons organiser une prise en charge \u00e0 l&#039;h\u00f4tel moyennant des frais suppl\u00e9mentaires. Une fois votre achat termin\u00e9, nous vous enverrons les coordonn\u00e9es compl\u00e8tes (num\u00e9ro de t\u00e9l\u00e9phone, adresse e-mail, etc.) de notre guide touristique local afin d&#039;organiser le ramassage.<\/p>\n<h3><em>Confirmation des informations compl\u00e9mentaires<\/em><\/h3>\n<ul>\n<li>Les billets constituent le re\u00e7u apr\u00e8s avoir pay\u00e9 ce tour. Vous pouvez afficher le paiement sur votre t\u00e9l\u00e9phone.<\/li>\n<li>Le point de rendez-vous sera re\u00e7u apr\u00e8s le processus de r\u00e9servation.<\/li>\n<li>Les enfants doivent \u00eatre accompagn\u00e9s par un adulte.<\/li>\n<li>Non accessible aux fauteuils roulants<\/li>\n<li>Les nourrissons doivent s&#039;asseoir dans un si\u00e8ge b\u00e9b\u00e9 ou avec un adulte<\/li>\n<li>D\u00e9conseill\u00e9 aux voyageurs ayant des probl\u00e8mes de dos.<\/li>\n<li>D\u00e9conseill\u00e9 aux femmes enceintes. Aucun probl\u00e8me cardiaque ou autre probl\u00e8me m\u00e9dical grave.<\/li>\n<li>La plupart des voyageurs peuvent participer.<\/li>\n<\/ul>\n<h3><em>Politique d&#039;annulation<\/em><\/h3>\n<p>Pour un remboursement complet, annulez au moins 24 heures avant la date de d\u00e9but de l&#039;exp\u00e9rience. Les fonds seront perdus si la r\u00e9servation est annul\u00e9e le m\u00eame jour du voyage.<\/p>\n\n\t\t<\/div>\n\t<\/div>\n<\/div><\/div><\/div><\/div><div class=\"vc_row wpb_row vc_row-fluid\" ><div class=\"wpb_column vc_column_container vc_col-sm-12\"><div class=\"vc_column-inner\"><div class=\"wpb_wrapper\">\n\t<div class=\"wpb_video_widget wpb_content_element vc_clearfix   vc_video-aspect-ratio-169 vc_video-el-width-100 vc_video-align-left\" >\n\t\t<div class=\"wpb_wrapper\">\n\t\t\t\n\t\t\t<div class=\"wpb_video_wrapper\"><iframe loading=\"lazy\" title=\"Parc national de Los Haitises, visites et excursions depuis Samana ou Sabana de la Mar. R\u00e9servez ici :\" src=\"https:\/\/player.vimeo.com\/video\/346508015?dnt=1&amp;app_id=122963\" width=\"1100\" height=\"619\" frameborder=\"0\" allow=\"autoplay; fullscreen\" allowfullscreen><\/iframe><\/div>\n\t\t<\/div>\n\t<\/div>\n<\/div><\/div><\/div><\/div><div class=\"vc_row wpb_row vc_row-fluid\" ><div class=\"wpb_column vc_column_container vc_col-sm-12\"><div class=\"vc_column-inner\"><div class=\"wpb_wrapper\"><div class=\"vc_empty_space\"   style=\"height: 32px\"><span class=\"vc_empty_space_inner\"><\/span><\/div>\n\t<div class=\"wpb_text_column wpb_content_element\" >\n\t\t<div class=\"wpb_wrapper\">\n\t\t\t<h5>Contactez-nous?<br \/>\nR\u00e9servations d&#039;aventure<\/h5>\n<p><em>Guides touristiques locaux et nationaux et services aux clients<\/em><\/p>\n<p>R\u00e9servations : Visites et Excursions en Dom. Reps.<\/p>\n<p>T\u00e9l\/Whatsapp +1-809-720-6035.<\/p>\n<p>info@bookingadventures.com.do<\/p>\n<p>Nous effectuons des visites priv\u00e9es avec configuration flexible par Whatsapp : +18097206035.<\/p>\n<h4><strong style=\"color: #595959; font-size: 15px;\"><a href=\"tel:+18097206035\">+18097206035.<\/a><\/strong><\/h4>\n\n\t\t<\/div>\n\t<\/div>\n<div class=\"vc_empty_space\"   style=\"height: 32px\"><span class=\"vc_empty_space_inner\"><\/span><\/div><\/div><\/div><\/div><\/div>","protected":false},"excerpt":{"rendered":"<p>Cette excursion de Las Terrenas au parc national Los Haitises comprend le d\u00e9jeuner et le transport pour une visite des 3 grottes principales, une exploration de 2 mangroves diff\u00e9rentes et bien s\u00fbr l&#039;observation des oiseaux de p\u00eache.<\/p>\n<p>Voyage \u00e9cologique au parc national Los Haitises avec un guide local. Visite des Keys dans le parc national Los Haitises, des mangroves, de la v\u00e9g\u00e9tation, de l&#039;observation des oiseaux, des grottes, des pictogrammes et des zones historiques de Sabana de la Mar dans le parc national Los Haitises.<\/p>","protected":false},"featured_media":252,"template":"","meta":[],"product_brand":[],"product_cat":[122,443,124],"product_tag":[206,225,132,133,146,226],"class_list":{"0":"post-556","1":"product","2":"type-product","3":"status-publish","4":"has-post-thumbnail","6":"product_cat-tours-and-excursions","7":"product_cat-tours-y-excursiones-es","8":"product_cat-tours-excursions-samana-bay-dominican-republic","9":"product_tag-caves-los-haitises","10":"product_tag-las-terrenas","11":"product_tag-los-haitises","12":"product_tag-los-haitises-national-park","13":"product_tag-mangroves-los-haitises","14":"product_tag-transportation-los-haitises","16":"first","17":"instock","18":"sale","19":"sold-individually","20":"shipping-taxable","21":"product-type-external"},"_links":{"self":[{"href":"https:\/\/toursmiches.com\/fr\/wp-json\/wp\/v2\/product\/556","targetHints":{"allow":["GET"]}}],"collection":[{"href":"https:\/\/toursmiches.com\/fr\/wp-json\/wp\/v2\/product"}],"about":[{"href":"https:\/\/toursmiches.com\/fr\/wp-json\/wp\/v2\/types\/product"}],"wp:featuredmedia":[{"embeddable":true,"href":"https:\/\/toursmiches.com\/fr\/wp-json\/wp\/v2\/media\/252"}],"wp:attachment":[{"href":"https:\/\/toursmiches.com\/fr\/wp-json\/wp\/v2\/media?parent=556"}],"wp:term":[{"taxonomy":"product_brand","embeddable":true,"href":"https:\/\/toursmiches.com\/fr\/wp-json\/wp\/v2\/product_brand?post=556"},{"taxonomy":"product_cat","embeddable":true,"href":"https:\/\/toursmiches.com\/fr\/wp-json\/wp\/v2\/product_cat?post=556"},{"taxonomy":"product_tag","embeddable":true,"href":"https:\/\/toursmiches.com\/fr\/wp-json\/wp\/v2\/product_tag?post=556"}],"curies":[{"name":"wp","href":"https:\/\/api.w.org\/{rel}","templated":true}]}}