{"id":2,"date":"1990-06-11T12:56:06","date_gmt":"1990-06-11T12:56:06","guid":{"rendered":"http:\/\/toursmiches.com\/?page_id=2"},"modified":"2025-08-31T11:23:02","modified_gmt":"2025-08-31T11:23:02","slug":"parque-nacional-los-haitises","status":"publish","type":"page","link":"https:\/\/toursmiches.com\/fy\/","title":{"rendered":"Miches Tours"},"content":{"rendered":"<div class=\"vc_row wpb_row vc_row-fluid\" ><div class=\"wpb_column vc_column_container vc_col-sm-12\"><div class=\"vc_column-inner\"><div class=\"wpb_wrapper\"><div class=\"woocommerce columns-4\"><ul class=\"products columns-4\">\n<li class=\"product type-product post-11621 status-publish first instock product_cat-1-sabana-de-la-mar product_cat-boat-trip-los-haitises product_cat-caves product_cat-fees-entrace product_cat-local-tour-guides product_cat-mangroves product_cat-swimming-natural-springs product_cat-tours-and-excursions product_cat-tours-excursions-los-haitises-national-park product_cat-tours-excursions-samana-bay-dominican-republic product_tag-boat-tour product_tag-cano-hondo product_tag-cano-hondo-excursion product_tag-cano-hondo-hotel product_tag-cano-hondo-tours product_tag-eco-tours product_tag-excursion product_tag-hotel-cano-hondo product_tag-locals-guides product_tag-los-haitises product_tag-los-haitises-boat-private-trip-from-club-med-miches-playa-esmeralda-areas product_tag-los-haitises-national-park product_tag-los-haitises-national-park-tour product_tag-sabana-de-la-mar has-post-thumbnail sale shipping-taxable product-type-external\">\n\t<div class=\"mkdf-pl-inner\"><div class=\"mkdf-pl-image\">\n\t<span class=\"mkdf-onsale\">SALE<\/span>\n\t<img loading=\"lazy\" decoding=\"async\" width=\"300\" height=\"300\" src=\"https:\/\/toursmiches.com\/wp-content\/uploads\/2021\/08\/Haitises3-300x300.jpg\" class=\"attachment-woocommerce_thumbnail size-woocommerce_thumbnail\" alt=\"\" srcset=\"https:\/\/toursmiches.com\/wp-content\/uploads\/2021\/08\/Haitises3-300x300.jpg 300w, https:\/\/toursmiches.com\/wp-content\/uploads\/2021\/08\/Haitises3-100x100.jpg 100w, https:\/\/toursmiches.com\/wp-content\/uploads\/2021\/08\/Haitises3-150x150.jpg 150w, https:\/\/toursmiches.com\/wp-content\/uploads\/2021\/08\/Haitises3-85x85.jpg 85w, https:\/\/toursmiches.com\/wp-content\/uploads\/2021\/08\/Haitises3-550x550.jpg 550w\" sizes=\"auto, (max-width: 300px) 100vw, 300px\" title=\"\"><div class=\"mkdf-pl-text\"><div class=\"mkdf-pl-text-outer\"><div class=\"mkdf-pl-text-inner\"><a href=\"https:\/\/bookingadventures.tours\/booking.php?slug=Los_Haitises_Boat_Private_trip__From_Club_Med_Miches_\" aria-describedby=\"woocommerce_loop_add_to_cart_link_describedby_11621\" data-quantity=\"1\" class=\"button product_type_external\" data-product_id=\"11621\" data-product_sku=\"\" aria-label=\"BOEK NU\" rel=\"nofollow noopener\" target=\"_blank\">BOEK NU<\/a>\t<span id=\"woocommerce_loop_add_to_cart_link_describedby_11621\" class=\"screen-reader-text\">\n\t\t\t<\/span>\n<\/div><\/div><\/div><\/div><a href=\"https:\/\/toursmiches.com\/fy\/miches\/los-haitises-boat-private-trip-from-club-med-miches-playa-esmeralda-areas-2\/\" class=\"woocommerce-LoopProduct-link woocommerce-loop-product__link\"><\/a><\/div><div class=\"mkdf-pl-text-wrapper\"><h4 class=\"mkdf-product-list-title\"><a href=\"https:\/\/toursmiches.com\/fy\/miches\/los-haitises-boat-private-trip-from-club-med-miches-playa-esmeralda-areas-2\/\">Los Haitises Boat Private reis - Fan Club Med Mich\u00e8s Playa Esmeralda Areas<\/a><\/h4>\n\t<span class=\"price\"><del aria-hidden=\"true\"><span class=\"woocommerce-Price-amount amount\"><bdi><span class=\"woocommerce-Price-currencySymbol\">&#36;<\/span>125.00<\/bdi><\/span><\/del> <span class=\"screen-reader-text\">Original price was: &#036;125.00.<\/span><ins aria-hidden=\"true\"><span class=\"woocommerce-Price-amount amount\"><bdi><span class=\"woocommerce-Price-currencySymbol\">&#36;<\/span>110.00<\/bdi><\/span><\/ins><span class=\"screen-reader-text\">Current price is: &#036;110.00.<\/span><\/span>\n<\/div><\/li><li class=\"product type-product post-156 status-publish onbackorder product_cat-local-tour-guides product_cat-media-luna-miches product_cat-tours-and-excursions product_cat-tours-excursions-los-haitises-national-park product_cat-tours-excursions-samana-bay-dominican-republic product_tag-beach-time product_tag-cayo-arena product_tag-cayo-arena-samana product_tag-locals-guides product_tag-media-luna-el-seibo product_tag-media-luna-in-miches product_tag-media-luna-miches product_tag-media-luna-snorkeling product_tag-miches-hoteles product_tag-miches-montana-redonda product_tag-playa-esmeralda-miches product_tag-samana product_tag-samana-bay product_tag-samana-excursions product_tag-samana-tours product_tag-snorkeling product_tag-snorkeling-miches-media-luna has-post-thumbnail sale featured sold-individually shipping-taxable purchasable product-type-simple\">\n\t<div class=\"mkdf-pl-inner\"><div class=\"mkdf-pl-image\">\n\t<span class=\"mkdf-onsale\">SALE<\/span>\n\t<img loading=\"lazy\" decoding=\"async\" width=\"300\" height=\"300\" src=\"https:\/\/toursmiches.com\/wp-content\/uploads\/2020\/06\/CAT-6-300x300.jpg\" class=\"attachment-woocommerce_thumbnail size-woocommerce_thumbnail\" alt=\"\" srcset=\"https:\/\/toursmiches.com\/wp-content\/uploads\/2020\/06\/CAT-6-300x300.jpg 300w, https:\/\/toursmiches.com\/wp-content\/uploads\/2020\/06\/CAT-6-100x100.jpg 100w, https:\/\/toursmiches.com\/wp-content\/uploads\/2020\/06\/CAT-6-150x150.jpg 150w\" sizes=\"auto, (max-width: 300px) 100vw, 300px\" title=\"\"><div class=\"mkdf-pl-text\"><div class=\"mkdf-pl-text-outer\"><div class=\"mkdf-pl-text-inner\"><a href=\"?add-to-cart=156\" aria-describedby=\"woocommerce_loop_add_to_cart_link_describedby_156\" data-quantity=\"1\" class=\"button product_type_simple add_to_cart_button ajax_add_to_cart\" data-product_id=\"156\" data-product_sku=\"\" aria-label=\"Add to cart: &ldquo;Media Luna Miches  (Half-Moon) Natural Pool Half - Day Pass  and Snorkeling&rdquo;\" rel=\"nofollow\" data-success_message=\"&ldquo;Media Luna Miches  (Half-Moon) Natural Pool Half - Day Pass  and Snorkeling&rdquo; has been added to your cart\">Add to cart<\/a>\t<span id=\"woocommerce_loop_add_to_cart_link_describedby_156\" class=\"screen-reader-text\">\n\t\t\t<\/span>\n<\/div><\/div><\/div><\/div><a href=\"https:\/\/toursmiches.com\/fy\/miches\/media-luna-miches-half-moon-natural-pool-half-day-pass-and-snorkeling\/\" class=\"woocommerce-LoopProduct-link woocommerce-loop-product__link\"><\/a><\/div><div class=\"mkdf-pl-text-wrapper\"><h4 class=\"mkdf-product-list-title\"><a href=\"https:\/\/toursmiches.com\/fy\/miches\/media-luna-miches-half-moon-natural-pool-half-day-pass-and-snorkeling\/\">Media Luna Miches (Heal-Moon) Natuerlike Pool Half - Day Pass en Snorkeling<\/a><\/h4>\n\t<span class=\"price\"><del aria-hidden=\"true\"><span class=\"woocommerce-Price-amount amount\"><bdi><span class=\"woocommerce-Price-currencySymbol\">&#36;<\/span>60.00<\/bdi><\/span><\/del> <span class=\"screen-reader-text\">Original price was: &#036;60.00.<\/span><ins aria-hidden=\"true\"><span class=\"woocommerce-Price-amount amount\"><bdi><span class=\"woocommerce-Price-currencySymbol\">&#36;<\/span>43.50<\/bdi><\/span><\/ins><span class=\"screen-reader-text\">Current price is: &#036;43.50.<\/span><\/span>\n<\/div><\/li><li class=\"product type-product post-155 status-publish onbackorder product_cat-miches-whale-watching-and-media-luna product_cat-tours-excursions-samana-bay-dominican-republic product_cat-whale-watching-samana product_tag-half-day-whale-watching-miches product_tag-media-luna-miches product_tag-miches product_tag-miches-whale-watching product_tag-private-tours-samana product_tag-samana-bay product_tag-samana-whale-watching product_tag-whale-samana product_tag-whale-tours product_tag-whale-watching-dominican-republic product_tag-whale-watching-las-galeras product_tag-whale-watching-las-terrenas product_tag-whale-watching-samana has-post-thumbnail sale virtual sold-individually purchasable product-type-simple\">\n\t<div class=\"mkdf-pl-inner\"><div class=\"mkdf-pl-image\">\n\t<span class=\"mkdf-onsale\">SALE<\/span>\n\t<img loading=\"lazy\" decoding=\"async\" width=\"300\" height=\"300\" src=\"https:\/\/toursmiches.com\/wp-content\/uploads\/2020\/06\/ACC_AboutUs_NewslettersHero_1440_600-1440x600-1-300x300.jpg\" class=\"attachment-woocommerce_thumbnail size-woocommerce_thumbnail\" alt=\"\" srcset=\"https:\/\/toursmiches.com\/wp-content\/uploads\/2020\/06\/ACC_AboutUs_NewslettersHero_1440_600-1440x600-1-300x300.jpg 300w, https:\/\/toursmiches.com\/wp-content\/uploads\/2020\/06\/ACC_AboutUs_NewslettersHero_1440_600-1440x600-1-100x100.jpg 100w, https:\/\/toursmiches.com\/wp-content\/uploads\/2020\/06\/ACC_AboutUs_NewslettersHero_1440_600-1440x600-1-150x150.jpg 150w, https:\/\/toursmiches.com\/wp-content\/uploads\/2020\/06\/ACC_AboutUs_NewslettersHero_1440_600-1440x600-1-550x550.jpg 550w\" sizes=\"auto, (max-width: 300px) 100vw, 300px\" title=\"\"><div class=\"mkdf-pl-text\"><div class=\"mkdf-pl-text-outer\"><div class=\"mkdf-pl-text-inner\"><a href=\"?add-to-cart=155\" aria-describedby=\"woocommerce_loop_add_to_cart_link_describedby_155\" data-quantity=\"1\" class=\"button product_type_simple add_to_cart_button ajax_add_to_cart\" data-product_id=\"155\" data-product_sku=\"\" aria-label=\"Add to cart: &ldquo;Miches Whales Watching Half Day Experience - Media Luna (Half-Moon).&rdquo;\" rel=\"nofollow\" data-success_message=\"&ldquo;Miches Whales Watching Half Day Experience - Media Luna (Half-Moon).&rdquo; has been added to your cart\">Add to cart<\/a>\t<span id=\"woocommerce_loop_add_to_cart_link_describedby_155\" class=\"screen-reader-text\">\n\t\t\t<\/span>\n<\/div><\/div><\/div><\/div><a href=\"https:\/\/toursmiches.com\/fy\/miches\/miches-whales-watching-half-day-experience-media-luna-half-moon\/\" class=\"woocommerce-LoopProduct-link woocommerce-loop-product__link\"><\/a><\/div><div class=\"mkdf-pl-text-wrapper\"><h4 class=\"mkdf-product-list-title\"><a href=\"https:\/\/toursmiches.com\/fy\/miches\/miches-whales-watching-half-day-experience-media-luna-half-moon\/\">Miches Whales Watching Heal Day Experience - Media Luna (Halve-Moon).<\/a><\/h4>\n\t<span class=\"price\"><del aria-hidden=\"true\"><span class=\"woocommerce-Price-amount amount\"><bdi><span class=\"woocommerce-Price-currencySymbol\">&#36;<\/span>85.00<\/bdi><\/span><\/del> <span class=\"screen-reader-text\">Original price was: &#036;85.00.<\/span><ins aria-hidden=\"true\"><span class=\"woocommerce-Price-amount amount\"><bdi><span class=\"woocommerce-Price-currencySymbol\">&#36;<\/span>65.00<\/bdi><\/span><\/ins><span class=\"screen-reader-text\">Current price is: &#036;65.00.<\/span><\/span>\n<\/div><\/li><li class=\"product type-product post-57 status-publish last instock product_cat-tours-excursions-samana-bay-dominican-republic product_cat-whale-watching-samana product_tag-miches-whale-watching product_tag-samana-dominican-republic product_tag-samana-whale-watching product_tag-samana-whale-watching-price product_tag-things-to-do-in-dominican-republic product_tag-whale-samana product_tag-whale-watching-dominican-republic product_tag-whale-watching-miches product_tag-whale-watching-miches-dominican-republic product_tag-when-to-see-whales-dominican-republic has-post-thumbnail sale sold-individually shipping-taxable product-type-external\">\n\t<div class=\"mkdf-pl-inner\"><div class=\"mkdf-pl-image\">\n\t<span class=\"mkdf-onsale\">SALE<\/span>\n\t<img loading=\"lazy\" decoding=\"async\" width=\"300\" height=\"300\" src=\"https:\/\/toursmiches.com\/wp-content\/uploads\/2020\/06\/Cayo-Levantado29-300x300.jpg\" class=\"attachment-woocommerce_thumbnail size-woocommerce_thumbnail\" alt=\"\" srcset=\"https:\/\/toursmiches.com\/wp-content\/uploads\/2020\/06\/Cayo-Levantado29-300x300.jpg 300w, https:\/\/toursmiches.com\/wp-content\/uploads\/2020\/06\/Cayo-Levantado29-100x100.jpg 100w, https:\/\/toursmiches.com\/wp-content\/uploads\/2020\/06\/Cayo-Levantado29-600x600.jpg 600w, https:\/\/toursmiches.com\/wp-content\/uploads\/2020\/06\/Cayo-Levantado29-64x64.jpg 64w, https:\/\/toursmiches.com\/wp-content\/uploads\/2020\/06\/Cayo-Levantado29-1024x1024.jpg 1024w, https:\/\/toursmiches.com\/wp-content\/uploads\/2020\/06\/Cayo-Levantado29-150x150.jpg 150w, https:\/\/toursmiches.com\/wp-content\/uploads\/2020\/06\/Cayo-Levantado29-768x768.jpg 768w, https:\/\/toursmiches.com\/wp-content\/uploads\/2020\/06\/Cayo-Levantado29-550x550.jpg 550w, https:\/\/toursmiches.com\/wp-content\/uploads\/2020\/06\/Cayo-Levantado29.jpg 1080w\" sizes=\"auto, (max-width: 300px) 100vw, 300px\" title=\"\"><div class=\"mkdf-pl-text\"><div class=\"mkdf-pl-text-outer\"><div class=\"mkdf-pl-text-inner\"><a href=\"https:\/\/bookingadventures.tours\/booking.php?slug=Saman_Cayo_Levantado_Bacardi_Island_and_Whale_Watching_from_Miches_in_Catamaran\" aria-describedby=\"woocommerce_loop_add_to_cart_link_describedby_57\" data-quantity=\"1\" class=\"button product_type_external\" data-product_id=\"57\" data-product_sku=\"\" aria-label=\"BOEK NU\" rel=\"nofollow noopener\" target=\"_blank\">BOEK NU<\/a>\t<span id=\"woocommerce_loop_add_to_cart_link_describedby_57\" class=\"screen-reader-text\">\n\t\t\t<\/span>\n<\/div><\/div><\/div><\/div><a href=\"https:\/\/toursmiches.com\/fy\/miches\/samana-cayo-levantado-bacardi-island-and-whale-watching-from-miches-in-catamaran\/\" class=\"woocommerce-LoopProduct-link woocommerce-loop-product__link\"><\/a><\/div><div class=\"mkdf-pl-text-wrapper\"><h4 class=\"mkdf-product-list-title\"><a href=\"https:\/\/toursmiches.com\/fy\/miches\/samana-cayo-levantado-bacardi-island-and-whale-watching-from-miches-in-catamaran\/\">Samana Cayo Levantado (Bacardi Island) en Whale Watching fan Miches yn Catamaran<\/a><\/h4>\n\t<span class=\"price\"><del aria-hidden=\"true\"><span class=\"woocommerce-Price-amount amount\"><bdi><span class=\"woocommerce-Price-currencySymbol\">&#36;<\/span>90.00<\/bdi><\/span><\/del> <span class=\"screen-reader-text\">Original price was: &#036;90.00.<\/span><ins aria-hidden=\"true\"><span class=\"woocommerce-Price-amount amount\"><bdi><span class=\"woocommerce-Price-currencySymbol\">&#36;<\/span>72.99<\/bdi><\/span><\/ins><span class=\"screen-reader-text\">Current price is: &#036;72.99.<\/span><\/span>\n<\/div><\/li><\/ul>\n<\/div>\n\t<div class=\"wpb_text_column wpb_content_element\" >\n\t\t<div class=\"wpb_wrapper\">\n\t\t\t<h1><\/h1>\n<hr \/>\n<h2>\ud83c\uddec\ud83c\udde7 English Version<\/h2>\n<h1>Miches Tours &amp; Excursions<\/h1>\n<p><strong>Unforgettable Adventures in the Dominican Republic<\/strong><\/p>\n<h2>Why Choose Miches for Your Adventure?<\/h2>\n<p>Miches, a hidden gem on the northeast coast of the Dominican Republic, offers pristine beaches, lush mountains, and authentic eco-adventures.<br \/>\nFrom <strong>whale watching in Saman\u00e1 Bay<\/strong> to hiking to <strong>El Lim\u00f3n Waterfall<\/strong>, exploring <strong>Los Haitises National Park<\/strong>, or relaxing at <strong>Saona Island<\/strong>, Miches is the gateway to true Caribbean experiences.<\/p>\n<h2>Top Miches Tours &amp; Excursions<\/h2>\n<ul>\n<li>\ud83d\udc0b <strong>Whale Watching &amp; Cayo Levantado<\/strong> \u2013 Spot humpback whales and relax at Bacardi Island.<\/li>\n<li>\ud83d\udca6 <strong>El Lim\u00f3n Waterfall Adventure<\/strong> \u2013 Hike or horseback ride to one of the most beautiful waterfalls in the Caribbean.<\/li>\n<li>\ud83c\udfdd\ufe0f <strong>Saona Island Tour<\/strong> \u2013 White sand beaches, turquoise waters, and a tropical paradise.<\/li>\n<li>\ud83c\udf3f <strong>Los Haitises National Park<\/strong> \u2013 Mangroves, caves with Ta\u00edno pictographs, and unique biodiversity.<\/li>\n<\/ul>\n<h2>What Travelers Say<\/h2>\n<p><em>\u00abThe best experience of our trip to the Dominican Republic! Miches is beautiful and the tours were well organized.\u00bb<\/em> \u2014 Sarah, USA<\/p>\n<h2>Book Your Miches Tour Today!<\/h2>\n<p>Secure your spot now and discover the beauty of Miches.<\/p>\n<p>\ud83d\udc49 <strong>Reserve Your Tour Now<\/strong><\/p>\n<hr \/>\n<h2>\ud83c\uddea\ud83c\uddf8 Versi\u00f3n en Espa\u00f1ol<\/h2>\n<h1>Excursiones en Miches<\/h1>\n<p><strong>Aventuras inolvidables en la Rep\u00fablica Dominicana<\/strong><\/p>\n<h2>\u00bfPor qu\u00e9 elegir Miches para tu aventura?<\/h2>\n<p>Miches, un tesoro escondido en la costa noreste de la Rep\u00fablica Dominicana, combina playas v\u00edrgenes, monta\u00f1as verdes y experiencias aut\u00e9nticas de ecoturismo.<br \/>\nAqu\u00ed podr\u00e1s disfrutar del <strong>avistamiento de ballenas en la Bah\u00eda de Saman\u00e1<\/strong>, caminar hasta el <strong>Salto El Lim\u00f3n<\/strong>, explorar el <strong>Los Haitises Nasjonaal Park<\/strong> o relajarte en la paradis\u00edaca <strong>Isla Saona<\/strong>.<\/p>\n<h2>Principales Excursiones en Miches<\/h2>\n<ul>\n<li>\ud83d\udc0b <strong>Avistamiento de Ballenas &amp; Cayo Levantado<\/strong> \u2013 Observa ballenas jorobadas y rel\u00e1jate en la Isla Bacard\u00ed.<\/li>\n<li>\ud83d\udca6 <strong>Aventura al Salto El Lim\u00f3n<\/strong> \u2013 Caminata o paseo a caballo hasta una de las cascadas m\u00e1s impresionantes del Caribe.<\/li>\n<li>\ud83c\udfdd\ufe0f <strong>Excursi\u00f3n a Isla Saona<\/strong> \u2013 Arena blanca, aguas turquesas y ambiente caribe\u00f1o.<\/li>\n<li>\ud83c\udf3f <strong>Los Haitises Nasjonaal Park<\/strong> \u2013 Manglares, cuevas con pictograf\u00edas ta\u00ednas y una biodiversidad \u00fanica.<\/li>\n<\/ul>\n<h2>Lo que dicen los viajeros<\/h2>\n<p><em>\u00ab\u00a1La mejor experiencia de nuestro viaje a Rep\u00fablica Dominicana! Miches es hermoso y las excursiones muy bien organizadas.\u00bb<\/em> \u2014 Sarah, EE.UU.<\/p>\n<h2>\u00a1Reserva tu excursi\u00f3n en Miches hoy mismo!<\/h2>\n<p>Asegura tu lugar y vive una experiencia inolvidable.<\/p>\n<p>\ud83d\udc49 <strong>Reserva Ahora<\/strong><\/p>\n<hr \/>\n<h2>\ud83c\uddeb\ud83c\uddf7 Version Fran\u00e7aise<\/h2>\n<h1>Excursions \u00e0 Miches<\/h1>\n<p><strong>Des aventures inoubliables en R\u00e9publique Dominicaine<\/strong><\/p>\n<h2>Pourquoi choisir Miches pour votre aventure ?<\/h2>\n<p>Miches, un joyau cach\u00e9 sur la c\u00f4te nord-est de la R\u00e9publique Dominicaine, offre des plages vierges, des montagnes verdoyantes et des exp\u00e9riences \u00e9cotouristiques uniques.<br \/>\nVous pouvez profiter de <strong>l\u2019observation des baleines dans la baie de Saman\u00e1<\/strong>, randonner jusqu\u2019\u00e0 la <strong>cascade El Lim\u00f3n<\/strong>, explorer le <strong>Parc National Los Haitises<\/strong>, ou vous d\u00e9tendre sur la paradisiaque <strong>\u00cele Saona<\/strong>.<\/p>\n<h2>Meilleures Excursions \u00e0 Miches<\/h2>\n<ul>\n<li>\ud83d\udc0b <strong>Observation des baleines &amp; Cayo Levantado<\/strong> \u2013 Admirez les baleines \u00e0 bosse et d\u00e9tendez-vous sur l\u2019\u00cele Bacardi.<\/li>\n<li>\ud83d\udca6 <strong>Aventure \u00e0 la Cascade El Lim\u00f3n<\/strong> \u2013 Randonn\u00e9e ou balade \u00e0 cheval jusqu\u2019\u00e0 l\u2019une des plus belles cascades des Cara\u00efbes.<\/li>\n<li>\ud83c\udfdd\ufe0f <strong>Excursion \u00e0 l\u2019\u00cele Saona<\/strong> \u2013 Plages de sable blanc, eaux turquoise et ambiance tropicale.<\/li>\n<li>\ud83c\udf3f <strong>Parc National Los Haitises<\/strong> \u2013 Mangroves, grottes avec pictogrammes Ta\u00efnos et biodiversit\u00e9 exceptionnelle.<\/li>\n<\/ul>\n<h2>Ce que disent les voyageurs<\/h2>\n<p><em>\u00abLa meilleure exp\u00e9rience de notre voyage en R\u00e9publique Dominicaine ! Miches est magnifique et les excursions tr\u00e8s bien organis\u00e9es.\u00bb<\/em> \u2014 Sarah, France<\/p>\n<h2>R\u00e9servez votre excursion \u00e0 Miches d\u00e8s aujourd\u2019hui !<\/h2>\n<p>Assurez votre place et d\u00e9couvrez la vraie beaut\u00e9 des Cara\u00efbes.<\/p>\n<p>\ud83d\udc49 <strong>R\u00e9servez Maintenant<\/strong><\/p>\n<hr \/>\n\n\t\t<\/div>\n\t<\/div>\n<\/div><\/div><\/div><\/div><div class=\"vc_row wpb_row vc_row-fluid\" ><div class=\"wpb_column vc_column_container vc_col-sm-12\"><div class=\"vc_column-inner\"><div class=\"wpb_wrapper\">\n\t<div class=\"wpb_video_widget wpb_content_element vc_clearfix   vc_video-aspect-ratio-169 vc_video-el-width-100 vc_video-align-left\" >\n\t\t<div class=\"wpb_wrapper\">\n\t\t\t<h2 class=\"wpb_heading wpb_video_heading\">Fideo fan Los Haitises National Park<\/h2>\n\t\t\t<div class=\"wpb_video_wrapper\"><iframe loading=\"lazy\" title=\"Los Haitises National Park Tours &amp; Ekskurzjes\" width=\"1100\" height=\"619\" src=\"https:\/\/www.youtube.com\/embed\/vMI4Ou81cd4?feature=oembed\" frameborder=\"0\" allow=\"accelerometer; autoplay; encrypted-media; gyroscope; picture-in-picture\" allowfullscreen><\/iframe><\/div>\n\t\t<\/div>\n\t<\/div>\n<\/div><\/div><\/div><\/div>","protected":false},"excerpt":{"rendered":"SALE BOOK NOW Los Haitises Boat Private trip &#8211; From Club Med Mich\u00e8s Playa Esmeralda Areas &#36;125.00 Original price was: &#036;125.00.&#36;110.00Current price is: &#036;110.00. SALE Add to cart Media Luna Miches (Half-Moon) Natural Pool Half &#8211; Day Pass and Snorkeling [...]","protected":false},"author":4,"featured_media":12462,"parent":0,"menu_order":0,"comment_status":"closed","ping_status":"closed","template":"","meta":{"footnotes":""},"class_list":["post-2","page","type-page","status-publish","has-post-thumbnail","hentry"],"_links":{"self":[{"href":"https:\/\/toursmiches.com\/fy\/wp-json\/wp\/v2\/pages\/2","targetHints":{"allow":["GET"]}}],"collection":[{"href":"https:\/\/toursmiches.com\/fy\/wp-json\/wp\/v2\/pages"}],"about":[{"href":"https:\/\/toursmiches.com\/fy\/wp-json\/wp\/v2\/types\/page"}],"author":[{"embeddable":true,"href":"https:\/\/toursmiches.com\/fy\/wp-json\/wp\/v2\/users\/4"}],"replies":[{"embeddable":true,"href":"https:\/\/toursmiches.com\/fy\/wp-json\/wp\/v2\/comments?post=2"}],"version-history":[{"count":5,"href":"https:\/\/toursmiches.com\/fy\/wp-json\/wp\/v2\/pages\/2\/revisions"}],"predecessor-version":[{"id":12460,"href":"https:\/\/toursmiches.com\/fy\/wp-json\/wp\/v2\/pages\/2\/revisions\/12460"}],"wp:featuredmedia":[{"embeddable":true,"href":"https:\/\/toursmiches.com\/fy\/wp-json\/wp\/v2\/media\/12462"}],"wp:attachment":[{"href":"https:\/\/toursmiches.com\/fy\/wp-json\/wp\/v2\/media?parent=2"}],"curies":[{"name":"wp","href":"https:\/\/api.w.org\/{rel}","templated":true}]}}