{"id":11668,"date":"2023-10-04T07:40:09","date_gmt":"2023-10-04T07:40:09","guid":{"rendered":"http:\/\/toursmiches.com\/?post_type=product&#038;p=11668"},"modified":"2024-03-29T19:29:50","modified_gmt":"2024-03-29T19:29:50","slug":"catalina-island-altos-de-chavon-from-punta-cana-snorkeling-with-catamaran-party","status":"publish","type":"product","link":"https:\/\/toursmiches.com\/gl\/miches\/catalina-island-altos-de-chavon-from-punta-cana-snorkeling-with-catamaran-party\/","title":{"rendered":"Illa Catalina e Altos de Chav\u00f3n desde Punta Cana (snorkel con festa en catamar\u00e1n)"},"content":{"rendered":"<div class=\"vc_row wpb_row vc_row-fluid\" ><div class=\"wpb_column vc_column_container vc_col-sm-12\"><div class=\"vc_column-inner\"><div class=\"wpb_wrapper\">[mkdf_section_title title_tag=\u00bb\u00bb disable_break_words=\u00bbno\u00bb subtitle_tag=\u00bb\u00bb title=\u00bbCatalina Island and Snorkeling with Catamaran Party From Punta Cana\u00bb subtitle=\u00bbHalf Day Experience\u00bb]<div class=\"vc_btn3-container vc_btn3-inline\" ><button class=\"vc_general vc_btn3 vc_btn3-size-md vc_btn3-shape-rounded vc_btn3-style-modern vc_btn3-color-green\">RESERVAR AGORA<\/button><\/div><\/div><\/div><\/div><\/div><div class=\"vc_row wpb_row vc_row-fluid\" ><div class=\"wpb_column vc_column_container vc_col-sm-12\"><div class=\"vc_column-inner\"><div class=\"wpb_wrapper\">\n\t<div class=\"wpb_text_column wpb_content_element\" >\n\t\t<div class=\"wpb_wrapper\">\n\t\t\t<div class=\"vc_row wpb_row vc_row-fluid\">\n<div class=\"wpb_column vc_column_container vc_col-sm-12\">\n<div class=\"vc_column-inner\">\n<div class=\"wpb_wrapper\">\n<div class=\"wpb_text_column wpb_content_element\">\n<div class=\"wpb_wrapper\">\n<div class=\"vc_row wpb_row vc_row-fluid\">\n<div class=\"wpb_column vc_column_container vc_col-sm-12\">\n<div class=\"vc_column-inner\">\n<div class=\"wpb_wrapper\">\n<div class=\"wpb_text_column wpb_content_element\">\n<div class=\"wpb_wrapper\">\n<h4><b><i>Visi\u00f3n xeral<\/i><\/b><\/h4>\n<p>Gozamos dun paseo en catamar\u00e1n por augas cristalinas ata a illa Catalina, a zona m\u00e1is co\u00f1ecida para practicar snorkel na Rep\u00fablica Dominicana.<\/p>\n<p>O teu d\u00eda comeza cunha recollida no vest\u00edbulo principal do teu hotel ou no punto de encontro especificado. Despois seguiremos ata a illa Catalina para gozar dun ba\u00f1o refrescante e unhas bebidas, mentres quen pode realizar 2 tipos de snorkel cun instrutor e despois comeremos un delicioso xantar buffet na praia e tomaremos unhas clases de salsa. e Bachata, mentres que tam\u00e9n facemos unhas deliciosas bebidas. Unha vez canso de ser preguiceiro na praia, colle alg\u00fan equipo de snorkel e admira o mundo submarino de Catalina.<\/p>\n<p>O oc\u00e9ano, tan incriblemente claro, e a praia de area branca agardando por ti. Rel\u00e1xate nunha tumbona ou fai snorkel todo inclu\u00eddo para ti. Disfrutar\u00e1s onde ver\u00e1s a tradici\u00f3n da nosa m\u00fasica e baile.<\/p>\n<p>After this we go to Altos de Chavon Cattle and River!<\/p>\n<p><strong>Nota:<\/strong> Este tour non \u00e9 privado. Se queres facer unha visita privada, ponte en contacto connosco.<\/p>\n<ul>\n<li>\n<div class=\"py-1 inclusions-exclusions-item d-flex\" lang=\"en-x-mtfrom-en\">\n<div class=\"d-inline-block inclusions-exclusions-text\">Transporte privado<\/div>\n<\/div>\n<\/li>\n<li>Piscina natural para observar estrelas de peixe<\/li>\n<li>Snorkel<\/li>\n<li>Xantar<\/li>\n<li>Traslado en catamar\u00e1n<\/li>\n<li>O capit\u00e1n proporciona instruci\u00f3ns e supervisi\u00f3n<\/li>\n<li>Gu\u00eda tur\u00edstico<\/li>\n<\/ul>\n<p>&nbsp;<\/p>\n<h4><b>Inclusi\u00f3ns e exclusi\u00f3ns<\/b><\/h4>\n<p><b>Inclusi\u00f3ns<\/b><\/p>\n<ol>\n<li>Gu\u00eda tur\u00edstico<\/li>\n<li>snorkel<\/li>\n<li>Xantar<\/li>\n<li>Recollida nos hoteis<\/li>\n<li>Paseo en catamar\u00e1n ou en barco<\/li>\n<li>Todos os impostos, taxas e gastos de xesti\u00f3n<\/li>\n<li>Impostos locais<\/li>\n<li>Bebidas<\/li>\n<\/ol>\n<p><b>Exclusi\u00f3ns<\/b><\/p>\n<ol>\n<li>Gratu\u00edtos<\/li>\n<li>Fotos<\/li>\n<\/ol>\n<h4><em><strong>Sa\u00edda e volta<\/strong><\/em><\/h4>\n<p>O viaxeiro ter\u00e1 un punto de encontro despois do proceso de reserva. Os percorridos comezan e rematan nos nosos puntos de encontro.<\/p>\n<h3>Illa Catalina e snorkel con festa en catamar\u00e1n desde Punta Cana - Experiencia de medio d\u00eda.<\/h3>\n<h4><b><i>Que esperar?<\/i><\/b><\/h4>\n<p>Durante a Excursi\u00f3n \u00e1 Illa Catalina desde Punta Cana, os h\u00f3spedes ter\u00e1n a oportunidade de bucear nos vibrantes arrecifes de coral de Catalina, nadando entre un animado banco de peixes disfrutando da impresionante fauna submarina do Caribe.<\/p>\n<p>Comezaremos a excursi\u00f3n de snorkel partindo pola ma\u00f1\u00e1 cara a La Romana. Durante o traxecto atravesaremos os campos de cana de azucre mentres o teu gu\u00eda proporciona informaci\u00f3n interesante sobre a historia da zona, a cultura xeral e as t\u00e9cnicas de elaboraci\u00f3n do ron do pa\u00eds. Ao chegar a La Romana, abordaremos o noso catamar\u00e1n e partiremos cara a Catalina. A nosa primeira parada na illa ser\u00e1 &quot;The Wall&quot;, un maxestoso muro de coral que se estende desde a Illa ata o mar Caribe.<\/p>\n<p>Despois de facer snorkel, continuar\u00e1 o cami\u00f1o ata a fermosa praia de Catalina, un lugar exclusivo. \u00c1 s\u00faa chegada, os h\u00f3spedes ter\u00e1n acceso a 2 quil\u00f3metros de praias de area branca e augas cristalinas, un chiringuito con bebidas e un delicioso xantar buffet dominicano con churrasco. Embarcaremos no catamar\u00e1n ao redor das 15:30 horas para regresar a Punta Cana despois dun d\u00eda incrible de snorkel e relaxaci\u00f3n na Illa Catalina. IllaDurante a excursi\u00f3n \u00e1 illa Catalina desde Punta Cana, os h\u00f3spedes ter\u00e1n a oportunidade de practicar snorkel nos vibrantes arrecifes de coral de Catalina, nadando entre un animado banco de peixes disfrutando da impresionante fauna submarina do Caribe.<\/p>\n<p>Comezaremos a excursi\u00f3n de snorkel partindo pola ma\u00f1\u00e1 cara a La Romana. Durante o traxecto atravesaremos os campos de cana de azucre mentres o teu gu\u00eda proporciona informaci\u00f3n interesante sobre a historia da zona, a cultura xeral e as t\u00e9cnicas de elaboraci\u00f3n do ron do pa\u00eds. Ao chegar a La Romana, abordaremos o noso catamar\u00e1n e partiremos cara a Catalina.<\/p>\n<p>A nosa primeira parada na illa ser\u00e1 &quot;The Wall&quot;, un maxestuoso muro de coral que se estende desde a Illa ata o mar Caribe. Despois de facer snorkel, continuar\u00e1 o cami\u00f1o ata a fermosa praia de Catalina, un lugar exclusivo. \u00c1 s\u00faa chegada, os h\u00f3spedes ter\u00e1n acceso a 2 quil\u00f3metros de praias de area branca e augas cristalinas, un chiringuito con bebidas e un delicioso xantar buffet dominicano con churrasco. Embarcaremos no catamar\u00e1n ao redor das 15:30 horas para regresar a Punta Cana despois dun d\u00eda incrible de snorkel e relaxaci\u00f3n na Illa Catalina.<\/p>\n<div class=\"a-text--first-content _for-copy-large l-hide-for-large\">\n<p>Let the<strong>\u00a0Caribbean paradise of Catalina Island captivate you\u00a0<\/strong>and explore the picturesque\u00a0<strong>Altos de Chav\u00f3n<\/strong>\u00a0on this unmissable day trip from La Romana.<\/p>\n<\/div>\n<div id=\"o-slider--activity-detail__container\" class=\"o-slider js-module-slider is-photos\"><\/div>\n<div id=\"l-768-calendar-anchor\"><\/div>\n<div id=\"new-fading-text\" class=\"new-fading-text _loaded u-no-before show-hidden-elements\">\n<div class=\"o-activity-description\">\n<h2>Catalina Island &amp; Altos de Chav\u00f3n Day Trip<\/h2>\n<p>Having been picked up from your hotel first thing in the morning, you&#8217;ll set off on your adventure, making your first stop in\u00a0<strong>Altos de Chav\u00f3n<\/strong>. You&#8217;ll have 40 minutes to explore this<strong>\u00a0beautiful recreation of a Mediterranean-style village<\/strong>\u00a0and admire the views of the\u00a0Chav\u00f3n River that flows next to it. Truly enchanting!<\/p>\n<p class=\"new-fading-text__hidden-element\">Continuing your tour, you&#8217;ll be taken to a dock on the\u00a0<strong>River Salado\u00a0<\/strong>where your\u00a0<strong>catamar\u00e1n\u00a0<\/strong>will be waiting for you to set sail to Isla Catalina. During your cruise, which will take around 40 minutes, you&#8217;ll enjoy a drink on board while marvelling at the\u00a0<strong>piercing blue of the sparkling Caribbean Sea<\/strong>.<\/p>\n<p class=\"new-fading-text__hidden-element\">On the approach to your destination, you&#8217;ll head directly to the coral reef known as La Pared, or The Wall, where you&#8217;ll have the opportunity to\u00a0<strong>cool off with a refreshing dip in the sea and snorkel amongst the incredible marine life<\/strong>. Spend 40 minutes exploring underwater, before returning to the catamaran and dropping anchor at the dock on Catalina Island.<\/p>\n<p class=\"new-fading-text__hidden-element\">With your feet on dry land, you&#8217;ll be taken to a small restaurant with stunning sea views, where you&#8217;ll be treated to a\u00a0<strong>delicious buffet lunch<\/strong>. With renewed energy, you&#8217;ll then have three hours of free time to make the most of the\u00a0<strong>paradise white sand beaches<\/strong>. Whether you prefer to relax and sunbathe or try a fun activity like paddle surfing, you&#8217;ll enjoy an unforgettable afternoon.<\/p>\n<p class=\"new-fading-text__hidden-element\">At the end of the day, you&#8217;ll return to the catamaran to sail back to La Romana, where you&#8217;ll be dropped off at your hotel.<\/p>\n<\/div>\n<\/div>\n<p>&nbsp;<\/p>\n<p><strong>Horario:<\/strong><\/p>\n<p>7:00 AM \u2013 4:30 PM<\/p>\n<p>&nbsp;<\/p>\n<\/div>\n<p>O tempo pode cambiar dependendo da hora de sa\u00edda dos hoteis.<\/p>\n<div class=\"wpb_wrapper\">\n<p>&nbsp;<\/p>\n<h4><em><strong>Que debes traer?<\/strong><\/em><\/h4>\n<ul>\n<li>c\u00e1mara<\/li>\n<li>Brotes repelentes<\/li>\n<li>crema solar<\/li>\n<li>Sombreiro<\/li>\n<li>Pantal\u00f3ns c\u00f3modos<\/li>\n<li>Roupa de ba\u00f1o<\/li>\n<li>Dinero en efectivo para souvenirs<\/li>\n<\/ul>\n<p>&nbsp;<\/p>\n<h4><b><i>Recollida no hotel<\/i><\/b><\/h4>\n<p>Hotel pick-up is offered for this tour. We Can Set it Via- Whatsapp. From La Romana, Punta Cana, Bavaro and Bayahibe Hotels.<\/p>\n<p>&nbsp;<\/p>\n<p><b>Nota:<\/b> if you are booking within 24 hours of the tour\/Excursion departure time, we can arrangements hotel pick-up . Once your purchase is complete, we will send you complete contact information (phone number, email address, etc.) for our local Tour guide to organize pick-up arrangements.<\/p>\n<h4><b><i>Confirmaci\u00f3n de informaci\u00f3n adicional<\/i><\/b><\/h4>\n<ol>\n<li>As entradas son o recibo despois de pagar este Tour. Podes mostrar o pago no teu tel\u00e9fono.<\/li>\n<li>O punto de encontro recibirase despois do proceso de reserva.<\/li>\n<li>Os nenos deben ir acompa\u00f1ados dun adulto.<\/li>\n<li>accesible en cadeira de rodas<\/li>\n<li>Os beb\u00e9s deben sentarse no colo<\/li>\n<li>Poden participar a maior\u00eda dos viaxeiros<\/li>\n<\/ol>\n<h4><b><i>Pol\u00edtica de cancelaci\u00f3n<\/i><\/b><\/h4>\n<p>Para obter un reembolso completo, lea as nosas pol\u00edticas de cancelaci\u00f3n\u00a0<a href=\"https:\/\/www.ticketswhales.com\/online-booking\/\" target=\"_blank\" rel=\"noopener\" data-saferedirecturl=\"https:\/\/www.google.com\/url?q=https:\/\/www.ticketswhales.com\/online-booking\/&amp;source=gmail&amp;ust=1672532492004000&amp;usg=AOvVaw3ylqI1cdbIPTimEqEWneyd\">Pulse AQU\u00cd<\/a>. Os fondos perderanse se a reserva se cancela o mesmo d\u00eda da viaxe.<\/p>\n<\/div>\n<\/div>\n<\/div>\n<\/div>\n<\/div>\n<\/div>\n<\/div>\n<\/div>\n<\/div>\n<\/div>\n<\/div>\n<\/div>\n<div class=\"vc_row wpb_row vc_row-fluid\">\n<div class=\"wpb_column vc_column_container vc_col-sm-12\">\n<div class=\"vc_column-inner\">\n<div class=\"wpb_wrapper\">\n<div class=\"vc_empty_space\"><\/div>\n<div class=\"wpb_text_column wpb_content_element\">\n<div class=\"wpb_wrapper\">\n<h4>Contacta connosco?<\/h4>\n<h5><b><i>Reserva aventuras<\/i><\/b><\/h5>\n<p><em><strong>Os locais<\/strong>\u00a0e\u00a0<strong>Nacionais<\/strong>\u00a0Gu\u00edas tur\u00edsticos e servizos para os h\u00f3spedes<\/em><\/p>\n<p><span class=\"text-turquoise\">Reservas:<\/span>\u00a0Tours e excursi\u00f3ns en Rep. Dom.<\/p>\n<p><img decoding=\"async\" class=\"emoji\" src=\"https:\/\/s.w.org\/images\/core\/emoji\/11.2.0\/svg\/1f4de.svg\" alt=\"\ud83d\udcde\" title=\"\">\u00a0Tel\/Whatsapp\u00a0\u00a0<a href=\"tel:+1-809-720-6035\">+1-809-720-6035<\/a>.<\/p>\n<p><img decoding=\"async\" class=\"emoji\" src=\"https:\/\/s.w.org\/images\/core\/emoji\/11.2.0\/svg\/1f4e9.svg\" alt=\"\ud83d\udce9\" title=\"\">\u00a0<a href=\"mailto:info@bookingadventures.com.do\">info@bookingadventures.com.do<\/a><\/p>\n<p><strong>Somos flexibles para configurar tours privados por Whatsapp:\u00a0<a href=\"tel:+18097206035\">+18097206035.<\/a><\/strong><\/p>\n<\/div>\n<\/div>\n<\/div>\n<\/div>\n<\/div>\n<\/div>\n\n\t\t<\/div>\n\t<\/div>\n<div class=\"vc_btn3-container vc_btn3-inline\" ><button class=\"vc_general vc_btn3 vc_btn3-size-md vc_btn3-shape-rounded vc_btn3-style-modern vc_btn3-color-green\">RESERVAR AGORA<\/button><\/div><\/div><\/div><\/div><\/div><div class=\"vc_row wpb_row vc_row-fluid\" ><div class=\"wpb_column vc_column_container vc_col-sm-12\"><div class=\"vc_column-inner\"><div class=\"wpb_wrapper\"><\/div><\/div><\/div><\/div>","protected":false},"excerpt":{"rendered":"<p>A pequena illa Catalina (Isla Catalina), a s\u00f3 2,4 quil\u00f3metros (1,5 millas) do continente da Rep\u00fablica Dominicana, \u00e9 unha id\u00edlica mancha de area nas augas turquesas do Caribe. Co\u00f1ecida polos seus arrecifes de coral ben poboados, Catalina \u00e9 un respiro tranquilo para aqueles que buscan escapar da bulliciosa Punta Cana e La Romana.<\/p>\n<p>Book a day trip with us. Catalina Island in a Party Catamaran with Snorkeling!<\/p>\n<p>&nbsp;<\/p>\n<p>Seleccione a data para a excursi\u00f3n:<\/p>","protected":false},"featured_media":482,"template":"","meta":[],"product_brand":[],"product_cat":[576,373,135,569,592,305,122,124],"product_tag":[593,594,595,374,596,364,260,362,375],"class_list":{"0":"post-11668","1":"product","2":"type-product","3":"status-publish","4":"has-post-thumbnail","6":"product_cat-1-punta-cana","7":"product_cat-catalina-island-catamaran-and-snorkeling","8":"product_cat-lunch","9":"product_cat-punta-cana-group-tours","10":"product_cat-punta-cana-catalina-island","11":"product_cat-tours-and-excursion-punta-cana","12":"product_cat-tours-and-excursions","13":"product_cat-tours-excursions-samana-bay-dominican-republic","14":"product_tag-catalina-island","15":"product_tag-catalina-island-dominican-republic-snorkeling","16":"product_tag-catalina-island-packages","17":"product_tag-catalina-island-snorkeling-dominican-republic","18":"product_tag-catalina-island-tour","19":"product_tag-cheap-punta-cana-excursions","20":"product_tag-day-trip-punta-cana","21":"product_tag-punta-cana-catamaran-party-with-snorkeling-and-parasailing","22":"product_tag-talina-island-snorkeling","24":"first","25":"instock","26":"sale","27":"sold-individually","28":"shipping-taxable","29":"product-type-external"},"_links":{"self":[{"href":"https:\/\/toursmiches.com\/gl\/wp-json\/wp\/v2\/product\/11668","targetHints":{"allow":["GET"]}}],"collection":[{"href":"https:\/\/toursmiches.com\/gl\/wp-json\/wp\/v2\/product"}],"about":[{"href":"https:\/\/toursmiches.com\/gl\/wp-json\/wp\/v2\/types\/product"}],"wp:featuredmedia":[{"embeddable":true,"href":"https:\/\/toursmiches.com\/gl\/wp-json\/wp\/v2\/media\/482"}],"wp:attachment":[{"href":"https:\/\/toursmiches.com\/gl\/wp-json\/wp\/v2\/media?parent=11668"}],"wp:term":[{"taxonomy":"product_brand","embeddable":true,"href":"https:\/\/toursmiches.com\/gl\/wp-json\/wp\/v2\/product_brand?post=11668"},{"taxonomy":"product_cat","embeddable":true,"href":"https:\/\/toursmiches.com\/gl\/wp-json\/wp\/v2\/product_cat?post=11668"},{"taxonomy":"product_tag","embeddable":true,"href":"https:\/\/toursmiches.com\/gl\/wp-json\/wp\/v2\/product_tag?post=11668"}],"curies":[{"name":"wp","href":"https:\/\/api.w.org\/{rel}","templated":true}]}}