{"id":13469,"date":"2025-09-08T09:31:55","date_gmt":"2025-09-08T09:31:55","guid":{"rendered":"https:\/\/toursmiches.com\/?post_type=product&#038;p=13469"},"modified":"2025-09-08T09:43:55","modified_gmt":"2025-09-08T09:43:55","slug":"from-punta-cana-los-haitises-trip-with-montana-redonda-tour","status":"publish","type":"product","link":"https:\/\/toursmiches.com\/gl\/miches\/from-punta-cana-los-haitises-trip-with-montana-redonda-tour\/","title":{"rendered":"From Punta Cana: Los Haitises Trip with Monta\u00f1a Redonda Tour"},"content":{"rendered":"<div class=\"vc_row wpb_row vc_row-fluid\" ><div class=\"wpb_column vc_column_container vc_col-sm-12\"><div class=\"vc_column-inner\"><div class=\"wpb_wrapper\">\n\t<div class=\"wpb_text_column wpb_content_element\" >\n\t\t<div class=\"wpb_wrapper\">\n\t\t\t<h4 class=\"product_title entry-title\">From Punta Cana: Los Haitises Trip with Monta\u00f1a Redonda Tour<\/h4>\n<p>We&#8217;ll pick you up at your hotel in Punta Cana from 6:30 am onwards and set off for Los Haitises National Park, a unique karst landscape bathed by the waters of Saman\u00e1 Bay.<\/p>\n<p>Upon arrival, we&#8217;ll board a boat and sail along the Ca\u00f1o Hondo River towards San Lorenzo Bay, while looking out for tangles of red mangroves on the shore. In open water, we&#8217;ll be able to spot rocky mogotes teeming with pelicans and fork-tailed flycatchers.<\/p>\n<p>The expedition continues to the Arena and Linea caves, which were once used by the Ta\u00edno indigenous people. Inside, we&#8217;ll see these caves decorated with indigenous pictograms and petroglyphs.<\/p>\n<p>Our next stop will be the Ca\u00f1o Hondo Paradise Hotel, where we&#8217;ll hop off the boat and see beautiful natural pools inside the hotel&#8217;s grounds. You&#8217;ll be able to have a refreshing dip in the Jivales River before having a traditional Dominican lunch, which we&#8217;ll eat in this idyllic spot.<\/p>\n<p>With our energy back, we&#8217;ll get into a jeep and head to the summit of Redonda mountain, which is nestled between two lagoons: Lim\u00f3n and Redonda. From the top, the views of the jungle will look like something out of a fairy tale.<\/p>\n<p>Finally, we&#8217;ll return to the mainland and head back to Punta Cana, where we&#8217;ll arrive at your hotel between 4:30 pm and 6:30 pm.<\/p>\n\n\t\t<\/div>\n\t<\/div>\n<div class=\"vc_empty_space\"   style=\"height: 32px\"><span class=\"vc_empty_space_inner\"><\/span><\/div>\n\t<div class=\"wpb_text_column wpb_content_element\" >\n\t\t<div class=\"wpb_wrapper\">\n\t\t\t<h2 class=\"collection-header_title\" data-test-id=\"collection-title\" data-v-9c8cb860=\"\">Based on your search in Los Haitises<\/h2>\n\n\t\t<\/div>\n\t<\/div>\n<div class=\"vc_empty_space\"   style=\"height: 32px\"><span class=\"vc_empty_space_inner\"><\/span><\/div><div class=\"woocommerce columns-4\"><ul class=\"products columns-4\">\n<li class=\"product type-product post-15266 status-publish first instock product_cat-dominican-republic product_cat-saona-island product_tag-excursion product_tag-tour has-post-thumbnail sale shipping-taxable product-type-external\">\n\t<div class=\"mkdf-pl-inner\"><div class=\"mkdf-pl-image\">\n\t<span class=\"mkdf-onsale\">SALE<\/span>\n\t<img loading=\"lazy\" decoding=\"async\" width=\"300\" height=\"300\" src=\"https:\/\/toursmiches.com\/wp-content\/uploads\/2025\/09\/145-249-300x300.jpg\" class=\"attachment-woocommerce_thumbnail size-woocommerce_thumbnail\" alt=\"\" srcset=\"https:\/\/toursmiches.com\/wp-content\/uploads\/2025\/09\/145-249-300x300.jpg 300w, https:\/\/toursmiches.com\/wp-content\/uploads\/2025\/09\/145-249-12x12.jpg 12w, https:\/\/toursmiches.com\/wp-content\/uploads\/2025\/09\/145-249-550x550.jpg 550w, https:\/\/toursmiches.com\/wp-content\/uploads\/2025\/09\/145-249-600x600.jpg 600w, https:\/\/toursmiches.com\/wp-content\/uploads\/2025\/09\/145-249-100x100.jpg 100w, https:\/\/toursmiches.com\/wp-content\/uploads\/2025\/09\/145-249-64x64.jpg 64w, https:\/\/toursmiches.com\/wp-content\/uploads\/2025\/09\/145-249.jpg 640w\" sizes=\"auto, (max-width: 300px) 100vw, 300px\" title=\"\"><div class=\"mkdf-pl-text\"><div class=\"mkdf-pl-text-outer\"><div class=\"mkdf-pl-text-inner\"><a href=\"https:\/\/bookingadventures.tours\/booking.php?slug=Punta_Cana_Catamaran_Boat_to_Saona_Island_with_Buffet_Lunch\" aria-describedby=\"woocommerce_loop_add_to_cart_link_describedby_15266\" data-quantity=\"1\" class=\"button product_type_external\" data-product_id=\"15266\" data-product_sku=\"\" aria-label=\"Book here\" rel=\"nofollow noopener\" target=\"_blank\">Book here<\/a>\t<span id=\"woocommerce_loop_add_to_cart_link_describedby_15266\" class=\"screen-reader-text\">\n\t\t\t<\/span>\n<\/div><\/div><\/div><\/div><a href=\"https:\/\/toursmiches.com\/gl\/miches\/all-inclusive-saona-island-experience-from-punta-cana\/\" class=\"woocommerce-LoopProduct-link woocommerce-loop-product__link\"><\/a><\/div><div class=\"mkdf-pl-text-wrapper\"><h4 class=\"mkdf-product-list-title\"><a href=\"https:\/\/toursmiches.com\/gl\/miches\/all-inclusive-saona-island-experience-from-punta-cana\/\">All Inclusive Saona Island Experience from Punta Cana<\/a><\/h4>\n\t<span class=\"price\"><del aria-hidden=\"true\"><span class=\"woocommerce-Price-amount amount\"><bdi><span class=\"woocommerce-Price-currencySymbol\">&#36;<\/span>99.00<\/bdi><\/span><\/del> <span class=\"screen-reader-text\">O prezo orixinal era: &#036;99.00.<\/span><ins aria-hidden=\"true\"><span class=\"woocommerce-Price-amount amount\"><bdi><span class=\"woocommerce-Price-currencySymbol\">&#36;<\/span>85.00<\/bdi><\/span><\/ins><span class=\"screen-reader-text\">O prezo actual \u00e9: &#036;85.00.<\/span><\/span>\n<\/div><\/li><li class=\"product type-product post-15730 status-publish instock product_cat-dominican-republic product_tag-excursion product_tag-tour has-post-thumbnail shipping-taxable product-type-external\">\n\t<div class=\"mkdf-pl-inner\"><div class=\"mkdf-pl-image\"><img loading=\"lazy\" decoding=\"async\" width=\"300\" height=\"300\" src=\"https:\/\/toursmiches.com\/wp-content\/uploads\/2026\/01\/99-24-300x300.png\" class=\"attachment-woocommerce_thumbnail size-woocommerce_thumbnail\" alt=\"\" srcset=\"https:\/\/toursmiches.com\/wp-content\/uploads\/2026\/01\/99-24-300x300.png 300w, https:\/\/toursmiches.com\/wp-content\/uploads\/2026\/01\/99-24-550x550.png 550w, https:\/\/toursmiches.com\/wp-content\/uploads\/2026\/01\/99-24-100x100.png 100w\" sizes=\"auto, (max-width: 300px) 100vw, 300px\" title=\"\"><div class=\"mkdf-pl-text\"><div class=\"mkdf-pl-text-outer\"><div class=\"mkdf-pl-text-inner\"><a href=\"https:\/\/tourreservationlink.com\/en\/booking\/cano-hondo-natural-pools-and-los-haitises-boat-tour\" aria-describedby=\"woocommerce_loop_add_to_cart_link_describedby_15730\" data-quantity=\"1\" class=\"button product_type_external\" data-product_id=\"15730\" data-product_sku=\"\" aria-label=\"BUY TICKET\" rel=\"nofollow noopener\" target=\"_blank\">BUY TICKET<\/a>\t<span id=\"woocommerce_loop_add_to_cart_link_describedby_15730\" class=\"screen-reader-text\">\n\t\t\t<\/span>\n<\/div><\/div><\/div><\/div><a href=\"https:\/\/toursmiches.com\/gl\/miches\/dominican-culture-immersion-all-inclusive-day-trip\/\" class=\"woocommerce-LoopProduct-link woocommerce-loop-product__link\"><\/a><\/div><div class=\"mkdf-pl-text-wrapper\"><h4 class=\"mkdf-product-list-title\"><a href=\"https:\/\/toursmiches.com\/gl\/miches\/dominican-culture-immersion-all-inclusive-day-trip\/\">Cano Hondo Natural Pools &#038; Los Haitises boat tour<\/a><\/h4>\n\t<span class=\"price\"><span class=\"woocommerce-Price-amount amount\"><bdi><span class=\"woocommerce-Price-currencySymbol\">&#36;<\/span>67.00<\/bdi><\/span><\/span>\n<\/div><\/li><li class=\"product type-product post-11693 status-publish instock product_cat-1-sabana-de-la-mar product_cat-day-trips product_cat-hiking-los-haitises product_cat-kayaking-los-haitises product_cat-overnight-los-haitises product_tag-cano-hondo-sabana-de-la-mar product_tag-caves-los-haitises product_tag-eco-tours product_tag-excursion product_tag-hike-kayak product_tag-hike-kayak-los-haitises-national-park product_tag-hiking-los-haitises product_tag-hiking-sabana-de-la-mar product_tag-hiking-samana product_tag-kayak-tour product_tag-kayaking product_tag-kayaking-los-haitises product_tag-los-haitises-national-park product_tag-los-haitises-national-park-entrance-fee product_tag-los-haitises-national-park-tour-from-las-terrenas product_tag-los-haitises-national-park-tour-from-santo-domingo product_tag-los-haitises-national-park-weather product_tag-los-haitises-sabana-de-la-mar product_tag-sabana-de-la-mar product_tag-sabana-de-la-mar-tour product_tag-samana-excursions product_tag-samana-tours product_tag-secrets-of-los-haitises has-post-thumbnail sale sold-individually shipping-taxable product-type-external\">\n\t<div class=\"mkdf-pl-inner\"><div class=\"mkdf-pl-image\">\n\t<span class=\"mkdf-onsale\">SALE<\/span>\n\t<img loading=\"lazy\" decoding=\"async\" width=\"300\" height=\"300\" src=\"https:\/\/toursmiches.com\/wp-content\/uploads\/2023\/10\/Cano-Hondo-Hotel-Reservation-Booking-Online-BEST-PRICES-CANO-HONDO-HOTEL-917-300x300.jpg\" class=\"attachment-woocommerce_thumbnail size-woocommerce_thumbnail\" alt=\"\" srcset=\"https:\/\/toursmiches.com\/wp-content\/uploads\/2023\/10\/Cano-Hondo-Hotel-Reservation-Booking-Online-BEST-PRICES-CANO-HONDO-HOTEL-917-300x300.jpg 300w, https:\/\/toursmiches.com\/wp-content\/uploads\/2023\/10\/Cano-Hondo-Hotel-Reservation-Booking-Online-BEST-PRICES-CANO-HONDO-HOTEL-917-100x100.jpg 100w, https:\/\/toursmiches.com\/wp-content\/uploads\/2023\/10\/Cano-Hondo-Hotel-Reservation-Booking-Online-BEST-PRICES-CANO-HONDO-HOTEL-917-550x550.jpg 550w\" sizes=\"auto, (max-width: 300px) 100vw, 300px\" title=\"\"><div class=\"mkdf-pl-text\"><div class=\"mkdf-pl-text-outer\"><div class=\"mkdf-pl-text-inner\"><a href=\"https:\/\/bookingadventures.tours\/booking.php?slug=Hotel__Hiking_Swimming__Kayaking__2_Days_trip_Los_Haitises\" aria-describedby=\"woocommerce_loop_add_to_cart_link_describedby_11693\" data-quantity=\"1\" class=\"button product_type_external\" data-product_id=\"11693\" data-product_sku=\"\" aria-label=\"RESERVAR AGORA\" rel=\"nofollow noopener\" target=\"_blank\">RESERVAR AGORA<\/a>\t<span id=\"woocommerce_loop_add_to_cart_link_describedby_11693\" class=\"screen-reader-text\">\n\t\t\t<\/span>\n<\/div><\/div><\/div><\/div><a href=\"https:\/\/toursmiches.com\/gl\/miches\/hotel-hiking-swimming-kayaking-2-days-trip-los-haitises\/\" class=\"woocommerce-LoopProduct-link woocommerce-loop-product__link\"><\/a><\/div><div class=\"mkdf-pl-text-wrapper\"><h4 class=\"mkdf-product-list-title\"><a href=\"https:\/\/toursmiches.com\/gl\/miches\/hotel-hiking-swimming-kayaking-2-days-trip-los-haitises\/\">Hotel + Sendeirismo + Nataci\u00f3n + Kayak Excursi\u00f3n de 2 d\u00edas Los Haitises<\/a><\/h4>\n\t<span class=\"price\"><del aria-hidden=\"true\"><span class=\"woocommerce-Price-amount amount\"><bdi><span class=\"woocommerce-Price-currencySymbol\">&#36;<\/span>185.00<\/bdi><\/span><\/del> <span class=\"screen-reader-text\">O prezo orixinal era: &#036;185.00.<\/span><ins aria-hidden=\"true\"><span class=\"woocommerce-Price-amount amount\"><bdi><span class=\"woocommerce-Price-currencySymbol\">&#36;<\/span>175.00<\/bdi><\/span><\/ins><span class=\"screen-reader-text\">O prezo actual \u00e9: &#036;175.00.<\/span><\/span>\n<\/div><\/li><li class=\"product type-product post-16039 status-publish last instock product_cat-dominican-republic product_tag-excursion product_tag-tour has-post-thumbnail shipping-taxable product-type-external\">\n\t<div class=\"mkdf-pl-inner\"><div class=\"mkdf-pl-image\"><img loading=\"lazy\" decoding=\"async\" width=\"300\" height=\"300\" src=\"https:\/\/toursmiches.com\/wp-content\/uploads\/2025\/09\/145-286-300x300.jpg\" class=\"attachment-woocommerce_thumbnail size-woocommerce_thumbnail\" alt=\"\" srcset=\"https:\/\/toursmiches.com\/wp-content\/uploads\/2025\/09\/145-286-300x300.jpg 300w, https:\/\/toursmiches.com\/wp-content\/uploads\/2025\/09\/145-286-550x550.jpg 550w, https:\/\/toursmiches.com\/wp-content\/uploads\/2025\/09\/145-286-100x100.jpg 100w\" sizes=\"auto, (max-width: 300px) 100vw, 300px\" title=\"\"><div class=\"mkdf-pl-text\"><div class=\"mkdf-pl-text-outer\"><div class=\"mkdf-pl-text-inner\"><a href=\"https:\/\/gyg.me\/ZmLFwjZW\" aria-describedby=\"woocommerce_loop_add_to_cart_link_describedby_16039\" data-quantity=\"1\" class=\"button product_type_external\" data-product_id=\"16039\" data-product_sku=\"\" aria-label=\"Check Availability\" rel=\"nofollow noopener\" target=\"_blank\">Check Availability<\/a>\t<span id=\"woocommerce_loop_add_to_cart_link_describedby_16039\" class=\"screen-reader-text\">\n\t\t\t<\/span>\n<\/div><\/div><\/div><\/div><a href=\"https:\/\/toursmiches.com\/gl\/miches\/private-transfer-secrets-royal-beach-to-punta-cana-airport\/\" class=\"woocommerce-LoopProduct-link woocommerce-loop-product__link\"><\/a><\/div><div class=\"mkdf-pl-text-wrapper\"><h4 class=\"mkdf-product-list-title\"><a href=\"https:\/\/toursmiches.com\/gl\/miches\/private-transfer-secrets-royal-beach-to-punta-cana-airport\/\">Private Transfer Secrets Royal Beach to Punta Cana Airport<\/a><\/h4>\n\t<span class=\"price\"><span class=\"woocommerce-Price-amount amount\"><bdi><span class=\"woocommerce-Price-currencySymbol\">&#36;<\/span>30.00<\/bdi><\/span><\/span>\n<\/div><\/li><li class=\"product type-product post-14662 status-publish first instock product_cat-dominican-republic product_tag-excursion product_tag-tour has-post-thumbnail shipping-taxable product-type-external\">\n\t<div class=\"mkdf-pl-inner\"><div class=\"mkdf-pl-image\"><img loading=\"lazy\" decoding=\"async\" width=\"300\" height=\"300\" src=\"https:\/\/toursmiches.com\/wp-content\/uploads\/2025\/09\/145-196-300x300.jpg\" class=\"attachment-woocommerce_thumbnail size-woocommerce_thumbnail\" alt=\"\" srcset=\"https:\/\/toursmiches.com\/wp-content\/uploads\/2025\/09\/145-196-300x300.jpg 300w, https:\/\/toursmiches.com\/wp-content\/uploads\/2025\/09\/145-196-13x12.jpg 13w, https:\/\/toursmiches.com\/wp-content\/uploads\/2025\/09\/145-196-550x550.jpg 550w, https:\/\/toursmiches.com\/wp-content\/uploads\/2025\/09\/145-196-100x100.jpg 100w\" sizes=\"auto, (max-width: 300px) 100vw, 300px\" title=\"\"><div class=\"mkdf-pl-text\"><div class=\"mkdf-pl-text-outer\"><div class=\"mkdf-pl-text-inner\"><a href=\"https:\/\/gyg.me\/K5s6gQm1\" aria-describedby=\"woocommerce_loop_add_to_cart_link_describedby_14662\" data-quantity=\"1\" class=\"button product_type_external\" data-product_id=\"14662\" data-product_sku=\"\" aria-label=\"Check Availability\" rel=\"nofollow noopener\" target=\"_blank\">Check Availability<\/a>\t<span id=\"woocommerce_loop_add_to_cart_link_describedby_14662\" class=\"screen-reader-text\">\n\t\t\t<\/span>\n<\/div><\/div><\/div><\/div><a href=\"https:\/\/toursmiches.com\/gl\/miches\/punta-cana-all-inclusive-santo-domingo-full-day-city-tour\/\" class=\"woocommerce-LoopProduct-link woocommerce-loop-product__link\"><\/a><\/div><div class=\"mkdf-pl-text-wrapper\"><h4 class=\"mkdf-product-list-title\"><a href=\"https:\/\/toursmiches.com\/gl\/miches\/punta-cana-all-inclusive-santo-domingo-full-day-city-tour\/\">Punta Cana: All Inclusive Santo Domingo Full-Day City Tour<\/a><\/h4>\n\t<span class=\"price\"><span class=\"woocommerce-Price-amount amount\"><bdi><span class=\"woocommerce-Price-currencySymbol\">&#36;<\/span>70.00<\/bdi><\/span><\/span>\n<\/div><\/li><\/ul>\n<\/div><div class=\"vc_empty_space\"   style=\"height: 32px\"><span class=\"vc_empty_space_inner\"><\/span><\/div><\/div><\/div><\/div><\/div>","protected":false},"excerpt":{"rendered":"<div data-track=\"overview\" data-v-83a2b402=\"\">\n<section id=\"activity-overview\" class=\"activity-overview\" data-component=\"overview\" data-v-83a2b402=\"\" data-v-f3236c42=\"\">\n<p class=\"activity-overview__content\" data-test-id=\"activity-overview-content\" data-v-f3236c42=\"\">Explore the natural wonders of Los Haitises National Park on an excursion from Punta Cana. Sail along the river on a boat, visit natural caves and pools, and ride a jeep to the top of Monta\u00f1a Redonda.<\/p>\n<\/section>\n<\/div>\n<div data-track=\"key-details\" data-v-83a2b402=\"\"><\/div>","protected":false},"featured_media":13652,"template":"","meta":[],"product_brand":[],"product_cat":[610],"product_tag":[130,611],"class_list":{"0":"post-13469","1":"product","2":"type-product","3":"status-publish","4":"has-post-thumbnail","6":"product_cat-dominican-republic","7":"product_tag-excursion","8":"product_tag-tour","10":"first","11":"instock","12":"sale","13":"shipping-taxable","14":"product-type-external"},"_links":{"self":[{"href":"https:\/\/toursmiches.com\/gl\/wp-json\/wp\/v2\/product\/13469","targetHints":{"allow":["GET"]}}],"collection":[{"href":"https:\/\/toursmiches.com\/gl\/wp-json\/wp\/v2\/product"}],"about":[{"href":"https:\/\/toursmiches.com\/gl\/wp-json\/wp\/v2\/types\/product"}],"wp:featuredmedia":[{"embeddable":true,"href":"https:\/\/toursmiches.com\/gl\/wp-json\/wp\/v2\/media\/13652"}],"wp:attachment":[{"href":"https:\/\/toursmiches.com\/gl\/wp-json\/wp\/v2\/media?parent=13469"}],"wp:term":[{"taxonomy":"product_brand","embeddable":true,"href":"https:\/\/toursmiches.com\/gl\/wp-json\/wp\/v2\/product_brand?post=13469"},{"taxonomy":"product_cat","embeddable":true,"href":"https:\/\/toursmiches.com\/gl\/wp-json\/wp\/v2\/product_cat?post=13469"},{"taxonomy":"product_tag","embeddable":true,"href":"https:\/\/toursmiches.com\/gl\/wp-json\/wp\/v2\/product_tag?post=13469"}],"curies":[{"name":"wp","href":"https:\/\/api.w.org\/{rel}","templated":true}]}}