{"id":548,"date":"2020-06-15T15:48:44","date_gmt":"2020-06-15T15:48:44","guid":{"rendered":"http:\/\/toursmiches.com\/?post_type=product&#038;p=548"},"modified":"2024-04-19T15:58:28","modified_gmt":"2024-04-19T15:58:28","slug":"parque-nacional-los-haitises-excursion-de-kayak-y-senderismo","status":"publish","type":"product","link":"https:\/\/toursmiches.com\/gl\/miches\/parque-nacional-los-haitises-excursion-de-kayak-y-senderismo\/","title":{"rendered":"Excursi\u00f3n en kayak e sendeirismo ao Parque Nacional Los Haitises"},"content":{"rendered":"<div class=\"vc_row wpb_row vc_row-fluid\" ><div class=\"wpb_column vc_column_container vc_col-sm-12\"><div class=\"vc_column-inner\"><div class=\"wpb_wrapper\">\n\t<div class=\"wpb_text_column wpb_content_element\" >\n\t\t<div class=\"wpb_wrapper\">\n\t\t\t<h3>Descrici\u00f3n<\/h3>\n<p>Esta ruta de sendeirismo + kaiak parte do porto de Ca\u00f1o Hondo \/ Sabana de La Mar. Cami\u00f1aremos unhas 3 horas polo Bosque H\u00famido do Parque Nacional Los Haitises. Co\u00f1ecer\u00e1s as plantas medicinais desta zona, ver\u00e1s o bosque primario e secundario de frondosas das monta\u00f1as do Parque Nacional Los Haitises e, ao mesmo tempo, chegar\u00e1s ao nacemento do r\u00edo Jivales desde onde as augas das pozas naturais do Eco- alberga sa\u00edr.Hondo Ca\u00f1o. Despois levamos o material necesario para a t\u00faa seguridade (chalecos salvavidas, etc.), kayaks e cruzamos os manglares. Ver\u00e1s uns manglares cheos de paxaros, outeiros ondulados de exuberante verdor. A trav\u00e9s dos manglares e terras na aberta ba\u00eda de San Lorenzo, desde onde se pode fotografar a marabillosa paisaxe forestal.<\/p>\n<p>Despois desta experiencia, volver\u00e1s a Cano Hondo ou Sabana de la mar.<\/p>\n<ul>\n<li>Impostos inclu\u00eddos<\/li>\n<li>Excursi\u00f3n de sendeirismo ao Parque Nacional Los Haitises<\/li>\n<li>A gu\u00eda ofrece instruci\u00f3ns e supervisi\u00f3n.<\/li>\n<\/ul>\n<h3>Inclusi\u00f3ns e exclusi\u00f3ns<\/h3>\n<h4>Inclusi\u00f3ns<\/h4>\n<ol>\n<li>Parque Nacional Los Haitises<\/li>\n<li>Sendeirismo + Kayak<\/li>\n<li>Todos os impostos, taxas e gastos de xesti\u00f3n.<\/li>\n<li>Impostos locais<\/li>\n<li>Bebidas<\/li>\n<li>Todas as actividades<\/li>\n<li>Gu\u00eda local<\/li>\n<\/ol>\n<h4>Exclusi\u00f3ns<\/h4>\n<ol>\n<li>Consellos<\/li>\n<li>Transporte<\/li>\n<li>Xantar<\/li>\n<li>Bebidas alcoh\u00f3licas<\/li>\n<\/ol>\n<h3><em>Sa\u00edda e volta<\/em><\/h3>\n<p>O viaxeiro ter\u00e1 un punto de encontro despois do proceso de reserva. As visitas comezan e rematan nos nosos puntos de encontro.<\/p>\n<h2>Caminata + Kayak Parque Nacional Los Haitises<\/h2>\n<h3><em>Que esperar?<\/em><\/h3>\n<p>El nombre del parque nacional proviene de sus habitantes originales, los indios ta\u00ednos. En su idioma, \u00abHaitises\u00bb se traduce en tierras altas o colinas, una referencia a las empinadas formaciones geol\u00f3gicas de la costa con calizas. La actividad en Kayak es de 2 horas.<\/p>\n<p>Aprender sobre la historia y la naturaleza con gu\u00edas tur\u00edsticos locales que crecen como protectores y voluntarios ambientales dentro de esta \u00e1rea del proyecto. El recorrido, organizado por \u00abBooking Adventures\u00bb comienza en el punto de encuentro establecido con el gu\u00eda tur\u00edstico.<\/p>\n<p>Despois dun primeiro paseo por campos e terras de cultivo, comezar\u00e1 a cami\u00f1ar polo bosque de cocos e cacao. Estar cada minuto dentro da zona forestal principal e \u00fanica dentro do Parque Nacional Los Haitises. Ven con Booking Adventures e comeza a ver algunhas especies end\u00e9micas de aves, mam\u00edferos e plantas, outeiros ondulados de vexetaci\u00f3n exuberante e covas do Parque Nacional Los Haitises.<\/p>\n<p>El nombre del parque nacional proviene de sus habitantes originales, los indios ta\u00ednos. En su idioma, \u00abHaitises\u00bb se traduce en tierras altas o colinas, una referencia a las empinadas formaciones geol\u00f3gicas de la costa con calizas. Avent\u00farate en el parque para explorar cuevas como la Cueva de la Arena y la Cueva de la L\u00ednea. Puede combinar el recorrido en barco con el viaje de senderismo. Solo cont\u00e1ctenos.<\/p>\n<p>As covas da reserva foron utilizadas como refuxio polos indios ta\u00ednos e, posteriormente, por piratas ocultos. Busca debuxos de indios que decoran algunhas das paredes. Na selva, hai m\u00e1is de 700 especies de plantas, tentamos ensinar aos visitantes todas as plantas medicinais que co\u00f1ecemos nesta ruta de sendeirismo.<\/p>\n<p>Ven aprender, cami\u00f1ar e gozar da verdadeira natureza do Parque Nacional Los Haitises.<\/p>\n<h3><em>Que debes traer?<\/em><\/h3>\n<ul>\n<li>C\u00e1mara<\/li>\n<li>Repelentes<\/li>\n<li>Protector solar<\/li>\n<li>Sombreiro<\/li>\n<li>Pantal\u00f3ns c\u00f3modos<\/li>\n<li>Botas de sendeirismo forestal<\/li>\n<li>Sandalias para zonas de primavera.<\/li>\n<li>Traxe de ba\u00f1o<\/li>\n<\/ul>\n<h3><em>Recollida no hotel<\/em><\/h3>\n<p>Non se ofrece a recollida do hotel para esta excursi\u00f3n. S\u00f3 se est\u00e1s no Hotel Cano Hondo ou Hoteis da zona de Sabana da Mar.<\/p>\n<p><strong>Nota<\/strong>: Se reservas dentro das 24 horas da hora de sa\u00edda da excursi\u00f3n\/excursi\u00f3n, podemos organizar a recollida do hotel con cargos adicionais desde calquera lugar da Rep\u00fablica Dominicana. Unha vez completada a compra, enviar\u00e9mosche a informaci\u00f3n de contacto completa (n\u00famero de tel\u00e9fono, enderezo de correo electr\u00f3nico, etc.) para que o noso gu\u00eda tur\u00edstico local organice a recollida.<\/p>\n<h3><em>Confirmaci\u00f3n de informaci\u00f3n adicional<\/em><\/h3>\n<ol>\n<li>As entradas son o Recibo despois de pagar este Tour. Podes mostrar o pago no teu tel\u00e9fono.<\/li>\n<li>O punto de encontro ser\u00e1 recibido despois do proceso de reserva.<\/li>\n<li>Os nenos deben ir acompa\u00f1ados dun adulto.<\/li>\n<li>Non accesible en cadeira de rodas<\/li>\n<li>Os beb\u00e9s deben sentarse en cadeiras para beb\u00e9s ou cos seus pais<\/li>\n<li>Non recomendado para viaxeiros con problemas de costas.<\/li>\n<li>Non recomendado para mulleres embarazadas.<\/li>\n<li>Sen problemas card\u00edacos ou outras condici\u00f3ns m\u00e9dicas graves.<\/li>\n<li>Poden participar a maior\u00eda dos viaxeiros.<\/li>\n<\/ol>\n<h3><em>Pol\u00edtica de cancelaci\u00f3n<\/em><\/h3>\n<p>Para un reembolso completo, cancela polo menos 24 horas antes da data de inicio da experiencia. Os fondos perderanse se a reserva se cancela o mesmo d\u00eda da viaxe.<\/p>\n<h2>Sendeirismo e kayak na selva tropical<br \/>\nCaminata + Kayak Parque Nacional Los Haitises<\/h2>\n<p>Esta experiencia require un m\u00ednimo de 2 participantes. Se non tes 2 anos, p\u00f3\u00f1ase en contacto connosco!<\/p>\n<h3>Contacta connosco?<\/h3>\n<p><em>Reserva aventuras<\/em><br \/>\nGu\u00edas tur\u00edsticos locais e nacionais e servizos para h\u00f3spedes<\/p>\n<p>Reservas: Tours e Excursi\u00f3ns en Dom. Reps.<\/p>\n<p>\ud83d\udcde Tel\u00e9fono\/Whatsapp +1-809-720-6035.<\/p>\n<p>\ud83d\udce9 info@bookingadventures.com.do<\/p>\n<p>Somos tours privados con configuraci\u00f3n flexible por Whatsapp: +18097206035.<\/p>\n\n\t\t<\/div>\n\t<\/div>\n<\/div><\/div><\/div><\/div>","protected":false},"excerpt":{"rendered":"<p>Sendeirismo e kayak de 3 horas nos manglares do Parque Nacional Los Haitises con gu\u00eda local de Sabana de la mar. Visitando as zonas de selva tropical, coco, caf\u00e9 e cacao. Co\u00f1ece a historia orixinal do Parque Nacional Los Haitises.<\/p>\n<p><strong>Seleccione a data para a viaxe de sendeirismo:<\/strong><\/p>","protected":false},"featured_media":515,"template":"","meta":[],"product_brand":[],"product_cat":[356,96,443,123,124],"product_tag":[341,206,129,130,412,413,221,414,415,152,153,198,133,416,215,217,417,223,114,418,148,143,419],"class_list":{"0":"post-548","1":"product","2":"type-product","3":"status-publish","4":"has-post-thumbnail","6":"product_cat-day-trips","7":"product_cat-hiking","8":"product_cat-tours-y-excursiones-es","9":"product_cat-tours-excursions-los-haitises-national-park","10":"product_cat-tours-excursions-samana-bay-dominican-republic","11":"product_tag-cano-hondo-sabana-de-la-mar","12":"product_tag-caves-los-haitises","13":"product_tag-eco-tours","14":"product_tag-excursion","15":"product_tag-hike-kayak","16":"product_tag-hike-kayak-los-haitises-national-park","17":"product_tag-hiking-los-haitises","18":"product_tag-hiking-sabana-de-la-mar","19":"product_tag-hiking-samana","20":"product_tag-kayak-tour","21":"product_tag-kayaking","22":"product_tag-kayaking-los-haitises","23":"product_tag-los-haitises-national-park","24":"product_tag-los-haitises-national-park-entrance-fee","25":"product_tag-los-haitises-national-park-tour-from-las-terrenas","26":"product_tag-los-haitises-national-park-tour-from-santo-domingo","27":"product_tag-los-haitises-national-park-weather","28":"product_tag-los-haitises-sabana-de-la-mar","29":"product_tag-sabana-de-la-mar","30":"product_tag-sabana-de-la-mar-tour","31":"product_tag-samana-excursions","32":"product_tag-samana-tours","33":"product_tag-secrets-of-los-haitises","35":"first","36":"instock","37":"sale","38":"sold-individually","39":"shipping-taxable","40":"product-type-external"},"_links":{"self":[{"href":"https:\/\/toursmiches.com\/gl\/wp-json\/wp\/v2\/product\/548","targetHints":{"allow":["GET"]}}],"collection":[{"href":"https:\/\/toursmiches.com\/gl\/wp-json\/wp\/v2\/product"}],"about":[{"href":"https:\/\/toursmiches.com\/gl\/wp-json\/wp\/v2\/types\/product"}],"wp:featuredmedia":[{"embeddable":true,"href":"https:\/\/toursmiches.com\/gl\/wp-json\/wp\/v2\/media\/515"}],"wp:attachment":[{"href":"https:\/\/toursmiches.com\/gl\/wp-json\/wp\/v2\/media?parent=548"}],"wp:term":[{"taxonomy":"product_brand","embeddable":true,"href":"https:\/\/toursmiches.com\/gl\/wp-json\/wp\/v2\/product_brand?post=548"},{"taxonomy":"product_cat","embeddable":true,"href":"https:\/\/toursmiches.com\/gl\/wp-json\/wp\/v2\/product_cat?post=548"},{"taxonomy":"product_tag","embeddable":true,"href":"https:\/\/toursmiches.com\/gl\/wp-json\/wp\/v2\/product_tag?post=548"}],"curies":[{"name":"wp","href":"https:\/\/api.w.org\/{rel}","templated":true}]}}