{"id":554,"date":"2020-06-22T17:36:48","date_gmt":"2020-06-22T17:36:48","guid":{"rendered":"http:\/\/toursmiches.com\/?post_type=product&#038;p=554"},"modified":"2024-04-17T20:44:54","modified_gmt":"2024-04-17T20:44:54","slug":"excursion-a-los-haitises-desde-sabana-de-la-mar-o-cano-hondo","status":"publish","type":"product","link":"https:\/\/toursmiches.com\/gl\/miches\/excursion-a-los-haitises-desde-sabana-de-la-mar-o-cano-hondo\/","title":{"rendered":"Excursi\u00f3n a Los Haitises desde Sabana de la Mar o Ca\u00f1o Hondo"},"content":{"rendered":"<div class=\"vc_row wpb_row vc_row-fluid\" ><div class=\"wpb_column vc_column_container vc_col-sm-12\"><div class=\"vc_column-inner\"><div class=\"wpb_wrapper\">[mkdf_section_title subtitle_tag=\u00bb\u00bb subtitle=\u00bbTour normal a los Haitises\u00bb]<\/div><\/div><\/div><\/div><div class=\"vc_row wpb_row vc_row-fluid\" ><div class=\"wpb_column vc_column_container vc_col-sm-12\"><div class=\"vc_column-inner\"><div class=\"wpb_wrapper\">\n\t<div class=\"wpb_text_column wpb_content_element\" >\n\t\t<div class=\"wpb_wrapper\">\n\t\t\t<h2>Parque Nacional Los Haitises Desde Sabana de la Mar o Hotel Cano Hondo.<\/h2>\n<h3>Descrici\u00f3n<\/h3>\n<p>Unha viaxe privada normal ao Parque Nacional Los Haitises. Ven connosco e visita o parque nacional m\u00e1is fermoso da Rep\u00fablica Dominicana, visitando manglares, covas e ba\u00eda de San Lorenzo. Esta experiencia pode comezar dende a comunidade de Sabana de la Mar co\u00f1ecendo esta historia de Sabana de la Mar. Ademais, comezamos esta viaxe dende o porto de Ca\u00f1o Hondo.<\/p>\n<ul>\n<li>Impostos inclu\u00eddos<\/li>\n<li>A gu\u00eda ofrece instruci\u00f3ns e supervisi\u00f3n.<\/li>\n<li>O xantar non est\u00e1 inclu\u00eddo para o xantar en Ca\u00f1o Hondo Escolla este percorrido: Los Haitises Plus Ca\u00f1o Hondo.<\/li>\n<\/ul>\n<h3>Inclusi\u00f3ns e exclusi\u00f3ns<\/h3>\n<h4>Inclusi\u00f3ns<\/h4>\n<ol>\n<li>Tour Los Haitises + Covas e Pictogramas<\/li>\n<li>Todos os impostos, taxas e gastos de xesti\u00f3n.<\/li>\n<li>Impostos locais<\/li>\n<li>Todas as actividades<\/li>\n<li>Gu\u00eda local<\/li>\n<\/ol>\n<h4>Exclusi\u00f3ns<\/h4>\n<ol>\n<li>Consellos<\/li>\n<li>O xantar non est\u00e1 inclu\u00eddo para o xantar en Ca\u00f1o Hondo Escolla este percorrido: Los Haitises Plus Ca\u00f1o Hondo.<\/li>\n<li>Transporte<\/li>\n<li>Bebidas alcoh\u00f3licas<\/li>\n<\/ol>\n<h3><em>Sa\u00edda e volta<\/em><\/h3>\n<p>O viaxeiro ter\u00e1 un punto de encontro despois do proceso de reserva. As visitas comezan e rematan nos nosos puntos de encontro.<\/p>\n<h4><em>Que esperar?<\/em><\/h4>\n<p>Consigue as t\u00faas entradas para visitar o Parque Nacional Los Haitises con Covas, Manglares e Ba\u00eda de San Lorenzo.<\/p>\n<p>O prezo m\u00e1is baixo para visitar o Parque Nacional Los Haitises desde Sabana de la Mar ou hoteis Ca\u00f1o Hondo con gu\u00edas locais. A viaxe comeza no porto principal do Parque Nacional Los Haitises. Esta viaxe comeza \u00e1s 10:00 horas cun gu\u00eda tur\u00edstico local que co\u00f1ece a historia orixinal sobre o magn\u00edfico Parque Nacional.<\/p>\n<p>Despois partimos do porto principal do Parque Nacional Los Haitises, chamado Ca\u00f1o Hondo (Deep Creek) nun BARCO con chalecos salvavidas. Desfrutaremos do mangle vermello ata chegar \u00e1 ba\u00eda de San Lorenzo. Pequena ba\u00eda na ba\u00eda de Saman\u00e1. E aqu\u00ed imos! O primeiro que se pode ver \u00e9 a colecci\u00f3n dunha enorme illa de monta\u00f1a de pedra caliza chamada Mogotes. Por riba delas, m\u00e1is de 700 especies de plantas e moitas aves das zonas h\u00famidas voando arredor. Despois visitando covas con pictogramas das nosas comunidades ind\u00edxenas de hai 750 anos.<\/p>\n<p>A trav\u00e9s dos manglares e terras na aberta ba\u00eda de San Lorenzo, desde onde se pode fotografar a agreste paisaxe forestal. Mira cara \u00e1 auga para ver manat\u00edes, crust\u00e1ceos e golfi\u00f1os.<\/p>\n<p>El nombre del parque nacional proviene de sus habitantes originales, los indios ta\u00ednos. En su idioma, \u00abHaitises\u00bb se traduce en tierras altas o colinas, una referencia a las empinadas formaciones geol\u00f3gicas de la costa con calizas. Avent\u00farate en el parque para explorar cuevas como la Cueva de la Arena y la Cueva de la L\u00ednea. Las cuevas en la reserva fueron utilizadas como refugio por los indios ta\u00ednos y, m\u00e1s tarde, por los piratas escondidos. Busque dibujos de indios que decoran algunas de las paredes. Despu\u00e9s de visitar el Parque Nacional Los Haitises, regresaremos al puerto donde comenz\u00f3 nuestro viaje.<\/p>\n<h3><em>Que debes traer?<\/em><\/h3>\n<ul>\n<li>C\u00e1mara<\/li>\n<li>Repelentes<\/li>\n<li>protector solar<\/li>\n<li>Sombreiro<\/li>\n<li>Pantal\u00f3ns c\u00f3modos<\/li>\n<li>Botas de sendeirismo forestal<\/li>\n<li>Sandalias para zonas de primavera.<\/li>\n<li>Traxe de ba\u00f1o<\/li>\n<\/ul>\n<h3><em>Recollida no hotel<\/em><\/h3>\n<p>Ofr\u00e9cese a recollida no hotel se est\u00e1s no hotel Paraiso Ca\u00f1o Hondo ou Altos Ca\u00f1o Hondo. O noso punto de encontro est\u00e1 a 5 minutos a p\u00e9 deses hoteis.<\/p>\n<p><strong>Nota<\/strong>- Se reservas dentro das 24 horas da hora de sa\u00edda da excursi\u00f3n\/excursi\u00f3n, podemos organizar a recollida do hotel con cargos adicionais se non est\u00e1s nos hoteis de Ca\u00f1o Hondo. Unha vez completada a compra, enviar\u00e9mosche a informaci\u00f3n de contacto completa (n\u00famero de tel\u00e9fono, enderezo de correo electr\u00f3nico, etc.) para que o noso gu\u00eda tur\u00edstico local organice a recollida.<\/p>\n<h3><em>Confirmaci\u00f3n de informaci\u00f3n adicional<\/em><\/h3>\n<ul>\n<li>As entradas son o Recibo despois de pagar este Tour. Podes mostrar o pago no teu tel\u00e9fono.<\/li>\n<li>O punto de encontro ser\u00e1 recibido despois do proceso de reserva.<\/li>\n<li>Os nenos deben ir acompa\u00f1ados dun adulto.<\/li>\n<li>Non accesible en cadeira de rodas<\/li>\n<li>Os beb\u00e9s deben sentarse nun asento para beb\u00e9s ou cun adulto<\/li>\n<li>Non recomendado para viaxeiros con problemas de costas.<\/li>\n<li>Non recomendado para mulleres embarazadas.<\/li>\n<li>Sen problemas card\u00edacos ou outras condici\u00f3ns m\u00e9dicas graves.<\/li>\n<li>Poden participar a maior\u00eda dos viaxeiros.<\/li>\n<\/ul>\n<h3><em>Pol\u00edtica de cancelaci\u00f3n<\/em><\/h3>\n<p>Para un reembolso completo, cancela polo menos 24 horas antes da data de inicio da experiencia.<\/p>\n<h3><em>Contacta connosco?<\/em><\/h3>\n<p>Reserva aventuras<br \/>\nGu\u00edas tur\u00edsticos locais e nacionais e servizos para h\u00f3spedes<\/p>\n<p>Reservas: Tours e Excursi\u00f3ns en Dom. Reps.<\/p>\n<p>\ud83d\udcde Tel\u00e9fono\/Whatsapp +1-809-720-6035.<\/p>\n<p>\ud83d\udce9 info@bookingadventures.com.do<\/p>\n<p>Organizamos tours privados con configuraci\u00f3n flexible por Whatsapp: +18097206035.<\/p>\n\n\t\t<\/div>\n\t<\/div>\n<\/div><\/div><\/div><\/div>","protected":false},"excerpt":{"rendered":"<p>O prezo m\u00e1is baixo para visitar o Parque Nacional Los Haitises desde Sabana de la Mar ou hoteis Ca\u00f1o Hondo con gu\u00edas locais. A viaxe comeza no porto principal do Parque Nacional Los Haitises. Esta viaxe comeza \u00e1s 10:00 horas cun gu\u00eda tur\u00edstico local que co\u00f1ece a historia orixinal sobre o magn\u00edfico Parque Nacional.<\/p>\n<p>Despois partimos do porto principal do Parque Nacional Los Haitises, chamado Ca\u00f1o Hondo (Deep Creek) nun BARCO con chalecos salvavidas. Desfrutaremos do bosque de mangle vermello ata chegar \u00e1 ba\u00eda de San Lorenzo, unha pequena ba\u00eda da ba\u00eda de Saman\u00e1. E aqu\u00ed imos! O primeiro que se pode ver \u00e9 a colecci\u00f3n dunha enorme illa de monta\u00f1a de pedra caliza chamada Mogotes. Ademais delas, voan por a\u00ed m\u00e1is de 700 especies de plantas e moitas aves das zonas h\u00famidas. Despois visitando covas con pictogramas das nosas comunidades ind\u00edxenas de hai 750 anos.<\/p>\n<p><strong>Seleccione a data para o Tour\u00a0<\/strong><\/p>","protected":false},"featured_media":81,"template":"","meta":[],"product_brand":[],"product_cat":[119,120,98,121,99,122,443,123,124],"product_tag":[125,126,127,128,129,130,131,132,133,134,114],"class_list":{"0":"post-554","1":"product","2":"type-product","3":"status-publish","4":"has-post-thumbnail","6":"product_cat-caves","7":"product_cat-fees-entrace","8":"product_cat-local-tour-guides","9":"product_cat-mangroves","10":"product_cat-swimming-natural-springs","11":"product_cat-tours-and-excursions","12":"product_cat-tours-y-excursiones-es","13":"product_cat-tours-excursions-los-haitises-national-park","14":"product_cat-tours-excursions-samana-bay-dominican-republic","15":"product_tag-boat-tour","16":"product_tag-cano-hondo","17":"product_tag-cano-hondo-hotel","18":"product_tag-cano-hondo-tours","19":"product_tag-eco-tours","20":"product_tag-excursion","21":"product_tag-locals-guides","22":"product_tag-los-haitises","23":"product_tag-los-haitises-national-park","24":"product_tag-los-haitises-national-park-tour","25":"product_tag-sabana-de-la-mar","27":"first","28":"instock","29":"sale","30":"sold-individually","31":"shipping-taxable","32":"product-type-external"},"_links":{"self":[{"href":"https:\/\/toursmiches.com\/gl\/wp-json\/wp\/v2\/product\/554","targetHints":{"allow":["GET"]}}],"collection":[{"href":"https:\/\/toursmiches.com\/gl\/wp-json\/wp\/v2\/product"}],"about":[{"href":"https:\/\/toursmiches.com\/gl\/wp-json\/wp\/v2\/types\/product"}],"wp:featuredmedia":[{"embeddable":true,"href":"https:\/\/toursmiches.com\/gl\/wp-json\/wp\/v2\/media\/81"}],"wp:attachment":[{"href":"https:\/\/toursmiches.com\/gl\/wp-json\/wp\/v2\/media?parent=554"}],"wp:term":[{"taxonomy":"product_brand","embeddable":true,"href":"https:\/\/toursmiches.com\/gl\/wp-json\/wp\/v2\/product_brand?post=554"},{"taxonomy":"product_cat","embeddable":true,"href":"https:\/\/toursmiches.com\/gl\/wp-json\/wp\/v2\/product_cat?post=554"},{"taxonomy":"product_tag","embeddable":true,"href":"https:\/\/toursmiches.com\/gl\/wp-json\/wp\/v2\/product_tag?post=554"}],"curies":[{"name":"wp","href":"https:\/\/api.w.org\/{rel}","templated":true}]}}