{"id":605,"date":"2020-07-10T08:10:36","date_gmt":"2020-07-10T08:10:36","guid":{"rendered":"http:\/\/toursmiches.com\/?post_type=product&#038;p=605"},"modified":"2024-04-16T15:20:46","modified_gmt":"2024-04-16T15:20:46","slug":"excursion-parque-nacional-los-haitises","status":"publish","type":"product","link":"https:\/\/toursmiches.com\/hu\/miches\/excursion-parque-nacional-los-haitises\/","title":{"rendered":"Kir\u00e1ndul\u00e1s a Los Haitises Nemzeti Parkba"},"content":{"rendered":"<div class=\"vc_row wpb_row vc_row-fluid\" ><div class=\"wpb_column vc_column_container vc_col-sm-12\"><div class=\"vc_column-inner\"><div class=\"wpb_wrapper\">[mkdf_section_title subtitle_tag=\u00bb\u00bb subtitle=\u00bbTour normal a los Haitises\u00bb]<\/div><\/div><\/div><\/div><div class=\"vc_row wpb_row vc_row-fluid\" ><div class=\"wpb_column vc_column_container vc_col-sm-12\"><div class=\"vc_column-inner\"><div class=\"wpb_wrapper\">\n\t<div class=\"wpb_text_column wpb_content_element\" >\n\t\t<div class=\"wpb_wrapper\">\n\t\t\t<h2>Excursion Parque Nacional Los Haitises Desde Sabana de la Mar o Hotel Cano Hondo.<\/h2>\n<h3>Le\u00edr\u00e1s<\/h3>\n<p>Un viaje privado normal al <strong>Los Haitises Nemzeti Park<\/strong>. Ven con nosotros y visita el parque nacional m\u00e1s hermoso de la Rep\u00fablica Dominicana, visitando manglares, cuevas y la bah\u00eda de San Lorenzo. Esta experiencia puede comenzar desde la comunidad de<strong> A tenger szavanna<\/strong> aprendiendo sobre esta historia de Sabana de la Mar. Adem\u00e1s, comenzamos este viaje desde el puerto de <strong>Ca\u00f1o Hondo.<\/strong><\/p>\n<ul>\n<li>Az ad\u00f3kat tartalmazza<\/li>\n<li>Az \u00fatmutat\u00f3 oktat\u00e1st \u00e9s fel\u00fcgyeletet biztos\u00edt.<\/li>\n<li>Az eb\u00e9d nem tartalmazza az eb\u00e9det a Ca\u00f1o Hond\u00f3ban. V\u00e1lassza ezt a t\u00far\u00e1t: Los Haitises Plus Ca\u00f1o Hondo.<\/li>\n<\/ul>\n<h3>Befoglal\u00e1sok \u00e9s kiz\u00e1r\u00e1sok<\/h3>\n<h4>Z\u00e1rv\u00e1nyok<\/h4>\n<ol>\n<li>Los Haitises t\u00fara + barlangok \u00e9s piktogramok<\/li>\n<li>Minden ad\u00f3, d\u00edj \u00e9s kezel\u00e9si k\u00f6lts\u00e9g.<\/li>\n<li>Helyi ad\u00f3k<\/li>\n<li>Minden tev\u00e9kenys\u00e9g<\/li>\n<li>Helyi idegenvezet\u0151<\/li>\n<\/ol>\n<h4>Kiz\u00e1r\u00e1sok<\/h4>\n<ol>\n<li>Tippek<\/li>\n<li>Az eb\u00e9d nem tartalmazza az eb\u00e9det a Ca\u00f1o Hond\u00f3ban. V\u00e1lassza ezt a t\u00far\u00e1t: Los Haitises Plus Ca\u00f1o Hondo.<\/li>\n<li>Sz\u00e1ll\u00edt\u00e1s<\/li>\n<li>Alkoholos italok<\/li>\n<\/ol>\n<h3><em>Indul\u00e1s \u00e9s visszat\u00e9r\u00e9s<\/em><\/h3>\n<p>Az utaz\u00f3 a foglal\u00e1si folyamat ut\u00e1n tal\u00e1lkoz\u00e1si pontot kap. A t\u00far\u00e1k tal\u00e1lkoz\u00e1si pontjainkon kezd\u0151dnek \u00e9s \u00e9rnek v\u00e9get.<\/p>\n<h2><em>Mi v\u00e1rhat\u00f3?<\/em><\/h2>\n<p>Vegy\u00e9l jegyet a Los Haitises Nemzeti Parkba, ahol barlangok, mangrovek \u00e9s San Lorenzo-\u00f6b\u00f6l tal\u00e1lhat\u00f3.<\/p>\n<p>A legalacsonyabb \u00e1r a Los Haitises Nemzeti Park megl\u00e1togat\u00e1s\u00e1hoz a Sabana de la Mar vagy a Ca\u00f1o Hondo sz\u00e1llod\u00e1kb\u00f3l helyi idegenvezet\u0151vel. Az utaz\u00e1s a Los Haitises Nemzeti Park f\u0151 kik\u00f6t\u0151j\u00e9b\u0151l indul. Ez az utaz\u00e1s 10:00-kor kezd\u0151dik egy helyi idegenvezet\u0151vel, aki ismeri a csod\u00e1latos Nemzeti Park eredeti t\u00f6rt\u00e9net\u00e9t.<\/p>\n<p>Ezut\u00e1n a Los Haitises Nemzeti Park f\u0151 kik\u00f6t\u0151j\u00e9b\u0151l, a Ca\u00f1o Hondo-b\u00f3l (Deep Creek) indulunk ment\u0151mell\u00e9nyes HAJ\u00d3N. \u00c9lvezz\u00fck a v\u00f6r\u00f6s mangrove erd\u0151t, am\u00edg el nem \u00e9rj\u00fck a San Lorenzo-\u00f6b\u00f6let. Kis \u00f6b\u00f6l a Saman\u00e1-\u00f6b\u00f6lben. \u00c9s k\u00e9sz is van! Az els\u0151 dolog, amit l\u00e1that, az egy hatalmas m\u00e9szk\u0151 hegyi sziget, a Mogotes. F\u00f6l\u00f6tt\u00fck t\u00f6bb mint 700 n\u00f6v\u00e9nyfaj \u00e9s sok vizes mad\u00e1r rep\u00fcl. K\u00e9s\u0151bb barlangl\u00e1togat\u00e1s bennsz\u00fcl\u00f6tt k\u00f6z\u00f6ss\u00e9geink 750 \u00e9vvel ezel\u0151tti k\u00e9peivel.<\/p>\n<p>A ny\u00edlt San Lorenzo-\u00f6b\u00f6lben a mangrov\u00e9kon \u00e9s a sz\u00e1razf\u00f6ld\u00f6n kereszt\u00fcl, ahonnan fot\u00f3zhatja a zord erdei t\u00e1jat. N\u00e9zzen ki a v\u00edzbe, \u00e9s n\u00e9zzen meg lamantinokat, r\u00e1kf\u00e9l\u00e9ket \u00e9s delfineket.<\/p>\n<h2><span class=\"fs13lh1-5\"><b>Parque nacional los haitises Ubicacion:<\/b><\/span><\/h2>\n<p>\u0150\u00a0<span class=\"fs13lh1-5\"><b>Parque nacional los haitises<\/b><\/span> de encuentra en <span class=\"fs13lh1-5\"><b>Sabana de la mar<\/b><\/span>, y zona del noroeste esta ubicado el\u00a0<span class=\"fs13lh1-5\"><b>parque nacional los Haitises<\/b><\/span>, fue utilizado en la epoca por\u00a0<span class=\"fs13lh1-5\"><b>refugio indigena<\/b><\/span>, con diversa especies de aves y arboles naturales,\u00a0<span class=\"fs13lh1-5\"><b>Cascada y manglares<\/b><\/span>.<\/p>\n<p>Cuando quiera ver qu\u00e9 es un verdadero para\u00edso natural, no busque m\u00e1s all\u00e1 del Parque Nacional Los Haitises. Este singular ecosistema abarca m\u00e1s de 2,000 millas de lluvia, manglares y playas aisladas entrelazadas en la l\u00ednea costera.<\/p>\n<p><span class=\"fs13lh1-5\"><b>A haitiak<\/b><\/span>\u00a0es el hogar de m\u00e1s de\u00a0<span class=\"fs13lh1-5\"><b>131 especies de aves<\/b><\/span>, incluyendo el raro <span class=\"fs13lh1-5\"><b>Gavilan de la Hispaniola<\/b><\/span>. La l\u00ednea costera est\u00e1 llena de cuevas donde los indios ta\u00ednos locales viv\u00edan y decoraban con pictograf\u00edas y pinturas que a\u00fan se pueden ver. Descubra tambi\u00e9n\u00a0<span class=\"fs13lh1-5\"><b>los manglares<\/b><\/span>\u00a0que adornan la belleza natural de este para\u00edso tropical, dando al paisaje una sensaci\u00f3n incre\u00edble de otra \u00e9poca.<\/p>\n<p>Venga y disfrute de un d\u00eda sin igual en un lugar completamente reservado para usted y sus acompa\u00f1antes en esta isla inolvidable. Partiendo de nuestro muelle privado en Cano Hondo, Sabana de la mar, lo transportaremos en nuestros barcos c\u00f3modos, r\u00e1pidos y seguros y navegaremos hacia el <span class=\"fs13lh1-5\"><b>Los Haitises Nemzeti Park<\/b><\/span>, designado\u00a0<span class=\"fs13lh1-5\"><b>Reserva de la Biosfera por la UNESCO<\/b><\/span>.<\/p>\n<p><span class=\"fs13lh1-5\"><b>Excursiones al Parque Nacional Los Haitises en Sabana de la mar,<\/b><\/span> Rep\u00fablica Dominicana. Durante el viaje tambi\u00e9n visitaremos varias cuevas naturales conocidas como , \u00ab<span class=\"fs13lh1-5\"><b>La L\u00ednea<\/b><\/span>\u00ab, y \u00ab<span class=\"fs13lh1-5\"><b>La Arena<\/b><\/span>\u00bb donde encontrar\u00e1s\u00a0<span class=\"fs13lh1-5\"><b>arte ind\u00edgena<\/b><\/span>\u00a0pintado en las paredes de la cueva y dejate imaginar los muchos actividades que se llevaron a cabo en esas cuevas a lo largo de los a\u00f1os.<\/p>\n<h3><em>Mit vigy\u00e9l magaddal?<\/em><\/h3>\n<ul>\n<li>Kamera<\/li>\n<li>Repellensek<\/li>\n<li>f\u00e9nyv\u00e9d\u0151 kr\u00e9m<\/li>\n<li>Kalap<\/li>\n<li>K\u00e9nyelmes nadr\u00e1g<\/li>\n<li>Erdei t\u00faracip\u0151<\/li>\n<li>Szand\u00e1l tavaszi ter\u00fcletekre.<\/li>\n<li>F\u00fcrd\u0151ruha<\/li>\n<\/ul>\n<h3><em>Sz\u00e1llodai \u00e1tv\u00e9tel<\/em><\/h3>\n<p>Sz\u00e1llodai \u00e1tv\u00e9telt k\u00edn\u00e1lunk, ha a Paraiso Ca\u00f1o Hondo vagy az Altos Ca\u00f1o Hondo Hotelben tal\u00e1lhat\u00f3. Tal\u00e1lkoz\u00e1si pontunk 5 perces s\u00e9t\u00e1ra van ezekt\u0151l a sz\u00e1llod\u00e1kt\u00f3l.<\/p>\n<p><strong>jegyzet<\/strong>- Ha a t\u00fara\/kir\u00e1ndul\u00e1s indul\u00e1si id\u0151pontj\u00e1t\u00f3l sz\u00e1m\u00edtott 24 \u00f3r\u00e1n bel\u00fcl foglal, fel\u00e1r ellen\u00e9ben gondoskodunk a sz\u00e1llodai \u00e1tv\u00e9telr\u0151l, ha nem a Ca\u00f1o Hondo sz\u00e1llod\u00e1kban tart\u00f3zkodik. Amint a v\u00e1s\u00e1rl\u00e1s befejez\u0151d\u00f6tt, elk\u00fcldj\u00fck \u00d6nnek a helyi idegenvezet\u0151nk teljes el\u00e9rhet\u0151s\u00e9gi adatait (telefonsz\u00e1m, e-mail c\u00edm stb.) az \u00e1tv\u00e9tel megszervez\u00e9se \u00e9rdek\u00e9ben.<\/p>\n<h3><em>Tov\u00e1bbi inform\u00e1ci\u00f3k meger\u0151s\u00edt\u00e9se<\/em><\/h3>\n<ul>\n<li>A jegyek a t\u00fara kifizet\u00e9s\u00e9t k\u00f6vet\u0151 nyugt\u00e1k. A fizet\u00e9st a telefonon tudod megjelen\u00edteni.<\/li>\n<li>A tal\u00e1lkoz\u00e1si pontot a foglal\u00e1si folyamat ut\u00e1n kapjuk meg.<\/li>\n<li>A gyermekeket feln\u0151tt k\u00eds\u00e9ret\u00e9ben kell biztos\u00edtani.<\/li>\n<li>Kerekessz\u00e9kkel nem megk\u00f6zel\u00edthet\u0151<\/li>\n<li>A csecsem\u0151knek baba\u00fcl\u00e9sben vagy feln\u0151tt mellett kell \u00fclni\u00fck<\/li>\n<li>H\u00e1tprobl\u00e9m\u00e1kkal k\u00fczd\u0151 utaz\u00f3knak nem aj\u00e1nlott.<\/li>\n<li>Terhes n\u0151knek nem aj\u00e1nlott.<\/li>\n<li>Nincsenek sz\u00edvprobl\u00e9m\u00e1k vagy egy\u00e9b s\u00falyos eg\u00e9szs\u00e9g\u00fcgyi \u00e1llapotok.<\/li>\n<li>A legt\u00f6bb utaz\u00f3 r\u00e9szt vehet.<\/li>\n<\/ul>\n<h3><em>Lemond\u00e1si felt\u00e9telek<\/em><\/h3>\n<p>A teljes visszat\u00e9r\u00edt\u00e9shez legal\u00e1bb 24 \u00f3r\u00e1val az \u00e9lm\u00e9ny kezdete el\u0151tt mondd le.<\/p>\n<h3><em>L\u00e9pjen kapcsolatba vel\u00fcnk?<\/em><\/h3>\n<p><strong>Kalandok foglal\u00e1sa<\/strong><br \/>\nHelyi \u00e9s orsz\u00e1gos idegenvezet\u0151k \u00e9s vend\u00e9gszolg\u00e1ltat\u00e1sok<\/p>\n<p>Foglal\u00e1s: t\u00far\u00e1k \u00e9s kir\u00e1ndul\u00e1sok Dom. Reps.<\/p>\n<p>\ud83d\udcde Tel\/Whatsapp +1-809-720-6035.<\/p>\n<p>\ud83d\udce9 info@bookingadventures.com.do<\/p>\n<p>Priv\u00e1t t\u00far\u00e1kat szervez\u00fcnk rugalmas konfigur\u00e1ci\u00f3val Whatsapp seg\u00edts\u00e9g\u00e9vel: +18097206035.<\/p>\n<div id=\"gtx-trans\" style=\"position: absolute; left: 522px; top: 492.8px;\">\n<div class=\"gtx-trans-icon\"><\/div>\n<\/div>\n\n\t\t<\/div>\n\t<\/div>\n<div class=\"vc_empty_space\"   style=\"height: 32px\"><span class=\"vc_empty_space_inner\"><\/span><\/div><\/div><\/div><\/div><\/div><div class=\"vc_row wpb_row vc_row-fluid\" ><div class=\"wpb_column vc_column_container vc_col-sm-12\"><div class=\"vc_column-inner\"><div class=\"wpb_wrapper\"><div class=\"woocommerce columns-4\"><ul class=\"products columns-4\">\n<li class=\"product type-product post-543 status-publish first instock product_cat-mangroves product_cat-manglares product_cat-parque-nacional-los-haitises-samana product_cat-tours-y-excursiones-es product_tag-los-haitises product_tag-los-haitises-national-park product_tag-parque-nacional-los-haitises-samana product_tag-samana product_tag-samana-excursions product_tag-samana-tours has-post-thumbnail sale sold-individually shipping-taxable product-type-external\">\n\t<div class=\"mkdf-pl-inner\"><div class=\"mkdf-pl-image\">\n\t<span class=\"mkdf-onsale\">SALE<\/span>\n\t<img loading=\"lazy\" decoding=\"async\" width=\"300\" height=\"300\" src=\"https:\/\/toursmiches.com\/wp-content\/uploads\/2020\/06\/BeFunky-collage-300x300.jpg\" class=\"attachment-woocommerce_thumbnail size-woocommerce_thumbnail\" alt=\"\" srcset=\"https:\/\/toursmiches.com\/wp-content\/uploads\/2020\/06\/BeFunky-collage-300x300.jpg 300w, https:\/\/toursmiches.com\/wp-content\/uploads\/2020\/06\/BeFunky-collage-100x100.jpg 100w, https:\/\/toursmiches.com\/wp-content\/uploads\/2020\/06\/BeFunky-collage-600x600.jpg 600w, https:\/\/toursmiches.com\/wp-content\/uploads\/2020\/06\/BeFunky-collage-64x64.jpg 64w, https:\/\/toursmiches.com\/wp-content\/uploads\/2020\/06\/BeFunky-collage-1024x1024.jpg 1024w, https:\/\/toursmiches.com\/wp-content\/uploads\/2020\/06\/BeFunky-collage-150x150.jpg 150w, https:\/\/toursmiches.com\/wp-content\/uploads\/2020\/06\/BeFunky-collage-768x768.jpg 768w, https:\/\/toursmiches.com\/wp-content\/uploads\/2020\/06\/BeFunky-collage-1536x1536.jpg 1536w, https:\/\/toursmiches.com\/wp-content\/uploads\/2020\/06\/BeFunky-collage-550x550.jpg 550w, https:\/\/toursmiches.com\/wp-content\/uploads\/2020\/06\/BeFunky-collage-1100x1100.jpg 1100w\" sizes=\"auto, (max-width: 300px) 100vw, 300px\" title=\"\"><div class=\"mkdf-pl-text\"><div class=\"mkdf-pl-text-outer\"><div class=\"mkdf-pl-text-inner\"><a href=\"https:\/\/bookingadventures.tours\/booking.php?tour_id=cd01687b47db9fe0c95acae017fc39c6\" aria-describedby=\"woocommerce_loop_add_to_cart_link_describedby_543\" data-quantity=\"1\" class=\"button product_type_external\" data-product_id=\"543\" data-product_sku=\"\" aria-label=\"JEGYEKET VESZ\" rel=\"nofollow noopener\" target=\"_blank\">JEGYEKET VESZ<\/a>\t<span id=\"woocommerce_loop_add_to_cart_link_describedby_543\" class=\"screen-reader-text\">\n\t\t\t<\/span>\n<\/div><\/div><\/div><\/div><a href=\"https:\/\/toursmiches.com\/hu\/miches\/parque-nacional-los-haitises-desde-el-puerto-de-samana\/\" class=\"woocommerce-LoopProduct-link woocommerce-loop-product__link\"><\/a><\/div><div class=\"mkdf-pl-text-wrapper\"><h4 class=\"mkdf-product-list-title\"><a href=\"https:\/\/toursmiches.com\/hu\/miches\/parque-nacional-los-haitises-desde-el-puerto-de-samana\/\">Los Haitises Nemzeti Park Saman\u00e1 kik\u00f6t\u0151j\u00e9b\u0151l<\/a><\/h4>\n\t<span class=\"price\"><del aria-hidden=\"true\"><span class=\"woocommerce-Price-amount amount\"><bdi><span class=\"woocommerce-Price-currencySymbol\">&#36;<\/span>75.00<\/bdi><\/span><\/del> <span class=\"screen-reader-text\">Original price was: &#036;75.00.<\/span><ins aria-hidden=\"true\"><span class=\"woocommerce-Price-amount amount\"><bdi><span class=\"woocommerce-Price-currencySymbol\">&#36;<\/span>60.00<\/bdi><\/span><\/ins><span class=\"screen-reader-text\">Current price is: &#036;60.00.<\/span><\/span>\n<\/div><\/li><li class=\"product type-product post-548 status-publish instock product_cat-day-trips product_cat-hiking product_cat-tours-y-excursiones-es product_cat-tours-excursions-los-haitises-national-park product_cat-tours-excursions-samana-bay-dominican-republic product_tag-cano-hondo-sabana-de-la-mar product_tag-caves-los-haitises product_tag-eco-tours product_tag-excursion product_tag-hike-kayak product_tag-hike-kayak-los-haitises-national-park product_tag-hiking-los-haitises product_tag-hiking-sabana-de-la-mar product_tag-hiking-samana product_tag-kayak-tour product_tag-kayaking product_tag-kayaking-los-haitises product_tag-los-haitises-national-park product_tag-los-haitises-national-park-entrance-fee product_tag-los-haitises-national-park-tour-from-las-terrenas product_tag-los-haitises-national-park-tour-from-santo-domingo product_tag-los-haitises-national-park-weather product_tag-los-haitises-sabana-de-la-mar product_tag-sabana-de-la-mar product_tag-sabana-de-la-mar-tour product_tag-samana-excursions product_tag-samana-tours product_tag-secrets-of-los-haitises has-post-thumbnail sale sold-individually shipping-taxable product-type-external\">\n\t<div class=\"mkdf-pl-inner\"><div class=\"mkdf-pl-image\">\n\t<span class=\"mkdf-onsale\">SALE<\/span>\n\t<img loading=\"lazy\" decoding=\"async\" width=\"300\" height=\"300\" src=\"https:\/\/toursmiches.com\/wp-content\/uploads\/2020\/06\/hiking-los-haitises-45-300x300.jpg\" class=\"attachment-woocommerce_thumbnail size-woocommerce_thumbnail\" alt=\"\" srcset=\"https:\/\/toursmiches.com\/wp-content\/uploads\/2020\/06\/hiking-los-haitises-45-300x300.jpg 300w, https:\/\/toursmiches.com\/wp-content\/uploads\/2020\/06\/hiking-los-haitises-45-100x100.jpg 100w, https:\/\/toursmiches.com\/wp-content\/uploads\/2020\/06\/hiking-los-haitises-45-150x150.jpg 150w\" sizes=\"auto, (max-width: 300px) 100vw, 300px\" title=\"\"><div class=\"mkdf-pl-text\"><div class=\"mkdf-pl-text-outer\"><div class=\"mkdf-pl-text-inner\"><a href=\"https:\/\/bookingadventures.tours\/booking.php?slug=Hike__Kayaking_Los_Haitises\" aria-describedby=\"woocommerce_loop_add_to_cart_link_describedby_548\" data-quantity=\"1\" class=\"button product_type_external\" data-product_id=\"548\" data-product_sku=\"\" aria-label=\"JEGYEKET VESZ\" rel=\"nofollow noopener\" target=\"_blank\">JEGYEKET VESZ<\/a>\t<span id=\"woocommerce_loop_add_to_cart_link_describedby_548\" class=\"screen-reader-text\">\n\t\t\t<\/span>\n<\/div><\/div><\/div><\/div><a href=\"https:\/\/toursmiches.com\/hu\/miches\/parque-nacional-los-haitises-excursion-de-kayak-y-senderismo\/\" class=\"woocommerce-LoopProduct-link woocommerce-loop-product__link\"><\/a><\/div><div class=\"mkdf-pl-text-wrapper\"><h4 class=\"mkdf-product-list-title\"><a href=\"https:\/\/toursmiches.com\/hu\/miches\/parque-nacional-los-haitises-excursion-de-kayak-y-senderismo\/\">Los Haitises Nemzeti Park kajak \u00e9s gyalogos kir\u00e1ndul\u00e1s<\/a><\/h4>\n\t<span class=\"price\"><del aria-hidden=\"true\"><span class=\"woocommerce-Price-amount amount\"><bdi><span class=\"woocommerce-Price-currencySymbol\">&#36;<\/span>75.00<\/bdi><\/span><\/del> <span class=\"screen-reader-text\">Original price was: &#036;75.00.<\/span><ins aria-hidden=\"true\"><span class=\"woocommerce-Price-amount amount\"><bdi><span class=\"woocommerce-Price-currencySymbol\">&#36;<\/span>67.00<\/bdi><\/span><\/ins><span class=\"screen-reader-text\">Current price is: &#036;67.00.<\/span><\/span>\n<\/div><\/li><li class=\"product type-product post-546 status-publish instock product_cat-excursiones-privadas product_cat-tours-y-excursiones-es product_tag-beach-time product_tag-el-rincon-beach product_tag-playa-el-rincon product_tag-samana product_tag-samana-bay product_tag-samana-excursions product_tag-samana-tours has-post-thumbnail sale sold-individually shipping-taxable product-type-external\">\n\t<div class=\"mkdf-pl-inner\"><div class=\"mkdf-pl-image\">\n\t<span class=\"mkdf-onsale\">SALE<\/span>\n\t<img loading=\"lazy\" decoding=\"async\" width=\"300\" height=\"300\" src=\"https:\/\/toursmiches.com\/wp-content\/uploads\/2020\/06\/El-Rincon-booking-adventures-300x300.jpg\" class=\"attachment-woocommerce_thumbnail size-woocommerce_thumbnail\" alt=\"\" srcset=\"https:\/\/toursmiches.com\/wp-content\/uploads\/2020\/06\/El-Rincon-booking-adventures-300x300.jpg 300w, https:\/\/toursmiches.com\/wp-content\/uploads\/2020\/06\/El-Rincon-booking-adventures-100x100.jpg 100w, https:\/\/toursmiches.com\/wp-content\/uploads\/2020\/06\/El-Rincon-booking-adventures-150x150.jpg 150w, https:\/\/toursmiches.com\/wp-content\/uploads\/2020\/06\/El-Rincon-booking-adventures-550x550.jpg 550w\" sizes=\"auto, (max-width: 300px) 100vw, 300px\" title=\"\"><div class=\"mkdf-pl-text\"><div class=\"mkdf-pl-text-outer\"><div class=\"mkdf-pl-text-inner\"><a href=\"https:\/\/bookingadventures.tours\/booking.php?slug=Los_Haitises_National_Park__Playa_el_Rincon_beach\" aria-describedby=\"woocommerce_loop_add_to_cart_link_describedby_546\" data-quantity=\"1\" class=\"button product_type_external\" data-product_id=\"546\" data-product_sku=\"\" aria-label=\"JEGYEKET VESZ\" rel=\"nofollow noopener\" target=\"_blank\">JEGYEKET VESZ<\/a>\t<span id=\"woocommerce_loop_add_to_cart_link_describedby_546\" class=\"screen-reader-text\">\n\t\t\t<\/span>\n<\/div><\/div><\/div><\/div><a href=\"https:\/\/toursmiches.com\/hu\/miches\/parque-nacional-los-haitises-y-playa-rincon\/\" class=\"woocommerce-LoopProduct-link woocommerce-loop-product__link\"><\/a><\/div><div class=\"mkdf-pl-text-wrapper\"><h4 class=\"mkdf-product-list-title\"><a href=\"https:\/\/toursmiches.com\/hu\/miches\/parque-nacional-los-haitises-y-playa-rincon\/\">Parque Nacional Los Haitises y Playa Rinc\u00f3n<\/a><\/h4>\n\t<span class=\"price\"><del aria-hidden=\"true\"><span class=\"woocommerce-Price-amount amount\"><bdi><span class=\"woocommerce-Price-currencySymbol\">&#36;<\/span>99.99<\/bdi><\/span><\/del> <span class=\"screen-reader-text\">Original price was: &#036;99.99.<\/span><ins aria-hidden=\"true\"><span class=\"woocommerce-Price-amount amount\"><bdi><span class=\"woocommerce-Price-currencySymbol\">&#36;<\/span>89.99<\/bdi><\/span><\/ins><span class=\"screen-reader-text\">Current price is: &#036;89.99.<\/span><\/span>\n<\/div><\/li><\/ul>\n<\/div><\/div><\/div><\/div><\/div>","protected":false},"excerpt":{"rendered":"<p>El precio m\u00e1s economico para visitar el <strong>Los Haitises Nemzeti Park<\/strong> desde Sabana de la Mar o los hoteles de <strong>Ca\u00f1o Hondo<\/strong> con gu\u00edas Locales. El viaje comienza en el puerto principal del Parque Nacional Los Haitises. Este viaje comienza a las 10:00 a.m.con un gu\u00eda tur\u00edstico local que conoce la historia original sobre el magn\u00edfico Parque Nacional.<\/p>\n<p>Despu\u00e9s comenzamos desde el puerto principal del <strong>Los Haitises Nemzeti Park<\/strong>, nombre Ca\u00f1o Hondo (Deep Creek) en un BARCO con chalecos salvavidas. Disfrutaremos del bosque de manglares rojos hasta llegar a la bah\u00eda de San Lorenzo, una peque\u00f1a bah\u00eda en la bah\u00eda de Saman\u00e1. \u00a1Y aqu\u00ed vamos! Lo primero que puedes ver es la colecci\u00f3n de una enorme isla de monta\u00f1a de piedra caliza llamada Mogotes. Adem\u00e1s de ellos, m\u00e1s de 700 especies de plantas y muchas aves de humedales vuelan alrededor. M\u00e1s tarde visitando cuevas con pictograf\u00edas de nuestras comunidades ind\u00edgenas hace 750 a\u00f1os.<\/p>\n<p><strong>K\u00e9rj\u00fck, v\u00e1lassza ki a t\u00fara d\u00e1tum\u00e1t\u00a0<\/strong><\/p>\n<div id=\"gtx-trans\" style=\"position: absolute; left: 541px; top: 116.2px;\">\n<div class=\"gtx-trans-icon\"><\/div>\n<\/div>","protected":false},"featured_media":81,"template":"","meta":[],"product_brand":[],"product_cat":[119,120,98,121,99,122,443,123,124],"product_tag":[125,126,127,128,129,130,442,131,132,133,134,114],"class_list":{"0":"post-605","1":"product","2":"type-product","3":"status-publish","4":"has-post-thumbnail","6":"product_cat-caves","7":"product_cat-fees-entrace","8":"product_cat-local-tour-guides","9":"product_cat-mangroves","10":"product_cat-swimming-natural-springs","11":"product_cat-tours-and-excursions","12":"product_cat-tours-y-excursiones-es","13":"product_cat-tours-excursions-los-haitises-national-park","14":"product_cat-tours-excursions-samana-bay-dominican-republic","15":"product_tag-boat-tour","16":"product_tag-cano-hondo","17":"product_tag-cano-hondo-hotel","18":"product_tag-cano-hondo-tours","19":"product_tag-eco-tours","20":"product_tag-excursion","21":"product_tag-excursion-los-haitises","22":"product_tag-locals-guides","23":"product_tag-los-haitises","24":"product_tag-los-haitises-national-park","25":"product_tag-los-haitises-national-park-tour","26":"product_tag-sabana-de-la-mar","28":"first","29":"instock","30":"sale","31":"sold-individually","32":"shipping-taxable","33":"product-type-external"},"_links":{"self":[{"href":"https:\/\/toursmiches.com\/hu\/wp-json\/wp\/v2\/product\/605","targetHints":{"allow":["GET"]}}],"collection":[{"href":"https:\/\/toursmiches.com\/hu\/wp-json\/wp\/v2\/product"}],"about":[{"href":"https:\/\/toursmiches.com\/hu\/wp-json\/wp\/v2\/types\/product"}],"wp:featuredmedia":[{"embeddable":true,"href":"https:\/\/toursmiches.com\/hu\/wp-json\/wp\/v2\/media\/81"}],"wp:attachment":[{"href":"https:\/\/toursmiches.com\/hu\/wp-json\/wp\/v2\/media?parent=605"}],"wp:term":[{"taxonomy":"product_brand","embeddable":true,"href":"https:\/\/toursmiches.com\/hu\/wp-json\/wp\/v2\/product_brand?post=605"},{"taxonomy":"product_cat","embeddable":true,"href":"https:\/\/toursmiches.com\/hu\/wp-json\/wp\/v2\/product_cat?post=605"},{"taxonomy":"product_tag","embeddable":true,"href":"https:\/\/toursmiches.com\/hu\/wp-json\/wp\/v2\/product_tag?post=605"}],"curies":[{"name":"wp","href":"https:\/\/api.w.org\/{rel}","templated":true}]}}