{"id":593,"date":"2020-07-01T16:40:04","date_gmt":"2020-07-01T16:40:04","guid":{"rendered":"http:\/\/toursmiches.com\/?post_type=product&#038;p=593"},"modified":"2024-04-16T19:44:59","modified_gmt":"2024-04-16T19:44:59","slug":"excursion-cascada-el-limon-senderismo-y-natacion","status":"publish","type":"product","link":"https:\/\/toursmiches.com\/hy\/miches\/excursion-cascada-el-limon-senderismo-y-natacion\/","title":{"rendered":"Excursi\u00f3n cascada El Lim\u00f3n Senderismo y Nataci\u00f3n"},"content":{"rendered":"<div class=\"vc_row wpb_row vc_row-fluid\" ><div class=\"wpb_column vc_column_container vc_col-sm-12\"><div class=\"vc_column-inner\"><div class=\"wpb_wrapper\">[mkdf_section_title subtitle_tag=\u00bb\u00bb subtitle=\u00bbSenderismo a las cascadas\u00bb]<\/div><\/div><\/div><\/div><div class=\"vc_row wpb_row vc_row-fluid\" ><div class=\"wpb_column vc_column_container vc_col-sm-12\"><div class=\"vc_column-inner\"><div class=\"wpb_wrapper\"><div class=\"vc_empty_space\"   style=\"height: 32px\"><span class=\"vc_empty_space_inner\"><\/span><\/div><\/div><\/div><\/div><\/div><div class=\"vc_row wpb_row vc_row-fluid\" ><div class=\"wpb_column vc_column_container vc_col-sm-12\"><div class=\"vc_column-inner\"><div class=\"wpb_wrapper\">\n\t<div class=\"wpb_text_column wpb_content_element\" >\n\t\t<div class=\"wpb_wrapper\">\n\t\t\t<h2>Tour a las cascadas de El Lim\u00f3n (senderismo y nataci\u00f3n)<\/h2>\n<h3>\u0546\u056f\u0561\u0580\u0561\u0563\u0580\u0578\u0582\u0569\u0575\u0578\u0582\u0576<\/h3>\n<p>Las cascadas El Lim\u00f3n Senderismo con gu\u00edas locales. Visitando el bosque de cacao y caf\u00e9 bajo el cultivo de cocos. Cuando llegue a las cascadas, podr\u00e1 nadar y establecer la hora con su gu\u00eda local.<\/p>\n<p>Aprenda con los locales sobre la naturaleza y la historia de Saman\u00e1 y disfrute de\u00a0 un viaje seguro. Obtenga sus entradas en oferta hoy.<\/p>\n<ul>\n<li>Senderismo<\/li>\n<li>El gu\u00eda proporciona instrucciones y supervisi\u00f3n.<\/li>\n<li>Tarifas al Parque Nacional<\/li>\n<\/ul>\n<h3>\u0546\u0565\u0580\u0561\u057c\u0578\u0582\u0574\u0576\u0565\u0580 \u0587 \u0562\u0561\u0581\u0561\u057c\u0578\u0582\u0574\u0576\u0565\u0580<\/h3>\n<h4>\u0546\u0565\u0580\u0561\u057c\u0578\u0582\u0574\u0576\u0565\u0580<\/h4>\n<ol>\n<li>Tour de senderismo<\/li>\n<li>Todos los impuestos, tarifas y cargos de lugar<\/li>\n<li>\u054f\u0565\u0572\u0561\u056f\u0561\u0576 \u0570\u0561\u0580\u056f\u0565\u0580<\/li>\n<li>\u054f\u0565\u0572\u0561\u056f\u0561\u0576 \u0578\u0582\u0572\u0565\u0581\u0578\u0582\u0575\u0581<\/li>\n<\/ol>\n<h4>\u0532\u0561\u0581\u0561\u057c\u0578\u0582\u0574\u0576\u0565\u0580<\/h4>\n<ol>\n<li>Comida no incluida<\/li>\n<li>\u053d\u0578\u0580\u0570\u0578\u0582\u0580\u0564\u0576\u0565\u0580<\/li>\n<li>\u054f\u0580\u0561\u0576\u057d\u057a\u0578\u0580\u057f<\/li>\n<li>\u0531\u056c\u056f\u0578\u0570\u0578\u056c\u0561\u0575\u056b\u0576 \u056d\u0574\u056b\u0579\u0584\u0576\u0565\u0580<\/li>\n<li>Comida en la playa no incluida<\/li>\n<\/ol>\n<h3><em>\u0544\u0565\u056f\u0576\u0578\u0582\u0574 \u0587 \u057e\u0565\u0580\u0561\u0564\u0561\u0580\u0571<\/em><\/h3>\n<p>\u0531\u0574\u0580\u0561\u0563\u0580\u0574\u0561\u0576 \u0563\u0578\u0580\u056e\u0568\u0576\u0569\u0561\u0581\u056b\u0581 \u0570\u0565\u057f\u0578 \u0573\u0561\u0576\u0561\u057a\u0561\u0580\u0570\u0578\u0580\u0564\u0568 \u056f\u057d\u057f\u0561\u0576\u0561 \u0570\u0561\u0576\u0564\u056b\u057a\u0574\u0561\u0576 \u056f\u0565\u057f: \u0547\u0580\u057b\u0561\u0563\u0561\u0575\u0578\u0582\u0569\u0575\u0578\u0582\u0576\u0576\u0565\u0580\u0568 \u057d\u056f\u057d\u057e\u0578\u0582\u0574 \u0587 \u0561\u057e\u0561\u0580\u057f\u057e\u0578\u0582\u0574 \u0565\u0576 \u0574\u0565\u0580 \u0570\u0561\u0576\u0564\u056b\u057a\u0574\u0561\u0576 \u056f\u0565\u057f\u0565\u0580\u0578\u0582\u0574:<\/p>\n<h3>\u053b\u055e\u0576\u0579 \u057d\u057a\u0561\u057d\u0565\u056c:<\/h3>\n<p>Obtenga sus boletos para visitar La Cascada El Lim\u00f3n en Saman\u00e1 senderismo con un gu\u00eda tur\u00edstico local.<\/p>\n<p>El recorrido, organizado por \u00abBooking Adventures\u00bb, comienza en el punto de encuentro establecido con el gu\u00eda tur\u00edstico.<\/p>\n<p>Cascadas de El Lim\u00f3n con un gu\u00eda tur\u00edstico local. Reserve un viaje de senderismo por el bosque, rodeando el r\u00edo Lim\u00f3n, visitando plantaciones de cacao y caf\u00e9 bajo las sombra de coco.<\/p>\n<p>Primero, det\u00e9ngase en la peque\u00f1a cascada donde generalmente no hay mucha gente y puede nadar alrededor. Luego continuamos hacia la gran cascada donde nos quedaremos durante una hora o m\u00e1s si lo desea.<\/p>\n<p>Despu\u00e9s del Senderismo, puede configurar si desea almorzar con un cargo adicional.<\/p>\n<h3><em>\u053b\u055e\u0576\u0579 \u057a\u0565\u057f\u0584 \u0567 \u0562\u0565\u0580\u0565\u0584:<\/em><\/h3>\n<ul>\n<li>\u054f\u0565\u057d\u0561\u056d\u0581\u056b\u056f<\/li>\n<li>\u057e\u0561\u0576\u0578\u0572\u0576\u0565\u0580<\/li>\n<li>\u0561\u0580\u0587\u0561\u057a\u0561\u0577\u057f\u057a\u0561\u0576 \u0574\u056b\u057b\u0578\u0581<\/li>\n<li>\u0533\u056c\u056d\u0561\u0580\u056f<\/li>\n<li>\u0540\u0561\u0580\u0574\u0561\u0580\u0561\u057e\u0565\u057f \u057f\u0561\u0562\u0561\u057f<\/li>\n<li>\u0531\u0576\u057f\u0561\u057c\u0561\u0575\u056b\u0576 \u0561\u0580\u0577\u0561\u057e\u0561\u0575\u056b\u0576 \u056f\u0578\u0577\u056b\u056f\u0576\u0565\u0580<\/li>\n<li>\u053c\u0578\u0572\u0561\u0566\u0563\u0565\u057d\u057f<\/li>\n<\/ul>\n<h3><em>\u0540\u0575\u0578\u0582\u0580\u0561\u0576\u0578\u0581\u056b \u057a\u056b\u056f\u0561\u057a<\/em><\/h3>\n<p>\u0531\u0575\u057d \u057f\u0578\u0582\u0580\u056b \u0570\u0561\u0574\u0561\u0580 \u0570\u0575\u0578\u0582\u0580\u0561\u0576\u0578\u0581\u056b \u057a\u056b\u056f\u0561\u057a \u0579\u056b \u0561\u057c\u0561\u057b\u0561\u0580\u056f\u057e\u0578\u0582\u0574:<\/p>\n<p><strong>\u0546\u0577\u0578\u0582\u0574:<\/strong> \u0535\u0569\u0565 \u0564\u0578\u0582\u0584 \u057a\u0561\u057f\u057e\u056b\u0580\u0578\u0582\u0574 \u0565\u0584 \u0577\u0580\u057b\u0561\u0563\u0561\u0575\u0578\u0582\u0569\u0575\u0561\u0576\/\u0567\u0584\u057d\u056f\u0578\u0582\u0580\u057d\u056b\u0561\u0575\u056b \u0574\u0565\u056f\u0576\u0574\u0561\u0576 \u056a\u0561\u0574\u056b\u0581 \u0570\u0565\u057f\u0578 24 \u056a\u0561\u0574\u057e\u0561 \u0568\u0576\u0569\u0561\u0581\u0584\u0578\u0582\u0574, \u0574\u0565\u0576\u0584 \u056f\u0561\u0580\u0578\u0572 \u0565\u0576\u0584 \u056f\u0561\u0566\u0574\u0561\u056f\u0565\u0580\u057a\u0565\u056c \u0570\u0575\u0578\u0582\u0580\u0561\u0576\u0578\u0581\u056b \u057f\u0565\u0572\u0561\u0583\u0578\u056d\u0578\u0582\u0574 \u056c\u0580\u0561\u0581\u0578\u0582\u0581\u056b\u0579 \u057e\u0573\u0561\u0580\u0576\u0565\u0580\u0578\u057e: \u0535\u0580\u0562 \u0563\u0576\u0578\u0582\u0574\u0576 \u0561\u057e\u0561\u0580\u057f\u057e\u056b, \u0574\u0565\u0576\u0584 \u0571\u0565\u0566 \u056f\u0578\u0582\u0572\u0561\u0580\u056f\u0565\u0576\u0584 \u0561\u0574\u0562\u0578\u0572\u057b\u0561\u056f\u0561\u0576 \u056f\u0578\u0576\u057f\u0561\u056f\u057f\u0561\u0575\u056b\u0576 \u057f\u057e\u0575\u0561\u056c\u0576\u0565\u0580 (\u0570\u0565\u057c\u0561\u056d\u0578\u057d\u0561\u0570\u0561\u0574\u0561\u0580, \u0567\u056c. \u0583\u0578\u057d\u057f\u056b \u0570\u0561\u057d\u0581\u0565 \u0587 \u0561\u0575\u056c\u0576) \u0574\u0565\u0580 \u057f\u0565\u0572\u0561\u056f\u0561\u0576 \u0567\u0584\u057d\u056f\u0578\u0582\u0580\u057d\u0561\u057e\u0561\u0580\u056b \u0570\u0561\u0574\u0561\u0580\u055d \u057e\u0565\u0580\u0581\u0576\u0565\u056c\u0578\u0582 \u057a\u0561\u0575\u0574\u0561\u0576\u0561\u057e\u0578\u0580\u057e\u0561\u056e\u0578\u0582\u0569\u0575\u0578\u0582\u0576\u0576\u0565\u0580 \u056f\u0561\u0566\u0574\u0561\u056f\u0565\u0580\u057a\u0565\u056c\u0578\u0582 \u0570\u0561\u0574\u0561\u0580:<\/p>\n<h3><em>\u053c\u0580\u0561\u0581\u0578\u0582\u0581\u056b\u0579 \u057f\u0565\u0572\u0565\u056f\u0561\u057f\u057e\u0578\u0582\u0569\u0575\u0561\u0576 \u0570\u0561\u057d\u057f\u0561\u057f\u0578\u0582\u0574<\/em><\/h3>\n<ul>\n<li>\u054f\u0578\u0574\u057d\u0565\u0580\u0576 \u0561\u0575\u057d \u0577\u0580\u057b\u0561\u0563\u0561\u0575\u0578\u0582\u0569\u0575\u0561\u0576 \u0570\u0561\u0574\u0561\u0580 \u057e\u0573\u0561\u0580\u0565\u056c\u0578\u0582\u0581 \u0570\u0565\u057f\u0578 \u057d\u057f\u0561\u0581\u0561\u056f\u0561\u0576\u0576 \u0565\u0576: \u0534\u0578\u0582\u0584 \u056f\u0561\u0580\u0578\u0572 \u0565\u0584 \u0581\u0578\u0582\u0575\u0581 \u057f\u0561\u056c \u057e\u0573\u0561\u0580\u0578\u0582\u0574\u0568 \u0571\u0565\u0580 \u0570\u0565\u057c\u0561\u056d\u0578\u057d\u0578\u0582\u0574:<\/li>\n<li>\u0540\u0561\u0576\u0564\u056b\u057a\u0574\u0561\u0576 \u056f\u0565\u057f\u0568 \u056f\u057d\u057f\u0561\u0581\u057e\u056b \u0561\u0574\u0580\u0561\u0563\u0580\u0574\u0561\u0576 \u0563\u0578\u0580\u056e\u0568\u0576\u0569\u0561\u0581\u056b\u0581 \u0570\u0565\u057f\u0578\u0589<\/li>\n<li>\u0535\u0580\u0565\u056d\u0561\u0576\u0565\u0580\u056b\u0576 \u057a\u0565\u057f\u0584 \u0567 \u0578\u0582\u0572\u0565\u056f\u0581\u056b \u0574\u0565\u056e\u0561\u0570\u0561\u057d\u0561\u056f:<\/li>\n<li>\u0540\u0561\u0577\u0574\u0561\u0576\u0564\u0561\u0574\u056b \u057d\u0561\u0575\u056c\u0561\u056f\u056b\u0576 \u0570\u0561\u057d\u0561\u0576\u0565\u056c\u056b \u0579\u0567<\/li>\n<li>Los infantes deben sentarse en un asiento para beb\u00e9s o con un\u00a0 adulto<\/li>\n<li>\u053d\u0578\u0580\u0570\u0578\u0582\u0580\u0564 \u0579\u056b \u057f\u0580\u057e\u0578\u0582\u0574 \u0574\u0565\u057b\u0584\u056b \u056d\u0576\u0564\u056b\u0580\u0576\u0565\u0580 \u0578\u0582\u0576\u0565\u0581\u0578\u0572 \u0573\u0561\u0576\u0561\u057a\u0561\u0580\u0570\u0578\u0580\u0564\u0576\u0565\u0580\u056b\u0576:<\/li>\n<li>\u053d\u0578\u0580\u0570\u0578\u0582\u0580\u0564 \u0579\u056b \u057f\u0580\u057e\u0578\u0582\u0574 \u0570\u0572\u056b\u0576\u0565\u0580\u056b\u0576:<\/li>\n<li>\u054d\u0580\u057f\u056b \u0570\u0565\u057f \u056f\u0561\u057a\u057e\u0561\u056e \u056d\u0576\u0564\u056b\u0580\u0576\u0565\u0580 \u056f\u0561\u0574 \u0561\u0575\u056c \u056c\u0578\u0582\u0580\u057b \u0562\u056a\u0577\u056f\u0561\u056f\u0561\u0576 \u057a\u0561\u0575\u0574\u0561\u0576\u0576\u0565\u0580 \u0579\u056f\u0561\u0576:<\/li>\n<li>\u0547\u0561\u057f \u0573\u0561\u0576\u0561\u057a\u0561\u0580\u0570\u0578\u0580\u0564\u0576\u0565\u0580 \u056f\u0561\u0580\u0578\u0572 \u0565\u0576 \u0574\u0561\u057d\u0576\u0561\u056f\u0581\u0565\u056c:<\/li>\n<\/ul>\n<h3><em>\u0549\u0565\u0572\u0561\u0580\u056f\u0574\u0561\u0576 \u0584\u0561\u0572\u0561\u0584\u0561\u056f\u0561\u0576\u0578\u0582\u0569\u0575\u0578\u0582\u0576<\/em><\/h3>\n<p>\u0531\u0574\u0562\u0578\u0572\u057b \u0563\u0578\u0582\u0574\u0561\u0580\u0568 \u057e\u0565\u0580\u0561\u0564\u0561\u0580\u0571\u0576\u0565\u056c\u0578\u0582 \u0570\u0561\u0574\u0561\u0580 \u0579\u0565\u0572\u0561\u0580\u056f\u0565\u0584 \u0583\u0578\u0580\u0571\u056b \u0574\u0565\u056f\u0576\u0561\u0580\u056f\u056b \u0561\u0574\u057d\u0561\u0569\u057e\u056b\u0581 \u0561\u057c\u0576\u057e\u0561\u0566\u0576 24 \u056a\u0561\u0574 \u0561\u057c\u0561\u057b:<\/p>\n<h3>Cont\u00e1ctenos<\/h3>\n<p><em><strong>\u0531\u0580\u056f\u0561\u056e\u0561\u0575\u056b\u0576 \u0561\u0574\u0580\u0561\u0563\u0580\u0578\u0582\u0574\u0576\u0565\u0580<\/strong><\/em><br \/>\n<em><strong>\u054f\u0565\u0572\u0561\u056f\u0561\u0576 \u0587 \u0561\u0566\u0563\u0561\u0575\u056b\u0576 \u0567\u0584\u057d\u056f\u0578\u0582\u0580\u057d\u0561\u057e\u0561\u0580\u0576\u0565\u0580 \u0587 \u0570\u0575\u0578\u0582\u0580\u0565\u0580\u056b \u056e\u0561\u057c\u0561\u0575\u0578\u0582\u0569\u0575\u0578\u0582\u0576\u0576\u0565\u0580<\/strong><\/em><\/p>\n<p>\u0531\u0574\u0580\u0561\u0563\u0580\u0578\u0582\u0574\u0576\u0565\u0580. \u0547\u0580\u057b\u0561\u0563\u0561\u0575\u0578\u0582\u0569\u0575\u0578\u0582\u0576\u0576\u0565\u0580 \u0587 \u0567\u0584\u057d\u056f\u0578\u0582\u0580\u057d\u056b\u0561\u0576\u0565\u0580 \u0534\u0578\u0574.<\/p>\n<p>\ud83d\udcde \u0540\u0565\u057c\/Whatsapp +1-809-720-6035:<\/p>\n<p>\ud83d\udce9 info@bookingadventures.com.do<\/p>\n<p>Hacemos tours privados de configuraci\u00f3n flexible por Whatsapp: +18097206035.<\/p>\n\n\t\t<\/div>\n\t<\/div>\n<\/div><\/div><\/div><\/div>","protected":false},"excerpt":{"rendered":"<p>Las cascadas El Lim\u00f3n Senderismo con gu\u00edas locales. Visitando el bosque de cacao y caf\u00e9 bajo la sombra de las plantaciones de cocos. Cuando llegue a las cascadas, podr\u00e1 nadar y establecer la hora con su gu\u00eda local.<\/p>\n<p>Aprenda con los locales sobre la naturaleza y la historia de Saman\u00e1 y obtenga un viaje seguro. Obtenga sus entradas en oferta hoy.<\/p>\n<p><strong>\u053d\u0576\u0564\u0580\u0578\u0582\u0574 \u0565\u0576\u0584 \u0568\u0576\u057f\u0580\u0565\u056c \u0577\u0580\u057b\u0561\u0563\u0561\u0575\u0578\u0582\u0569\u0575\u0561\u0576 \u0561\u0574\u057d\u0561\u0569\u056b\u057e\u0568.<\/strong><\/p>","protected":false},"featured_media":130,"template":"","meta":[],"product_brand":[],"product_cat":[120,96,136,99,122,443,123,124,154],"product_tag":[137,138,140,155,142,143],"class_list":{"0":"post-593","1":"product","2":"type-product","3":"status-publish","4":"has-post-thumbnail","6":"product_cat-fees-entrace","7":"product_cat-hiking","8":"product_cat-safari-samana","9":"product_cat-swimming-natural-springs","10":"product_cat-tours-and-excursions","11":"product_cat-tours-y-excursiones-es","12":"product_cat-tours-excursions-los-haitises-national-park","13":"product_cat-tours-excursions-samana-bay-dominican-republic","14":"product_cat-trails-or-paths","15":"product_tag-bacardi-island","16":"product_tag-beach-time","17":"product_tag-el-limon-waterfalls","18":"product_tag-hiking-el-limon","19":"product_tag-samana","20":"product_tag-samana-tours","22":"first","23":"instock","24":"sale","25":"sold-individually","26":"shipping-taxable","27":"product-type-external"},"_links":{"self":[{"href":"https:\/\/toursmiches.com\/hy\/wp-json\/wp\/v2\/product\/593","targetHints":{"allow":["GET"]}}],"collection":[{"href":"https:\/\/toursmiches.com\/hy\/wp-json\/wp\/v2\/product"}],"about":[{"href":"https:\/\/toursmiches.com\/hy\/wp-json\/wp\/v2\/types\/product"}],"wp:featuredmedia":[{"embeddable":true,"href":"https:\/\/toursmiches.com\/hy\/wp-json\/wp\/v2\/media\/130"}],"wp:attachment":[{"href":"https:\/\/toursmiches.com\/hy\/wp-json\/wp\/v2\/media?parent=593"}],"wp:term":[{"taxonomy":"product_brand","embeddable":true,"href":"https:\/\/toursmiches.com\/hy\/wp-json\/wp\/v2\/product_brand?post=593"},{"taxonomy":"product_cat","embeddable":true,"href":"https:\/\/toursmiches.com\/hy\/wp-json\/wp\/v2\/product_cat?post=593"},{"taxonomy":"product_tag","embeddable":true,"href":"https:\/\/toursmiches.com\/hy\/wp-json\/wp\/v2\/product_tag?post=593"}],"curies":[{"name":"wp","href":"https:\/\/api.w.org\/{rel}","templated":true}]}}