{"id":593,"date":"2020-07-01T16:40:04","date_gmt":"2020-07-01T16:40:04","guid":{"rendered":"http:\/\/toursmiches.com\/?post_type=product&#038;p=593"},"modified":"2024-04-16T19:44:59","modified_gmt":"2024-04-16T19:44:59","slug":"excursion-cascada-el-limon-senderismo-y-natacion","status":"publish","type":"product","link":"https:\/\/toursmiches.com\/is\/miches\/excursion-cascada-el-limon-senderismo-y-natacion\/","title":{"rendered":"El Lim\u00f3n fossafer\u00f0 G\u00f6ngufer\u00f0ir og sund"},"content":{"rendered":"<div class=\"vc_row wpb_row vc_row-fluid\" ><div class=\"wpb_column vc_column_container vc_col-sm-12\"><div class=\"vc_column-inner\"><div class=\"wpb_wrapper\">[mkdf_section_title subtitle_tag=\u00bb\u00bb subtitle=\u00bbSenderismo a las cascadas\u00bb]<\/div><\/div><\/div><\/div><div class=\"vc_row wpb_row vc_row-fluid\" ><div class=\"wpb_column vc_column_container vc_col-sm-12\"><div class=\"vc_column-inner\"><div class=\"wpb_wrapper\"><div class=\"vc_empty_space\"   style=\"height: 32px\"><span class=\"vc_empty_space_inner\"><\/span><\/div><\/div><\/div><\/div><\/div><div class=\"vc_row wpb_row vc_row-fluid\" ><div class=\"wpb_column vc_column_container vc_col-sm-12\"><div class=\"vc_column-inner\"><div class=\"wpb_wrapper\">\n\t<div class=\"wpb_text_column wpb_content_element\" >\n\t\t<div class=\"wpb_wrapper\">\n\t\t\t<h2>Fer\u00f0 til El Lim\u00f3n fossa (g\u00f6ngufer\u00f0ir og sund)<\/h2>\n<h3>L\u00fdsing<\/h3>\n<p>El Lim\u00f3n fossar G\u00f6ngufer\u00f0ir me\u00f0 sta\u00f0bundnum lei\u00f0s\u00f6gum\u00f6nnum. Heims\u00f3kn \u00ed kak\u00f3- og kaffisk\u00f3ginn undir k\u00f3koshnetur\u00e6ktun. \u00deegar \u00fe\u00fa kemur a\u00f0 fossunum getur\u00f0u synt og stillt t\u00edmann me\u00f0 lei\u00f0s\u00f6gumanni \u00fe\u00ednum.<\/p>\n<p>L\u00e6r\u00f0u af heimam\u00f6nnum um n\u00e1tt\u00faru og s\u00f6gu Saman\u00e1 og nj\u00f3ttu \u00f6ruggrar fer\u00f0ar. Trygg\u00f0u \u00fe\u00e9r mi\u00f0a \u00ed s\u00f6lu \u00ed dag.<\/p>\n<ul>\n<li>G\u00f6ngufer\u00f0ir<\/li>\n<li>Lei\u00f0beiningin veitir lei\u00f0beiningar og eftirlit.<\/li>\n<li>Gj\u00f6ld \u00ed \u00fej\u00f3\u00f0gar\u00f0inn<\/li>\n<\/ul>\n<h3>Innlimun og \u00fatilokun<\/h3>\n<h4>Innifali\u00f0<\/h4>\n<ol>\n<li>G\u00f6ngufer\u00f0<\/li>\n<li>Allir skattar, gj\u00f6ld og sta\u00f0argj\u00f6ld<\/li>\n<li>\u00datsvar<\/li>\n<li>Sta\u00f0bundinn lei\u00f0s\u00f6guma\u00f0ur<\/li>\n<\/ol>\n<h4>\u00datilokanir<\/h4>\n<ol>\n<li>Matur ekki innifalinn<\/li>\n<li>\u00c1bendingar<\/li>\n<li>Flutningur<\/li>\n<li>\u00c1fengir drykkir<\/li>\n<li>Matur \u00e1 str\u00f6ndinni ekki innifalinn<\/li>\n<\/ol>\n<h3><em>Brottf\u00f6r og heimfer\u00f0<\/em><\/h3>\n<p>Fer\u00f0ama\u00f0urinn mun f\u00e1 fundarsta\u00f0 eftir b\u00f3kunarferli\u00f0. Fer\u00f0ir hefjast og l\u00fdkur \u00e1 samkomust\u00f6\u00f0um okkar.<\/p>\n<h3>Vi\u00f0 hverju m\u00e1 b\u00faast?<\/h3>\n<p>F\u00e1\u00f0u mi\u00f0a til a\u00f0 heims\u00e6kja La Cascada El Lim\u00f3n \u00ed Saman\u00e1 \u00ed g\u00f6ngufer\u00f0 me\u00f0 sta\u00f0bundnum fararstj\u00f3ra.<\/p>\n<p>El recorrido, organizado por \u00abBooking Adventures\u00bb, comienza en el punto de encuentro establecido con el gu\u00eda tur\u00edstico.<\/p>\n<p>El Lim\u00f3n fossarnir me\u00f0 fararstj\u00f3ra \u00e1 sta\u00f0num. B\u00f3ka\u00f0u g\u00f6ngufer\u00f0 um sk\u00f3ginn, umhverfis \u00e1na Lim\u00f3n, heims\u00f3ttu kak\u00f3- og kaffiplantekrur undir k\u00f3koshnetuskugga.<\/p>\n<p>Stoppa\u00f0u fyrst vi\u00f0 litla fossinn \u00fear sem venjulega er ekki miki\u00f0 af f\u00f3lki og \u00fe\u00fa getur synt um. Vi\u00f0 h\u00f6ldum svo \u00e1fram \u00ed \u00e1tt a\u00f0 st\u00f3ra fossinum \u00fear sem vi\u00f0 munum dvelja \u00ed klukkut\u00edma e\u00f0a lengur ef \u00fe\u00fa vilt.<\/p>\n<p>Eftir g\u00f6ngu getur\u00f0u stillt hvort \u00fe\u00fa vilt bor\u00f0a h\u00e1degismat gegn aukagjaldi.<\/p>\n<h3><em>Hva\u00f0 \u00e1 ma\u00f0ur a\u00f0 hafa me\u00f0 s\u00e9r?<\/em><\/h3>\n<ul>\n<li>Myndav\u00e9l<\/li>\n<li>F\u00e6lingarefni<\/li>\n<li>s\u00f3larv\u00f6rn<\/li>\n<li>Hattur<\/li>\n<li>\u00de\u00e6gilegar buxur<\/li>\n<li>Sk\u00f3garg\u00f6ngusk\u00f3r<\/li>\n<li>Sundf\u00f6t<\/li>\n<\/ul>\n<h3><em>Heims\u00f3kn \u00e1 h\u00f3tel<\/em><\/h3>\n<p>Ekki er bo\u00f0i\u00f0 upp \u00e1 a\u00f0 s\u00e6kja h\u00f3tel \u00ed \u00feessa fer\u00f0.<\/p>\n<p><strong>Athugi\u00f0:<\/strong> Ef \u00fe\u00fa b\u00f3kar innan 24 klukkustunda fr\u00e1 brottfarart\u00edma fer\u00f0arinnar\/fer\u00f0arinnar, getum vi\u00f0 \u00fatvega\u00f0 flutning \u00e1 h\u00f3teli gegn aukagjaldi. \u00deegar kaupunum \u00fe\u00ednum er loki\u00f0 munum vi\u00f0 senda \u00fe\u00e9r allar uppl\u00fdsingar um tengili\u00f0i (s\u00edman\u00famer, netfang osfrv.) fyrir sta\u00f0bundinn fararstj\u00f3ra til a\u00f0 skipuleggja afhendingu.<\/p>\n<h3><em>Sta\u00f0festing \u00e1 vi\u00f0b\u00f3taruppl\u00fdsingum<\/em><\/h3>\n<ul>\n<li>Mi\u00f0arnir eru kvittunin eftir a\u00f0 hafa greitt fyrir \u00feessa fer\u00f0. \u00de\u00fa getur s\u00fdnt grei\u00f0sluna \u00ed s\u00edmanum \u00fe\u00ednum.<\/li>\n<li>Fundarsta\u00f0urinn mun berast eftir b\u00f3kunarferli\u00f0.<\/li>\n<li>B\u00f6rn ver\u00f0a a\u00f0 vera \u00ed fylgd me\u00f0 fullor\u00f0num.<\/li>\n<li>Ekki a\u00f0gengilegt fyrir hj\u00f3last\u00f3la<\/li>\n<li>Ungb\u00f6rn \u00e6ttu a\u00f0 sitja \u00ed barnast\u00f3l e\u00f0a me\u00f0 fullor\u00f0num<\/li>\n<li>Ekki m\u00e6lt me\u00f0 fyrir fer\u00f0amenn me\u00f0 bakvandam\u00e1l.<\/li>\n<li>Ekki m\u00e6lt me\u00f0 \u00fev\u00ed fyrir barnshafandi konur.<\/li>\n<li>Engin hjartavandam\u00e1l e\u00f0a \u00f6nnur alvarleg sj\u00fakd\u00f3ms\u00e1stand.<\/li>\n<li>Flestir fer\u00f0amenn geta teki\u00f0 \u00fe\u00e1tt.<\/li>\n<\/ul>\n<h3><em>Afp\u00f6ntunarreglur<\/em><\/h3>\n<p>Til a\u00f0 f\u00e1 fulla endurgrei\u00f0slu, afb\u00f3ka\u00f0u a\u00f0 minnsta kosti 24 klukkustundum fyrir upphafsdag upplifunar.<\/p>\n<h3>Haf\u00f0u samband vi\u00f0 okkur<\/h3>\n<p><em><strong>\u00c6vint\u00fdrapantanir<\/strong><\/em><br \/>\n<em><strong>Fararstj\u00f3rar \u00e1 sta\u00f0num og innanlands og gesta\u00fej\u00f3nusta<\/strong><\/em><\/p>\n<p>B\u00f3kanir: Fer\u00f0ir og sko\u00f0unarfer\u00f0ir \u00ed Dom. Rep.<\/p>\n<p>\ud83d\udcde S\u00edmi\/Whatsapp +1-809-720-6035.<\/p>\n<p>\ud83d\udce9 info@bookingadventures.com.do<\/p>\n<p>Vi\u00f0 gerum einkafer\u00f0ir me\u00f0 sveigjanlegri uppsetningu me\u00f0 Whatsapp: +18097206035.<\/p>\n\n\t\t<\/div>\n\t<\/div>\n<\/div><\/div><\/div><\/div>","protected":false},"excerpt":{"rendered":"<p>El Lim\u00f3n fossar G\u00f6ngufer\u00f0ir me\u00f0 sta\u00f0bundnum lei\u00f0s\u00f6gum\u00f6nnum. Heims\u00f3kn \u00ed kak\u00f3- og kaffisk\u00f3ginn \u00ed skugga k\u00f3koshnetuplantranna. \u00deegar \u00fe\u00fa kemur a\u00f0 fossunum getur\u00f0u synt og stillt t\u00edmann me\u00f0 lei\u00f0s\u00f6gumanni \u00fe\u00ednum.<\/p>\n<p>L\u00e6r\u00f0u af heimam\u00f6nnum um n\u00e1tt\u00faru og s\u00f6gu Saman\u00e1 og f\u00e1\u00f0u \u00f6rugga fer\u00f0. Trygg\u00f0u \u00fe\u00e9r mi\u00f0a \u00ed s\u00f6lu \u00ed dag.<\/p>\n<p><strong>Vinsamlegast veldu dagsetningu fyrir fer\u00f0ina:<\/strong><\/p>","protected":false},"featured_media":130,"template":"","meta":[],"product_brand":[],"product_cat":[120,96,136,99,122,443,123,124,154],"product_tag":[137,138,140,155,142,143],"class_list":{"0":"post-593","1":"product","2":"type-product","3":"status-publish","4":"has-post-thumbnail","6":"product_cat-fees-entrace","7":"product_cat-hiking","8":"product_cat-safari-samana","9":"product_cat-swimming-natural-springs","10":"product_cat-tours-and-excursions","11":"product_cat-tours-y-excursiones-es","12":"product_cat-tours-excursions-los-haitises-national-park","13":"product_cat-tours-excursions-samana-bay-dominican-republic","14":"product_cat-trails-or-paths","15":"product_tag-bacardi-island","16":"product_tag-beach-time","17":"product_tag-el-limon-waterfalls","18":"product_tag-hiking-el-limon","19":"product_tag-samana","20":"product_tag-samana-tours","22":"first","23":"instock","24":"sale","25":"sold-individually","26":"shipping-taxable","27":"product-type-external"},"_links":{"self":[{"href":"https:\/\/toursmiches.com\/is\/wp-json\/wp\/v2\/product\/593","targetHints":{"allow":["GET"]}}],"collection":[{"href":"https:\/\/toursmiches.com\/is\/wp-json\/wp\/v2\/product"}],"about":[{"href":"https:\/\/toursmiches.com\/is\/wp-json\/wp\/v2\/types\/product"}],"wp:featuredmedia":[{"embeddable":true,"href":"https:\/\/toursmiches.com\/is\/wp-json\/wp\/v2\/media\/130"}],"wp:attachment":[{"href":"https:\/\/toursmiches.com\/is\/wp-json\/wp\/v2\/media?parent=593"}],"wp:term":[{"taxonomy":"product_brand","embeddable":true,"href":"https:\/\/toursmiches.com\/is\/wp-json\/wp\/v2\/product_brand?post=593"},{"taxonomy":"product_cat","embeddable":true,"href":"https:\/\/toursmiches.com\/is\/wp-json\/wp\/v2\/product_cat?post=593"},{"taxonomy":"product_tag","embeddable":true,"href":"https:\/\/toursmiches.com\/is\/wp-json\/wp\/v2\/product_tag?post=593"}],"curies":[{"name":"wp","href":"https:\/\/api.w.org\/{rel}","templated":true}]}}