{"id":595,"date":"2020-07-02T12:43:09","date_gmt":"2020-07-02T12:43:09","guid":{"rendered":"http:\/\/toursmiches.com\/?post_type=product&#038;p=595"},"modified":"2024-04-16T18:46:40","modified_gmt":"2024-04-16T18:46:40","slug":"excursion-cascada-el-limon-con-caballos","status":"publish","type":"product","link":"https:\/\/toursmiches.com\/ja\/miches\/excursion-cascada-el-limon-con-caballos\/","title":{"rendered":"Excursi\u00f3n Cascada El Lim\u00f3n con Caballos"},"content":{"rendered":"<div class=\"vc_row wpb_row vc_row-fluid\" ><div class=\"wpb_column vc_column_container vc_col-sm-12\"><div class=\"vc_column-inner\"><div class=\"wpb_wrapper\">[mkdf_section_title subtitle_tag=\u00bb\u00bb subtitle=\u00bbViaje normal pero privado\u00bb]<\/div><\/div><\/div><\/div><div class=\"vc_row wpb_row vc_row-fluid\" ><div class=\"wpb_column vc_column_container vc_col-sm-12\"><div class=\"vc_column-inner\"><div class=\"wpb_wrapper\">\n\t<div class=\"wpb_text_column wpb_content_element\" >\n\t\t<div class=\"wpb_wrapper\">\n\t\t\t<h2>Tour a las cascadas de El Lim\u00f3n (caballos y nataci\u00f3n) + almuerzo<\/h2>\n<h3>\u8aac\u660e<\/h3>\n<p>Este es un tour privado a las cascadas El Lim\u00f3n con paseos a caballo o senderismo. Visitando el bosque de cacao y caf\u00e9 bajo las plantas de cocos. Cuando llegue a las cascadas, podr\u00e1 nadar y establecer la hora con su gu\u00eda local. Despu\u00e9s disfrutar de un almuerzo t\u00edpico en la comunidad de El Lim\u00f3n.<\/p>\n<p>Aprenda con los locales y obtenga un viaje seguro. Obtenga sus entradas en oferta hoy.<\/p>\n<ul>\n<li>Incluye almuerzo<\/li>\n<li>A caballo o senderismo<\/li>\n<li>El gu\u00eda proporciona instrucciones y supervisi\u00f3n.<\/li>\n<li>Tarifas al Parque Nacional<\/li>\n<\/ul>\n<h3>\u5305\u542b\u3068\u9664\u5916<\/h3>\n<h4>\u5185\u5305\u7269<\/h4>\n<ol>\n<li>Almuerzo Buffet en El Lim\u00f3n.<\/li>\n<li>Excursi\u00f3n a pie o a caballo<\/li>\n<li>Todos los impuestos, tarifas y cargos por manejo<\/li>\n<li>\u5730\u65b9\u7a0e<\/li>\n<li>\u30c9\u30ea\u30f3\u30af<\/li>\n<li>\u3059\u3079\u3066\u306e\u6d3b\u52d5<\/li>\n<li>\u5730\u5143\u30ac\u30a4\u30c9<\/li>\n<\/ol>\n<h3>\u9664\u5916\u4e8b\u9805<\/h3>\n<ol>\n<li>\u30c1\u30c3\u30d7<\/li>\n<li>\u8f38\u9001<\/li>\n<li>\u30a2\u30eb\u30b3\u30fc\u30eb\u98f2\u6599<\/li>\n<li>Comida en la playa<\/li>\n<\/ol>\n<h3><em>\u51fa\u767a\u3068\u5e30\u56fd<\/em><\/h3>\n<p>\u65c5\u884c\u8005\u306f\u4e88\u7d04\u624b\u7d9a\u304d\u5f8c\u306b\u96c6\u5408\u5834\u6240\u3092\u53d6\u5f97\u3057\u307e\u3059\u3002\u30c4\u30a2\u30fc\u306f\u96c6\u5408\u5834\u6240\u3067\u59cb\u307e\u308a\u3001\u96c6\u5408\u5834\u6240\u3067\u7d42\u4e86\u3057\u307e\u3059\u3002<\/p>\n<h3><em>\u4f55\u3092\u671f\u5f85\u3057\u307e\u3059\uff1f<\/em><\/h3>\n<p>Obtenga sus boletos para visitar Las Cascacadas El Lim\u00f3n en Saman\u00e1 y un maravilloso almuerzo en el restaurante El Lim\u00f3n.<\/p>\n<p>El recorrido, organizado por \u00abBooking Adventures\u00bb, comienza en el punto de encuentro establecido con el gu\u00eda tur\u00edstico.<\/p>\n<p>Los mejores viajes privados a las cascadas de El Lim\u00f3n con un gu\u00eda tur\u00edstico local. Reserve un viaje a caballo por el bosque, rodeando el r\u00edo Lim\u00f3n, visitando plantaciones de cacao y caf\u00e9 bajo la sombra de coco.<\/p>\n<p>Primero, det\u00e9ngase en la peque\u00f1a cascada donde generalmente no hay mucha gente y puede nadar. Luego continuamos hacia la gran cascada donde nos quedaremos durante una hora o m\u00e1s si lo desea.<\/p>\n<p>Llevar los caballos de vuelta al restaurante donde disfrutaremos de un almuerzo t\u00edpico en la playa. Pescado frito con Tostones y Ensalada o puede obtener otras opciones en el men\u00fa con cargos adicionales.<\/p>\n<p>Almuerce en el restaurante de la comunidad de El Lim\u00f3n y podr\u00e1 quedarse todo el tiempo que quiera nadando. Si eres vegano, tambi\u00e9n podemos prepararte algo de comida.<\/p>\n<h3><em>\u4f55\u3092\u6301\u3063\u3066\u884c\u3051\u3070\u3044\u3044\u3067\u3059\u304b\uff1f<\/em><\/h3>\n<ul>\n<li>\u30ab\u30e1\u30e9<\/li>\n<li>\u5fcc\u907f\u5264<\/li>\n<li>\u65e5\u713c\u3051\u6b62\u3081<\/li>\n<li>\u5e3d\u5b50<\/li>\n<li>\u5feb\u9069\u306a\u30d1\u30f3\u30c4<\/li>\n<li>\u68ee\u6797\u30cf\u30a4\u30ad\u30f3\u30b0\u30b7\u30e5\u30fc\u30ba<\/li>\n<li>\u6c34\u7740<\/li>\n<\/ul>\n<h3><em>\u30db\u30c6\u30eb\u3078\u306e\u304a\u8fce\u3048<\/em><\/h3>\n<p>\u3053\u306e\u30c4\u30a2\u30fc\u3067\u306f\u30db\u30c6\u30eb\u3078\u306e\u304a\u8fce\u3048\u306f\u63d0\u4f9b\u3055\u308c\u307e\u305b\u3093\u3002<\/p>\n<p><strong>\u6ce8\u8a18\uff1a<\/strong> \u30c4\u30a2\u30fc\/\u5c0f\u65c5\u884c\u306e\u51fa\u767a\u6642\u523b\u306e 24 \u6642\u9593\u4ee5\u5185\u306b\u3054\u4e88\u7d04\u3044\u305f\u3060\u3044\u305f\u5834\u5408\u306f\u3001\u8ffd\u52a0\u6599\u91d1\u3067\u30db\u30c6\u30eb\u3078\u306e\u304a\u8fce\u3048\u3092\u624b\u914d\u3067\u304d\u307e\u3059\u3002\u3054\u8cfc\u5165\u304c\u5b8c\u4e86\u3059\u308b\u3068\u3001\u304a\u8fce\u3048\u306e\u624b\u914d\u3092\u3059\u308b\u305f\u3081\u306e\u73fe\u5730\u30c4\u30a2\u30fc \u30ac\u30a4\u30c9\u306e\u5b8c\u5168\u306a\u9023\u7d61\u5148\u60c5\u5831 (\u96fb\u8a71\u756a\u53f7\u3001\u96fb\u5b50\u30e1\u30fc\u30eb \u30a2\u30c9\u30ec\u30b9\u306a\u3069) \u3092\u304a\u9001\u308a\u3057\u307e\u3059\u3002<\/p>\n<h3><em>\u8ffd\u52a0\u60c5\u5831\u306e\u78ba\u8a8d<\/em><\/h3>\n<ul>\n<li>\u30c1\u30b1\u30c3\u30c8\u306f\u30c4\u30a2\u30fc\u4ee3\u91d1\u3092\u652f\u6255\u3063\u305f\u5f8c\u306e\u9818\u53ce\u66f8\u3068\u306a\u308a\u307e\u3059\u3002\u643a\u5e2f\u96fb\u8a71\u3067\u652f\u6255\u3044\u3092\u8868\u793a\u3067\u304d\u307e\u3059\u3002<\/li>\n<li>\u4e88\u7d04\u624b\u7d9a\u304d\u5f8c\u306b\u96c6\u5408\u5834\u6240\u3092\u53d7\u3051\u53d6\u308a\u307e\u3059\u3002<\/li>\n<li>\u304a\u5b50\u69d8\u306b\u306f\u5927\u4eba\u306e\u540c\u4f34\u304c\u5fc5\u8981\u3067\u3059\u3002<\/li>\n<li>\u8eca\u6905\u5b50\u3067\u306f\u30a2\u30af\u30bb\u30b9\u3067\u304d\u307e\u305b\u3093<\/li>\n<li>Los infantes deben sentarse en un asiento para beb\u00e9s ocon un adulto<\/li>\n<li>\u80cc\u4e2d\u306b\u554f\u984c\u304c\u3042\u308b\u65c5\u884c\u8005\u306b\u306f\u304a\u52e7\u3081\u3067\u304d\u307e\u305b\u3093\u3002<\/li>\n<li>\u598a\u5a20\u4e2d\u306e\u5973\u6027\u306b\u306f\u304a\u52e7\u3081\u3067\u304d\u307e\u305b\u3093\u3002<\/li>\n<li>\u5fc3\u81d3\u306e\u554f\u984c\u3084\u305d\u306e\u4ed6\u306e\u91cd\u7be4\u306a\u75c5\u72b6\u306f\u3042\u308a\u307e\u305b\u3093\u3002<\/li>\n<li>\u307b\u3068\u3093\u3069\u306e\u65c5\u884c\u8005\u304c\u53c2\u52a0\u3067\u304d\u307e\u3059\u3002<\/li>\n<\/ul>\n<h3><em>\u53d6\u308a\u6d88\u3057\u898f\u7d04<\/em><\/h3>\n<p>\u5168\u984d\u8fd4\u91d1\u3092\u3054\u5e0c\u671b\u306e\u5834\u5408\u306f\u3001\u4f53\u9a13\u958b\u59cb\u65e5\u306e\u5c11\u306a\u304f\u3068\u3082 24 \u6642\u9593\u524d\u307e\u3067\u306b\u30ad\u30e3\u30f3\u30bb\u30eb\u3057\u3066\u304f\u3060\u3055\u3044\u3002<\/p>\n\n\t\t<\/div>\n\t<\/div>\n<\/div><\/div><\/div><\/div><div class=\"vc_row wpb_row vc_row-fluid\" ><div class=\"wpb_column vc_column_container vc_col-sm-12\"><div class=\"vc_column-inner\"><div class=\"wpb_wrapper\"><div class=\"vc_empty_space\"   style=\"height: 32px\"><span class=\"vc_empty_space_inner\"><\/span><\/div>\n\t<div class=\"wpb_text_column wpb_content_element\" >\n\t\t<div class=\"wpb_wrapper\">\n\t\t\t<h4>Cont\u00e1ctenos<\/h4>\n<h5>\u30a2\u30c9\u30d9\u30f3\u30c1\u30e3\u30fc\u306e\u4e88\u7d04<\/h5>\n<p><em><strong>\u5730\u5143\u304a\u3088\u3073\u5168\u56fd\u306e\u30c4\u30a2\u30fc\u30ac\u30a4\u30c9\u3068\u30b2\u30b9\u30c8\u30b5\u30fc\u30d3\u30b9<\/strong><\/em><\/p>\n<p>\u4e88\u7d04: Dom\u306e\u30c4\u30a2\u30fc\u3068\u30a8\u30af\u30b9\u30ab\u30fc\u30b7\u30e7\u30f3\u3002<\/p>\n<p>\u96fb\u8a71\/Whatsapp +1-809-720-6035\u3002<\/p>\n<p>info@bookingadventures.com.do<\/p>\n<p>Whatsapp: +18097206035 \u306b\u3088\u308b\u67d4\u8edf\u306a\u69cb\u6210\u306e\u30d7\u30e9\u30a4\u30d9\u30fc\u30c8 \u30c4\u30a2\u30fc\u3092\u884c\u3063\u3066\u3044\u307e\u3059\u3002<\/p>\n\n\t\t<\/div>\n\t<\/div>\n<div class=\"vc_empty_space\"   style=\"height: 32px\"><span class=\"vc_empty_space_inner\"><\/span><\/div><\/div><\/div><\/div><\/div>","protected":false},"excerpt":{"rendered":"<p><strong>Por favor seleccione la fecha para el Tour:<\/strong><\/p>","protected":false},"featured_media":131,"template":"","meta":[],"product_brand":[],"product_cat":[120,96,97,135,136,122,443,123,124],"product_tag":[138,140,155,156,142,143],"class_list":{"0":"post-595","1":"product","2":"type-product","3":"status-publish","4":"has-post-thumbnail","6":"product_cat-fees-entrace","7":"product_cat-hiking","8":"product_cat-horse-riding-to-waterfalls","9":"product_cat-lunch","10":"product_cat-safari-samana","11":"product_cat-tours-and-excursions","12":"product_cat-tours-y-excursiones-es","13":"product_cat-tours-excursions-los-haitises-national-park","14":"product_cat-tours-excursions-samana-bay-dominican-republic","15":"product_tag-beach-time","16":"product_tag-el-limon-waterfalls","17":"product_tag-hiking-el-limon","18":"product_tag-horses-el-limon","19":"product_tag-samana","20":"product_tag-samana-tours","22":"first","23":"instock","24":"sale","25":"featured","26":"sold-individually","27":"shipping-taxable","28":"product-type-external"},"_links":{"self":[{"href":"https:\/\/toursmiches.com\/ja\/wp-json\/wp\/v2\/product\/595","targetHints":{"allow":["GET"]}}],"collection":[{"href":"https:\/\/toursmiches.com\/ja\/wp-json\/wp\/v2\/product"}],"about":[{"href":"https:\/\/toursmiches.com\/ja\/wp-json\/wp\/v2\/types\/product"}],"wp:featuredmedia":[{"embeddable":true,"href":"https:\/\/toursmiches.com\/ja\/wp-json\/wp\/v2\/media\/131"}],"wp:attachment":[{"href":"https:\/\/toursmiches.com\/ja\/wp-json\/wp\/v2\/media?parent=595"}],"wp:term":[{"taxonomy":"product_brand","embeddable":true,"href":"https:\/\/toursmiches.com\/ja\/wp-json\/wp\/v2\/product_brand?post=595"},{"taxonomy":"product_cat","embeddable":true,"href":"https:\/\/toursmiches.com\/ja\/wp-json\/wp\/v2\/product_cat?post=595"},{"taxonomy":"product_tag","embeddable":true,"href":"https:\/\/toursmiches.com\/ja\/wp-json\/wp\/v2\/product_tag?post=595"}],"curies":[{"name":"wp","href":"https:\/\/api.w.org\/{rel}","templated":true}]}}