{"id":11630,"date":"2023-10-04T07:39:46","date_gmt":"2023-10-04T07:39:46","guid":{"rendered":"http:\/\/toursmiches.com\/?post_type=product&#038;p=11630"},"modified":"2024-04-01T18:42:46","modified_gmt":"2024-04-01T18:42:46","slug":"birdwatching-in-los-haitises-national-park-3","status":"publish","type":"product","link":"https:\/\/toursmiches.com\/jv\/miches\/birdwatching-in-los-haitises-national-park-3\/","title":{"rendered":"Pengamatan manuk ing Taman Nasional Los Haitises"},"content":{"rendered":"<div class=\"vc_row wpb_row vc_row-fluid\" ><div class=\"wpb_column vc_column_container vc_col-sm-12\"><div class=\"vc_column-inner\"><div class=\"wpb_wrapper\">[mkdf_section_title title_tag=\u00bb\u00bb disable_break_words=\u00bbno\u00bb subtitle_tag=\u00bb\u00bb title=\u00bbRidgway&#8217;s Hawk Tour\u00bb subtitle=\u00bbBirding in Los Haitises National Park\u00bb]<div class=\"vc_empty_space\"   style=\"height: 32px\"><span class=\"vc_empty_space_inner\"><\/span><\/div><div class=\"vc_message_box vc_message_box-standard vc_message_box-rounded vc_color-info\" ><div class=\"vc_message_box-icon\"><i class=\"fas fa-info-circle\"><\/i><\/div><p>Check List update in Los Haitises National Park:\u00a0 <a href=\"https:\/\/www.ticketswhales.com\/los-haitises-national-park-birdwatching-check-list-update\/\" target=\"_blank\" rel=\"noopener\">Click Here<\/a><\/p>\n<\/div><div class=\"vc_empty_space\"   style=\"height: 32px\"><span class=\"vc_empty_space_inner\"><\/span><\/div><\/div><\/div><\/div><\/div><div class=\"vc_row wpb_row vc_row-fluid\" ><div class=\"wpb_column vc_column_container vc_col-sm-12\"><div class=\"vc_column-inner\"><div class=\"wpb_wrapper\"><div class=\"vc_btn3-container vc_btn3-inline\" ><button class=\"vc_general vc_btn3 vc_btn3-size-md vc_btn3-shape-rounded vc_btn3-style-modern vc_btn3-color-green\">BUKU SAIKI<\/button><\/div>\n\t<div class=\"wpb_text_column wpb_content_element\" >\n\t\t<div class=\"wpb_wrapper\">\n\t\t\t<h4><b><i>Ringkesan <\/i><\/b><\/h4>\n<section><\/section>\n<p>Kita ngreksa 110 spesies manuk sing bisa ditemokake ing Taman Nasional Los Haitises. Mlaku-mlaku liwat alas gaib iki kanggo nggoleki manuk beo, Todys, Ridgway&#039;s Hawks, tanagers, manuk kolibri, lan liya-liyane. Nyedhiyakake Sejarah sing menarik babagan kabeh manuk iki sing bisa dideleng ing dalan Humit. Kita ngerti habitat bintik-bintik Ridgway&#039;s, Ashy Faced Owls lan spesies endemik liyane. Tur iki fokus ing alam lan luwih fokus ing informasi babagan satwa.<\/p>\n<p><strong>Biasane iku tur pribadi kanggo pengalaman kualitas saestu dhuwur.<\/strong><\/p>\n<h4><\/h4>\n<h4><b>Inklusi &amp; Pengecualian<\/b><\/h4>\n<p><b>Inklusi<\/b><\/p>\n<ol>\n<li style=\"font-weight: 400;\">3 jam manuk mlaku ing jalur taman<\/li>\n<li style=\"font-weight: 400;\"><span style=\"font-weight: 400;\">Kabeh pajak, ragad lan biaya penanganan<\/span><\/li>\n<li style=\"font-weight: 400;\"><span style=\"font-weight: 400;\">Pajak lokal<\/span><\/li>\n<li style=\"font-weight: 400;\">Officials Ecologist tour guide Inggris\/Spanyol<\/li>\n<\/ol>\n<p><b> Pengecualian<\/b><\/p>\n<ol>\n<li style=\"font-weight: 400;\"><span style=\"font-weight: 400;\">Gratuities<\/span><\/li>\n<li style=\"font-weight: 400;\"><span style=\"font-weight: 400;\">Transfer<\/span><\/li>\n<li style=\"font-weight: 400;\"><span style=\"font-weight: 400;\">wedang<\/span><\/li>\n<\/ol>\n<p>&nbsp;<\/p>\n<h4><em><strong>Mangkat &amp; Bali<\/strong><\/em><\/h4>\n<p><span style=\"font-weight: 400;\">The tour, organized by \u00abBooking Adventures\u00bb starts at the meeting point set with the Tour Guide. The traveler will get a meeting point after the Reservation Process. Tours start and Finished in our meeting points.<\/span><\/p>\n<p>&nbsp;<\/p>\n<h4><b><i>Apa sing Dikarepake?<\/i><\/b><\/h4>\n<p><em><strong>Entuk tiket<\/strong><\/em> kanggo nonton manuk ing Taman Nasional Los Haitises.<\/p>\n<p>Ekskursi iki diwiwiti saka titik temu kanthi hiking jalur Ridgway menyang wilayah Nesting. Sawise 30 min hiking lan nonton Hawks kita duwe pilihan kanggo nerusake hiking mubeng lan mriksa Parrots, piculets, lan spesies Endemik Liyane ing Los Haitises National Park.<\/p>\n<p>Los Haitises National Park wis mung loro Trails kanggo Birding ing Sabana de la Mar. Ing cara kanggo Los Hiatises National Park kita mandheg ing sawetara panggonan kanggo ndeleng manuk liyane.<\/p>\n<p>Wis ing Teluk San Lorenzo. kita bakal ngunjungi loro Caves, Sadly Cave disebut ing Spanyol Cueva de la Arena; ing Guwa iki, kita bisa ndeleng petrographs saka komunitas Tainos sing padha tetep watara wilayah iki. lan nggunakake guwa minangka candhi.<\/p>\n<p>Sawis\u00e9 iku, kita pindhah menyang guwa Linea, sing siji karo 2.243 pictographs asli lan guide guide nerangake kanggo sampeyan informasi saka arkeolog bab pictographs.<\/p>\n<p>Numpak prau bali maneh menyang pulo Pajaros (Pulo Burung) ing ngendi kita bisa ndeleng akeh manuk wetlands ing Taman Nasional Los Haitises. Mung amarga kabeh manuk ora ana ing Banyu.<\/p>\n<p>Sawise 4 lan setengah jam sinau babagan manuk ing Taman Nasional Los Haitises, dolan iki rampung ing panggonan sing padha diwiwiti.<\/p>\n<p><strong>Cathetan: Tur iki karo pemandu wisata Ekologi Pejabat. Mangga Book karo wektu amarga ing taman ora akeh banget spesialis.<\/strong><\/p>\n<p>&nbsp;<\/p>\n<h4><em><strong>Apa sampeyan kudu nggawa?<\/strong><\/em><\/h4>\n<ul>\n<li style=\"font-weight: 400;\"><span style=\"font-weight: 400;\">kamera<\/span><\/li>\n<li>teropong<\/li>\n<li style=\"font-weight: 400;\"><span style=\"font-weight: 400;\">Repellent buds<\/span><\/li>\n<li style=\"font-weight: 400;\"><span style=\"font-weight: 400;\">suncream<\/span><\/li>\n<li style=\"font-weight: 400;\"><span style=\"font-weight: 400;\">Topi<\/span><\/li>\n<li style=\"font-weight: 400;\"><span style=\"font-weight: 400;\">Celana sing nyaman<\/span><\/li>\n<li style=\"font-weight: 400;\"><span style=\"font-weight: 400;\">Sepatu hiking kanggo alas<\/span><\/li>\n<li style=\"font-weight: 400;\"><span style=\"font-weight: 400;\">Sandal menyang wilayah Spring.<\/span><\/li>\n<li style=\"font-weight: 400;\"><span style=\"font-weight: 400;\">Sandhangan renang<\/span><\/li>\n<\/ul>\n<p>&nbsp;<\/p>\n<h4><b><i>Hotel Pickup <\/i><\/b><\/h4>\n<p><span style=\"font-weight: 400;\">Pick-up hotel ora ditawakake kanggo tur iki. <\/span><\/p>\n<p>&nbsp;<\/p>\n<p><b>Cathetan:<\/b><span style=\"font-weight: 400;\"> Yen sampeyan wis dipesen ing 24 jam saka demo \/ Excursion wektu departure, kita bisa ngatur hotel Pick-up karo biaya ekstra. Sawise tuku rampung, kita bakal ngirim informasi kontak lengkap (nomer telpon, alamat email, etc.) kanggo Tour guide lokal kanggo ngatur noto pick-up.<\/span><\/p>\n<h4><b><i>Konfirmasi Info Tambahan <\/i><\/b><\/h4>\n<ol>\n<li>Tiket minangka Resi sawise mbayar Tour iki. Sampeyan bisa nuduhake pembayaran ing telpon.<\/li>\n<li style=\"font-weight: 400;\"><span style=\"font-weight: 400;\">Titik Temu Bakal ditampa Sawise Proses Reservasi.<\/span><\/li>\n<li style=\"font-weight: 400;\"><span style=\"font-weight: 400;\">Anak kudu diiringi wong diwasa.<\/span><\/li>\n<li style=\"font-weight: 400;\"><span style=\"font-weight: 400;\"> Ora bisa diakses kursi rodha <\/span><\/li>\n<li style=\"font-weight: 400;\"><span style=\"font-weight: 400;\">Bayi kudu lungguh ing puteran <\/span><\/li>\n<li style=\"font-weight: 400;\"><span style=\"font-weight: 400;\">Ora dianjurake kanggo lelungan karo masalah bali<\/span><\/li>\n<li style=\"font-weight: 400;\"><span style=\"font-weight: 400;\">Ora dianjurake kanggo lelungan ngandhut <\/span><\/li>\n<li style=\"font-weight: 400;\"><span style=\"font-weight: 400;\"> Ora ana masalah jantung utawa kondisi medis serius liyane <\/span><\/li>\n<li style=\"font-weight: 400;\"><span style=\"font-weight: 400;\">Paling lelungan bisa melu<\/span><\/li>\n<\/ol>\n<p>Tur iki ditawakake Minimal 2 wong lan maksimal 15 wong. Yen kurang wong, hubungi kita.<\/p>\n<h4><b><i>Kebijakan Pembatalan<\/i><\/b><\/h4>\n<p>For a full refund, please read our Cancellations policies\u00a0<a href=\"https:\/\/www.ticketswhales.com\/online-booking\/\" target=\"_blank\" rel=\"noopener\" data-saferedirecturl=\"https:\/\/www.google.com\/url?q=https:\/\/www.ticketswhales.com\/online-booking\/&amp;source=gmail&amp;ust=1672449202351000&amp;usg=AOvVaw1yAeVAPktmaVCqDujgUn90\">Click here<\/a>. Funds will be lost if the reservation is canceled the same day of the trip.<\/p>\n\n\t\t<\/div>\n\t<\/div>\n<\/div><\/div><\/div><\/div><div class=\"vc_row wpb_row vc_row-fluid\" ><\/div><div class=\"wpb_column vc_column_container vc_col-sm-12\"><div class=\"vc_column-inner\"><div class=\"wpb_wrapper\"><div class=\"vc_message_box vc_message_box-standard vc_message_box-rounded vc_color-info\" ><div class=\"vc_message_box-icon\"><i class=\"fas fa-info-circle\"><\/i><\/div><p>Check List update in Los Haitises National Park:\u00a0 <a href=\"https:\/\/www.ticketswhales.com\/los-haitises-national-park-birdwatching-check-list-update\/\" target=\"_blank\" rel=\"noopener\">Click Here<\/a><\/p>\n<\/div><\/div><\/div><\/div><div class=\"vc_row wpb_row vc_row-fluid\" ><div class=\"wpb_column vc_column_container vc_col-sm-12\"><div class=\"vc_column-inner\"><div class=\"wpb_wrapper\"><div class=\"vc_btn3-container vc_btn3-inline\" ><button class=\"vc_general vc_btn3 vc_btn3-size-md vc_btn3-shape-rounded vc_btn3-style-modern vc_btn3-color-green\">BUKU SAIKI<\/button><\/div><\/div><\/div><\/div><\/div>","protected":false},"excerpt":{"rendered":"<p><span style=\"vertical-align: inherit;\"><span style=\"vertical-align: inherit;\">Viaje al Parque Nacional Los Haitises con un gu\u00eda tur\u00edstico local que se concentra en la observaci\u00f3n de aves + Cuevas. <\/span><span style=\"vertical-align: inherit;\">Visitando los Cayos en el Parque Nacional Los Haitises, Manglares, Vegetaci\u00f3n, Observaci\u00f3n de aves, Cuevas, Pictogramas y las \u00e1reas hist\u00f3ricas de Sabana de la Mar en el Parque Nacional Los Haitises.<\/span><\/span><\/p>\n<p>&nbsp;<\/p>\n<p><em><strong><span style=\"vertical-align: inherit;\"><span style=\"vertical-align: inherit;\">Seleccione la fecha para el tour\u00a0<\/span><\/span><\/strong><\/em><\/p>","protected":false},"featured_media":84,"template":"","meta":[],"product_brand":[],"product_cat":[565,577,119,120,96,98,121,122,123,124],"product_tag":[176,177,178,179,448,180,181,182,183,184,185,186,132,187,133,189,190,191,192,114,142,147,193],"class_list":{"0":"post-11630","1":"product","2":"type-product","3":"status-publish","4":"has-post-thumbnail","6":"product_cat-1-sabana-de-la-mar","7":"product_cat-birdwatching-los-haitises","8":"product_cat-caves","9":"product_cat-fees-entrace","10":"product_cat-hiking","11":"product_cat-local-tour-guides","12":"product_cat-mangroves","13":"product_cat-tours-and-excursions","14":"product_cat-tours-excursions-los-haitises-national-park","15":"product_cat-tours-excursions-samana-bay-dominican-republic","16":"product_tag-biding-sabana-de-la-mar","17":"product_tag-birding","18":"product_tag-birding-dominican-republic","19":"product_tag-birding-in-los-haitises","20":"product_tag-birding-tour-from-punta-cana","21":"product_tag-birdwatching","22":"product_tag-birdwatching-dominicana","23":"product_tag-birdwtaching","24":"product_tag-boat-tour-birding","25":"product_tag-carretera-cano-hondo","26":"product_tag-eco-lodge-paraiso-cano-hondo","27":"product_tag-hire-a-guide-in-los-haitises","28":"product_tag-los-haitises","29":"product_tag-los-haitises-birding","30":"product_tag-los-haitises-national-park","31":"product_tag-los-haitises-national-park-cano-hondo","32":"product_tag-los-haitises-samana","33":"product_tag-nature","34":"product_tag-ridgways-hawk","35":"product_tag-sabana-de-la-mar","36":"product_tag-samana","37":"product_tag-samana-bay","38":"product_tag-wildlife","40":"first","41":"instock","42":"sale","43":"sold-individually","44":"shipping-taxable","45":"product-type-external"},"_links":{"self":[{"href":"https:\/\/toursmiches.com\/jv\/wp-json\/wp\/v2\/product\/11630","targetHints":{"allow":["GET"]}}],"collection":[{"href":"https:\/\/toursmiches.com\/jv\/wp-json\/wp\/v2\/product"}],"about":[{"href":"https:\/\/toursmiches.com\/jv\/wp-json\/wp\/v2\/types\/product"}],"wp:featuredmedia":[{"embeddable":true,"href":"https:\/\/toursmiches.com\/jv\/wp-json\/wp\/v2\/media\/84"}],"wp:attachment":[{"href":"https:\/\/toursmiches.com\/jv\/wp-json\/wp\/v2\/media?parent=11630"}],"wp:term":[{"taxonomy":"product_brand","embeddable":true,"href":"https:\/\/toursmiches.com\/jv\/wp-json\/wp\/v2\/product_brand?post=11630"},{"taxonomy":"product_cat","embeddable":true,"href":"https:\/\/toursmiches.com\/jv\/wp-json\/wp\/v2\/product_cat?post=11630"},{"taxonomy":"product_tag","embeddable":true,"href":"https:\/\/toursmiches.com\/jv\/wp-json\/wp\/v2\/product_tag?post=11630"}],"curies":[{"name":"wp","href":"https:\/\/api.w.org\/{rel}","templated":true}]}}