{"id":593,"date":"2020-07-01T16:40:04","date_gmt":"2020-07-01T16:40:04","guid":{"rendered":"http:\/\/toursmiches.com\/?post_type=product&#038;p=593"},"modified":"2024-04-16T19:44:59","modified_gmt":"2024-04-16T19:44:59","slug":"excursion-cascada-el-limon-senderismo-y-natacion","status":"publish","type":"product","link":"https:\/\/toursmiches.com\/ka\/miches\/excursion-cascada-el-limon-senderismo-y-natacion\/","title":{"rendered":"Excursi\u00f3n cascada El Lim\u00f3n Senderismo y Nataci\u00f3n"},"content":{"rendered":"<div class=\"vc_row wpb_row vc_row-fluid\" ><div class=\"wpb_column vc_column_container vc_col-sm-12\"><div class=\"vc_column-inner\"><div class=\"wpb_wrapper\">[mkdf_section_title subtitle_tag=\u00bb\u00bb subtitle=\u00bbSenderismo a las cascadas\u00bb]<\/div><\/div><\/div><\/div><div class=\"vc_row wpb_row vc_row-fluid\" ><div class=\"wpb_column vc_column_container vc_col-sm-12\"><div class=\"vc_column-inner\"><div class=\"wpb_wrapper\"><div class=\"vc_empty_space\"   style=\"height: 32px\"><span class=\"vc_empty_space_inner\"><\/span><\/div><\/div><\/div><\/div><\/div><div class=\"vc_row wpb_row vc_row-fluid\" ><div class=\"wpb_column vc_column_container vc_col-sm-12\"><div class=\"vc_column-inner\"><div class=\"wpb_wrapper\">\n\t<div class=\"wpb_text_column wpb_content_element\" >\n\t\t<div class=\"wpb_wrapper\">\n\t\t\t<h2>Tour a las cascadas de El Lim\u00f3n (senderismo y nataci\u00f3n)<\/h2>\n<h3>\u10d0\u10e6\u10ec\u10d4\u10e0\u10d0<\/h3>\n<p>Las cascadas El Lim\u00f3n Senderismo con gu\u00edas locales. Visitando el bosque de cacao y caf\u00e9 bajo el cultivo de cocos. Cuando llegue a las cascadas, podr\u00e1 nadar y establecer la hora con su gu\u00eda local.<\/p>\n<p>Aprenda con los locales sobre la naturaleza y la historia de Saman\u00e1 y disfrute de\u00a0 un viaje seguro. Obtenga sus entradas en oferta hoy.<\/p>\n<ul>\n<li>Senderismo<\/li>\n<li>El gu\u00eda proporciona instrucciones y supervisi\u00f3n.<\/li>\n<li>Tarifas al Parque Nacional<\/li>\n<\/ul>\n<h3>\u10e9\u10d0\u10e0\u10d7\u10d5\u10d4\u10d1\u10d8 \u10d3\u10d0 \u10d2\u10d0\u10db\u10dd\u10e0\u10d8\u10ea\u10ee\u10d5\u10d4\u10d1\u10d8<\/h3>\n<h4>\u10e9\u10d0\u10e0\u10d7\u10d5\u10d4\u10d1\u10d8<\/h4>\n<ol>\n<li>Tour de senderismo<\/li>\n<li>Todos los impuestos, tarifas y cargos de lugar<\/li>\n<li>\u10d0\u10d3\u10d2\u10d8\u10da\u10dd\u10d1\u10e0\u10d8\u10d5\u10d8 \u10d2\u10d0\u10d3\u10d0\u10e1\u10d0\u10ee\u10d0\u10d3\u10d4\u10d1\u10d8<\/li>\n<li>\u10d0\u10d3\u10d2\u10d8\u10da\u10dd\u10d1\u10e0\u10d8\u10d5\u10d8 \u10d2\u10d8\u10d3\u10d8<\/li>\n<\/ol>\n<h4>\u10d2\u10d0\u10db\u10dd\u10e0\u10d8\u10ea\u10ee\u10d5\u10d4\u10d1\u10d8<\/h4>\n<ol>\n<li>Comida no incluida<\/li>\n<li>\u1ca0\u10e9\u10d4\u10d5\u10d4\u10d1\u10d8<\/li>\n<li>Transporte<\/li>\n<li>\u1c90\u10da\u10d9\u10dd\u10f0\u10dd\u10da\u10e3\u10e0\u10d8 \u10e1\u10d0\u10e1\u10db\u10d4\u10da\u10d4\u10d1\u10d8<\/li>\n<li>Comida en la playa no incluida<\/li>\n<\/ol>\n<h3><em>\u10d2\u10d0\u10db\u10d2\u10d6\u10d0\u10d5\u10e0\u10d4\u10d1\u10d0 \u10d3\u10d0 \u10d3\u10d0\u10d1\u10e0\u10e3\u10dc\u10d4\u10d1\u10d0<\/em><\/h3>\n<p>\u10db\u10dd\u10d2\u10d6\u10d0\u10e3\u10e0\u10d8 \u10db\u10d8\u10d8\u10e6\u10d4\u10d1\u10e1 \u10e8\u10d4\u10ee\u10d5\u10d4\u10d3\u10e0\u10d8\u10e1 \u10de\u10e3\u10dc\u10e5\u10e2\u10e1 \u10d3\u10d0\u10ef\u10d0\u10d5\u10e8\u10dc\u10d8\u10e1 \u10de\u10e0\u10dd\u10ea\u10d4\u10e1\u10d8\u10e1 \u10e8\u10d4\u10db\u10d3\u10d4\u10d2. \u10e2\u10e3\u10e0\u10d4\u10d1\u10d8 \u10d8\u10ec\u10e7\u10d4\u10d1\u10d0 \u10d3\u10d0 \u10db\u10d7\u10d0\u10d5\u10e0\u10d3\u10d4\u10d1\u10d0 \u10e9\u10d5\u10d4\u10dc\u10d8 \u10e8\u10d4\u10ee\u10d5\u10d4\u10d3\u10e0\u10d8\u10e1 \u10ec\u10d4\u10e0\u10e2\u10d8\u10da\u10d4\u10d1\u10e8\u10d8.<\/p>\n<h3>\u1ca0\u10d0\u10e1 \u10e3\u10dc\u10d3\u10d0 \u10d5\u10d4\u10da\u10dd\u10d3\u10dd?<\/h3>\n<p>Obtenga sus boletos para visitar La Cascada El Lim\u00f3n en Saman\u00e1 senderismo con un gu\u00eda tur\u00edstico local.<\/p>\n<p>El recorrido, organizado por \u00abBooking Adventures\u00bb, comienza en el punto de encuentro establecido con el gu\u00eda tur\u00edstico.<\/p>\n<p>Cascadas de El Lim\u00f3n con un gu\u00eda tur\u00edstico local. Reserve un viaje de senderismo por el bosque, rodeando el r\u00edo Lim\u00f3n, visitando plantaciones de cacao y caf\u00e9 bajo las sombra de coco.<\/p>\n<p>Primero, det\u00e9ngase en la peque\u00f1a cascada donde generalmente no hay mucha gente y puede nadar alrededor. Luego continuamos hacia la gran cascada donde nos quedaremos durante una hora o m\u00e1s si lo desea.<\/p>\n<p>Despu\u00e9s del Senderismo, puede configurar si desea almorzar con un cargo adicional.<\/p>\n<h3><em>\u10e0\u10d0 \u10e3\u10dc\u10d3\u10d0 \u10db\u10dd\u10d8\u10e2\u10d0\u10dc\u10dd?<\/em><\/h3>\n<ul>\n<li>\u10d9\u10d0\u10db\u10d4\u10e0\u10d0<\/li>\n<li>\u10e0\u10d4\u10de\u10d4\u10da\u10d4\u10dc\u10e2\u10d4\u10d1\u10d8<\/li>\n<li>\u10db\u10d6\u10d8\u10e1\u10d2\u10d0\u10dc \u10d3\u10d0\u10db\u10ea\u10d0\u10d5\u10d8<\/li>\n<li>\u10e5\u10e3\u10d3\u10d8<\/li>\n<li>\u10d9\u10dd\u10db\u10e4\u10dd\u10e0\u10e2\u10e3\u10da\u10d8 \u10e8\u10d0\u10e0\u10d5\u10d0\u10da\u10d8<\/li>\n<li>\u10e2\u10e7\u10d8\u10e1 \u10e1\u10d0\u10da\u10d0\u10e8\u10e5\u10e0\u10dd \u10e4\u10d4\u10ee\u10e1\u10d0\u10ea\u10db\u10d4\u10da\u10d8<\/li>\n<li>\u10e1\u10d0\u10ea\u10e3\u10e0\u10d0\u10dd \u10d9\u10dd\u10e1\u10e2\u10e3\u10db\u10d8<\/li>\n<\/ul>\n<h3><em>\u10e1\u10d0\u10e1\u10e2\u10e3\u10db\u10e0\u10dd\u10e1 \u10de\u10d8\u10d9\u10d0\u10de\u10d8<\/em><\/h3>\n<p>\u10d0\u10db \u10e2\u10e3\u10e0\u10d8\u10e1\u10d7\u10d5\u10d8\u10e1 \u10e1\u10d0\u10e1\u10e2\u10e3\u10db\u10e0\u10dd\u10e1 \u10de\u10d8\u10d9\u10d0\u10de\u10d8 \u10d0\u10e0 \u10d0\u10e0\u10d8\u10e1 \u10e8\u10d4\u10db\u10dd\u10d7\u10d0\u10d5\u10d0\u10d6\u10d4\u10d1\u10e3\u10da\u10d8.<\/p>\n<p><strong>\u1ca8\u10d4\u10dc\u10d8\u10e8\u10d5\u10dc\u10d0:<\/strong> \u10d7\u10e3 \u10d3\u10d0\u10ef\u10d0\u10d5\u10e8\u10dc\u10d8\u10d7 \u10e2\u10e3\u10e0\u10d8\u10e1\/\u10d4\u10e5\u10e1\u10d9\u10e3\u10e0\u10e1\u10d8\u10d8\u10e1 \u10d2\u10d0\u10db\u10d2\u10d6\u10d0\u10d5\u10e0\u10d4\u10d1\u10d8\u10e1 \u10d3\u10e0\u10dd\u10d8\u10d3\u10d0\u10dc 24 \u10e1\u10d0\u10d0\u10d7\u10d8\u10e1 \u10d2\u10d0\u10dc\u10db\u10d0\u10d5\u10da\u10dd\u10d1\u10d0\u10e8\u10d8, \u10e9\u10d5\u10d4\u10dc \u10e8\u10d4\u10d2\u10d5\u10d8\u10eb\u10da\u10d8\u10d0 \u10db\u10dd\u10d5\u10d0\u10ec\u10e7\u10dd\u10d7 \u10e1\u10d0\u10e1\u10e2\u10e3\u10db\u10e0\u10dd\u10e1 \u10de\u10d8\u10d9\u10d0\u10de\u10d8 \u10d3\u10d0\u10db\u10d0\u10e2\u10d4\u10d1\u10d8\u10d7\u10d8 \u10e1\u10d0\u10e4\u10d0\u10e1\u10e3\u10e0\u10d8\u10d7. \u10d7\u10e5\u10d5\u10d4\u10dc\u10d8 \u10e8\u10d4\u10e1\u10e7\u10d8\u10d3\u10d5\u10d8\u10e1 \u10d3\u10d0\u10e1\u10e0\u10e3\u10da\u10d4\u10d1\u10d8\u10e1 \u10e8\u10d4\u10db\u10d3\u10d4\u10d2, \u10e9\u10d5\u10d4\u10dc \u10d2\u10d0\u10db\u10dd\u10d2\u10d8\u10d2\u10d6\u10d0\u10d5\u10dc\u10d8\u10d7 \u10e1\u10e0\u10e3\u10da \u10e1\u10d0\u10d9\u10dd\u10dc\u10e2\u10d0\u10e5\u10e2\u10dd \u10d8\u10dc\u10e4\u10dd\u10e0\u10db\u10d0\u10ea\u10d8\u10d0\u10e1 (\u10e2\u10d4\u10da\u10d4\u10e4\u10dd\u10dc\u10d8\u10e1 \u10dc\u10dd\u10db\u10d4\u10e0\u10e1, \u10d4\u10da. \u10e4\u10dd\u10e1\u10e2\u10d8\u10e1 \u10db\u10d8\u10e1\u10d0\u10db\u10d0\u10e0\u10d7\u10e1 \u10d3\u10d0 \u10d0.\u10e8.) \u10e9\u10d5\u10d4\u10dc\u10d8 \u10d0\u10d3\u10d2\u10d8\u10da\u10dd\u10d1\u10e0\u10d8\u10d5\u10d8 \u10e2\u10e3\u10e0\u10d8\u10e1 \u10db\u10d4\u10d2\u10d6\u10e3\u10e0\u10d8\u10e1\u10d7\u10d5\u10d8\u10e1, \u10e0\u10d0\u10d7\u10d0 \u10db\u10dd\u10d0\u10ec\u10e7\u10dd\u10d7 \u10de\u10d8\u10d9\u10d0\u10de\u10d8\u10e1 \u10e6\u10dd\u10dc\u10d8\u10e1\u10eb\u10d8\u10d4\u10d1\u10d4\u10d1\u10d8.<\/p>\n<h3><em>\u10d3\u10d0\u10db\u10d0\u10e2\u10d4\u10d1\u10d8\u10d7\u10d8 \u10d8\u10dc\u10e4\u10dd\u10e0\u10db\u10d0\u10ea\u10d8\u10d8\u10e1 \u10d3\u10d0\u10d3\u10d0\u10e1\u10e2\u10e3\u10e0\u10d4\u10d1\u10d0<\/em><\/h3>\n<ul>\n<li>\u10d1\u10d8\u10da\u10d4\u10d7\u10d4\u10d1\u10d8 \u10d0\u10e0\u10d8\u10e1 \u10e5\u10d5\u10d8\u10d7\u10d0\u10e0\u10d8 \u10d0\u10db \u10e2\u10e3\u10e0\u10d8\u10e1 \u10d2\u10d0\u10d3\u10d0\u10ee\u10d3\u10d8\u10e1 \u10e8\u10d4\u10db\u10d3\u10d4\u10d2. \u10d7\u10e5\u10d5\u10d4\u10dc \u10e8\u10d4\u10d2\u10d8\u10eb\u10da\u10d8\u10d0\u10d7 \u10d0\u10e9\u10d5\u10d4\u10dc\u10dd\u10d7 \u10d2\u10d0\u10d3\u10d0\u10ee\u10d3\u10d0 \u10d7\u10e5\u10d5\u10d4\u10dc\u10e1 \u10e2\u10d4\u10da\u10d4\u10e4\u10dd\u10dc\u10d6\u10d4.<\/li>\n<li>\u10e8\u10d4\u10ee\u10d5\u10d4\u10d3\u10e0\u10d8\u10e1 \u10de\u10e3\u10dc\u10e5\u10e2\u10d8 \u10db\u10d8\u10d8\u10e6\u10d4\u10d1\u10d0 \u10d3\u10d0\u10ef\u10d0\u10d5\u10e8\u10dc\u10d8\u10e1 \u10de\u10e0\u10dd\u10ea\u10d4\u10e1\u10d8\u10e1 \u10e8\u10d4\u10db\u10d3\u10d4\u10d2.<\/li>\n<li>\u10d1\u10d0\u10d5\u10e8\u10d5\u10d4\u10d1\u10e1 \u10d7\u10d0\u10dc \u10e3\u10dc\u10d3\u10d0 \u10d0\u10ee\u10da\u10d3\u10d4\u10e1 \u10d6\u10e0\u10d3\u10d0\u10e1\u10e0\u10e3\u10da\u10d8.<\/li>\n<li>\u10d0\u10e0 \u10d0\u10e0\u10d8\u10e1 \u10ee\u10d4\u10da\u10db\u10d8\u10e1\u10d0\u10ec\u10d5\u10d3\u10dd\u10db\u10d8 \u10d8\u10dc\u10d5\u10d0\u10da\u10d8\u10d3\u10d8\u10e1 \u10d4\u10e2\u10da\u10d8\u10d7<\/li>\n<li>Los infantes deben sentarse en un asiento para beb\u00e9s o con un\u00a0 adulto<\/li>\n<li>\u10d0\u10e0 \u10d0\u10e0\u10d8\u10e1 \u10e0\u10d4\u10d9\u10dd\u10db\u10d4\u10dc\u10d3\u10d4\u10d1\u10e3\u10da\u10d8 \u10d6\u10e3\u10e0\u10d2\u10d8\u10e1 \u10de\u10e0\u10dd\u10d1\u10da\u10d4\u10db\u10d4\u10d1\u10d8\u10e1 \u10db\u10e5\u10dd\u10dc\u10d4 \u10db\u10dd\u10d2\u10d6\u10d0\u10e3\u10e0\u10d4\u10d1\u10d8\u10e1\u10d7\u10d5\u10d8\u10e1.<\/li>\n<li>\u10d0\u10e0 \u10d0\u10e0\u10d8\u10e1 \u10e0\u10d4\u10d9\u10dd\u10db\u10d4\u10dc\u10d3\u10d4\u10d1\u10e3\u10da\u10d8 \u10dd\u10e0\u10e1\u10e3\u10da\u10d4\u10d1\u10d8\u10e1\u10d7\u10d5\u10d8\u10e1.<\/li>\n<li>Sin problemas card\u00edacos u otras afecciones m\u00e9dicas graves.<\/li>\n<li>\u10db\u10dd\u10d2\u10d6\u10d0\u10e3\u10e0\u10d7\u10d0 \u10e3\u10db\u10d4\u10e2\u10d4\u10e1\u10dd\u10d1\u10d0\u10e1 \u10e8\u10d4\u10e3\u10eb\u10da\u10d8\u10d0 \u10db\u10dd\u10dc\u10d0\u10ec\u10d8\u10da\u10d4\u10dd\u10d1\u10d0.<\/li>\n<\/ul>\n<h3><em>\u1c92\u10d0\u10e3\u10e5\u10db\u10d4\u10d1\u10d8\u10e1 \u10de\u10d8\u10e0\u10dd\u10d1\u10d4\u10d1\u10d8<\/em><\/h3>\n<p>\u10d7\u10d0\u10dc\u10ee\u10d8\u10e1 \u10e1\u10e0\u10e3\u10da\u10d8 \u10d3\u10d0\u10d1\u10e0\u10e3\u10dc\u10d4\u10d1\u10d8\u10e1\u10d7\u10d5\u10d8\u10e1 \u10d2\u10d0\u10d0\u10e3\u10e5\u10db\u10d4\u10d7 \u10d2\u10d0\u10db\u10dd\u10ea\u10d3\u10d8\u10da\u10d4\u10d1\u10d8\u10e1 \u10d3\u10d0\u10ec\u10e7\u10d4\u10d1\u10d8\u10e1 \u10d7\u10d0\u10e0\u10d8\u10e6\u10d0\u10db\u10d3\u10d4 \u10db\u10d8\u10dc\u10d8\u10db\u10e3\u10db 24 \u10e1\u10d0\u10d0\u10d7\u10d8\u10d7 \u10d0\u10d3\u10e0\u10d4.<\/p>\n<h3>Cont\u00e1ctenos<\/h3>\n<p><em><strong>\u10e1\u10d0\u10d7\u10d0\u10d5\u10d2\u10d0\u10d3\u10d0\u10e1\u10d0\u10d5\u10da\u10dd \u10d3\u10d0\u10ef\u10d0\u10d5\u10e8\u10dc\u10d0<\/strong><\/em><br \/>\n<em><strong>Gu\u00edas tur\u00edsticos locales y nacionales y servicios para hu\u00e9spedes<\/strong><\/em><\/p>\n<p>\u10d3\u10d0\u10ef\u10d0\u10d5\u10e8\u10dc\u10d0: \u10e2\u10e3\u10e0\u10d4\u10d1\u10d8 \u10d3\u10d0 \u10d4\u10e5\u10e1\u10d9\u10e3\u10e0\u10e1\u10d8\u10d4\u10d1\u10d8 \u10d3\u10dd\u10db.<\/p>\n<p>\ud83d\udcde Tel \/ Whatsapp + 1-809-720-6035.<\/p>\n<p>\ud83d\udce9 info@bookingadventures.com.do<\/p>\n<p>Hacemos tours privados de configuraci\u00f3n flexible por Whatsapp: +18097206035.<\/p>\n\n\t\t<\/div>\n\t<\/div>\n<\/div><\/div><\/div><\/div>","protected":false},"excerpt":{"rendered":"<p>Las cascadas El Lim\u00f3n Senderismo con gu\u00edas locales. Visitando el bosque de cacao y caf\u00e9 bajo la sombra de las plantaciones de cocos. Cuando llegue a las cascadas, podr\u00e1 nadar y establecer la hora con su gu\u00eda local.<\/p>\n<p>Aprenda con los locales sobre la naturaleza y la historia de Saman\u00e1 y obtenga un viaje seguro. Obtenga sus entradas en oferta hoy.<\/p>\n<p><strong>Por favor seleccione la fecha para el Tour:<\/strong><\/p>","protected":false},"featured_media":130,"template":"","meta":[],"product_brand":[],"product_cat":[120,96,136,99,122,443,123,124,154],"product_tag":[137,138,140,155,142,143],"class_list":{"0":"post-593","1":"product","2":"type-product","3":"status-publish","4":"has-post-thumbnail","6":"product_cat-fees-entrace","7":"product_cat-hiking","8":"product_cat-safari-samana","9":"product_cat-swimming-natural-springs","10":"product_cat-tours-and-excursions","11":"product_cat-tours-y-excursiones-es","12":"product_cat-tours-excursions-los-haitises-national-park","13":"product_cat-tours-excursions-samana-bay-dominican-republic","14":"product_cat-trails-or-paths","15":"product_tag-bacardi-island","16":"product_tag-beach-time","17":"product_tag-el-limon-waterfalls","18":"product_tag-hiking-el-limon","19":"product_tag-samana","20":"product_tag-samana-tours","22":"first","23":"instock","24":"sale","25":"sold-individually","26":"shipping-taxable","27":"product-type-external"},"_links":{"self":[{"href":"https:\/\/toursmiches.com\/ka\/wp-json\/wp\/v2\/product\/593","targetHints":{"allow":["GET"]}}],"collection":[{"href":"https:\/\/toursmiches.com\/ka\/wp-json\/wp\/v2\/product"}],"about":[{"href":"https:\/\/toursmiches.com\/ka\/wp-json\/wp\/v2\/types\/product"}],"wp:featuredmedia":[{"embeddable":true,"href":"https:\/\/toursmiches.com\/ka\/wp-json\/wp\/v2\/media\/130"}],"wp:attachment":[{"href":"https:\/\/toursmiches.com\/ka\/wp-json\/wp\/v2\/media?parent=593"}],"wp:term":[{"taxonomy":"product_brand","embeddable":true,"href":"https:\/\/toursmiches.com\/ka\/wp-json\/wp\/v2\/product_brand?post=593"},{"taxonomy":"product_cat","embeddable":true,"href":"https:\/\/toursmiches.com\/ka\/wp-json\/wp\/v2\/product_cat?post=593"},{"taxonomy":"product_tag","embeddable":true,"href":"https:\/\/toursmiches.com\/ka\/wp-json\/wp\/v2\/product_tag?post=593"}],"curies":[{"name":"wp","href":"https:\/\/api.w.org\/{rel}","templated":true}]}}