{"id":11644,"date":"2023-10-04T07:39:47","date_gmt":"2023-10-04T07:39:47","guid":{"rendered":"http:\/\/toursmiches.com\/?post_type=product&#038;p=11644"},"modified":"2024-04-01T15:11:11","modified_gmt":"2024-04-01T15:11:11","slug":"el-limon-waterfall-cayo-levantado-private-tour","status":"publish","type":"product","link":"https:\/\/toursmiches.com\/lv\/miches\/el-limon-waterfall-cayo-levantado-private-tour\/","title":{"rendered":"El Lim\u00f3n Waterfall &#038; Cayo Levantado Private Tour"},"content":{"rendered":"<div class=\"vc_row wpb_row vc_row-fluid\" ><div class=\"wpb_column vc_column_container vc_col-sm-12\"><div class=\"vc_column-inner\"><div class=\"wpb_wrapper\">[mkdf_section_title title_tag=\u00bb\u00bb disable_break_words=\u00bbno\u00bb subtitle_tag=\u00bb\u00bb title=\u00bbEl Limon Waterfalls plus Cayo Levantado Private Trip\u00bb subtitle=\u00bbTransportation &amp; Lunch Included\u00bb]<\/div><\/div><\/div><\/div><div class=\"vc_row wpb_row vc_row-fluid\" ><div class=\"wpb_column vc_column_container vc_col-sm-12\"><div class=\"vc_column-inner\"><div class=\"wpb_wrapper\"><div class=\"vc_btn3-container vc_btn3-inline\" ><button class=\"vc_general vc_btn3 vc_btn3-size-md vc_btn3-shape-rounded vc_btn3-style-modern vc_btn3-color-green\">REZERV\u0112T TAGAD<\/button><\/div>\n\t<div class=\"wpb_text_column wpb_content_element\" >\n\t\t<div class=\"wpb_wrapper\">\n\t\t\t<h3 class=\"LC20lb\">El Lim\u00f3n Waterfall + Cayo Levantado &#8211; Excursiones Saman\u00e1 full day Trip.<\/h3>\n<h4><b><i>P\u0101rskats <\/i><\/b><\/h4>\n<p>Private Excursion to visit El Limon Waterfalls and Cayo Levantado ( Bacrdi Island). Two activities in just one day, visiting with local tour Guide the beuty from the forest and the waterfalls from el limon Comunity. You can make this trip hiking or riding Horses trouhg the coffe and coconuts paths. After visiting El limon Waterfalls we will drive to Samana City center pier and take a Boat to Cayo Levantado also name as Bacardi Island. There we will have buffet lunch and afternoon swimming in Cayo Levantado beach with options to snorkeling on the corals reefs.<\/p>\n<p>After this experience, you will get Back to our meeting point from where we pick you up.<\/p>\n<ul>\n<li style=\"font-weight: 400;\">Maksas iek\u013cautas<\/li>\n<li>Pusdienas<\/li>\n<li>Uzkodas<\/li>\n<li style=\"font-weight: 400;\">Viet\u0113jais ce\u013cvedis ang\u013cu vai fran\u010du valod\u0101<\/li>\n<li>Transports<\/li>\n<li>Laivu brauciens<\/li>\n<\/ul>\n<p>&nbsp;<\/p>\n<h4><b>Iek\u013cau\u0161ana un izsl\u0113g\u0161ana<\/b><\/h4>\n<p>&nbsp;<\/p>\n<p><b>Iesl\u0113gumi<\/b><\/p>\n<ol>\n<li style=\"font-weight: 400;\">El Limon Waterfalls Hiking or horses riding<\/li>\n<li>Pusdienas<\/li>\n<li style=\"font-weight: 400;\"><span style=\"font-weight: 400;\">Visi nodok\u013ci, nodevas un apstr\u0101des izmaksas<\/span><\/li>\n<li style=\"font-weight: 400;\"><span style=\"font-weight: 400;\">Viet\u0113jie nodok\u013ci<\/span><\/li>\n<li style=\"font-weight: 400;\"><span style=\"font-weight: 400;\">Dz\u0113rieni<\/span><\/li>\n<li>Uzkodas<\/li>\n<li style=\"font-weight: 400;\"><span style=\"font-weight: 400;\">Visas aktivit\u0101tes<\/span><\/li>\n<li style=\"font-weight: 400;\"><span style=\"font-weight: 400;\">Viet\u0113jais ce\u013cvedis<\/span><\/li>\n<\/ol>\n<p><b> Iz\u0146\u0113mumi<\/b><\/p>\n<ol>\n<li style=\"font-weight: 400;\"><span style=\"font-weight: 400;\">Dzeramnaudas<\/span><\/li>\n<li style=\"font-weight: 400;\"><span style=\"font-weight: 400;\">Alkoholiskie dz\u0113rieni<\/span><\/li>\n<\/ol>\n<p>&nbsp;<\/p>\n<h4><em><strong>Izbrauk\u0161ana un atgrie\u0161an\u0101s<\/strong><\/em><\/h4>\n<p><span style=\"font-weight: 400;\">P\u0113c Rezerv\u0101cijas procesa ce\u013cot\u0101js ieg\u016bs tik\u0161an\u0101s vietu. Ekskursijas s\u0101kas un beidzas j\u016bsu tik\u0161an\u0101s viet\u0101s.<\/span><\/p>\n<h4><\/h4>\n<h3 class=\"LC20lb\">El Lim\u00f3n Waterfall + Cayo Levantado &#8211; Excursiones in Saman\u00e1<\/h3>\n<h4><b><i>Ko sagaid\u012bt?<\/i><\/b><\/h4>\n<p><em><strong>Ieg\u016bstiet bi\u013cetes<\/strong><\/em> for visiting El limon Waterfalls plus Cayo Levantado island. Full Day Trip. Starting from Saman\u00e1 with transportation to El limon waterfalls<\/p>\n<p>Excursion, organized by \u00abBooking Adventures\u00bb starts at the meeting point set with the Tour Guide. Come with Booking Adventures in Private trips to El Limon waterfalls with a local tour guide. Horse riding or hinking trip by the Forest going around the edge of the Lemon River, visiting cacao and Coffe plantations under the Coconuts shadows palms trees. First, stop in the Small waterfall where usually there are not many people and you can swim around. After we continue to the big waterfall where we will stay for an hour or more if you want to.<\/p>\n<p>Getting horses or hiking back to the car and driving back to Samana port. Getting onboard to Visit Bacardi island, Becouse Frite fish with Tostones and Salad are waiting for us to have a taste lunch or you can get other options like lobters in the menu with extra charges.<\/p>\n<p>Feel free to Swimming on one of the most beutifull beaches of The Dominican Republic. And set time to finish with our tour Guide.<\/p>\n<p>&nbsp;<\/p>\n<h4><em><strong>Kas j\u0101\u0146em l\u012bdzi?<\/strong><\/em><\/h4>\n<ul>\n<li style=\"font-weight: 400;\"><span style=\"font-weight: 400;\">kameru<\/span><\/li>\n<li style=\"font-weight: 400;\"><span style=\"font-weight: 400;\">Atbaido\u0161i pumpuri<\/span><\/li>\n<li style=\"font-weight: 400;\"><span style=\"font-weight: 400;\">sau\u013co\u0161an\u0101s kr\u0113ms<\/span><\/li>\n<li style=\"font-weight: 400;\"><span style=\"font-weight: 400;\">Cepure<\/span><\/li>\n<li style=\"font-weight: 400;\"><span style=\"font-weight: 400;\">\u0112rtas bikses<\/span><\/li>\n<li style=\"font-weight: 400;\"><span style=\"font-weight: 400;\">P\u0101rg\u0101jienu apavi me\u017eam<\/span><\/li>\n<li style=\"font-weight: 400;\"><span style=\"font-weight: 400;\">Sandales uz pavasara zon\u0101m.<\/span><\/li>\n<li style=\"font-weight: 400;\"><span style=\"font-weight: 400;\">Peld\u0113\u0161anas ap\u0123\u0113rbs<\/span><\/li>\n<\/ul>\n<p>&nbsp;<\/p>\n<h4><b><i>Sa\u0146em\u0161ana viesn\u012bc\u0101 <\/i><\/b><\/h4>\n<p><span style=\"font-weight: 400;\">Sa\u0146em\u0161ana viesn\u012bc\u0101 \u0161aj\u0101 ce\u013cojum\u0101 netiek pied\u0101v\u0101ta. <\/span><\/p>\n<p>&nbsp;<\/p>\n<p><b>Piez\u012bme:<\/b><span style=\"font-weight: 400;\"> Ja esat rezerv\u0113ts 24 stundu laik\u0101 p\u0113c ekskursijas\/ekskursijas izbrauk\u0161anas laika, m\u0113s varam noorganiz\u0113t sagaid\u012b\u0161anu viesn\u012bc\u0101 par papildu samaksu. Kad pirkums b\u016bs pabeigts, m\u0113s nos\u016bt\u012bsim jums piln\u012bgu kontaktinform\u0101ciju (t\u0101lru\u0146a numuru, e-pasta adresi utt.) m\u016bsu viet\u0113jam ce\u013cvedim, lai organiz\u0113tu sa\u0146em\u0161anas pas\u0101kumus.<\/span><\/p>\n<h4><b><i>Papildu inform\u0101cijas apstiprin\u0101jums <\/i><\/b><\/h4>\n<ol>\n<li>Bi\u013cetes ir kv\u012bts p\u0113c \u0161\u012bs ekskursijas apmaksas. J\u016bs varat par\u0101d\u012bt maks\u0101jumu sav\u0101 t\u0101lrun\u012b.<\/li>\n<li style=\"font-weight: 400;\"><span style=\"font-weight: 400;\">Tik\u0161an\u0101s vieta tiks sa\u0146emta p\u0113c rezerv\u0101cijas procesa.<\/span><\/li>\n<li style=\"font-weight: 400;\"><span style=\"font-weight: 400;\">B\u0113rniem j\u0101b\u016bt pieaugu\u0161o pavad\u012bb\u0101.<\/span><\/li>\n<li style=\"font-weight: 400;\"><span style=\"font-weight: 400;\"> Nav pieejams ar rati\u0146kr\u0113slu <\/span><\/li>\n<li style=\"font-weight: 400;\"><span style=\"font-weight: 400;\">Z\u012bdai\u0146iem j\u0101s\u0113\u017e kl\u0113p\u012b <\/span><\/li>\n<li style=\"font-weight: 400;\"><span style=\"font-weight: 400;\">Nav ieteicams ce\u013cot\u0101jiem ar muguras probl\u0113m\u0101m<\/span><\/li>\n<li style=\"font-weight: 400;\"><span style=\"font-weight: 400;\">Nav ieteicams ce\u013cot\u0101jiem gr\u016btniec\u0113m <\/span><\/li>\n<li style=\"font-weight: 400;\"><span style=\"font-weight: 400;\"> Nav sirds probl\u0113mu vai citu nopietnu medic\u012bnisku st\u0101vok\u013cu <\/span><\/li>\n<li style=\"font-weight: 400;\"><span style=\"font-weight: 400;\">Liel\u0101k\u0101 da\u013ca ce\u013cot\u0101ju var piedal\u012bties<\/span><\/li>\n<\/ol>\n<h4><b><i>Atcel\u0161anas politika<\/i><\/b><\/h4>\n<p>Lai sa\u0146emtu pilnu kompens\u0101ciju, l\u016bdzu, izlasiet m\u016bsu Atcel\u0161anas noteikumus.\u00a0<a href=\"https:\/\/www.ticketswhales.com\/online-booking\/\" target=\"_blank\" rel=\"noopener\" data-saferedirecturl=\"https:\/\/www.google.com\/url?q=https:\/\/www.ticketswhales.com\/online-booking\/&amp;source=gmail&amp;ust=1672529771100000&amp;usg=AOvVaw2NIGJBZ0qjB5RhPUl5Obc7\">Noklik\u0161\u0137iniet \u0161eit<\/a>. L\u012bdzek\u013ci tiks zaud\u0113ti, ja rezerv\u0113jums tiks atcelts ce\u013cojuma dien\u0101.<\/p>\n\n\t\t<\/div>\n\t<\/div>\n<div class=\"vc_btn3-container vc_btn3-inline\" ><button class=\"vc_general vc_btn3 vc_btn3-size-md vc_btn3-shape-rounded vc_btn3-style-modern vc_btn3-color-green\">REZERV\u0112T TAGAD<\/button><\/div><\/div><\/div><\/div><\/div><div class=\"vc_row wpb_row vc_row-fluid\" ><div class=\"wpb_column vc_column_container vc_col-sm-12\"><div class=\"vc_column-inner\"><div class=\"wpb_wrapper\">\n\t<div class=\"wpb_video_widget wpb_content_element vc_clearfix   vc_video-aspect-ratio-169 vc_video-el-width-100 vc_video-align-left\" >\n\t\t<div class=\"wpb_wrapper\">\n\t\t\t\n\t\t\t<div class=\"wpb_video_wrapper\"><a href=\"https:\/\/www.youtube.com\/watch?v=oWlwxZLQnVU\" target=\"_blank\" rel=\"noopener\">https:\/\/www.youtube.com\/watch?v=oWlwxZLQnVU<\/a><\/div>\n\t\t<\/div>\n\t<\/div>\n<\/div><\/div><\/div><\/div><div class=\"vc_row wpb_row vc_row-fluid\" ><div class=\"wpb_column vc_column_container vc_col-sm-12\"><div class=\"vc_column-inner\"><div class=\"wpb_wrapper\"><div class=\"vc_empty_space\"   style=\"height: 32px\"><span class=\"vc_empty_space_inner\"><\/span><\/div>\n\t<div class=\"wpb_text_column wpb_content_element\" >\n\t\t<div class=\"wpb_wrapper\">\n\t\t\t<h4>Sazinies ar mums?<\/h4>\n<h5>Piedz\u012bvojumu rezerv\u0113\u0161ana<\/h5>\n<p><em><strong>Viet\u0113jie iedz\u012bvot\u0101ji<\/strong>\u00a0un\u00a0<strong>Nacion\u0101\u013ci<\/strong>\u00a0Ce\u013cojumu gidi un viesu pakalpojumi<\/em><\/p>\n<p><span class=\"text-turquoise\">Rezerv\u0101cijas:<\/span>\u00a0Ekskursijas un ekskursijas Dom. Rep.<\/p>\n<p><img decoding=\"async\" class=\"emoji\" draggable=\"false\" src=\"https:\/\/s.w.org\/images\/core\/emoji\/11.2.0\/svg\/1f4de.svg\" alt=\"\ud83d\udcde\" title=\"\">\u00a0T\u0101lrunis\/Whatsapp\u00a0\u00a0<a href=\"tel:+1-809-720-6035\">+1-809-720-6035<\/a>.<\/p>\n<p><img decoding=\"async\" class=\"emoji\" draggable=\"false\" src=\"https:\/\/s.w.org\/images\/core\/emoji\/11.2.0\/svg\/1f4e9.svg\" alt=\"\ud83d\udce9\" title=\"\">\u00a0<a href=\"mailto:info@bookingadventures.com.do\">info@bookingadventures.com.do<\/a><\/p>\n<p><strong>M\u0113s elast\u012bgi iestat\u0101m Whatsapp priv\u0101t\u0101s ekskursijas:\u00a0<a href=\"tel:+18097206035\">+18097206035.<\/a><\/strong><\/p>\n\n\t\t<\/div>\n\t<\/div>\n<div class=\"vc_empty_space\"   style=\"height: 32px\"><span class=\"vc_empty_space_inner\"><\/span><\/div><\/div><\/div><\/div><\/div><div class=\"vc_row wpb_row vc_row-fluid\" ><div class=\"wpb_column vc_column_container vc_col-sm-12\"><div class=\"vc_column-inner\"><div class=\"wpb_wrapper\"><div class=\"vc_btn3-container vc_btn3-inline\" ><button class=\"vc_general vc_btn3 vc_btn3-size-md vc_btn3-shape-rounded vc_btn3-style-modern vc_btn3-color-green\">REZERV\u0112T TAGAD<\/button><\/div><\/div><\/div><\/div><\/div>","protected":false},"excerpt":{"rendered":"<p><span class=\"Y2IQFc\" lang=\"en\">Private excursion to visit El Lim\u00f3n and Cayo Levantado Waterfalls (Bacardi Island). Two activities in one day, visiting the beauty of the forest and the waterfalls of the community of El Lim\u00f3n with a local tour guide. You can take this trip on foot or on horseback along the coffee and coconut trails. After visiting the El Lim\u00f3n Waterfalls, we will go to the pier in the center of the city of Saman\u00e1 and take a boat to Cayo Levantado, also called Bacardi Island. There we will have buffet lunch and afternoon swimming in the beach of Cayo Levantado with options to snorkel in the coral reefs.<\/span><\/p>\n<p>&nbsp;<\/p>\n<p><b>Select your date trip: <\/b><\/p>","protected":false},"featured_media":11099,"template":"","meta":[],"product_brand":[],"product_cat":[567,575,264,122,124],"product_tag":[139,163,265,140,225,266,267,268,142,148,143],"class_list":{"0":"post-11644","1":"product","2":"type-product","3":"status-publish","4":"has-post-thumbnail","6":"product_cat-el-limon-horseback-riding","7":"product_cat-el-limon-samana","8":"product_cat-salto-el-limon-and-bacardi-island","9":"product_cat-tours-and-excursions","10":"product_cat-tours-excursions-samana-bay-dominican-republic","11":"product_tag-cayo-levantado","12":"product_tag-cayo-levantado-tour","13":"product_tag-el-limon-tours","14":"product_tag-el-limon-waterfalls","15":"product_tag-las-terrenas","16":"product_tag-salto-el-limon","17":"product_tag-salto-el-limon-hiking","18":"product_tag-salto-el-limon-tour","19":"product_tag-samana","20":"product_tag-samana-excursions","21":"product_tag-samana-tours","23":"first","24":"instock","25":"sale","26":"sold-individually","27":"shipping-taxable","28":"product-type-external"},"_links":{"self":[{"href":"https:\/\/toursmiches.com\/lv\/wp-json\/wp\/v2\/product\/11644","targetHints":{"allow":["GET"]}}],"collection":[{"href":"https:\/\/toursmiches.com\/lv\/wp-json\/wp\/v2\/product"}],"about":[{"href":"https:\/\/toursmiches.com\/lv\/wp-json\/wp\/v2\/types\/product"}],"wp:featuredmedia":[{"embeddable":true,"href":"https:\/\/toursmiches.com\/lv\/wp-json\/wp\/v2\/media\/11099"}],"wp:attachment":[{"href":"https:\/\/toursmiches.com\/lv\/wp-json\/wp\/v2\/media?parent=11644"}],"wp:term":[{"taxonomy":"product_brand","embeddable":true,"href":"https:\/\/toursmiches.com\/lv\/wp-json\/wp\/v2\/product_brand?post=11644"},{"taxonomy":"product_cat","embeddable":true,"href":"https:\/\/toursmiches.com\/lv\/wp-json\/wp\/v2\/product_cat?post=11644"},{"taxonomy":"product_tag","embeddable":true,"href":"https:\/\/toursmiches.com\/lv\/wp-json\/wp\/v2\/product_tag?post=11644"}],"curies":[{"name":"wp","href":"https:\/\/api.w.org\/{rel}","templated":true}]}}