{"id":562,"date":"2020-06-25T15:24:34","date_gmt":"2020-06-25T15:24:34","guid":{"rendered":"http:\/\/toursmiches.com\/?post_type=product&#038;p=562"},"modified":"2024-04-17T17:28:59","modified_gmt":"2024-04-17T17:28:59","slug":"los-haitises-excursion-en-kayak-4-horas","status":"publish","type":"product","link":"https:\/\/toursmiches.com\/lv\/miches\/los-haitises-excursion-en-kayak-4-horas\/","title":{"rendered":"Los Haitises kajaku ekskursija 4 stundas"},"content":{"rendered":"<div class=\"vc_row wpb_row vc_row-fluid\" ><div class=\"wpb_column vc_column_container vc_col-sm-12\"><div class=\"vc_column-inner\"><div class=\"wpb_wrapper\"><div class=\"vc_empty_space\"   style=\"height: 32px\"><span class=\"vc_empty_space_inner\"><\/span><\/div><\/div><\/div><\/div><\/div><div class=\"vc_row wpb_row vc_row-fluid\" ><div class=\"wpb_column vc_column_container vc_col-sm-12\"><div class=\"vc_column-inner\"><div class=\"wpb_wrapper\">[mkdf_section_title subtitle_tag=\u00bb\u00bb subtitle=\u00bbManglares, cuevas y m\u00e1s.\u00bb]<\/div><\/div><\/div><\/div><div class=\"vc_row wpb_row vc_row-fluid\" ><div class=\"wpb_column vc_column_container vc_col-sm-12\"><div class=\"vc_column-inner\"><div class=\"wpb_wrapper\"><div class=\"vc_empty_space\"   style=\"height: 32px\"><span class=\"vc_empty_space_inner\"><\/span><\/div><\/div><\/div><\/div><\/div><div class=\"vc_row wpb_row vc_row-fluid\" ><div class=\"wpb_column vc_column_container vc_col-sm-12\"><div class=\"vc_column-inner\"><div class=\"wpb_wrapper\">\n\t<div class=\"wpb_text_column wpb_content_element\" >\n\t\t<div class=\"wpb_wrapper\">\n\t\t\t<h2>Kajaks Los Haitises\u0101 ar Ca\u00f1o Hondo gidu 4 stundas<\/h2>\n<h3>Apraksts<\/h3>\n<p>4\u00a0stundu brauciens ar kajakiem Los Haitises nacion\u0101laj\u0101 park\u0101 viet\u0113j\u0101 gida pavad\u012bb\u0101. Apmekl\u0113jot mangrovju audzes, alas, piktogrammas uz Kanjo Hondo upes un apskatot San Lorenzo l\u012bci Los Haitises nacion\u0101laj\u0101 park\u0101, Sabana de la Mar apgabal\u0101, Ca\u00f1o Hondo. \u012asa brauciena gad\u012bjum\u0101: kajaks Los Haitises 2 stundas<\/p>\n<ul>\n<li>Rokasgr\u0101mata nodro\u0161ina nor\u0101d\u012bjumus un uzraudz\u012bbu.<\/li>\n<li>Pieejami kajaki un airi Divviet\u012bgi diviem cilv\u0113kiem un vienk\u0101r\u0161i vienai personai.<\/li>\n<\/ul>\n<h3>Iek\u013cau\u0161ana un izsl\u0113g\u0161ana<\/h3>\n<h4>Iesl\u0113gumi<\/h4>\n<ol>\n<li>brauciens ar kajakiem<\/li>\n<li>Ekskursijas uz al\u0101m<\/li>\n<li>Visi nodok\u013ci, nodevas un apstr\u0101des izmaksas<\/li>\n<li>Viet\u0113jie nodok\u013ci<\/li>\n<li>Viet\u0113jais ce\u013cvedis<\/li>\n<\/ol>\n<h4>Iz\u0146\u0113mumi<\/h4>\n<ol>\n<li>Padomi<\/li>\n<li>Transports<\/li>\n<li>Pusdienas nav iek\u013cautas.<\/li>\n<li>Alkoholiskie dz\u0113rieni<\/li>\n<\/ol>\n<h3><em>Izbrauk\u0161ana un atgrie\u0161an\u0101s<\/em><\/h3>\n<p>P\u0113c rezerv\u0101cijas procesa ce\u013cot\u0101js ieg\u016bs tik\u0161an\u0101s vietu. Ekskursijas s\u0101kas un beidzas m\u016bsu tik\u0161an\u0101s viet\u0101s.<\/p>\n<h3><em>Ko sagaid\u012bt?<\/em><\/h3>\n<p>Ieg\u0101d\u0101jieties bi\u013cetes, lai 4\u00a0stundu laik\u0101 ar kajaku apmekl\u0113tu Ca\u00f1o Hondo upes me\u017eu (mangrovju audzes), Klin\u0161u salas, putnu v\u0113ro\u0161anu un alas viet\u0113j\u0101 ce\u013cve\u017ea pavad\u012bb\u0101.<\/p>\n<p>M\u0113s sa\u0146emam visa veida apr\u012bkojumu, kas nepiecie\u0161ams j\u016bsu dro\u0161\u012bbai (gl\u0101b\u0161anas vestes utt.), un darb\u012bba s\u0101kas ar kajaku no Ca\u00f1o Hondo upes.<\/p>\n<p>El recorrido, organizado por \u00abBooking Adventures\u00bb, comienza en el punto de encuentro establecido con el gu\u00eda tur\u00edstico. Tomando los kayaks y atravesando manglares, pasando por antiguas cuevas piratas y por bosques protegidos en esta pintoresca reserva a partir del \u00e1rea de los Hoteles Ca\u00f1o Hondo o de Sabana de la Mar.<\/p>\n<p>N\u0101ciet ar Booking Adventures un s\u0101ciet redz\u0113t da\u017eas putnu piepild\u012btas mangrovju audzes, leknas ve\u0123et\u0101cijas kalnus un Loshaitises nacion\u0101l\u0101 parka alas. Dodieties ekskursij\u0101 ar kajaku no Ca\u00f1o Hondo upes, Sabana de la Mar. Cauri mangrovju audz\u0113m un nok\u013c\u016bstiet atkl\u0101taj\u0101 Sanlorenco l\u012bc\u012b, no kurienes varat fotograf\u0113t skarbo me\u017eaino ainavu. Skatieties \u016bden\u012b, lai redz\u0113tu lamant\u012bnus, v\u0113\u017eveid\u012bgos un delf\u012bnus.<\/p>\n<p>El nombre del parque nacional proviene de sus habitantes originales, los indios ta\u00ednos. En su idioma, \u00abHaitises\u00bb se traduce como tierras altas o colinas, una referencia a las empinadas formaciones geol\u00f3gicas de la costa con calizas. Avent\u00farate m\u00e1s en el parque para explorar cuevas como la Cueva de la Arena y la Cueva de la L\u00ednea. Las cuevas en la reserva fueron utilizadas como refugio por los indios ta\u00ednos y, m\u00e1s tarde, por los piratas para esconderse. Busque dibujos de indios que decoran algunas de las paredes.<\/p>\n<p>Ja jums pat\u012bk \u0161is \u012bs\u0101kais brauciens, mums ir otra iesp\u0113ja: ar kajaku Los Haitises\u0101 2 stundas<\/p>\n<p>Ekskursija beidzas s\u0101kumpunkt\u0101 Los Haitises nacion\u0101laj\u0101 park\u0101. M\u0113s iesak\u0101m \u0161o ce\u013cojumu pulksten 6:00, ja v\u0113laties redz\u0113t lamant\u012bnus, v\u0113\u017eveid\u012bgos un delf\u012bnus.<\/p>\n<p>6:00 ir agrs, t\u0101p\u0113c Los Haitises nacion\u0101laj\u0101 park\u0101 v\u0113l nav nevienas laivas.<\/p>\n<h3><em>Kas j\u0101\u0146em l\u012bdzi?<\/em><\/h3>\n<ul>\n<li>Kamera<\/li>\n<li>Repelenti<\/li>\n<li>Sau\u013co\u0161an\u0101s kr\u0113ms<\/li>\n<li>Cepure \u0112rtas bikses<\/li>\n<li>Sandales<\/li>\n<li>Peldkost\u012bms<\/li>\n<\/ul>\n<h3><em>Sa\u0146em\u0161ana viesn\u012bc\u0101<\/em><\/h3>\n<p>Sa\u0146em\u0161ana viesn\u012bc\u0101 \u0161aj\u0101 ce\u013cojum\u0101 netiek pied\u0101v\u0101ta.<\/p>\n<p><strong>Piez\u012bme<\/strong>- Ja j\u016bs rezerv\u0113jat 24 stundu laik\u0101 p\u0113c ce\u013cojuma\/ekskursijas izbrauk\u0161anas laika, m\u0113s varam noorganiz\u0113t sa\u0146em\u0161anu viesn\u012bc\u0101 par papildu samaksu. Kad pirkums b\u016bs pabeigts, m\u0113s nos\u016bt\u012bsim jums piln\u012bgu kontaktinform\u0101ciju (t\u0101lru\u0146a numuru, e-pasta adresi utt.) m\u016bsu viet\u0113jam ce\u013cvedim, lai vienotos par sa\u0146em\u0161anu.<\/p>\n<h3><em>Papildu inform\u0101cijas apstiprin\u0101\u0161ana<\/em><\/h3>\n<ul>\n<li>Bi\u013cetes ir kv\u012bts p\u0113c \u0161\u012bs ekskursijas apmaksas. J\u016bs varat par\u0101d\u012bt maks\u0101jumu sav\u0101 t\u0101lrun\u012b.<\/li>\n<li>Tik\u0161an\u0101s vieta tiks sa\u0146emta p\u0113c rezerv\u0101cijas procesa.<\/li>\n<li>B\u0113rniem j\u0101b\u016bt pieaugu\u0161o pavad\u012bb\u0101.<\/li>\n<li>Nav pieejams ar rati\u0146kr\u0113slu<\/li>\n<li>Z\u012bdai\u0146iem j\u0101s\u0113\u017e b\u0113rnu s\u0113dekl\u012bt\u012b vai kop\u0101 ar pieaugu\u0161o<\/li>\n<li>Nav ieteicams ce\u013cot\u0101jiem ar muguras probl\u0113m\u0101m.<\/li>\n<li>Nav ieteicams gr\u016btniec\u0113m.<\/li>\n<li>Nav sirds probl\u0113mu vai citu nopietnu medic\u012bnisku st\u0101vok\u013cu.<\/li>\n<li>Liel\u0101k\u0101 da\u013ca ce\u013cot\u0101ju var piedal\u012bties.<\/li>\n<\/ul>\n<h3><em>Atcel\u0161anas politika<\/em><\/h3>\n<p>Lai sa\u0146emtu pilnu atmaksu, atceliet abonementu vismaz 24\u00a0stundas pirms pieredzes s\u0101kuma datuma.<\/p>\n<h3><em>Sazinies ar mums?<\/em><\/h3>\n<p>Piedz\u012bvojumu rezerv\u0113\u0161ana<br \/>\nViet\u0113jie un valsts m\u0113roga gidi un viesu pakalpojumi<\/p>\n<p>Rezerv\u0101cijas: ekskursijas un ekskursijas Dom. Reps.<\/p>\n<p>\ud83d\udcde T\u0101lrunis\/Whatsapp +1-809-720-6035.<\/p>\n<p>\ud83d\udce9 info@bookingadventures.com.do<\/p>\n<p>Veicam priv\u0101tas ekskursijas ar elast\u012bbu, izmantojot Whatsapp: +18097206035.<\/p>\n\n\t\t<\/div>\n\t<\/div>\n<\/div><\/div><\/div><\/div>","protected":false},"excerpt":{"rendered":"<p>Ekskursija uz Los Haitises nacion\u0101lo parku, s\u0101kot no Sabana de la Mar Ca\u00f1o Hondo rajon\u0101, apmekl\u0113jot mangrovju audzes, alas, piktogrammas un klin\u0161u veidojumus.<\/p>\n<p>\u0160o ce\u013cojumu var iestat\u012bt ar p\u0101rg\u0101jienu mar\u0161rutu klipu \u0161eit. Uzziniet \u012bsto Los Haitises nacion\u0101l\u0101 parka v\u0113stures st\u0101stu kop\u0101 ar viet\u0113jiem iedz\u012bvot\u0101jiem.<\/p>\n<p><strong>L\u016bdzu, izv\u0113lieties ekskursijas datumu:<\/strong><\/p>","protected":false},"featured_media":229,"template":"","meta":[],"product_brand":[],"product_cat":[144,443,123,124],"product_tag":[126,127,145,150,197,198,199,132,133,200,201,114,147,148],"class_list":{"0":"post-562","1":"product","2":"type-product","3":"status-publish","4":"has-post-thumbnail","6":"product_cat-kayaking","7":"product_cat-tours-y-excursiones-es","8":"product_cat-tours-excursions-los-haitises-national-park","9":"product_cat-tours-excursions-samana-bay-dominican-republic","10":"product_tag-cano-hondo","11":"product_tag-cano-hondo-hotel","12":"product_tag-day-tour-cano-hondo","13":"product_tag-kayak-dominican-republic","14":"product_tag-kayaking-dominican-republic","15":"product_tag-kayaking-los-haitises","16":"product_tag-kayaks","17":"product_tag-los-haitises","18":"product_tag-los-haitises-national-park","19":"product_tag-los-haitises-tours","20":"product_tag-private-tours-samana","21":"product_tag-sabana-de-la-mar","22":"product_tag-samana-bay","23":"product_tag-samana-excursions","25":"first","26":"instock","27":"sale","28":"sold-individually","29":"shipping-taxable","30":"product-type-external"},"_links":{"self":[{"href":"https:\/\/toursmiches.com\/lv\/wp-json\/wp\/v2\/product\/562","targetHints":{"allow":["GET"]}}],"collection":[{"href":"https:\/\/toursmiches.com\/lv\/wp-json\/wp\/v2\/product"}],"about":[{"href":"https:\/\/toursmiches.com\/lv\/wp-json\/wp\/v2\/types\/product"}],"wp:featuredmedia":[{"embeddable":true,"href":"https:\/\/toursmiches.com\/lv\/wp-json\/wp\/v2\/media\/229"}],"wp:attachment":[{"href":"https:\/\/toursmiches.com\/lv\/wp-json\/wp\/v2\/media?parent=562"}],"wp:term":[{"taxonomy":"product_brand","embeddable":true,"href":"https:\/\/toursmiches.com\/lv\/wp-json\/wp\/v2\/product_brand?post=562"},{"taxonomy":"product_cat","embeddable":true,"href":"https:\/\/toursmiches.com\/lv\/wp-json\/wp\/v2\/product_cat?post=562"},{"taxonomy":"product_tag","embeddable":true,"href":"https:\/\/toursmiches.com\/lv\/wp-json\/wp\/v2\/product_tag?post=562"}],"curies":[{"name":"wp","href":"https:\/\/api.w.org\/{rel}","templated":true}]}}