{"id":605,"date":"2020-07-10T08:10:36","date_gmt":"2020-07-10T08:10:36","guid":{"rendered":"http:\/\/toursmiches.com\/?post_type=product&#038;p=605"},"modified":"2024-04-16T15:20:46","modified_gmt":"2024-04-16T15:20:46","slug":"excursion-parque-nacional-los-haitises","status":"publish","type":"product","link":"https:\/\/toursmiches.com\/lv\/miches\/excursion-parque-nacional-los-haitises\/","title":{"rendered":"Ekskursija Los Haitises nacion\u0101laj\u0101 park\u0101"},"content":{"rendered":"<div class=\"vc_row wpb_row vc_row-fluid\" ><div class=\"wpb_column vc_column_container vc_col-sm-12\"><div class=\"vc_column-inner\"><div class=\"wpb_wrapper\">[mkdf_section_title subtitle_tag=\u00bb\u00bb subtitle=\u00bbTour normal a los Haitises\u00bb]<\/div><\/div><\/div><\/div><div class=\"vc_row wpb_row vc_row-fluid\" ><div class=\"wpb_column vc_column_container vc_col-sm-12\"><div class=\"vc_column-inner\"><div class=\"wpb_wrapper\">\n\t<div class=\"wpb_text_column wpb_content_element\" >\n\t\t<div class=\"wpb_wrapper\">\n\t\t\t<h2>Excursion Parque Nacional Los Haitises Desde Sabana de la Mar o Hotel Cano Hondo.<\/h2>\n<h3>Apraksts<\/h3>\n<p>Un viaje privado normal al <strong>Los Haitises nacion\u0101lais parks<\/strong>. Ven con nosotros y visita el parque nacional m\u00e1s hermoso de la Rep\u00fablica Dominicana, visitando manglares, cuevas y la bah\u00eda de San Lorenzo. Esta experiencia puede comenzar desde la comunidad de<strong> J\u016bras Savanna<\/strong> aprendiendo sobre esta historia de Sabana de la Mar. Adem\u00e1s, comenzamos este viaje desde el puerto de <strong>Ca\u00f1o Hondo.<\/strong><\/p>\n<ul>\n<li>Nodok\u013ci iek\u013cauti<\/li>\n<li>Rokasgr\u0101mata nodro\u0161ina nor\u0101d\u012bjumus un uzraudz\u012bbu.<\/li>\n<li>Pusdienas nav iek\u013cautas pusdien\u0101s Ca\u00f1o Hondo Izv\u0113lieties \u0161o ce\u013cojumu: Los Haitises Plus Ca\u00f1o Hondo.<\/li>\n<\/ul>\n<h3>Iek\u013cau\u0161ana un izsl\u0113g\u0161ana<\/h3>\n<h4>Iesl\u0113gumi<\/h4>\n<ol>\n<li>Los Haitises t\u016bre + alas un piktogrammas<\/li>\n<li>Visi nodok\u013ci, nodevas un apstr\u0101des izmaksas.<\/li>\n<li>Viet\u0113jie nodok\u013ci<\/li>\n<li>Visas aktivit\u0101tes<\/li>\n<li>Viet\u0113jais ce\u013cvedis<\/li>\n<\/ol>\n<h4>Iz\u0146\u0113mumi<\/h4>\n<ol>\n<li>Padomi<\/li>\n<li>Pusdienas nav iek\u013cautas pusdien\u0101s Ca\u00f1o Hondo Izv\u0113lieties \u0161o ce\u013cojumu: Los Haitises Plus Ca\u00f1o Hondo.<\/li>\n<li>Transports<\/li>\n<li>Alkoholiskie dz\u0113rieni<\/li>\n<\/ol>\n<h3><em>Izbrauk\u0161ana un atgrie\u0161an\u0101s<\/em><\/h3>\n<p>P\u0113c rezerv\u0101cijas procesa ce\u013cot\u0101js ieg\u016bs tik\u0161an\u0101s vietu. Ekskursijas s\u0101kas un beidzas m\u016bsu tik\u0161an\u0101s viet\u0101s.<\/p>\n<h2><em>Ko sagaid\u012bt?<\/em><\/h2>\n<p>Ieg\u0101d\u0101jieties bi\u013cetes, lai apmekl\u0113tu Los Haitises nacion\u0101lo parku ar al\u0101m, mangrovju audz\u0113m un Sanlorenco l\u012bci.<\/p>\n<p>Zem\u0101k\u0101 cena, lai apmekl\u0113tu Los Haitises nacion\u0101lo parku no Sabana de la Mar vai Ca\u00f1o Hondo viesn\u012bc\u0101m ar viet\u0113jiem ce\u013cve\u017eiem. Ce\u013cojums s\u0101kas galvenaj\u0101 Los Haitises nacion\u0101l\u0101 parka ost\u0101. \u0160is ce\u013cojums s\u0101kas pulksten 10:00 ar viet\u0113jo gidu, kur\u0161 zina ori\u0123in\u0101lo st\u0101stu par lielisko nacion\u0101lo parku.<\/p>\n<p>P\u0113c tam ar laivu ar gl\u0101b\u0161anas vest\u0113m s\u0101kam no galven\u0101s Los Haitises nacion\u0101l\u0101 parka ostas, ko sauc Ca\u00f1o Hondo (Deep Creek). Izbaud\u012bsim sarkano mangrovju me\u017eu, l\u012bdz sasniegsim San Lorenzo l\u012bci. Neliels l\u012bcis Samanas l\u012bc\u012b. Un te nu! Pirm\u0101 lieta, ko varat redz\u0113t, ir milz\u012bgas ka\u013c\u0137akmens kalnu salas, ko sauc par Mogotes, kolekcija. Virs tiem lidin\u0101s vair\u0101k nek\u0101 700 augu sugu un daudzi mitr\u0101ju putni. V\u0113l\u0101k apmekl\u0113jot alas ar m\u016bsu pamatiedz\u012bvot\u0101ju kopienu piktogramm\u0101m pirms 750 gadiem.<\/p>\n<p>Caur mangrovju audz\u0113m un zemi atkl\u0101taj\u0101 San Lorenzo l\u012bc\u012b, no kurienes varat fotograf\u0113t skarbo me\u017ea ainavu. Skatieties \u016bden\u012b, lai redz\u0113tu lamant\u012bnus, v\u0113\u017eveid\u012bgos un delf\u012bnus.<\/p>\n<h2><span class=\"fs13lh1-5\"><b>Parque nacional los haitises Ubicacion:<\/b><\/span><\/h2>\n<p>Vi\u0146\u0161\u00a0<span class=\"fs13lh1-5\"><b>Parque nacional los haitises<\/b><\/span> de encuentra en <span class=\"fs13lh1-5\"><b>Sabana de la mar<\/b><\/span>, y zona del noroeste esta ubicado el\u00a0<span class=\"fs13lh1-5\"><b>parque nacional los Haitises<\/b><\/span>, fue utilizado en la epoca por\u00a0<span class=\"fs13lh1-5\"><b>refugio indigena<\/b><\/span>, con diversa especies de aves y arboles naturales,\u00a0<span class=\"fs13lh1-5\"><b>Cascada y manglares<\/b><\/span>.<\/p>\n<p>Cuando quiera ver qu\u00e9 es un verdadero para\u00edso natural, no busque m\u00e1s all\u00e1 del Parque Nacional Los Haitises. Este singular ecosistema abarca m\u00e1s de 2,000 millas de lluvia, manglares y playas aisladas entrelazadas en la l\u00ednea costera.<\/p>\n<p><span class=\"fs13lh1-5\"><b>Haitie\u0161i<\/b><\/span>\u00a0es el hogar de m\u00e1s de\u00a0<span class=\"fs13lh1-5\"><b>131 especies de aves<\/b><\/span>, incluyendo el raro <span class=\"fs13lh1-5\"><b>Gavilan de la Hispaniola<\/b><\/span>. La l\u00ednea costera est\u00e1 llena de cuevas donde los indios ta\u00ednos locales viv\u00edan y decoraban con pictograf\u00edas y pinturas que a\u00fan se pueden ver. Descubra tambi\u00e9n\u00a0<span class=\"fs13lh1-5\"><b>los manglares<\/b><\/span>\u00a0que adornan la belleza natural de este para\u00edso tropical, dando al paisaje una sensaci\u00f3n incre\u00edble de otra \u00e9poca.<\/p>\n<p>Venga y disfrute de un d\u00eda sin igual en un lugar completamente reservado para usted y sus acompa\u00f1antes en esta isla inolvidable. Partiendo de nuestro muelle privado en Cano Hondo, Sabana de la mar, lo transportaremos en nuestros barcos c\u00f3modos, r\u00e1pidos y seguros y navegaremos hacia el <span class=\"fs13lh1-5\"><b>Los Haitises nacion\u0101lais parks<\/b><\/span>, designado\u00a0<span class=\"fs13lh1-5\"><b>Reserva de la Biosfera por la UNESCO<\/b><\/span>.<\/p>\n<p><span class=\"fs13lh1-5\"><b>Excursiones al Parque Nacional Los Haitises en Sabana de la mar,<\/b><\/span> Rep\u00fablica Dominicana. Durante el viaje tambi\u00e9n visitaremos varias cuevas naturales conocidas como , \u00ab<span class=\"fs13lh1-5\"><b>La L\u00ednea<\/b><\/span>\u00ab, y \u00ab<span class=\"fs13lh1-5\"><b>La Arena<\/b><\/span>\u00bb donde encontrar\u00e1s\u00a0<span class=\"fs13lh1-5\"><b>arte ind\u00edgena<\/b><\/span>\u00a0pintado en las paredes de la cueva y dejate imaginar los muchos actividades que se llevaron a cabo en esas cuevas a lo largo de los a\u00f1os.<\/p>\n<h3><em>Kas j\u0101\u0146em l\u012bdzi?<\/em><\/h3>\n<ul>\n<li>Kamera<\/li>\n<li>Repelenti<\/li>\n<li>sau\u013co\u0161an\u0101s kr\u0113ms<\/li>\n<li>Cepure<\/li>\n<li>\u0112rtas bikses<\/li>\n<li>Me\u017ea p\u0101rg\u0101jienu apavi<\/li>\n<li>Sandales pavasara zon\u0101m.<\/li>\n<li>Peldkost\u012bms<\/li>\n<\/ul>\n<h3><em>Sa\u0146em\u0161ana viesn\u012bc\u0101<\/em><\/h3>\n<p>Viesn\u012bcas sa\u0146em\u0161ana tiek pied\u0101v\u0101ta, ja atrodaties Paraiso Ca\u00f1o Hondo vai Altos Ca\u00f1o Hondo viesn\u012bc\u0101. M\u016bsu tik\u0161an\u0101s vieta atrodas 5 min\u016b\u0161u g\u0101jiena att\u0101lum\u0101 no \u0161\u012bm viesn\u012bc\u0101m.<\/p>\n<p><strong>Piez\u012bme<\/strong>- Ja j\u016bs rezerv\u0113jat 24 stundu laik\u0101 p\u0113c ce\u013cojuma\/ekskursijas izbrauk\u0161anas laika, m\u0113s varam noorganiz\u0113t sa\u0146em\u0161anu viesn\u012bc\u0101 par papildu samaksu, ja neatrodaties Ca\u00f1o Hondo viesn\u012bc\u0101s. Kad pirkums b\u016bs pabeigts, m\u0113s nos\u016bt\u012bsim jums piln\u012bgu kontaktinform\u0101ciju (t\u0101lru\u0146a numuru, e-pasta adresi utt.) m\u016bsu viet\u0113jam ce\u013cvedim, lai vienotos par sa\u0146em\u0161anu.<\/p>\n<h3><em>Papildu inform\u0101cijas apstiprin\u0101\u0161ana<\/em><\/h3>\n<ul>\n<li>Bi\u013cetes ir kv\u012bts p\u0113c \u0161\u012bs ekskursijas apmaksas. J\u016bs varat par\u0101d\u012bt maks\u0101jumu sav\u0101 t\u0101lrun\u012b.<\/li>\n<li>Tik\u0161an\u0101s vieta tiks sa\u0146emta p\u0113c rezerv\u0101cijas procesa.<\/li>\n<li>B\u0113rniem j\u0101b\u016bt pieaugu\u0161o pavad\u012bb\u0101.<\/li>\n<li>Nav pieejams ar rati\u0146kr\u0113slu<\/li>\n<li>Z\u012bdai\u0146iem j\u0101s\u0113\u017e b\u0113rnu s\u0113dekl\u012bt\u012b vai kop\u0101 ar pieaugu\u0161o<\/li>\n<li>Nav ieteicams ce\u013cot\u0101jiem ar muguras probl\u0113m\u0101m.<\/li>\n<li>Nav ieteicams gr\u016btniec\u0113m.<\/li>\n<li>Nav sirds probl\u0113mu vai citu nopietnu medic\u012bnisku st\u0101vok\u013cu.<\/li>\n<li>Liel\u0101k\u0101 da\u013ca ce\u013cot\u0101ju var piedal\u012bties.<\/li>\n<\/ul>\n<h3><em>Atcel\u0161anas politika<\/em><\/h3>\n<p>Lai sa\u0146emtu pilnu atmaksu, atceliet abonementu vismaz 24\u00a0stundas pirms pieredzes s\u0101kuma datuma.<\/p>\n<h3><em>Sazinies ar mums?<\/em><\/h3>\n<p><strong>Piedz\u012bvojumu rezerv\u0113\u0161ana<\/strong><br \/>\nViet\u0113jie un valsts m\u0113roga gidi un viesu pakalpojumi<\/p>\n<p>Rezerv\u0101cijas: ekskursijas un ekskursijas Dom. Reps.<\/p>\n<p>\ud83d\udcde T\u0101lrunis\/Whatsapp +1-809-720-6035.<\/p>\n<p>\ud83d\udce9 info@bookingadventures.com.do<\/p>\n<p>Organiz\u0113jam priv\u0101tas ekskursijas ar elast\u012bgu konfigur\u0101ciju caur Whatsapp: +18097206035.<\/p>\n<div id=\"gtx-trans\" style=\"position: absolute; left: 522px; top: 492.8px;\">\n<div class=\"gtx-trans-icon\"><\/div>\n<\/div>\n\n\t\t<\/div>\n\t<\/div>\n<div class=\"vc_empty_space\"   style=\"height: 32px\"><span class=\"vc_empty_space_inner\"><\/span><\/div><\/div><\/div><\/div><\/div><div class=\"vc_row wpb_row vc_row-fluid\" ><div class=\"wpb_column vc_column_container vc_col-sm-12\"><div class=\"vc_column-inner\"><div class=\"wpb_wrapper\"><div class=\"woocommerce columns-4\"><ul class=\"products columns-4\">\n<li class=\"product type-product post-543 status-publish first instock product_cat-mangroves product_cat-manglares product_cat-parque-nacional-los-haitises-samana product_cat-tours-y-excursiones-es product_tag-los-haitises product_tag-los-haitises-national-park product_tag-parque-nacional-los-haitises-samana product_tag-samana product_tag-samana-excursions product_tag-samana-tours has-post-thumbnail sale sold-individually shipping-taxable product-type-external\">\n\t<div class=\"mkdf-pl-inner\"><div class=\"mkdf-pl-image\">\n\t<span class=\"mkdf-onsale\">SALE<\/span>\n\t<img loading=\"lazy\" decoding=\"async\" width=\"300\" height=\"300\" src=\"https:\/\/toursmiches.com\/wp-content\/uploads\/2020\/06\/BeFunky-collage-300x300.jpg\" class=\"attachment-woocommerce_thumbnail size-woocommerce_thumbnail\" alt=\"\" srcset=\"https:\/\/toursmiches.com\/wp-content\/uploads\/2020\/06\/BeFunky-collage-300x300.jpg 300w, https:\/\/toursmiches.com\/wp-content\/uploads\/2020\/06\/BeFunky-collage-100x100.jpg 100w, https:\/\/toursmiches.com\/wp-content\/uploads\/2020\/06\/BeFunky-collage-600x600.jpg 600w, https:\/\/toursmiches.com\/wp-content\/uploads\/2020\/06\/BeFunky-collage-64x64.jpg 64w, https:\/\/toursmiches.com\/wp-content\/uploads\/2020\/06\/BeFunky-collage-1024x1024.jpg 1024w, https:\/\/toursmiches.com\/wp-content\/uploads\/2020\/06\/BeFunky-collage-150x150.jpg 150w, https:\/\/toursmiches.com\/wp-content\/uploads\/2020\/06\/BeFunky-collage-768x768.jpg 768w, https:\/\/toursmiches.com\/wp-content\/uploads\/2020\/06\/BeFunky-collage-1536x1536.jpg 1536w, https:\/\/toursmiches.com\/wp-content\/uploads\/2020\/06\/BeFunky-collage-550x550.jpg 550w, https:\/\/toursmiches.com\/wp-content\/uploads\/2020\/06\/BeFunky-collage-1100x1100.jpg 1100w\" sizes=\"auto, (max-width: 300px) 100vw, 300px\" title=\"\"><div class=\"mkdf-pl-text\"><div class=\"mkdf-pl-text-outer\"><div class=\"mkdf-pl-text-inner\"><a href=\"https:\/\/bookingadventures.tours\/booking.php?tour_id=cd01687b47db9fe0c95acae017fc39c6\" aria-describedby=\"woocommerce_loop_add_to_cart_link_describedby_543\" data-quantity=\"1\" class=\"button product_type_external\" data-product_id=\"543\" data-product_sku=\"\" aria-label=\"PIRKT BI\u013bETES\" rel=\"nofollow noopener\" target=\"_blank\">PIRKT BI\u013bETES<\/a>\t<span id=\"woocommerce_loop_add_to_cart_link_describedby_543\" class=\"screen-reader-text\">\n\t\t\t<\/span>\n<\/div><\/div><\/div><\/div><a href=\"https:\/\/toursmiches.com\/lv\/miches\/parque-nacional-los-haitises-desde-el-puerto-de-samana\/\" class=\"woocommerce-LoopProduct-link woocommerce-loop-product__link\"><\/a><\/div><div class=\"mkdf-pl-text-wrapper\"><h4 class=\"mkdf-product-list-title\"><a href=\"https:\/\/toursmiches.com\/lv\/miches\/parque-nacional-los-haitises-desde-el-puerto-de-samana\/\">Los Haitises nacion\u0101lais parks no Samanas ostas<\/a><\/h4>\n\t<span class=\"price\"><del aria-hidden=\"true\"><span class=\"woocommerce-Price-amount amount\"><bdi><span class=\"woocommerce-Price-currencySymbol\">&#36;<\/span>75.00<\/bdi><\/span><\/del> <span class=\"screen-reader-text\">Original price was: &#036;75.00.<\/span><ins aria-hidden=\"true\"><span class=\"woocommerce-Price-amount amount\"><bdi><span class=\"woocommerce-Price-currencySymbol\">&#36;<\/span>60.00<\/bdi><\/span><\/ins><span class=\"screen-reader-text\">Current price is: &#036;60.00.<\/span><\/span>\n<\/div><\/li><li class=\"product type-product post-548 status-publish instock product_cat-day-trips product_cat-hiking product_cat-tours-y-excursiones-es product_cat-tours-excursions-los-haitises-national-park product_cat-tours-excursions-samana-bay-dominican-republic product_tag-cano-hondo-sabana-de-la-mar product_tag-caves-los-haitises product_tag-eco-tours product_tag-excursion product_tag-hike-kayak product_tag-hike-kayak-los-haitises-national-park product_tag-hiking-los-haitises product_tag-hiking-sabana-de-la-mar product_tag-hiking-samana product_tag-kayak-tour product_tag-kayaking product_tag-kayaking-los-haitises product_tag-los-haitises-national-park product_tag-los-haitises-national-park-entrance-fee product_tag-los-haitises-national-park-tour-from-las-terrenas product_tag-los-haitises-national-park-tour-from-santo-domingo product_tag-los-haitises-national-park-weather product_tag-los-haitises-sabana-de-la-mar product_tag-sabana-de-la-mar product_tag-sabana-de-la-mar-tour product_tag-samana-excursions product_tag-samana-tours product_tag-secrets-of-los-haitises has-post-thumbnail sale sold-individually shipping-taxable product-type-external\">\n\t<div class=\"mkdf-pl-inner\"><div class=\"mkdf-pl-image\">\n\t<span class=\"mkdf-onsale\">SALE<\/span>\n\t<img loading=\"lazy\" decoding=\"async\" width=\"300\" height=\"300\" src=\"https:\/\/toursmiches.com\/wp-content\/uploads\/2020\/06\/hiking-los-haitises-45-300x300.jpg\" class=\"attachment-woocommerce_thumbnail size-woocommerce_thumbnail\" alt=\"\" srcset=\"https:\/\/toursmiches.com\/wp-content\/uploads\/2020\/06\/hiking-los-haitises-45-300x300.jpg 300w, https:\/\/toursmiches.com\/wp-content\/uploads\/2020\/06\/hiking-los-haitises-45-100x100.jpg 100w, https:\/\/toursmiches.com\/wp-content\/uploads\/2020\/06\/hiking-los-haitises-45-150x150.jpg 150w\" sizes=\"auto, (max-width: 300px) 100vw, 300px\" title=\"\"><div class=\"mkdf-pl-text\"><div class=\"mkdf-pl-text-outer\"><div class=\"mkdf-pl-text-inner\"><a href=\"https:\/\/bookingadventures.tours\/booking.php?slug=Hike__Kayaking_Los_Haitises\" aria-describedby=\"woocommerce_loop_add_to_cart_link_describedby_548\" data-quantity=\"1\" class=\"button product_type_external\" data-product_id=\"548\" data-product_sku=\"\" aria-label=\"PIRKT BI\u013bETES\" rel=\"nofollow noopener\" target=\"_blank\">PIRKT BI\u013bETES<\/a>\t<span id=\"woocommerce_loop_add_to_cart_link_describedby_548\" class=\"screen-reader-text\">\n\t\t\t<\/span>\n<\/div><\/div><\/div><\/div><a href=\"https:\/\/toursmiches.com\/lv\/miches\/parque-nacional-los-haitises-excursion-de-kayak-y-senderismo\/\" class=\"woocommerce-LoopProduct-link woocommerce-loop-product__link\"><\/a><\/div><div class=\"mkdf-pl-text-wrapper\"><h4 class=\"mkdf-product-list-title\"><a href=\"https:\/\/toursmiches.com\/lv\/miches\/parque-nacional-los-haitises-excursion-de-kayak-y-senderismo\/\">Los Haitises nacion\u0101l\u0101 parka kajaku un p\u0101rg\u0101jienu ekskursija<\/a><\/h4>\n\t<span class=\"price\"><del aria-hidden=\"true\"><span class=\"woocommerce-Price-amount amount\"><bdi><span class=\"woocommerce-Price-currencySymbol\">&#36;<\/span>75.00<\/bdi><\/span><\/del> <span class=\"screen-reader-text\">Original price was: &#036;75.00.<\/span><ins aria-hidden=\"true\"><span class=\"woocommerce-Price-amount amount\"><bdi><span class=\"woocommerce-Price-currencySymbol\">&#36;<\/span>67.00<\/bdi><\/span><\/ins><span class=\"screen-reader-text\">Current price is: &#036;67.00.<\/span><\/span>\n<\/div><\/li><li class=\"product type-product post-546 status-publish instock product_cat-excursiones-privadas product_cat-tours-y-excursiones-es product_tag-beach-time product_tag-el-rincon-beach product_tag-playa-el-rincon product_tag-samana product_tag-samana-bay product_tag-samana-excursions product_tag-samana-tours has-post-thumbnail sale sold-individually shipping-taxable product-type-external\">\n\t<div class=\"mkdf-pl-inner\"><div class=\"mkdf-pl-image\">\n\t<span class=\"mkdf-onsale\">SALE<\/span>\n\t<img loading=\"lazy\" decoding=\"async\" width=\"300\" height=\"300\" src=\"https:\/\/toursmiches.com\/wp-content\/uploads\/2020\/06\/El-Rincon-booking-adventures-300x300.jpg\" class=\"attachment-woocommerce_thumbnail size-woocommerce_thumbnail\" alt=\"\" srcset=\"https:\/\/toursmiches.com\/wp-content\/uploads\/2020\/06\/El-Rincon-booking-adventures-300x300.jpg 300w, https:\/\/toursmiches.com\/wp-content\/uploads\/2020\/06\/El-Rincon-booking-adventures-100x100.jpg 100w, https:\/\/toursmiches.com\/wp-content\/uploads\/2020\/06\/El-Rincon-booking-adventures-150x150.jpg 150w, https:\/\/toursmiches.com\/wp-content\/uploads\/2020\/06\/El-Rincon-booking-adventures-550x550.jpg 550w\" sizes=\"auto, (max-width: 300px) 100vw, 300px\" title=\"\"><div class=\"mkdf-pl-text\"><div class=\"mkdf-pl-text-outer\"><div class=\"mkdf-pl-text-inner\"><a href=\"https:\/\/bookingadventures.tours\/booking.php?slug=Los_Haitises_National_Park__Playa_el_Rincon_beach\" aria-describedby=\"woocommerce_loop_add_to_cart_link_describedby_546\" data-quantity=\"1\" class=\"button product_type_external\" data-product_id=\"546\" data-product_sku=\"\" aria-label=\"PIRKT BI\u013bETES\" rel=\"nofollow noopener\" target=\"_blank\">PIRKT BI\u013bETES<\/a>\t<span id=\"woocommerce_loop_add_to_cart_link_describedby_546\" class=\"screen-reader-text\">\n\t\t\t<\/span>\n<\/div><\/div><\/div><\/div><a href=\"https:\/\/toursmiches.com\/lv\/miches\/parque-nacional-los-haitises-y-playa-rincon\/\" class=\"woocommerce-LoopProduct-link woocommerce-loop-product__link\"><\/a><\/div><div class=\"mkdf-pl-text-wrapper\"><h4 class=\"mkdf-product-list-title\"><a href=\"https:\/\/toursmiches.com\/lv\/miches\/parque-nacional-los-haitises-y-playa-rincon\/\">Parque Nacional Los Haitises y Playa Rinc\u00f3n<\/a><\/h4>\n\t<span class=\"price\"><del aria-hidden=\"true\"><span class=\"woocommerce-Price-amount amount\"><bdi><span class=\"woocommerce-Price-currencySymbol\">&#36;<\/span>99.99<\/bdi><\/span><\/del> <span class=\"screen-reader-text\">Original price was: &#036;99.99.<\/span><ins aria-hidden=\"true\"><span class=\"woocommerce-Price-amount amount\"><bdi><span class=\"woocommerce-Price-currencySymbol\">&#36;<\/span>89.99<\/bdi><\/span><\/ins><span class=\"screen-reader-text\">Current price is: &#036;89.99.<\/span><\/span>\n<\/div><\/li><\/ul>\n<\/div><\/div><\/div><\/div><\/div>","protected":false},"excerpt":{"rendered":"<p>El precio m\u00e1s economico para visitar el <strong>Los Haitises nacion\u0101lais parks<\/strong> desde Sabana de la Mar o los hoteles de <strong>Dzi\u013ca caurule<\/strong> con gu\u00edas Locales. El viaje comienza en el puerto principal del Parque Nacional Los Haitises. Este viaje comienza a las 10:00 a.m.con un gu\u00eda tur\u00edstico local que conoce la historia original sobre el magn\u00edfico Parque Nacional.<\/p>\n<p>Despu\u00e9s comenzamos desde el puerto principal del <strong>Los Haitises nacion\u0101lais parks<\/strong>, nombre Ca\u00f1o Hondo (Deep Creek) en un BARCO con chalecos salvavidas. Disfrutaremos del bosque de manglares rojos hasta llegar a la bah\u00eda de San Lorenzo, una peque\u00f1a bah\u00eda en la bah\u00eda de Saman\u00e1. \u00a1Y aqu\u00ed vamos! Lo primero que puedes ver es la colecci\u00f3n de una enorme isla de monta\u00f1a de piedra caliza llamada Mogotes. Adem\u00e1s de ellos, m\u00e1s de 700 especies de plantas y muchas aves de humedales vuelan alrededor. M\u00e1s tarde visitando cuevas con pictograf\u00edas de nuestras comunidades ind\u00edgenas hace 750 a\u00f1os.<\/p>\n<p><strong>L\u016bdzu, izv\u0113lieties ekskursijas datumu\u00a0<\/strong><\/p>\n<div id=\"gtx-trans\" style=\"position: absolute; left: 541px; top: 116.2px;\">\n<div class=\"gtx-trans-icon\"><\/div>\n<\/div>","protected":false},"featured_media":81,"template":"","meta":[],"product_brand":[],"product_cat":[119,120,98,121,99,122,443,123,124],"product_tag":[125,126,127,128,129,130,442,131,132,133,134,114],"class_list":{"0":"post-605","1":"product","2":"type-product","3":"status-publish","4":"has-post-thumbnail","6":"product_cat-caves","7":"product_cat-fees-entrace","8":"product_cat-local-tour-guides","9":"product_cat-mangroves","10":"product_cat-swimming-natural-springs","11":"product_cat-tours-and-excursions","12":"product_cat-tours-y-excursiones-es","13":"product_cat-tours-excursions-los-haitises-national-park","14":"product_cat-tours-excursions-samana-bay-dominican-republic","15":"product_tag-boat-tour","16":"product_tag-cano-hondo","17":"product_tag-cano-hondo-hotel","18":"product_tag-cano-hondo-tours","19":"product_tag-eco-tours","20":"product_tag-excursion","21":"product_tag-excursion-los-haitises","22":"product_tag-locals-guides","23":"product_tag-los-haitises","24":"product_tag-los-haitises-national-park","25":"product_tag-los-haitises-national-park-tour","26":"product_tag-sabana-de-la-mar","28":"first","29":"instock","30":"sale","31":"sold-individually","32":"shipping-taxable","33":"product-type-external"},"_links":{"self":[{"href":"https:\/\/toursmiches.com\/lv\/wp-json\/wp\/v2\/product\/605","targetHints":{"allow":["GET"]}}],"collection":[{"href":"https:\/\/toursmiches.com\/lv\/wp-json\/wp\/v2\/product"}],"about":[{"href":"https:\/\/toursmiches.com\/lv\/wp-json\/wp\/v2\/types\/product"}],"wp:featuredmedia":[{"embeddable":true,"href":"https:\/\/toursmiches.com\/lv\/wp-json\/wp\/v2\/media\/81"}],"wp:attachment":[{"href":"https:\/\/toursmiches.com\/lv\/wp-json\/wp\/v2\/media?parent=605"}],"wp:term":[{"taxonomy":"product_brand","embeddable":true,"href":"https:\/\/toursmiches.com\/lv\/wp-json\/wp\/v2\/product_brand?post=605"},{"taxonomy":"product_cat","embeddable":true,"href":"https:\/\/toursmiches.com\/lv\/wp-json\/wp\/v2\/product_cat?post=605"},{"taxonomy":"product_tag","embeddable":true,"href":"https:\/\/toursmiches.com\/lv\/wp-json\/wp\/v2\/product_tag?post=605"}],"curies":[{"name":"wp","href":"https:\/\/api.w.org\/{rel}","templated":true}]}}