{"id":565,"date":"2020-06-27T16:23:17","date_gmt":"2020-06-27T16:23:17","guid":{"rendered":"http:\/\/toursmiches.com\/?post_type=product&#038;p=565"},"modified":"2024-04-17T17:12:17","modified_gmt":"2024-04-17T17:12:17","slug":"excursion-a-los-27-charcos-de-damajagua","status":"publish","type":"product","link":"https:\/\/toursmiches.com\/pl\/miches\/excursion-a-los-27-charcos-de-damajagua\/","title":{"rendered":"Wycieczka do 27 Charcos w Damajagua"},"content":{"rendered":"<div class=\"vc_row wpb_row vc_row-fluid\" ><div class=\"wpb_column vc_column_container vc_col-sm-12\"><div class=\"vc_column-inner\"><div class=\"wpb_wrapper\">[mkdf_section_title subtitle_tag=\u00bb\u00bb subtitle=\u00bbAlmuerzo Inclu\u00eddo\u00bb]<\/div><\/div><\/div><\/div><div class=\"vc_row wpb_row vc_row-fluid\" ><div class=\"wpb_column vc_column_container vc_col-sm-12\"><div class=\"vc_column-inner\"><div class=\"wpb_wrapper\">\n\t<div class=\"wpb_text_column wpb_content_element\" >\n\t\t<div class=\"wpb_wrapper\">\n\t\t\t<h2>27 Cascadas de Damajagua Tour desde Puerto Plata. Excursi\u00f3n de medio d\u00eda.<\/h2>\n<h5>27 Charcos de Damajagua Excursi\u00f3n desde Puerto Plata. Tour de medio d\u00eda.<\/h5>\n<h3>Opis<\/h3>\n<p>Obtenga sus entradas para una excursi\u00f3n de medio d\u00eda aqu\u00ed en los 27 Charcos de Damajagua. Las entradas con almuerzo y excursi\u00f3n incluyen saltar y nadar en las cascadas m\u00e1s hermosas de la Rep\u00fablica Dominicana. Senderismo y nataci\u00f3n con equipo de seguridad para tener la mejor experiencia de su vida!<\/p>\n<p>Despu\u00e9s de esta experiencia, volver\u00e1 a la ubicaci\u00f3n donde se reunir\u00e1 con el gu\u00eda tur\u00edstico.<\/p>\n<ul>\n<li>Podatki wliczone w cen\u0119<\/li>\n<li>Obiad<\/li>\n<li>Aperitivos<\/li>\n<li>Gu\u00eda de turismo local en ingl\u00e9s<\/li>\n<\/ul>\n<h3>W\u0142\u0105czenia i wy\u0142\u0105czenia<\/h3>\n<h4>Inkluzje<\/h4>\n<ol>\n<li>27 cascadas de Damajagua<\/li>\n<li>Obiad<\/li>\n<li>Wszystkie podatki, op\u0142aty i op\u0142aty manipulacyjne<\/li>\n<li>Lokalne podatki<\/li>\n<li>Napoje<\/li>\n<li>Aperitivos<\/li>\n<li>Wszystkie zaj\u0119cia<\/li>\n<li>Lokalny przewodnik<\/li>\n<\/ol>\n<h4>Wy\u0142\u0105czenia<\/h4>\n<ol>\n<li>Porady<\/li>\n<li>Transporte (establecido al contactarnos)<\/li>\n<li>Napoje alkoholowe<\/li>\n<\/ol>\n<h3><em>Wyjazd i powr\u00f3t<\/em><\/h3>\n<p>El viajero obtendr\u00e1 un punto de encuentro despu\u00e9s del proceso de reserva. Los recorridos comienzan y finalizan en sus puntos de encuentro.<\/p>\n<p>27 Cascadas de Damajagua Tour desde Puerto Plata.<\/p>\n<h3><em>Czego oczekiwa\u0107?<\/em><\/h3>\n<p>Descubra las aisladas cascadas de Damajagua, escondidas en las colinas del Corredor Norte de la Rep\u00fablica Dominicana, en esta excursi\u00f3n de un d\u00eda desde Puerto Plata. Explore las veintisiete ca\u00eddas v\u00edrgenes, que caen en cascada sobre la piedra caliza, con su gu\u00eda local. Obtenga una breve sesi\u00f3n informativa de seguridad, luego salte, nade y desl\u00edcese por toboganes naturales.<br \/>\nAlmuerzo y bebidas inclu\u00eddas. Una caminata moderada de 40 minutos cuesta arriba a trav\u00e9s de un hermoso paisaje selv\u00e1tico lo lleva a la cascada 12 o, si est\u00e1 en excelente estado f\u00edsico, elija caminar hasta la cima de las 27 cascadas (aproximadamente 70 minutos) y experimentarlo todo .<br \/>\nDe cualquier manera, tu verdadera diversi\u00f3n comienza cuando volvemos r\u00edo abajo y saltas, te deslizas y nadas a trav\u00e9s de una serie de espectaculares cascadas, ca\u00f1ones y piscinas azules, emergiendo con una sonrisa tonta en la cara y recuerdos incre\u00edbles para atesorar. Los recorridos incluyen saltos de hasta 25 pies (8 metros), pero no se preocupe, los grandes tienen otra forma de bajar si no quiere saltar.<br \/>\nDespu\u00e9s de una caminata de 15 minutos de regreso al campamento base y de ponerse ropa seca, disfrute de un delicioso y variado almuerzo buffet dominicano, que incluye cosas como pollo y cerdo a la parrilla, guisos, arroz, pasta y ensaladas.<br \/>\nSe incluyen bebidas locales de ron, gaseosas y agua (cerveza disponible pero no inclu\u00edda). Despu\u00e9s de la comida, desp\u00eddase de los gu\u00edas locales y su mejor experiencia se tendr\u00e1 en cuenta y fotos o videos para el resto de su vida.<\/p>\n<h3><em>Co powiniene\u015b zabra\u0107 ze sob\u0105?<\/em><\/h3>\n<ul>\n<li>Kamera<\/li>\n<li>Repelenty<\/li>\n<li>Krem do opalania<\/li>\n<li>Kapelusz<\/li>\n<li>Wygodne spodnie<\/li>\n<li>Buty do le\u015bnych w\u0119dr\u00f3wek<\/li>\n<li>Sanda\u0142y do obszar\u00f3w wiosennych.<\/li>\n<li>Kostium k\u0105pielowy<\/li>\n<\/ul>\n<h3><em>Odbi\u00f3r z hotelu<\/em><\/h3>\n<p>No se ofrece la recogida en el hotel para este tour. Configuramos recogida contact\u00e1ndonos por Whatsapp +1 809-720-6035.<\/p>\n<p><strong>Notatka<\/strong>: Je\u015bli dokonasz rezerwacji w ci\u0105gu 24 godzin od godziny wyjazdu, mo\u017cemy zorganizowa\u0107 odbi\u00f3r z hotelu za dodatkow\u0105 op\u0142at\u0105. Po sfinalizowaniu zakupu wy\u015blemy Ci pe\u0142ne dane kontaktowe (numer telefonu, adres e-mail itp.) do naszego lokalnego przewodnika w celu ustalenia szczeg\u00f3\u0142\u00f3w odbioru.<\/p>\n<h3><em>Potwierdzenie dodatkowych informacji<\/em><\/h3>\n<ul>\n<li>Bilety stanowi\u0105 Paragon po op\u0142aceniu tej Wycieczki. Mo\u017cesz pokaza\u0107 p\u0142atno\u015b\u0107 na swoim telefonie.<\/li>\n<li>Miejsce spotkania zostanie podane po dokonaniu rezerwacji.<\/li>\n<li>Dzieciom musi towarzyszy\u0107 osoba doros\u0142a.<\/li>\n<li>Niedost\u0119pne dla w\u00f3zk\u00f3w inwalidzkich<\/li>\n<li>Niemowl\u0119ta powinny siedzie\u0107 w foteliku dzieci\u0119cym lub z osob\u0105 doros\u0142\u0105<\/li>\n<li>Nie zalecane dla os\u00f3b podr\u00f3\u017cuj\u0105cych z problemami z plecami.<\/li>\n<li>Nie zaleca si\u0119 kobietom w ci\u0105\u017cy.<\/li>\n<li>\u017badnych problem\u00f3w z sercem ani innych powa\u017cnych schorze\u0144.<\/li>\n<li>Wi\u0119kszo\u015b\u0107 podr\u00f3\u017cnych mo\u017ce wzi\u0105\u0107 w nim udzia\u0142.<\/li>\n<\/ul>\n<h3><em>Zasady anulowania<\/em><\/h3>\n<p>Aby uzyska\u0107 pe\u0142ny zwrot pieni\u0119dzy, anuluj co najmniej 24 godziny przed dat\u0105 rozpocz\u0119cia atrakcji. Je\u015bli rezerwacja zostanie anulowana tego samego dnia podr\u00f3\u017cy, \u015brodki zostan\u0105 utracone.<\/p>\n\n\t\t<\/div>\n\t<\/div>\n<\/div><\/div><\/div><\/div><div class=\"vc_row wpb_row vc_row-fluid\" ><div class=\"wpb_column vc_column_container vc_col-sm-12\"><div class=\"vc_column-inner\"><div class=\"wpb_wrapper\">\n\t<div class=\"wpb_video_widget wpb_content_element vc_clearfix   vc_video-aspect-ratio-169 vc_video-el-width-100 vc_video-align-left\" >\n\t\t<div class=\"wpb_wrapper\">\n\t\t\t<h2 class=\"wpb_heading wpb_video_heading\">27 Wodospady Damajagua Tour z Puerto Plata:<\/h2>\n\t\t\t<div class=\"wpb_video_wrapper\"><iframe loading=\"lazy\" title=\"27 wodospad\u00f3w Damajagua przez Booking Adventures &amp; Travel Dominikana\" width=\"1100\" height=\"619\" src=\"https:\/\/www.youtube.com\/embed\/AVNh_we_RQE?start=17&feature=oembed\" frameborder=\"0\" allow=\"accelerometer; autoplay; encrypted-media; gyroscope; picture-in-picture\" allowfullscreen><\/iframe><\/div>\n\t\t<\/div>\n\t<\/div>\n<\/div><\/div><\/div><\/div><div class=\"vc_row wpb_row vc_row-fluid\" ><div class=\"wpb_column vc_column_container vc_col-sm-12\"><div class=\"vc_column-inner\"><div class=\"wpb_wrapper\"><div class=\"vc_empty_space\"   style=\"height: 32px\"><span class=\"vc_empty_space_inner\"><\/span><\/div>\n\t<div class=\"wpb_text_column wpb_content_element\" >\n\t\t<div class=\"wpb_wrapper\">\n\t\t\t<h4>Cont\u00e1ctenos<\/h4>\n<h5>Rezerwacje przyg\u00f3d<\/h5>\n<p><strong><em>Lokalni i krajowi przewodnicy wycieczek oraz obs\u0142uga go\u015bci<\/em><\/strong><\/p>\n<p>Rezerwacje: Wycieczki i wycieczki w Dom. Reps.<\/p>\n<p>Tel\/Whatsapp +1-809-720-6035.<\/p>\n<p>info@bookingadventures.com.do<\/p>\n<p>Organizujemy prywatne wycieczki z elastyczn\u0105 konfiguracj\u0105 przez Whatsapp: +18097206035.<\/p>\n\n\t\t<\/div>\n\t<\/div>\n<div class=\"vc_empty_space\"   style=\"height: 32px\"><span class=\"vc_empty_space_inner\"><\/span><\/div><\/div><\/div><\/div><\/div>","protected":false},"excerpt":{"rendered":"<p>Esta excursi\u00f3n a las 27 cascadas de Damajagua en Puerto Plata, almuerzo y excursi\u00f3n por las 27 cascadas, senderismo y salto al r\u00edo.<\/p>\n<p>Viaje ecol\u00f3gico a las 27 cascadas de Puerto Plata. Obtenga sus entradas para una excursi\u00f3n de medio d\u00eda aqu\u00ed en los 27 charcos de Damajagua. Las entradas con almuerzo y excursi\u00f3n incluyen saltar y nadar en las cascadas m\u00e1s hermosas de la Rep\u00fablica Dominicana. Senderismo y nataci\u00f3n con equipo de seguridad para tener la mejor experiencia de su vida!<\/p>\n<p><strong>Prosz\u0119 wybra\u0107 dat\u0119 wycieczki:<\/strong><\/p>","protected":false},"featured_media":271,"template":"","meta":[],"product_brand":[],"product_cat":[239,240,120,96,135,122,443,241,100],"product_tag":[242,243,244,245,246,247,248,249,250,251,252,253,254,255,256,257,258],"class_list":{"0":"post-565","1":"product","2":"type-product","3":"status-publish","4":"has-post-thumbnail","6":"product_cat-27-waterfalls","7":"product_cat-damajagua","8":"product_cat-fees-entrace","9":"product_cat-hiking","10":"product_cat-lunch","11":"product_cat-tours-and-excursions","12":"product_cat-tours-y-excursiones-es","13":"product_cat-tours-excursions-27-waterfalls-puerto-plata-dominican-republic","14":"product_cat-waterfalls","15":"product_tag-27-charcos-de-damajagua","16":"product_tag-27-waterfalls","17":"product_tag-27-waterfalls-dominican-republic","18":"product_tag-27-waterfalls-dominican-republic-facts","19":"product_tag-27-waterfalls-excursion","20":"product_tag-27-waterfalls-puerto-plata","21":"product_tag-amber-cove-cruise-terminal-27-waterfalls","22":"product_tag-amber-cove-excursions","23":"product_tag-damajagua-falls-tours","24":"product_tag-damajagua-national-park","25":"product_tag-excursion-27-waterfalls","26":"product_tag-how-to-get-to-27-waterfalls-from-puerto-plata","27":"product_tag-jumping-27-waterfalls","28":"product_tag-los-27-charcos-de-puerto-plata","29":"product_tag-puerto-plata","30":"product_tag-things-to-do-in-amber-cove","31":"product_tag-tour-27-waterfalls","33":"first","34":"instock","35":"sale","36":"sold-individually","37":"shipping-taxable","38":"product-type-external"},"_links":{"self":[{"href":"https:\/\/toursmiches.com\/pl\/wp-json\/wp\/v2\/product\/565","targetHints":{"allow":["GET"]}}],"collection":[{"href":"https:\/\/toursmiches.com\/pl\/wp-json\/wp\/v2\/product"}],"about":[{"href":"https:\/\/toursmiches.com\/pl\/wp-json\/wp\/v2\/types\/product"}],"wp:featuredmedia":[{"embeddable":true,"href":"https:\/\/toursmiches.com\/pl\/wp-json\/wp\/v2\/media\/271"}],"wp:attachment":[{"href":"https:\/\/toursmiches.com\/pl\/wp-json\/wp\/v2\/media?parent=565"}],"wp:term":[{"taxonomy":"product_brand","embeddable":true,"href":"https:\/\/toursmiches.com\/pl\/wp-json\/wp\/v2\/product_brand?post=565"},{"taxonomy":"product_cat","embeddable":true,"href":"https:\/\/toursmiches.com\/pl\/wp-json\/wp\/v2\/product_cat?post=565"},{"taxonomy":"product_tag","embeddable":true,"href":"https:\/\/toursmiches.com\/pl\/wp-json\/wp\/v2\/product_tag?post=565"}],"curies":[{"name":"wp","href":"https:\/\/api.w.org\/{rel}","templated":true}]}}