{"id":14864,"date":"2025-09-08T12:38:33","date_gmt":"2025-09-08T12:38:33","guid":{"rendered":"https:\/\/toursmiches.com\/?post_type=product&#038;p=14864"},"modified":"2025-09-08T12:50:33","modified_gmt":"2025-09-08T12:50:33","slug":"las-terrenas-los-haitises-bacardi-island-cayo-levantado","status":"publish","type":"product","link":"https:\/\/toursmiches.com\/pt\/miches\/las-terrenas-los-haitises-bacardi-island-cayo-levantado\/","title":{"rendered":"Las Terrenas: Los Haitises &#038; Bacardi Island (Cayo Levantado)"},"content":{"rendered":"<div class=\"vc_row wpb_row vc_row-fluid\" ><div class=\"wpb_column vc_column_container vc_col-sm-12\"><div class=\"vc_column-inner\"><div class=\"wpb_wrapper\">[mkdf_section_title title_tag=\u00bb\u00bb disable_break_words=\u00bbno\u00bb subtitle_tag=\u00bb\u00bb text_font_weight=\u00bb\u00bb title=\u00bbLos Haitises &amp; Bacardi Island (Cayo Levantado) From Las Terrenas\u00bb subtitle=\u00bbEco Tours with Locals\u00bb text=\u00bbIf you are in Las Terrenas. This is the best Day Trip with Lunch at Cayo Levantado. Pick up at Hotels in Las Terrenas around 8:00 Am and Finish back 5: 20 PM.\u00bb]<div class=\"vc_btn3-container vc_btn3-inline\" ><a class=\"vc_general vc_btn3 vc_btn3-size-md vc_btn3-shape-rounded vc_btn3-style-modern vc_btn3-color-green\" href=\"https:\/\/bookingadventures.tours\/booking.php?tour_id=be7de98d2703255b609767e6ac0770d5\" title=\"\" target=\"_blank\" rel=\"noopener\">AGENDE AGORA<\/a><\/div><\/div><\/div><\/div><\/div><div class=\"vc_row wpb_row vc_row-fluid\" ><div class=\"wpb_column vc_column_container vc_col-sm-12\"><div class=\"vc_column-inner\"><div class=\"wpb_wrapper\">\n\t<div class=\"wpb_text_column wpb_content_element\" >\n\t\t<div class=\"wpb_wrapper\">\n\t\t\t<h4><\/h4>\n<h2>Los Haitises &amp; Bacardi Island (Cayo Levantado) From Las Terrenas<\/h2>\n<h4><b><i>Vis\u00e3o geral <\/i><\/b><\/h4>\n<p>Parque Nacional Los Haitises a partir do Porto de Saman\u00e1 e almo\u00e7o na Ilha Bacardi.  Venha connosco visitar o parque nacional mais bonito da Rep\u00fablica Dominicana, visitando os mangais, as grutas e a ba\u00eda de San Lorenzo e atravessando a bel\u00edssima ba\u00eda de Saman\u00e1. De seguida, regresso \u00e0 zona de Saman\u00e1 para visitar a ilha Bacardi, almo\u00e7ar na praia e nadar numa das praias mais bonitas da ba\u00eda de Saman\u00e1.<\/p>\n<p>Ap\u00f3s esta experi\u00eancia, regresso ao porto de Saman\u00e1.<\/p>\n<ul>\n<li style=\"font-weight: 400;\">Taxas inclu\u00eddas<\/li>\n<li>Almo\u00e7o na ilha Bacardi inclu\u00eddo<\/li>\n<li style=\"font-weight: 400;\"><span style=\"font-weight: 400;\">O guia fornece instru\u00e7\u00f5es e supervis\u00e3o<\/span><\/li>\n<\/ul>\n<p>&nbsp;<\/p>\n<h4><b>Inclus\u00f5es e Exclus\u00f5es<\/b><\/h4>\n<p><b>Inclus\u00f5es<\/b><\/p>\n<ol>\n<li style=\"font-weight: 400;\">Tour Los Haitises + Cavernas e Pictogramas<\/li>\n<li>Almo\u00e7o em Cayo Levantado (Ilha Bacardi), se preferir um passeio semelhante: Los Haitises + Ca\u00f1o Hondo<\/li>\n<li style=\"font-weight: 400;\"><span style=\"font-weight: 400;\">Todos os impostos, taxas e encargos de manuseio<\/span><\/li>\n<li style=\"font-weight: 400;\"><span style=\"font-weight: 400;\">Impostos locais<\/span><\/li>\n<li style=\"font-weight: 400;\"><span style=\"font-weight: 400;\">Bebidas<\/span><\/li>\n<li style=\"font-weight: 400;\"><span style=\"font-weight: 400;\">Todas as actividades<\/span><\/li>\n<li>Transporte<\/li>\n<li style=\"font-weight: 400;\"><span style=\"font-weight: 400;\">Guia local<\/span><\/li>\n<\/ol>\n<p><b> Exclus\u00f5es<\/b><\/p>\n<ol>\n<li style=\"font-weight: 400;\"><span style=\"font-weight: 400;\">Gorjetas<\/span><\/li>\n<li style=\"font-weight: 400;\"><span style=\"font-weight: 400;\">Bebidas Alco\u00f3licas<\/span><\/li>\n<\/ol>\n<p>&nbsp;<\/p>\n<h4><em><strong>Partida e Retorno<\/strong><\/em><\/h4>\n<p><span style=\"font-weight: 400;\">O viajante receber\u00e1 um ponto de encontro ap\u00f3s o processo de reserva. As excurs\u00f5es come\u00e7am e terminam nos nossos pontos de encontro.<\/span><\/p>\n<p>&nbsp;<\/p>\n<h2>Los Haitises &amp; Bacardi Island (Cayo Levantado) From Las Terrenas<\/h2>\n<h4><b><i>O que esperar?<\/i><\/b><\/h4>\n<p><b><i>V<\/i><\/b>visita<strong> Parque Nacional Los Haitises<\/strong> com um almo\u00e7o maravilhoso no<strong> Ilha de Cayo Levantado<\/strong> and Swimming at the beach. Starting From Las Terrenas to\u00a0 <strong>Saman\u00e1 port and<\/strong> A bordo de um barco ou catamar\u00e3 com um guia tur\u00edstico local, passamos a ba\u00eda de Saman\u00e1 para o lado de Sabana de la Mar para visitar um dos mais belos parques nacionais da Rep\u00fablica Dominicana. <em><strong>Parque Nacional dos Haitises<\/strong><\/em>.<\/p>\n<p>The tour, organized by \u00abBooking Adventures\u00bb starts at the meeting point set with the Tour Guide. Come with Booking Adventures and start checking some bird-filled mangroves, rolling hills of lush vegetation and caves of <em><strong>Parque Nacional Los Haitises<\/strong><\/em>. Visita \u00e0 ilha com p\u00e1ssaros ao redor. Na \u00e9poca de nidifica\u00e7\u00e3o, podemos at\u00e9 ver os filhotes de Pelecanos nos ninhos. Conhecer melhor as Ilhas Rochosas e visitar as grutas com pictografias e petrografias dos ind\u00edgenas.<\/p>\n<p>Atravessar os mangais e desembocar na ba\u00eda aberta de San Lorenzo, de onde se pode fotografar a paisagem florestal acidentada. Olhar para a \u00e1gua para ver <em><strong>Peixes-boi<\/strong><\/em>crust\u00e1ceos e <em><strong>golfinhos.<\/strong><\/em><\/p>\n<h2><strong>Caves in Los Haitises National Park<\/strong><\/h2>\n<div class=\"body-description secondary\">\n<p>The national park\u2019s name comes from its original inhabitants, the Taino Indians. In their language \u201cHaitises\u201d translates to highlands or Hills, a reference to the coastline\u2019s steep geological formations with Limestones. Adventure deeper into the park to explore caves such as the <em><strong>Gruta de areia<\/strong><\/em> e <strong><em>Cueva de la L\u00ednea.<\/em><\/strong><\/p>\n<p>As grutas da reserva eram utilizadas como abrigo pelos \u00edndios Taino e, mais tarde, para esconder piratas. Procure os desenhos dos \u00edndios que decoram algumas das paredes. Depois de visitarmos o Parque Nacional Los Haitises, regressaremos ao porto de Saman\u00e1, passando pela ba\u00eda de Saman\u00e1 durante 30 minutos e visitando a ilha Bacardi. Teremos um almo\u00e7o t\u00edpico na ilha. Se for vegan, n\u00e3o se preocupe, tamb\u00e9m temos comida para si!<\/p>\n<p>Depois de uma tarde inteira a nadar e a relaxar na praia, o nosso guia tur\u00edstico marcar\u00e1 a hora de regresso ao porto de Saman\u00e1.<\/p>\n<\/div>\n<p>Caso pretenda uma viagem mais longa ou mais curta, temos estas op\u00e7\u00f5es:<\/p>\n<ol>\n<li>Apenas Los Haitises do porto de Saman\u00e1.<\/li>\n<li>Los Haitises + Ca\u00f1o Hondo do porto de Saman\u00e1.<\/li>\n<\/ol>\n<p>&nbsp;<\/p>\n<h4><em><strong>O que voc\u00ea deve trazer?<\/strong><\/em><\/h4>\n<ul>\n<li style=\"font-weight: 400;\"><span style=\"font-weight: 400;\">C\u00e2mera<\/span><\/li>\n<li style=\"font-weight: 400;\"><span style=\"font-weight: 400;\">Bot\u00f5es repelentes<\/span><\/li>\n<li style=\"font-weight: 400;\"><span style=\"font-weight: 400;\">Creme solar<\/span><\/li>\n<li style=\"font-weight: 400;\"><span style=\"font-weight: 400;\">Chap\u00e9u<\/span><\/li>\n<li style=\"font-weight: 400;\"><span style=\"font-weight: 400;\">Cal\u00e7as confort\u00e1veis<\/span><\/li>\n<li style=\"font-weight: 400;\"><span style=\"font-weight: 400;\">Sapatos de caminhada para floresta<\/span><\/li>\n<li style=\"font-weight: 400;\"><span style=\"font-weight: 400;\">Sand\u00e1lias para as zonas de primavera.<\/span><\/li>\n<li style=\"font-weight: 400;\"><span style=\"font-weight: 400;\">Roupa de nata\u00e7\u00e3o<\/span><\/li>\n<\/ul>\n<p>&nbsp;<\/p>\n<h4><b><i>Recolha no hotel <\/i><\/b><\/h4>\n<p><span style=\"font-weight: 400;\">Hotel pick-up is\u00a0 offered from Las Terrenas. <\/span><\/p>\n<p>&nbsp;<\/p>\n<p><b>N\u00e3o te:<\/b><span style=\"font-weight: 400;\"> Se a reserva for efectuada no prazo de 24 horas antes da hora de partida da excurs\u00e3o, podemos organizar o servi\u00e7o de recolha no hotel, mediante um custo adicional. Assim que a sua compra estiver conclu\u00edda, enviar-lhe-emos informa\u00e7\u00f5es de contacto completas (n\u00famero de telefone, endere\u00e7o de e-mail, etc.) para que o nosso guia tur\u00edstico local possa organizar o transporte.<\/span><\/p>\n<h4><b><i>Confirma\u00e7\u00e3o de informa\u00e7\u00f5es adicionais <\/i><\/b><\/h4>\n<ol>\n<li>Os ingressos s\u00e3o o recibo ap\u00f3s o pagamento deste passeio. Voc\u00ea pode mostrar o pagamento no seu telefone.<\/li>\n<li style=\"font-weight: 400;\"><span style=\"font-weight: 400;\">O ponto de encontro ser\u00e1 recebido ap\u00f3s o processo de reserva.<\/span><\/li>\n<li style=\"font-weight: 400;\"><span style=\"font-weight: 400;\">As crian\u00e7as devem estar acompanhadas por um adulto.<\/span><\/li>\n<li style=\"font-weight: 400;\"><span style=\"font-weight: 400;\"> N\u00e3o acess\u00edvel a cadeiras de rodas <\/span><\/li>\n<li style=\"font-weight: 400;\"><span style=\"font-weight: 400;\">Os beb\u00eas devem sentar-se no colo <\/span><\/li>\n<li style=\"font-weight: 400;\"><span style=\"font-weight: 400;\">N\u00e3o recomendado para viajantes com problemas de costas<\/span><\/li>\n<li style=\"font-weight: 400;\"><span style=\"font-weight: 400;\">N\u00e3o recomendado para viajantes gr\u00e1vidas <\/span><\/li>\n<li style=\"font-weight: 400;\"><span style=\"font-weight: 400;\"> Sem problemas card\u00edacos ou outras condi\u00e7\u00f5es m\u00e9dicas graves <\/span><\/li>\n<li style=\"font-weight: 400;\"><span style=\"font-weight: 400;\">A maioria dos viajantes pode participar<\/span><\/li>\n<\/ol>\n<h4><b><i>Pol\u00edtica de cancelamento<\/i><\/b><\/h4>\n<p>For a full refund, please read our Cancellations policies\u00a0<a href=\"https:\/\/ticketswhales.com\/online-booking\/\" target=\"_blank\" rel=\"noopener\" data-saferedirecturl=\"https:\/\/www.google.com\/url?q=https:\/\/ticketswhales.com\/online-booking\/&amp;source=gmail&amp;ust=1672449202351000&amp;usg=AOvVaw1yAeVAPktmaVCqDujgUn90\">Click here<\/a>. Funds will be lost if the reservation is cancelled the same day of the trip.<\/p>\n\n\t\t<\/div>\n\t<\/div>\n<div class=\"vc_btn3-container vc_btn3-inline\" ><a class=\"vc_general vc_btn3 vc_btn3-size-md vc_btn3-shape-rounded vc_btn3-style-modern vc_btn3-color-green\" href=\"https:\/\/bookingadventures.tours\/booking.php?tour_id=be7de98d2703255b609767e6ac0770d5\" title=\"\" target=\"_blank\" rel=\"noopener\">AGENDE AGORA<\/a><\/div>\n\t<div class=\"wpb_video_widget wpb_content_element vc_clearfix   vc_video-aspect-ratio-169 vc_video-el-width-100 vc_video-align-left\" >\n\t\t<div class=\"wpb_wrapper\">\n\t\t\t<h2 class=\"wpb_heading wpb_video_heading\">Parque Nacional Los Haitises<\/h2>\n\t\t\t<div class=\"wpb_video_wrapper\"><iframe loading=\"lazy\" title=\"Passeios e excurs\u00f5es no Parque Nacional Los Haitises\" width=\"1100\" height=\"619\" src=\"https:\/\/www.youtube.com\/embed\/vMI4Ou81cd4?feature=oembed\" frameborder=\"0\" allow=\"accelerometer; autoplay; clipboard-write; encrypted-media; gyroscope; picture-in-picture; web-share\" referrerpolicy=\"strict-origin-when-cross-origin\" allowfullscreen><\/iframe><\/div>\n\t\t<\/div>\n\t<\/div>\n<\/div><\/div><\/div><\/div><div class=\"wpb_column vc_column_container vc_col-sm-12\"><div class=\"vc_column-inner\"><div class=\"wpb_wrapper\"><div class=\"vc_btn3-container vc_btn3-inline\" ><a class=\"vc_general vc_btn3 vc_btn3-size-md vc_btn3-shape-rounded vc_btn3-style-modern vc_btn3-color-green\" href=\"https:\/\/bookingadventures.tours\/booking.php?tour_id=be7de98d2703255b609767e6ac0770d5\" title=\"\" target=\"_blank\" rel=\"noopener\">AGENDE AGORA<\/a><\/div><\/div><\/div><\/div><div class=\"vc_empty_space\"   style=\"height: 32px\"><span class=\"vc_empty_space_inner\"><\/span><\/div><div class=\"vc_row wpb_row vc_row-fluid\" ><\/div><div class=\"wpb_column vc_column_container vc_col-sm-12\"><div class=\"vc_column-inner\"><div class=\"wpb_wrapper\"><\/div><\/div><\/div>[mkdf_section_title title_tag=\u00bb\u00bb disable_break_words=\u00bbno\u00bb title=\u00bbLos Haitises y Cayo Levantado\u00bb]<div class=\"vc_empty_space\"   style=\"height: 32px\"><span class=\"vc_empty_space_inner\"><\/span><\/div><div class=\"vc_row wpb_row vc_row-fluid\" ><\/div><div class=\"wpb_column vc_column_container vc_col-sm-12\"><div class=\"vc_column-inner\"><div class=\"wpb_wrapper\"><\/div><\/div><\/div>","protected":false},"excerpt":{"rendered":"<p id=\"tw-target-text\" class=\"tw-data-text tw-text-large tw-ta\" dir=\"ltr\" data-placeholder=\"Translation\"><span class=\"Y2IQFc\" lang=\"en\">Excursion to Los Haitises and Cayo Levantado from Las Terrenas, Ecological Trip to Los Haitises National Park with a Local Tourist Guide. Visiting the Keys in Los Haitises National Park, Mangroves, Vegetation, Bird Watching, Caves, Pictograms and the historical areas of Sabana de la Mar in Los Haitises National Park. After Los Haitises we had lunch on the beach at Bacardi Island. Book now Tour to Los Haitises National Park from Saman\u00e1 port + Bacard\u00ed Island (Cayo Levantado) with us. <\/span><\/p>\n<p class=\"tw-data-text tw-text-large tw-ta\" dir=\"ltr\" data-placeholder=\"Translation\"><strong><span class=\"Y2IQFc\" lang=\"en\">Select the date for the Tour:<\/span><\/strong><\/p>","protected":false},"featured_media":15009,"template":"","meta":[],"product_brand":[],"product_cat":[571,566,629,123,124],"product_tag":[137,205,180,125,206,139,163,129,207,208,132,523,209,210,211,212,133,213,214,215,216,217,218,190,219,114,142,148,143,220],"class_list":{"0":"post-14864","1":"product","2":"type-product","3":"status-publish","4":"has-post-thumbnail","6":"product_cat-1-samana","7":"product_cat-boat-trip-los-haitises","8":"product_cat-los-haitises-terrenas","9":"product_cat-tours-excursions-los-haitises-national-park","10":"product_cat-tours-excursions-samana-bay-dominican-republic","11":"product_tag-bacardi-island","12":"product_tag-bacardi-island-tours","13":"product_tag-birdwatching","14":"product_tag-boat-tour","15":"product_tag-caves-los-haitises","16":"product_tag-cayo-levantado","17":"product_tag-cayo-levantado-tour","18":"product_tag-eco-tours","19":"product_tag-excursiones-a-los-haitises-y-cayo-levantado","20":"product_tag-haitises-park-and-cayo-levantado-island","21":"product_tag-los-haitises","22":"product_tag-los-haitises-and-cayo-levantado","23":"product_tag-los-haitises-excursiones","24":"product_tag-los-haitises-excursions","25":"product_tag-los-haitises-mapa","26":"product_tag-los-haitises-mas-cayo-levantado","27":"product_tag-los-haitises-national-park","28":"product_tag-los-haitises-national-park-map","29":"product_tag-los-haitises-national-park-mas-cayo-levantado","30":"product_tag-los-haitises-national-park-tour-from-las-terrenas","31":"product_tag-los-haitises-national-park-tour-from-samana-port-bacardi-island-cayo-levantado","32":"product_tag-los-haitises-national-park-tour-from-santo-domingo","33":"product_tag-los-haitises-park-tour-cayo-levantado-island","34":"product_tag-los-haitises-samana","35":"product_tag-los-haitises-y-cayo-levantado","36":"product_tag-sabana-de-la-mar","37":"product_tag-samana","38":"product_tag-samana-excursions","39":"product_tag-samana-tours","40":"product_tag-tour-los-haitises-national-park-cayo-levantado","42":"first","43":"instock","44":"sale","45":"sold-individually","46":"shipping-taxable","47":"product-type-external"},"_links":{"self":[{"href":"https:\/\/toursmiches.com\/pt\/wp-json\/wp\/v2\/product\/14864","targetHints":{"allow":["GET"]}}],"collection":[{"href":"https:\/\/toursmiches.com\/pt\/wp-json\/wp\/v2\/product"}],"about":[{"href":"https:\/\/toursmiches.com\/pt\/wp-json\/wp\/v2\/types\/product"}],"wp:featuredmedia":[{"embeddable":true,"href":"https:\/\/toursmiches.com\/pt\/wp-json\/wp\/v2\/media\/15009"}],"wp:attachment":[{"href":"https:\/\/toursmiches.com\/pt\/wp-json\/wp\/v2\/media?parent=14864"}],"wp:term":[{"taxonomy":"product_brand","embeddable":true,"href":"https:\/\/toursmiches.com\/pt\/wp-json\/wp\/v2\/product_brand?post=14864"},{"taxonomy":"product_cat","embeddable":true,"href":"https:\/\/toursmiches.com\/pt\/wp-json\/wp\/v2\/product_cat?post=14864"},{"taxonomy":"product_tag","embeddable":true,"href":"https:\/\/toursmiches.com\/pt\/wp-json\/wp\/v2\/product_tag?post=14864"}],"curies":[{"name":"wp","href":"https:\/\/api.w.org\/{rel}","templated":true}]}}