{"id":16184,"date":"2025-09-08T14:35:50","date_gmt":"2025-09-08T14:35:50","guid":{"rendered":"https:\/\/toursmiches.com\/?post_type=product&#038;p=16184"},"modified":"2025-09-08T14:47:40","modified_gmt":"2025-09-08T14:47:40","slug":"los-haitises-boat-tour-sabana-de-la-mar-caves-mangroves","status":"publish","type":"product","link":"https:\/\/toursmiches.com\/ro\/miches\/los-haitises-boat-tour-sabana-de-la-mar-caves-mangroves\/","title":{"rendered":"Los Haitises: Boat Tour Sabana de la mar, Caves &#038; Mangroves"},"content":{"rendered":"<p>This trip starts with a Local Tour Guide that knows the original History of the gorgeous National Park.<\/p>\n<p>Dup\u0103 ce pornim din portul principal din Parcul Na\u021bional Los Haitises, numele Ca\u00f1o Hondo (Deep Creek) pe o BARC\u0102 cu veste de salvare. Ne vom bucura de p\u0103durea Mangroves Ro\u0219ii p\u00e2n\u0103 ajungem \u00een Golful San Lorenzo. Mic golf \u00een golful Saman\u00e1. \u0218i iat\u0103-ne! Primul lucru uimitor pe care \u00eel pute\u021bi vedea este colec\u021bia unei insule montane uria\u0219e de calcare numit\u0103 Mogotes. peste ele peste 700 de specii de plante \u0219i multe p\u0103s\u0103ri din zonele umede care zboar\u0103 \u00een jur. Mai t\u00e2rziu, vizitarea pe\u0219terilor cu pictograme din comunit\u0103\u021bile noastre indigene de acum 750 de ani.<\/p>\n<p>Through the mangroves and Land at the open San Lorenzo Bay, from where you can photograph the rugged forest landscape. Look to the water to spot Manatees, crustaceans, and dolphins.<\/p>\n<p>The national park\u2019s name comes from its original inhabitants, the Taino Indians. In their language \u201cHaitises\u201d translates to highlands or Hills, a reference to the coastline\u2019s steep geological formations with Limestones. Aventure deeper into the park to explore caves such as the Cueva de la Arena and Cueva de la L\u00ednea. Caves in the reserve were used as shelter by the Taino Indians and, later, by hiding pirates. Look for drawings by Indians that decorate some of the walls. After visiting Los Haitises National Park we will go back to the port where our trip started.<\/p>","protected":false},"excerpt":{"rendered":"<div data-track=\"overview\" data-v-83a2b402=\"\">\n<section id=\"activity-overview\" class=\"activity-overview\" data-component=\"overview\" data-v-83a2b402=\"\" data-v-f3236c42=\"\">\n<p class=\"activity-overview__content\" data-test-id=\"activity-overview-content\" data-v-f3236c42=\"\">Try a rainforest hike in Los Haitises for and enjoy a boat trip through the mangroves and visit the park&#8217;s caves. Learn from a local guide while exploring the park, and see a variety of wildlife.<\/p>\n<\/section>\n<\/div>\n<div data-track=\"key-details\" data-v-83a2b402=\"\"><\/div>","protected":false},"featured_media":16312,"template":"","meta":[],"product_brand":[],"product_cat":[610],"product_tag":[130,611],"class_list":{"0":"post-16184","1":"product","2":"type-product","3":"status-publish","4":"has-post-thumbnail","6":"product_cat-dominican-republic","7":"product_tag-excursion","8":"product_tag-tour","10":"first","11":"instock","12":"shipping-taxable","13":"product-type-external"},"_links":{"self":[{"href":"https:\/\/toursmiches.com\/ro\/wp-json\/wp\/v2\/product\/16184","targetHints":{"allow":["GET"]}}],"collection":[{"href":"https:\/\/toursmiches.com\/ro\/wp-json\/wp\/v2\/product"}],"about":[{"href":"https:\/\/toursmiches.com\/ro\/wp-json\/wp\/v2\/types\/product"}],"wp:featuredmedia":[{"embeddable":true,"href":"https:\/\/toursmiches.com\/ro\/wp-json\/wp\/v2\/media\/16312"}],"wp:attachment":[{"href":"https:\/\/toursmiches.com\/ro\/wp-json\/wp\/v2\/media?parent=16184"}],"wp:term":[{"taxonomy":"product_brand","embeddable":true,"href":"https:\/\/toursmiches.com\/ro\/wp-json\/wp\/v2\/product_brand?post=16184"},{"taxonomy":"product_cat","embeddable":true,"href":"https:\/\/toursmiches.com\/ro\/wp-json\/wp\/v2\/product_cat?post=16184"},{"taxonomy":"product_tag","embeddable":true,"href":"https:\/\/toursmiches.com\/ro\/wp-json\/wp\/v2\/product_tag?post=16184"}],"curies":[{"name":"wp","href":"https:\/\/api.w.org\/{rel}","templated":true}]}}