{"id":553,"date":"2020-06-21T20:30:49","date_gmt":"2020-06-21T20:30:49","guid":{"rendered":"http:\/\/toursmiches.com\/?post_type=product&#038;p=553"},"modified":"2024-04-17T21:13:57","modified_gmt":"2024-04-17T21:13:57","slug":"excursion-a-los-haitises-y-cano-hondo-desde-sabana-de-la-mar","status":"publish","type":"product","link":"https:\/\/toursmiches.com\/ro\/miches\/excursion-a-los-haitises-y-cano-hondo-desde-sabana-de-la-mar\/","title":{"rendered":"Tur privat la Los Haitises \u0219i Ca\u00f1o Hondo din Sabana de la Mar"},"content":{"rendered":"<div class=\"vc_row wpb_row vc_row-fluid\" ><div class=\"wpb_column vc_column_container vc_col-sm-12\"><div class=\"vc_column-inner\"><div class=\"wpb_wrapper\">[mkdf_section_title subtitle_tag=\u00bb\u00bb subtitle=\u00bbAlmuerzo y Nataci\u00f3n en Piscinas Naturales\u00bb]<\/div><\/div><\/div><\/div><div class=\"vc_row wpb_row vc_row-fluid\" ><div class=\"wpb_column vc_column_container vc_col-sm-12\"><div class=\"vc_column-inner\"><div class=\"wpb_wrapper\"><div class=\"vc_empty_space\"   style=\"height: 32px\"><span class=\"vc_empty_space_inner\"><\/span><\/div><\/div><\/div><\/div><\/div><div class=\"vc_row wpb_row vc_row-fluid\" ><div class=\"wpb_column vc_column_container vc_col-sm-12\"><div class=\"vc_column-inner\"><div class=\"wpb_wrapper\">\n\t<div class=\"wpb_text_column wpb_content_element\" >\n\t\t<div class=\"wpb_wrapper\">\n\t\t\t<h2>Parcul Na\u021bional Los Haitises + Pr\u00e2nz \u00een Ca\u00f1o Hondo din Sabana de la Mar<\/h2>\n<h3>Descriere<\/h3>\n<p>Excursie de o zi \u00eentreag\u0103 la Parcul Na\u021bional Los Haitises \u0219i pr\u00e2nz \u00een Ca\u00f1o Hondo plus \u00eenot \u00een piscine naturale. Vino cu noi \u0219i viziteaz\u0103 cel mai frumos parc na\u021bional din Republica Dominican\u0103, vizit\u00e2nd mangrove, pe\u0219teri \u0219i Golful San Lorenzo. \u00centoarce\u021bi-v\u0103 \u00een portul Ca\u00f1o Hondo pentru a merge 15 minute pentru a v\u0103 bucura de un pr\u00e2nz tipic cu vedere la ocean la Parcul Na\u021bional Los Haitises. Dup\u0103 aceasta \u00eenot \u00eentr-un izvor natural p\u00e2n\u0103 la ora 16:30.<\/p>\n<ul>\n<li>Include pr\u00e2nz tip bufet.<\/li>\n<li>\u00cenota\u021bi \u00een piscine naturale<\/li>\n<li>Taxe incluse<\/li>\n<li>Ghidul ofer\u0103 instruc\u021biuni \u0219i supraveghere.<\/li>\n<\/ul>\n<h3>Incluziuni \u0219i excluderi<\/h3>\n<h4>Incluziuni<\/h4>\n<ol>\n<li>pr\u00e2nzul la Ecolodge<\/li>\n<li>Tur Los Haitises + Pe\u0219teri \u0219i Pictograme<\/li>\n<li>Toate taxele, taxele \u0219i taxele de manipulare.<\/li>\n<li>Taxe locale<\/li>\n<li>B\u0103uturi<\/li>\n<li>Toate activit\u0103\u021bile<\/li>\n<li>Ghid local<\/li>\n<\/ol>\n<h4>Excluderile<\/h4>\n<ol>\n<li>sfaturi<\/li>\n<li>Transport<\/li>\n<li>B\u0103uturi alcoolice<\/li>\n<\/ol>\n<h3><em>Plecare si intoarcere<\/em><\/h3>\n<p>C\u0103l\u0103torul va primi un punct de \u00eent\u00e2lnire dup\u0103 procesul de rezervare. Tururile \u00eencep \u0219i se termin\u0103 la punctele noastre de \u00eent\u00e2lnire.<\/p>\n<h3><em>La ce s\u0103 te a\u0219tep\u021bi?<\/em><\/h3>\n<p>Ob\u021bine\u021bi bilete pentru a vizita Parcul Na\u021bional Los Haitises cu un pr\u00e2nz minunat la Ca\u00f1o Hondo \u0219i \u00eenot \u00een izvoarele naturale. Face\u021bi un tur cu barca prin mangrove, pe\u0219teri antice de pira\u021bi \u0219i p\u0103duri protejate din aceast\u0103 rezerva\u021bie pitoreasc\u0103, din zona hotelului Ca\u00f1o Hondo sau din Sabana de la Mar.<\/p>\n<p>El recorrido, organizado por \u00abBooking Adventures\u00bb, comienza en el punto de encuentro establecido con el gu\u00eda tur\u00edstico. Ven con Booking Adventures y comienza a observar algunos manglares llenos de p\u00e1jaros, colinas onduladas de exuberante vegetaci\u00f3n y cuevas del Parque Nacional Los Haitises. Excursi\u00f3n en bote desde el r\u00edo Ca\u00f1o Hondo, Sabana de la Mar.<\/p>\n<p>Prin mangrove \u0219i teren \u00een golful deschis San Lorenzo, de unde pute\u021bi fotografia peisajul p\u0103durii accidentate. Privi\u021bi \u00een ap\u0103 pentru a vedea lamantini, crustacee \u0219i delfini.<\/p>\n<p>El nombre del parque nacional proviene de sus habitantes originales, los indios ta\u00ednos. En su idioma, \u00abHaitises\u00bb se traduce en tierras altas o colinas, una referencia a las empinadas formaciones geol\u00f3gicas de la costa con calizas. Avent\u00farate m\u00e1s en el parque para explorar cuevas como la Cueva de la Arena y la Cueva de la l\u00ednea. Las cuevas en la reserva fueron utilizadas como refugio por los indios ta\u00ednos y, m\u00e1s tarde, por los piratas escondidos. Busque dibujos de indios que decoran algunas de las paredes. Despu\u00e9s de visitar el Parque Nacional Los Haitises iremos a Ca\u00f1o Hondo. En Ca\u00f1o Hondo aprendiendo sobre esta historia de ecolodge y la hora del almuerzo con la comida t\u00edpica de la comunidad de Sabana de la Mar.<\/p>\n<p>Pr\u00e2nzul va fi delicios, dar \u00eenc\u0103 nu am terminat. Dup\u0103 pr\u00e2nz, vom \u00eenota \u00een izvorul natural de la r\u00e2ul Jibales, un r\u00e2u peren p\u00e2n\u0103 la r\u00e2ul Ca\u00f1o Hondo. R\u0103m\u00e2ne\u021bi \u00een Ca\u00f1o Hondo p\u00e2n\u0103 la ora 18:00 dac\u0103 dori\u021bi sau mai pu\u021bin.<\/p>\n<p>\u00cen Piscinele Naturii po\u021bi sta at\u00e2ta timp c\u00e2t vrei s\u0103 \u00eeno\u021bi \u0219i s\u0103 faci drume\u021bii. Dac\u0103 sunte\u021bi vegan, v\u0103 putem preg\u0103ti \u0219i m\u00e2ncare.<\/p>\n<h3><em>Ce ar trebui s\u0103 aduci?<\/em><\/h3>\n<ul>\n<li>aparat foto<\/li>\n<li>Repelente<\/li>\n<li>protec\u021bie solar\u0103<\/li>\n<li>P\u0103l\u0103rie<\/li>\n<li>Pantaloni comozi<\/li>\n<li>Pantofi de drume\u021bie \u00een p\u0103dure<\/li>\n<li>Sandale pentru zonele de prim\u0103var\u0103.<\/li>\n<li>Costum de baie<\/li>\n<\/ul>\n<h3><em>Preluare la hotel<\/em><\/h3>\n<p>Preluarea de la hotel nu este oferit\u0103 pentru acest tur.<\/p>\n<p><strong>Not\u0103:<\/strong> Dac\u0103 rezerva\u021bi \u00een termen de 24 de ore de la ora de plecare a turului\/excursiei, putem aranja preluarea de la hotel cu taxe suplimentare. Odat\u0103 ce achizi\u021bia dvs. este finalizat\u0103, v\u0103 vom trimite informa\u021bii complete de contact (num\u0103r de telefon, adres\u0103 de e-mail etc.) pentru ghidul nostru local pentru a aranja aranjamentele de ridicare.<\/p>\n<h3><em>Confirmarea informa\u021biilor suplimentare<\/em><\/h3>\n<ul>\n<li>Biletele sunt Chitan\u021ba dup\u0103 plata acestui Tur. Pute\u021bi afi\u0219a plata pe telefon.<\/li>\n<li>Punctul de \u00eent\u00e2lnire va fi primit dup\u0103 procesul de rezervare.<\/li>\n<li>Copiii trebuie s\u0103 fie \u00eenso\u021bi\u021bi de un adult.<\/li>\n<li>Nu este accesibil cu scaunul cu rotile<\/li>\n<li>Bebelu\u0219ii trebuie s\u0103 stea \u00eentr-un scaun pentru copii sau cu un adult<\/li>\n<li>Nu este recomandat c\u0103l\u0103torilor cu probleme de spate.<\/li>\n<li>Nu este recomandat femeilor \u00eens\u0103rcinate.<\/li>\n<li>F\u0103r\u0103 probleme cardiace sau alte afec\u021biuni medicale grave.<\/li>\n<li>Majoritatea c\u0103l\u0103torilor pot participa.<\/li>\n<\/ul>\n<h3><em>Politica de anulare<\/em><\/h3>\n<p>Pentru o rambursare complet\u0103, anula\u021bi cu cel pu\u021bin 24 de ore \u00eenainte de data \u00eenceperii experien\u021bei.<\/p>\n\n\t\t<\/div>\n\t<\/div>\n<\/div><\/div><\/div><\/div><div class=\"vc_row wpb_row vc_row-fluid\" ><div class=\"wpb_column vc_column_container vc_col-sm-12\"><div class=\"vc_column-inner\"><div class=\"wpb_wrapper\">\n\t<div class=\"wpb_video_widget wpb_content_element vc_clearfix   vc_video-aspect-ratio-169 vc_video-el-width-100 vc_video-align-left\" >\n\t\t<div class=\"wpb_wrapper\">\n\t\t\t\n\t\t\t<div class=\"wpb_video_wrapper\"><iframe loading=\"lazy\" title=\"Parcul Na\u021bional Los Haitises, excursii \u0219i excursii din Samana sau Sabana de la Mar. Rezerva\u021bi aici:\" src=\"https:\/\/player.vimeo.com\/video\/346508015?dnt=1&amp;app_id=122963\" width=\"1100\" height=\"619\" frameborder=\"0\" allow=\"autoplay; fullscreen\" allowfullscreen><\/iframe><\/div>\n\t\t<\/div>\n\t<\/div>\n<\/div><\/div><\/div><\/div><div class=\"vc_row wpb_row vc_row-fluid\" ><div class=\"wpb_column vc_column_container vc_col-sm-12\"><div class=\"vc_column-inner\"><div class=\"wpb_wrapper\"><div class=\"vc_empty_space\"   style=\"height: 32px\"><span class=\"vc_empty_space_inner\"><\/span><\/div>\n\t<div class=\"wpb_text_column wpb_content_element\" >\n\t\t<div class=\"wpb_wrapper\">\n\t\t\t<h4>Contacta\u0163i-ne?<\/h4>\n<h5>Rezerv\u0103ri de aventur\u0103<\/h5>\n<p><strong><em>Ghizi turistici locali \u0219i na\u021bionali \u0219i servicii pentru oaspe\u021bi<\/em><\/strong><\/p>\n<p>Rezervari: Tururi si excursii in Dom. Reps.<\/p>\n<p>Tel\/Whatsapp +1-809-720-6035.<\/p>\n<p>info@bookingadventures.com.do<\/p>\n<p>Facem tururi private cu configura\u021bie flexibil\u0103 prin Whatsapp: +18097206035.<\/p>\n\n\t\t<\/div>\n\t<\/div>\n<div class=\"vc_empty_space\"   style=\"height: 32px\"><span class=\"vc_empty_space_inner\"><\/span><\/div><\/div><\/div><\/div><\/div>","protected":false},"excerpt":{"rendered":"<p>Excursie \u00een Parcul Na\u021bional Los Haitises din Sabana de la Mar, vizit\u00e2nd mangrove, pe\u0219teri, pictograme + pr\u00e2nz \u00een excursii \u0219i piscine din Ca\u00f1o Hondo.<\/p>\n<p>Seta\u021bi acest tur cu un traseu de drume\u021bie \u0219i afla\u021bi despre istoria Parcului Na\u021bional Los Haitises de la ghizii locali.<\/p>","protected":false},"featured_media":82,"template":"","meta":[],"product_brand":[],"product_cat":[443,123,124],"product_tag":[126,127,128,145,202,203,132,133,146,114,204],"class_list":{"0":"post-553","1":"product","2":"type-product","3":"status-publish","4":"has-post-thumbnail","6":"product_cat-tours-y-excursiones-es","7":"product_cat-tours-excursions-los-haitises-national-park","8":"product_cat-tours-excursions-samana-bay-dominican-republic","9":"product_tag-cano-hondo","10":"product_tag-cano-hondo-hotel","11":"product_tag-cano-hondo-tours","12":"product_tag-day-tour-cano-hondo","13":"product_tag-la-arena-cave","14":"product_tag-line-cave","15":"product_tag-los-haitises","16":"product_tag-los-haitises-national-park","17":"product_tag-mangroves-los-haitises","18":"product_tag-sabana-de-la-mar","19":"product_tag-san-lorenzo-bay","21":"first","22":"instock","23":"sale","24":"sold-individually","25":"shipping-taxable","26":"product-type-external"},"_links":{"self":[{"href":"https:\/\/toursmiches.com\/ro\/wp-json\/wp\/v2\/product\/553","targetHints":{"allow":["GET"]}}],"collection":[{"href":"https:\/\/toursmiches.com\/ro\/wp-json\/wp\/v2\/product"}],"about":[{"href":"https:\/\/toursmiches.com\/ro\/wp-json\/wp\/v2\/types\/product"}],"wp:featuredmedia":[{"embeddable":true,"href":"https:\/\/toursmiches.com\/ro\/wp-json\/wp\/v2\/media\/82"}],"wp:attachment":[{"href":"https:\/\/toursmiches.com\/ro\/wp-json\/wp\/v2\/media?parent=553"}],"wp:term":[{"taxonomy":"product_brand","embeddable":true,"href":"https:\/\/toursmiches.com\/ro\/wp-json\/wp\/v2\/product_brand?post=553"},{"taxonomy":"product_cat","embeddable":true,"href":"https:\/\/toursmiches.com\/ro\/wp-json\/wp\/v2\/product_cat?post=553"},{"taxonomy":"product_tag","embeddable":true,"href":"https:\/\/toursmiches.com\/ro\/wp-json\/wp\/v2\/product_tag?post=553"}],"curies":[{"name":"wp","href":"https:\/\/api.w.org\/{rel}","templated":true}]}}