{"id":605,"date":"2020-07-10T08:10:36","date_gmt":"2020-07-10T08:10:36","guid":{"rendered":"http:\/\/toursmiches.com\/?post_type=product&#038;p=605"},"modified":"2024-04-16T15:20:46","modified_gmt":"2024-04-16T15:20:46","slug":"excursion-parque-nacional-los-haitises","status":"publish","type":"product","link":"https:\/\/toursmiches.com\/sk\/miches\/excursion-parque-nacional-los-haitises\/","title":{"rendered":"Excursion Parque Nacional los Haitises"},"content":{"rendered":"<div class=\"vc_row wpb_row vc_row-fluid\" ><div class=\"wpb_column vc_column_container vc_col-sm-12\"><div class=\"vc_column-inner\"><div class=\"wpb_wrapper\">[mkdf_section_title subtitle_tag=\u00bb\u00bb subtitle=\u00bbTour normal a los Haitises\u00bb]<\/div><\/div><\/div><\/div><div class=\"vc_row wpb_row vc_row-fluid\" ><div class=\"wpb_column vc_column_container vc_col-sm-12\"><div class=\"vc_column-inner\"><div class=\"wpb_wrapper\">\n\t<div class=\"wpb_text_column wpb_content_element\" >\n\t\t<div class=\"wpb_wrapper\">\n\t\t\t<h2>Excursion Parque Nacional Los Haitises Desde Sabana de la Mar o Hotel Cano Hondo.<\/h2>\n<h3>Popis<\/h3>\n<p>Un viaje privado normal al <strong>N\u00e1rodn\u00fd park Los Haitises<\/strong>. Ven con nosotros y visita el parque nacional m\u00e1s hermoso de la Rep\u00fablica Dominicana, visitando manglares, cuevas y la bah\u00eda de San Lorenzo. Esta experiencia puede comenzar desde la comunidad de<strong> Savannah of the Sea<\/strong> aprendiendo sobre esta historia de Sabana de la Mar. Adem\u00e1s, comenzamos este viaje desde el puerto de <strong>Ca\u00f1o Hondo.<\/strong><\/p>\n<ul>\n<li>Vr\u00e1tane dan\u00ed<\/li>\n<li>Sprievodca poskytuje pokyny a dozor.<\/li>\n<li>Obed nie je zahrnut\u00fd v cene obeda v Ca\u00f1o Hondo Vyberte si tento z\u00e1jazd: Los Haitises Plus Ca\u00f1o Hondo.<\/li>\n<\/ul>\n<h3>Inkl\u00fazie a vyl\u00fa\u010denia<\/h3>\n<h4>Inkl\u00fazie<\/h4>\n<ol>\n<li>Prehliadka Los Haitises + jaskyne a piktogramy<\/li>\n<li>V\u0161etky dane, poplatky a manipula\u010dn\u00e9 poplatky.<\/li>\n<li>Miestne dane<\/li>\n<li>V\u0161etky aktivity<\/li>\n<li>Miestny sprievodca<\/li>\n<\/ol>\n<h4>Vyl\u00fa\u010denia<\/h4>\n<ol>\n<li>Tipy<\/li>\n<li>Obed nie je zahrnut\u00fd v cene obeda v Ca\u00f1o Hondo Vyberte si tento z\u00e1jazd: Los Haitises Plus Ca\u00f1o Hondo.<\/li>\n<li>Doprava<\/li>\n<li>Alkoholick\u00e9 n\u00e1poje<\/li>\n<\/ol>\n<h3><em>Odlet a n\u00e1vrat<\/em><\/h3>\n<p>Cestuj\u00faci dostane miesto stretnutia po procese rezerv\u00e1cie. Prehliadky za\u010d\u00ednaj\u00fa a kon\u010dia na na\u0161ich miestach stretnutia.<\/p>\n<h2><em>\u010co o\u010dak\u00e1va\u0165?<\/em><\/h2>\n<p>Z\u00edskajte vstupenky na n\u00e1v\u0161tevu n\u00e1rodn\u00e9ho parku Los Haitises s jasky\u0148ami, mangrovn\u00edkmi a z\u00e1livom San Lorenzo.<\/p>\n<p>Najni\u017e\u0161ia cena za n\u00e1v\u0161tevu n\u00e1rodn\u00e9ho parku Los Haitises z hotelov Sabana de la Mar alebo Ca\u00f1o Hondo s miestnymi sprievodcami. V\u00fdlet za\u010d\u00edna v hlavnom pr\u00edstave n\u00e1rodn\u00e9ho parku Los Haitises. Tento v\u00fdlet za\u010d\u00edna o 10:00 s miestnym sprievodcom, ktor\u00fd pozn\u00e1 p\u00f4vodn\u00fd pr\u00edbeh o n\u00e1dhernom n\u00e1rodnom parku.<\/p>\n<p>Potom vyraz\u00edme z hlavn\u00e9ho pr\u00edstavu n\u00e1rodn\u00e9ho parku Los Haitises s n\u00e1zvom Ca\u00f1o Hondo (Hlbok\u00fd potok) na \u010cLNE so z\u00e1chrann\u00fdmi vestami. \u010cerven\u00fd mangrovov\u00fd les si vychutn\u00e1me a\u017e k\u00fdm sa nedostaneme do z\u00e1livu San Lorenzo. Mal\u00e1 z\u00e1toka v z\u00e1live Saman\u00e1. A tu to m\u00e1me! Prv\u00e1 vec, ktor\u00fa m\u00f4\u017eete vidie\u0165, je zbierka obrovsk\u00e9ho v\u00e1pencov\u00e9ho horsk\u00e9ho ostrova s n\u00e1zvom Mogotes. Nad nimi lieta viac ako 700 druhov rastl\u00edn a mno\u017estvo mokra\u010fov\u00fdch vt\u00e1kov. Nesk\u00f4r n\u00e1v\u0161teva jask\u00fd\u0148 s piktogramami na\u0161ich domorod\u00fdch komun\u00edt pred 750 rokmi.<\/p>\n<p>Cez mangrovy a pozemky v otvorenom z\u00e1live San Lorenzo, odkia\u013e m\u00f4\u017eete fotografova\u0165 drsn\u00fa lesn\u00fa krajinu. Pozrite sa do vody a uvid\u00edte lamant\u00edny, k\u00f4rovce a delf\u00edny.<\/p>\n<h2><span class=\"fs13lh1-5\"><b>Parque nacional los haitises Ubicacion:<\/b><\/span><\/h2>\n<p>On\u00a0<span class=\"fs13lh1-5\"><b>Parque nacional los haitises<\/b><\/span> de encuentra en <span class=\"fs13lh1-5\"><b>Sabana de la mar<\/b><\/span>, y zona del noroeste esta ubicado el\u00a0<span class=\"fs13lh1-5\"><b>parque nacional los Haitises<\/b><\/span>, fue utilizado en la epoca por\u00a0<span class=\"fs13lh1-5\"><b>refugio indigena<\/b><\/span>, con diversa especies de aves y arboles naturales,\u00a0<span class=\"fs13lh1-5\"><b>Cascada y manglares<\/b><\/span>.<\/p>\n<p>Cuando quiera ver qu\u00e9 es un verdadero para\u00edso natural, no busque m\u00e1s all\u00e1 del Parque Nacional Los Haitises. Este singular ecosistema abarca m\u00e1s de 2,000 millas de lluvia, manglares y playas aisladas entrelazadas en la l\u00ednea costera.<\/p>\n<p><span class=\"fs13lh1-5\"><b>Hai\u0165ania<\/b><\/span>\u00a0es el hogar de m\u00e1s de\u00a0<span class=\"fs13lh1-5\"><b>131 especies de aves<\/b><\/span>, incluyendo el raro <span class=\"fs13lh1-5\"><b>Gavilan de la Hispaniola<\/b><\/span>. La l\u00ednea costera est\u00e1 llena de cuevas donde los indios ta\u00ednos locales viv\u00edan y decoraban con pictograf\u00edas y pinturas que a\u00fan se pueden ver. Descubra tambi\u00e9n\u00a0<span class=\"fs13lh1-5\"><b>los manglares<\/b><\/span>\u00a0que adornan la belleza natural de este para\u00edso tropical, dando al paisaje una sensaci\u00f3n incre\u00edble de otra \u00e9poca.<\/p>\n<p>Venga y disfrute de un d\u00eda sin igual en un lugar completamente reservado para usted y sus acompa\u00f1antes en esta isla inolvidable. Partiendo de nuestro muelle privado en Cano Hondo, Sabana de la mar, lo transportaremos en nuestros barcos c\u00f3modos, r\u00e1pidos y seguros y navegaremos hacia el <span class=\"fs13lh1-5\"><b>N\u00e1rodn\u00fd park Los Haitises<\/b><\/span>, designado\u00a0<span class=\"fs13lh1-5\"><b>Reserva de la Biosfera por la UNESCO<\/b><\/span>.<\/p>\n<p><span class=\"fs13lh1-5\"><b>Excursiones al Parque Nacional Los Haitises en Sabana de la mar,<\/b><\/span> Rep\u00fablica Dominicana. Durante el viaje tambi\u00e9n visitaremos varias cuevas naturales conocidas como , \u00ab<span class=\"fs13lh1-5\"><b>La L\u00ednea<\/b><\/span>\u00ab, y \u00ab<span class=\"fs13lh1-5\"><b>La Arena<\/b><\/span>\u00bb donde encontrar\u00e1s\u00a0<span class=\"fs13lh1-5\"><b>arte ind\u00edgena<\/b><\/span>\u00a0pintado en las paredes de la cueva y dejate imaginar los muchos actividades que se llevaron a cabo en esas cuevas a lo largo de los a\u00f1os.<\/p>\n<h3><em>\u010co by ste si mali prinies\u0165?<\/em><\/h3>\n<ul>\n<li>fotoapar\u00e1t<\/li>\n<li>Repelenty<\/li>\n<li>opa\u013eovac\u00ed kr\u00e9m<\/li>\n<li>Klob\u00fak<\/li>\n<li>Pohodln\u00e9 nohavice<\/li>\n<li>Lesn\u00e9 turistick\u00e9 top\u00e1nky<\/li>\n<li>Sand\u00e1le do jarn\u00fdch oblast\u00ed.<\/li>\n<li>Plavky<\/li>\n<\/ul>\n<h3><em>Vyzdvihnutie v hoteli<\/em><\/h3>\n<p>Hotelov\u00e9 vyzdvihnutie je pon\u00fakan\u00e9, ak sa nach\u00e1dzate v hoteli Paraiso Ca\u00f1o Hondo alebo Altos Ca\u00f1o Hondo. Miesto stretnutia je 5 min\u00fat ch\u00f4dze od t\u00fdchto hotelov.<\/p>\n<p><strong>Pozn\u00e1mka<\/strong>- Ak si rezervujete do 24 hod\u00edn od \u010dasu odchodu z\u00e1jazdu\/exkurzie, m\u00f4\u017eeme v\u00e1m zabezpe\u010di\u0165 vyzdvihnutie v hoteli s dodato\u010dn\u00fdmi poplatkami, ak nie ste v hoteloch Ca\u00f1o Hondo. Po dokon\u010den\u00ed n\u00e1kupu v\u00e1m po\u0161leme kompletn\u00e9 kontaktn\u00e9 inform\u00e1cie (telef\u00f3nne \u010d\u00edslo, e-mailov\u00fa adresu at\u010f.) na n\u00e1\u0161ho miestneho sprievodcu, aby sme si dohodli vyzdvihnutie.<\/p>\n<h3><em>Potvrdenie dodato\u010dn\u00fdch inform\u00e1ci\u00ed<\/em><\/h3>\n<ul>\n<li>Vstupenky s\u00fa potvrden\u00edm po zaplaten\u00ed tohto z\u00e1jazdu. Platbu m\u00f4\u017eete zobrazi\u0165 na telef\u00f3ne.<\/li>\n<li>Miesto stretnutia bude doru\u010den\u00e9 po procese rezerv\u00e1cie.<\/li>\n<li>Deti musia by\u0165 v sprievode dospelej osoby.<\/li>\n<li>Bezbari\u00e9rov\u00fd pr\u00edstup<\/li>\n<li>Doj\u010dat\u00e1 by mali sedie\u0165 v detskej seda\u010dke alebo s dospel\u00fdm<\/li>\n<li>Neodpor\u00fa\u010da sa pre cestuj\u00facich s probl\u00e9mami s chrbtom.<\/li>\n<li>Neodpor\u00fa\u010da sa tehotn\u00fdm \u017een\u00e1m.<\/li>\n<li>\u017diadne srdcov\u00e9 probl\u00e9my ani in\u00e9 v\u00e1\u017ene zdravotn\u00e9 \u0165a\u017ekosti.<\/li>\n<li>V\u00e4\u010d\u0161ina cestovate\u013eov sa m\u00f4\u017ee z\u00fa\u010dastni\u0165.<\/li>\n<\/ul>\n<h3><em>Podmienky zru\u0161enia<\/em><\/h3>\n<p>Ak chcete z\u00edska\u0165 pln\u00fa n\u00e1hradu, zru\u0161te aspo\u0148 24 hod\u00edn pred d\u00e1tumom za\u010diatku z\u00e1\u017eitku.<\/p>\n<h3><em>Kontaktuj n\u00e1s?<\/em><\/h3>\n<p><strong>Rezerva\u010dn\u00e9 dobrodru\u017estv\u00e1<\/strong><br \/>\nMiestni a n\u00e1rodn\u00ed turistick\u00ed sprievodcovia a slu\u017eby pre host\u00ed<\/p>\n<p>Rezerv\u00e1cie: Prehliadky a exkurzie v Dom.<\/p>\n<p>\ud83d\udcde Tel\/Whatsapp +1-809-720-6035.<\/p>\n<p>\ud83d\udce9 info@bookingadventures.com.do<\/p>\n<p>Organizujeme s\u00fakromn\u00e9 z\u00e1jazdy s flexibilnou konfigur\u00e1ciou cez Whatsapp: +18097206035.<\/p>\n<div id=\"gtx-trans\" style=\"position: absolute; left: 522px; top: 492.8px;\">\n<div class=\"gtx-trans-icon\"><\/div>\n<\/div>\n\n\t\t<\/div>\n\t<\/div>\n<div class=\"vc_empty_space\"   style=\"height: 32px\"><span class=\"vc_empty_space_inner\"><\/span><\/div><\/div><\/div><\/div><\/div><div class=\"vc_row wpb_row vc_row-fluid\" ><div class=\"wpb_column vc_column_container vc_col-sm-12\"><div class=\"vc_column-inner\"><div class=\"wpb_wrapper\"><div class=\"woocommerce columns-4\"><ul class=\"products columns-4\">\n<li class=\"product type-product post-543 status-publish first instock product_cat-mangroves product_cat-manglares product_cat-parque-nacional-los-haitises-samana product_cat-tours-y-excursiones-es product_tag-los-haitises product_tag-los-haitises-national-park product_tag-parque-nacional-los-haitises-samana product_tag-samana product_tag-samana-excursions product_tag-samana-tours has-post-thumbnail sale sold-individually shipping-taxable product-type-external\">\n\t<div class=\"mkdf-pl-inner\"><div class=\"mkdf-pl-image\">\n\t<span class=\"mkdf-onsale\">SALE<\/span>\n\t<img loading=\"lazy\" decoding=\"async\" width=\"300\" height=\"300\" src=\"https:\/\/toursmiches.com\/wp-content\/uploads\/2020\/06\/BeFunky-collage-300x300.jpg\" class=\"attachment-woocommerce_thumbnail size-woocommerce_thumbnail\" alt=\"\" srcset=\"https:\/\/toursmiches.com\/wp-content\/uploads\/2020\/06\/BeFunky-collage-300x300.jpg 300w, https:\/\/toursmiches.com\/wp-content\/uploads\/2020\/06\/BeFunky-collage-100x100.jpg 100w, https:\/\/toursmiches.com\/wp-content\/uploads\/2020\/06\/BeFunky-collage-600x600.jpg 600w, https:\/\/toursmiches.com\/wp-content\/uploads\/2020\/06\/BeFunky-collage-64x64.jpg 64w, https:\/\/toursmiches.com\/wp-content\/uploads\/2020\/06\/BeFunky-collage-1024x1024.jpg 1024w, https:\/\/toursmiches.com\/wp-content\/uploads\/2020\/06\/BeFunky-collage-150x150.jpg 150w, https:\/\/toursmiches.com\/wp-content\/uploads\/2020\/06\/BeFunky-collage-768x768.jpg 768w, https:\/\/toursmiches.com\/wp-content\/uploads\/2020\/06\/BeFunky-collage-1536x1536.jpg 1536w, https:\/\/toursmiches.com\/wp-content\/uploads\/2020\/06\/BeFunky-collage-550x550.jpg 550w, https:\/\/toursmiches.com\/wp-content\/uploads\/2020\/06\/BeFunky-collage-1100x1100.jpg 1100w\" sizes=\"auto, (max-width: 300px) 100vw, 300px\" title=\"\"><div class=\"mkdf-pl-text\"><div class=\"mkdf-pl-text-outer\"><div class=\"mkdf-pl-text-inner\"><a href=\"https:\/\/bookingadventures.tours\/booking.php?tour_id=cd01687b47db9fe0c95acae017fc39c6\" aria-describedby=\"woocommerce_loop_add_to_cart_link_describedby_543\" data-quantity=\"1\" class=\"button product_type_external\" data-product_id=\"543\" data-product_sku=\"\" aria-label=\"K\u00daPI\u0164 L\u00cdSTKY\" rel=\"nofollow noopener\" target=\"_blank\">K\u00daPI\u0164 L\u00cdSTKY<\/a>\t<span id=\"woocommerce_loop_add_to_cart_link_describedby_543\" class=\"screen-reader-text\">\n\t\t\t<\/span>\n<\/div><\/div><\/div><\/div><a href=\"https:\/\/toursmiches.com\/sk\/miches\/parque-nacional-los-haitises-desde-el-puerto-de-samana\/\" class=\"woocommerce-LoopProduct-link woocommerce-loop-product__link\"><\/a><\/div><div class=\"mkdf-pl-text-wrapper\"><h4 class=\"mkdf-product-list-title\"><a href=\"https:\/\/toursmiches.com\/sk\/miches\/parque-nacional-los-haitises-desde-el-puerto-de-samana\/\">N\u00e1rodn\u00fd park Los Haitises z pr\u00edstavu Saman\u00e1<\/a><\/h4>\n\t<span class=\"price\"><del aria-hidden=\"true\"><span class=\"woocommerce-Price-amount amount\"><bdi><span class=\"woocommerce-Price-currencySymbol\">&#36;<\/span>75.00<\/bdi><\/span><\/del> <span class=\"screen-reader-text\">Original price was: &#036;75.00.<\/span><ins aria-hidden=\"true\"><span class=\"woocommerce-Price-amount amount\"><bdi><span class=\"woocommerce-Price-currencySymbol\">&#36;<\/span>60.00<\/bdi><\/span><\/ins><span class=\"screen-reader-text\">Current price is: &#036;60.00.<\/span><\/span>\n<\/div><\/li><li class=\"product type-product post-548 status-publish instock product_cat-day-trips product_cat-hiking product_cat-tours-y-excursiones-es product_cat-tours-excursions-los-haitises-national-park product_cat-tours-excursions-samana-bay-dominican-republic product_tag-cano-hondo-sabana-de-la-mar product_tag-caves-los-haitises product_tag-eco-tours product_tag-excursion product_tag-hike-kayak product_tag-hike-kayak-los-haitises-national-park product_tag-hiking-los-haitises product_tag-hiking-sabana-de-la-mar product_tag-hiking-samana product_tag-kayak-tour product_tag-kayaking product_tag-kayaking-los-haitises product_tag-los-haitises-national-park product_tag-los-haitises-national-park-entrance-fee product_tag-los-haitises-national-park-tour-from-las-terrenas product_tag-los-haitises-national-park-tour-from-santo-domingo product_tag-los-haitises-national-park-weather product_tag-los-haitises-sabana-de-la-mar product_tag-sabana-de-la-mar product_tag-sabana-de-la-mar-tour product_tag-samana-excursions product_tag-samana-tours product_tag-secrets-of-los-haitises has-post-thumbnail sale sold-individually shipping-taxable product-type-external\">\n\t<div class=\"mkdf-pl-inner\"><div class=\"mkdf-pl-image\">\n\t<span class=\"mkdf-onsale\">SALE<\/span>\n\t<img loading=\"lazy\" decoding=\"async\" width=\"300\" height=\"300\" src=\"https:\/\/toursmiches.com\/wp-content\/uploads\/2020\/06\/hiking-los-haitises-45-300x300.jpg\" class=\"attachment-woocommerce_thumbnail size-woocommerce_thumbnail\" alt=\"\" srcset=\"https:\/\/toursmiches.com\/wp-content\/uploads\/2020\/06\/hiking-los-haitises-45-300x300.jpg 300w, https:\/\/toursmiches.com\/wp-content\/uploads\/2020\/06\/hiking-los-haitises-45-100x100.jpg 100w, https:\/\/toursmiches.com\/wp-content\/uploads\/2020\/06\/hiking-los-haitises-45-150x150.jpg 150w\" sizes=\"auto, (max-width: 300px) 100vw, 300px\" title=\"\"><div class=\"mkdf-pl-text\"><div class=\"mkdf-pl-text-outer\"><div class=\"mkdf-pl-text-inner\"><a href=\"https:\/\/bookingadventures.tours\/booking.php?slug=Hike__Kayaking_Los_Haitises\" aria-describedby=\"woocommerce_loop_add_to_cart_link_describedby_548\" data-quantity=\"1\" class=\"button product_type_external\" data-product_id=\"548\" data-product_sku=\"\" aria-label=\"K\u00daPI\u0164 L\u00cdSTKY\" rel=\"nofollow noopener\" target=\"_blank\">K\u00daPI\u0164 L\u00cdSTKY<\/a>\t<span id=\"woocommerce_loop_add_to_cart_link_describedby_548\" class=\"screen-reader-text\">\n\t\t\t<\/span>\n<\/div><\/div><\/div><\/div><a href=\"https:\/\/toursmiches.com\/sk\/miches\/parque-nacional-los-haitises-excursion-de-kayak-y-senderismo\/\" class=\"woocommerce-LoopProduct-link woocommerce-loop-product__link\"><\/a><\/div><div class=\"mkdf-pl-text-wrapper\"><h4 class=\"mkdf-product-list-title\"><a href=\"https:\/\/toursmiches.com\/sk\/miches\/parque-nacional-los-haitises-excursion-de-kayak-y-senderismo\/\">V\u00fdlet na kajak a pe\u0161iu turistiku do n\u00e1rodn\u00e9ho parku Los Haitises<\/a><\/h4>\n\t<span class=\"price\"><del aria-hidden=\"true\"><span class=\"woocommerce-Price-amount amount\"><bdi><span class=\"woocommerce-Price-currencySymbol\">&#36;<\/span>75.00<\/bdi><\/span><\/del> <span class=\"screen-reader-text\">Original price was: &#036;75.00.<\/span><ins aria-hidden=\"true\"><span class=\"woocommerce-Price-amount amount\"><bdi><span class=\"woocommerce-Price-currencySymbol\">&#36;<\/span>67.00<\/bdi><\/span><\/ins><span class=\"screen-reader-text\">Current price is: &#036;67.00.<\/span><\/span>\n<\/div><\/li><li class=\"product type-product post-546 status-publish instock product_cat-excursiones-privadas product_cat-tours-y-excursiones-es product_tag-beach-time product_tag-el-rincon-beach product_tag-playa-el-rincon product_tag-samana product_tag-samana-bay product_tag-samana-excursions product_tag-samana-tours has-post-thumbnail sale sold-individually shipping-taxable product-type-external\">\n\t<div class=\"mkdf-pl-inner\"><div class=\"mkdf-pl-image\">\n\t<span class=\"mkdf-onsale\">SALE<\/span>\n\t<img loading=\"lazy\" decoding=\"async\" width=\"300\" height=\"300\" src=\"https:\/\/toursmiches.com\/wp-content\/uploads\/2020\/06\/El-Rincon-booking-adventures-300x300.jpg\" class=\"attachment-woocommerce_thumbnail size-woocommerce_thumbnail\" alt=\"\" srcset=\"https:\/\/toursmiches.com\/wp-content\/uploads\/2020\/06\/El-Rincon-booking-adventures-300x300.jpg 300w, https:\/\/toursmiches.com\/wp-content\/uploads\/2020\/06\/El-Rincon-booking-adventures-100x100.jpg 100w, https:\/\/toursmiches.com\/wp-content\/uploads\/2020\/06\/El-Rincon-booking-adventures-150x150.jpg 150w, https:\/\/toursmiches.com\/wp-content\/uploads\/2020\/06\/El-Rincon-booking-adventures-550x550.jpg 550w\" sizes=\"auto, (max-width: 300px) 100vw, 300px\" title=\"\"><div class=\"mkdf-pl-text\"><div class=\"mkdf-pl-text-outer\"><div class=\"mkdf-pl-text-inner\"><a href=\"https:\/\/bookingadventures.tours\/booking.php?slug=Los_Haitises_National_Park__Playa_el_Rincon_beach\" aria-describedby=\"woocommerce_loop_add_to_cart_link_describedby_546\" data-quantity=\"1\" class=\"button product_type_external\" data-product_id=\"546\" data-product_sku=\"\" aria-label=\"K\u00daPI\u0164 L\u00cdSTKY\" rel=\"nofollow noopener\" target=\"_blank\">K\u00daPI\u0164 L\u00cdSTKY<\/a>\t<span id=\"woocommerce_loop_add_to_cart_link_describedby_546\" class=\"screen-reader-text\">\n\t\t\t<\/span>\n<\/div><\/div><\/div><\/div><a href=\"https:\/\/toursmiches.com\/sk\/miches\/parque-nacional-los-haitises-y-playa-rincon\/\" class=\"woocommerce-LoopProduct-link woocommerce-loop-product__link\"><\/a><\/div><div class=\"mkdf-pl-text-wrapper\"><h4 class=\"mkdf-product-list-title\"><a href=\"https:\/\/toursmiches.com\/sk\/miches\/parque-nacional-los-haitises-y-playa-rincon\/\">Parque Nacional Los Haitises y Playa Rinc\u00f3n<\/a><\/h4>\n\t<span class=\"price\"><del aria-hidden=\"true\"><span class=\"woocommerce-Price-amount amount\"><bdi><span class=\"woocommerce-Price-currencySymbol\">&#36;<\/span>99.99<\/bdi><\/span><\/del> <span class=\"screen-reader-text\">Original price was: &#036;99.99.<\/span><ins aria-hidden=\"true\"><span class=\"woocommerce-Price-amount amount\"><bdi><span class=\"woocommerce-Price-currencySymbol\">&#36;<\/span>89.99<\/bdi><\/span><\/ins><span class=\"screen-reader-text\">Current price is: &#036;89.99.<\/span><\/span>\n<\/div><\/li><\/ul>\n<\/div><\/div><\/div><\/div><\/div>","protected":false},"excerpt":{"rendered":"<p>El precio m\u00e1s economico para visitar el <strong>N\u00e1rodn\u00fd park Los Haitises<\/strong> desde Sabana de la Mar o los hoteles de <strong>Deep Pipe<\/strong> con gu\u00edas Locales. El viaje comienza en el puerto principal del Parque Nacional Los Haitises. Este viaje comienza a las 10:00 a.m.con un gu\u00eda tur\u00edstico local que conoce la historia original sobre el magn\u00edfico Parque Nacional.<\/p>\n<p>Despu\u00e9s comenzamos desde el puerto principal del <strong>N\u00e1rodn\u00fd park Los Haitises<\/strong>, nombre Ca\u00f1o Hondo (Deep Creek) en un BARCO con chalecos salvavidas. Disfrutaremos del bosque de manglares rojos hasta llegar a la bah\u00eda de San Lorenzo, una peque\u00f1a bah\u00eda en la bah\u00eda de Saman\u00e1. \u00a1Y aqu\u00ed vamos! Lo primero que puedes ver es la colecci\u00f3n de una enorme isla de monta\u00f1a de piedra caliza llamada Mogotes. Adem\u00e1s de ellos, m\u00e1s de 700 especies de plantas y muchas aves de humedales vuelan alrededor. M\u00e1s tarde visitando cuevas con pictograf\u00edas de nuestras comunidades ind\u00edgenas hace 750 a\u00f1os.<\/p>\n<p><strong>Vyberte d\u00e1tum prehliadky\u00a0<\/strong><\/p>\n<div id=\"gtx-trans\" style=\"position: absolute; left: 541px; top: 116.2px;\">\n<div class=\"gtx-trans-icon\"><\/div>\n<\/div>","protected":false},"featured_media":81,"template":"","meta":[],"product_brand":[],"product_cat":[119,120,98,121,99,122,443,123,124],"product_tag":[125,126,127,128,129,130,442,131,132,133,134,114],"class_list":{"0":"post-605","1":"product","2":"type-product","3":"status-publish","4":"has-post-thumbnail","6":"product_cat-caves","7":"product_cat-fees-entrace","8":"product_cat-local-tour-guides","9":"product_cat-mangroves","10":"product_cat-swimming-natural-springs","11":"product_cat-tours-and-excursions","12":"product_cat-tours-y-excursiones-es","13":"product_cat-tours-excursions-los-haitises-national-park","14":"product_cat-tours-excursions-samana-bay-dominican-republic","15":"product_tag-boat-tour","16":"product_tag-cano-hondo","17":"product_tag-cano-hondo-hotel","18":"product_tag-cano-hondo-tours","19":"product_tag-eco-tours","20":"product_tag-excursion","21":"product_tag-excursion-los-haitises","22":"product_tag-locals-guides","23":"product_tag-los-haitises","24":"product_tag-los-haitises-national-park","25":"product_tag-los-haitises-national-park-tour","26":"product_tag-sabana-de-la-mar","28":"first","29":"instock","30":"sale","31":"sold-individually","32":"shipping-taxable","33":"product-type-external"},"_links":{"self":[{"href":"https:\/\/toursmiches.com\/sk\/wp-json\/wp\/v2\/product\/605","targetHints":{"allow":["GET"]}}],"collection":[{"href":"https:\/\/toursmiches.com\/sk\/wp-json\/wp\/v2\/product"}],"about":[{"href":"https:\/\/toursmiches.com\/sk\/wp-json\/wp\/v2\/types\/product"}],"wp:featuredmedia":[{"embeddable":true,"href":"https:\/\/toursmiches.com\/sk\/wp-json\/wp\/v2\/media\/81"}],"wp:attachment":[{"href":"https:\/\/toursmiches.com\/sk\/wp-json\/wp\/v2\/media?parent=605"}],"wp:term":[{"taxonomy":"product_brand","embeddable":true,"href":"https:\/\/toursmiches.com\/sk\/wp-json\/wp\/v2\/product_brand?post=605"},{"taxonomy":"product_cat","embeddable":true,"href":"https:\/\/toursmiches.com\/sk\/wp-json\/wp\/v2\/product_cat?post=605"},{"taxonomy":"product_tag","embeddable":true,"href":"https:\/\/toursmiches.com\/sk\/wp-json\/wp\/v2\/product_tag?post=605"}],"curies":[{"name":"wp","href":"https:\/\/api.w.org\/{rel}","templated":true}]}}