{"id":11692,"date":"2023-10-04T07:40:34","date_gmt":"2023-10-04T07:40:34","guid":{"rendered":"http:\/\/toursmiches.com\/?post_type=product&#038;p=11692"},"modified":"2024-03-28T17:11:08","modified_gmt":"2024-03-28T17:11:08","slug":"cayo-levantado-kayaking-snorkeling","status":"publish","type":"product","link":"https:\/\/toursmiches.com\/sl\/miches\/cayo-levantado-kayaking-snorkeling\/","title":{"rendered":"Cayo Levantado in kajaka\u0161tvo + potapljanje"},"content":{"rendered":"<div class=\"vc_row wpb_row vc_row-fluid\" ><div class=\"wpb_column vc_column_container vc_col-sm-12\"><div class=\"vc_column-inner\"><div class=\"wpb_wrapper\"><div class=\"vc_empty_space\"   style=\"height: 32px\"><span class=\"vc_empty_space_inner\"><\/span><\/div>[mkdf_section_title title_tag=\u00bb\u00bb disable_break_words=\u00bbno\u00bb subtitle_tag=\u00bb\u00bb title=\u00bbPrivate Kayaking &amp; Snorkeling with Lunch on Cayo Levantado Island\u00bb subtitle=\u00bbFrom Saman\u00e1 port Private Tour\u00bb]<div class=\"vc_empty_space\"   style=\"height: 32px\"><span class=\"vc_empty_space_inner\"><\/span><\/div><\/div><\/div><\/div><\/div><div class=\"vc_row wpb_row vc_row-fluid\" ><\/div><div class=\"wpb_column vc_column_container vc_col-sm-12\"><div class=\"vc_column-inner\"><div class=\"wpb_wrapper\"><\/div><\/div><\/div>\n\t<div class=\"wpb_text_column wpb_content_element\" >\n\t\t<div class=\"wpb_wrapper\">\n\t\t\t\n\t\t<\/div>\n\t<\/div>\n<div class=\"vc_row wpb_row vc_row-fluid\">\n<div class=\"wpb_column vc_column_container vc_col-sm-12\">\n<div class=\"vc_column-inner\">\n<div class=\"wpb_wrapper\">\n<div class=\"wpb_text_column wpb_content_element\">\n<div class=\"wpb_wrapper\">\n<div class=\"vc_row wpb_row vc_row-fluid\">\n<div class=\"wpb_column vc_column_container vc_col-sm-12\">\n<div class=\"vc_column-inner\">\n<div class=\"wpb_wrapper\">\n<div class=\"wpb_text_column wpb_content_element\">\n<div class=\"wpb_wrapper\">\n<h4><b><i>Pregled<img decoding=\"async\" class=\"emoji\" draggable=\"false\" src=\"https:\/\/s.w.org\/images\/core\/emoji\/12.0.0-1\/svg\/1f433.svg\" alt=\"\ud83d\udc33\" title=\"\"><\/i><\/b><\/h4>\n<p><strong>Avoid big groups of tourists<\/strong> and make your Private Kayaking &amp; Snorkeling Tour in Saman\u00e1 Bay starting from Saman\u00e1 port.<\/p>\n<p>Admire 40 min unparalleled panoramic views of the Samana Bay from the sea in kayak going for snorkeling in the crystal waters off a nearby beach of the famous Cayo Levantado\/Bacardi island. Where we can stretch our legs and wear our snorkeling kits, there&#8217;s another world to explore!<br \/>\nAfter snorkeling we will go to take a typical Dominican lunch provided on the beach and discover the most beautiful island in the Dominican Republic. Home to a beautiful luxury hotel, white sandy beaches, lush rain-forest and incredible skilled artists offering their handmade paintings and other products.<\/p>\n<p>What you can do on the island?<br \/>\nSwimming, walking around, playing volleyball, taking photos, snorkeling, enjoying the beach or just relaxing in shadow and taking a refreshing beverage (Pi\u00f1a Colada, Coco Loco, Cuba Libre etc.) There are many options how to enjoy the island for everyone!<\/p>\n<p>On our way back to Samana we change perspective and our attention is captured by details that we had not noticed before, enjoying every single meter approximately 40 min.<\/p>\n<p>We are the only one who offer this Tour in the whole Dominican Republic! This unique experience is a nature and sea lover\u2019s dream come true.<\/p>\n<p><strong>Opomba:<\/strong> This tour is Private. (Just you and family or friends and Tour Guide).<\/p>\n<p>&nbsp;<\/p>\n<h4><b>Vklju\u010ditve in izklju\u010ditve<\/b><\/h4>\n<p>&nbsp;<\/p>\n<p><b>Vklju\u010dki<\/b><\/p>\n<p>&nbsp;<\/p>\n<ol>\n<li>Samopostre\u017eno kosilo na pla\u017ei<\/li>\n<li>Vodi\u010d<\/li>\n<li>Kayaks, paddle<\/li>\n<li>Lifejacket<\/li>\n<li>Snorkeling kit<\/li>\n<li>Vsi davki, pristojbine in manipulativni stro\u0161ki<\/li>\n<li>Lokalni davki<\/li>\n<li>Beverages (Bottle of water per person)<\/li>\n<\/ol>\n<p><b>Izklju\u010ditve<\/b><\/p>\n<ol>\n<li>Napitnine<\/li>\n<li>Avto za prenos<\/li>\n<li>Alkoholne pija\u010de<\/li>\n<\/ol>\n<p>&nbsp;<\/p>\n<h4><em><strong>Odhod in povratek<\/strong><\/em><\/h4>\n<p>This trip starts at 8:00 Am and finishes around 4:00 Pm. But because it will be a private trip you may set the time for starting and to finish.<\/p>\n<p>Potnik bo dobil zbirali\u0161\u010de po opravljenem postopku rezervacije. Ture se za\u010dnejo in kon\u010dajo na na\u0161ih zbirali\u0161\u010dih.<\/p>\n<p>&nbsp;<\/p>\n<h4><b><i>Kaj pri\u010dakovati?<\/i><\/b><\/h4>\n<p>&nbsp;<\/p>\n<p><em><strong>Zagotovite si vstopnice<\/strong><\/em> for Kayaking &amp; Snorkeling in Samana Bay. 40 min of unparalleled panoramic views of the Samana Bay from the sea in kayak and snorkeling in the crystal waters off a nearby beach of the famous Cayo Levantado\/Bacardi. Typical Dominican Lunch provided on the beach. In the whale watching season there is possibility to see the humpback whales.<\/p>\n<p>The Kayaking &amp; Snorkeling Tour, organized by \u201cBooking Adventures\u201d starts at the meeting point set with the Tour Guide. Lunch at the beach and you can stay as long as you want swimming around. If you are Vegan we also can set some food for you.<\/p>\n<p><strong>urnik:<\/strong><\/p>\n<p>8:00 AM \u2013 4:00 PM<\/p>\n<p>&nbsp;<\/p>\n<h4><em><strong>Kaj morate prinesti?<\/strong><\/em><\/h4>\n<ul>\n<li>fotoaparat<\/li>\n<li>Brisa\u010de<\/li>\n<li>Za\u0161\u010dita pred soncem<\/li>\n<li>Klobuk<\/li>\n<li>Udobne hla\u010de in \u010devlji<\/li>\n<li>Sandals to the beach<\/li>\n<li>Kopalna obla\u010dila<\/li>\n<li>Gotovina za spominke<\/li>\n<\/ul>\n<p>&nbsp;<\/p>\n<h4><b><i>Prevzem v hotelu<\/i><\/b><\/h4>\n<p>Prevzem iz hotela za to turnejo ni na voljo.<\/p>\n<p>&nbsp;<\/p>\n<p><b>Opomba:<\/b>\u00a0\u010ce ste rezervirani v 24 urah po \u010dasu odhoda potovanja\/izleta, lahko organiziramo hotelski prevzem z dopla\u010dilom. Ko bo va\u0161 nakup opravljen, vam bomo poslali popolne kontaktne podatke (telefonsko \u0161tevilko, e-po\u0161tni naslov itd.) za na\u0161ega lokalnega turisti\u010dnega vodnika, ki bo organiziral prevzem.<\/p>\n<h4><b><i>Potrditev dodatnih informacij<\/i><\/b><\/h4>\n<ol>\n<li><span style=\"vertical-align: inherit;\"><span style=\"vertical-align: inherit;\">Los boletos son el Recibo despu\u00e9s de pagar este Tour. <\/span><span style=\"vertical-align: inherit;\">Puede mostrar el pago en su tel\u00e9fono.<\/span><\/span><\/li>\n<li><span style=\"vertical-align: inherit;\"><span style=\"vertical-align: inherit;\">Zbirno mesto prejmemo po opravljeni rezervaciji.<\/span><\/span><\/li>\n<li><span style=\"vertical-align: inherit;\"><span style=\"vertical-align: inherit;\">Otroci morajo biti v spremstvu odrasle osebe.<\/span><\/span><\/li>\n<li><span style=\"vertical-align: inherit;\"><span style=\"vertical-align: inherit;\">dostopen invalidski vozi\u010dek<\/span><\/span><\/li>\n<li><span style=\"vertical-align: inherit;\"><span style=\"vertical-align: inherit;\">Dojen\u010dki morajo sedeti v naro\u010dju<\/span><\/span><\/li>\n<li><span style=\"vertical-align: inherit;\"><span style=\"vertical-align: inherit;\">Sodeluje lahko ve\u010dina potnikov.<\/span><\/span><\/li>\n<\/ol>\n<h4><b><i><span style=\"vertical-align: inherit;\"><span style=\"vertical-align: inherit;\">Politika odpovedi<\/span><\/span><\/i><\/b><\/h4>\n<p><span style=\"vertical-align: inherit;\"><span style=\"vertical-align: inherit;\">\u010ce \u017eelite povrniti celotno kupnino, prekli\u010dite vsaj 24 ur pred za\u010detnim datumom izku\u0161nje.<\/span><\/span><\/p>\n<\/div>\n<\/div>\n<\/div>\n<\/div>\n<\/div>\n<\/div>\n<\/div>\n<\/div>\n<\/div>\n<\/div>\n<\/div>\n<\/div>\n<div class=\"vc_row wpb_row vc_row-fluid\">\n<div class=\"wpb_column vc_column_container vc_col-sm-12\">\n<div class=\"vc_column-inner\">\n<div class=\"wpb_wrapper\">\n<div class=\"vc_empty_space\"><\/div>\n<div class=\"wpb_text_column wpb_content_element\">\n<div class=\"wpb_wrapper\">\n<h4><span style=\"vertical-align: inherit;\"><span style=\"vertical-align: inherit;\">Kontaktirajte nas?<\/span><\/span><\/h4>\n<h5><b><i><span style=\"vertical-align: inherit;\"><span style=\"vertical-align: inherit;\">Rezervacije avanture<\/span><\/span><\/i><\/b><\/h5>\n<p><em><span style=\"vertical-align: inherit;\"><span style=\"vertical-align: inherit;\">\u00a0Turisti\u010dni vodniki in storitve za goste <\/span><strong><span style=\"vertical-align: inherit;\">lokalni<\/span><\/strong><span style=\"vertical-align: inherit;\"> \u00a0in\u00a0 <\/span><\/span><strong><span style=\"vertical-align: inherit;\"><span style=\"vertical-align: inherit;\">nacionalni<\/span><\/span><\/strong><\/em><\/p>\n<p><span class=\"text-turquoise\"><span style=\"vertical-align: inherit;\"><span style=\"vertical-align: inherit;\">Rezervacije:<\/span><\/span><\/span><span style=\"vertical-align: inherit;\"><span style=\"vertical-align: inherit;\"> \u00a0Ogledi in izleti v Dom. <\/span><span style=\"vertical-align: inherit;\">Predstavniki.<\/span><\/span><\/p>\n<p><img decoding=\"async\" class=\"emoji\" draggable=\"false\" src=\"https:\/\/s.w.org\/images\/core\/emoji\/11.2.0\/svg\/1f4de.svg\" alt=\"\ud83d\udcde\" title=\"\"><span style=\"vertical-align: inherit;\"><span style=\"vertical-align: inherit;\">\u00a0Tel\/Whatsapp\u00a0\u00a0 <\/span><\/span><a href=\"tel:+1-809-720-6035\"><span style=\"vertical-align: inherit;\"><span style=\"vertical-align: inherit;\">+ 1-809-720-6035<\/span><\/span><\/a><span style=\"vertical-align: inherit;\"><span style=\"vertical-align: inherit;\"> .<\/span><\/span><\/p>\n<p><img decoding=\"async\" class=\"emoji\" draggable=\"false\" src=\"https:\/\/s.w.org\/images\/core\/emoji\/11.2.0\/svg\/1f4e9.svg\" alt=\"\ud83d\udce9\" title=\"\">\u00a0<a href=\"mailto:info@bookingadventures.com.do\"><span style=\"vertical-align: inherit;\"><span style=\"vertical-align: inherit;\">info@bookingadventures.com.do<\/span><\/span><\/a><\/p>\n<p><strong><span style=\"vertical-align: inherit;\"><span style=\"vertical-align: inherit;\">Smo zasebni izleti prilagodljive konfiguracije z Whatsapp:\u00a0 <\/span><\/span><a href=\"tel:+18097206035\"><span style=\"vertical-align: inherit;\"><span style=\"vertical-align: inherit;\">+18097206035.<\/span><\/span><\/a><\/strong><\/p>\n<\/div>\n<\/div>\n<\/div>\n<\/div>\n<\/div>\n<\/div>\n<p><span style=\"vertical-align: inherit;\"><span style=\"vertical-align: inherit;\">[\/ vc_column_text] [\/ vc_column] [\/ vc_row]<\/span><\/span><\/p>","protected":false},"excerpt":{"rendered":"<p><span style=\"vertical-align: inherit;\"><span style=\"vertical-align: inherit;\">Tour privado de kayak y esn\u00f3rquel en la bah\u00eda de Saman\u00e1, Rep\u00fablica Dominicana con gu\u00edas tur\u00edsticos locales. <\/span><span style=\"vertical-align: inherit;\">No dude en configurar la hora de inicio que m\u00e1s le convenga. <\/span><span style=\"vertical-align: inherit;\">Reserve ahora esta Excursi\u00f3n en la Bah\u00eda de Saman\u00e1 para vivir la verdadera Aventura Caribe\u00f1a.<\/span><\/span><\/p>\n<p><span style=\"vertical-align: inherit;\"><span style=\"vertical-align: inherit;\">Nota: \u00a1Este tour es privado!<\/span><\/span><\/p>\n<p>&nbsp;<\/p>\n<p><em><strong><span style=\"vertical-align: inherit;\"><span style=\"vertical-align: inherit;\">Seleccione la fecha de la excursi\u00f3n:<\/span><\/span><\/strong><\/em><\/p>","protected":false},"featured_media":11712,"template":"","meta":[],"product_brand":[],"product_cat":[565,571,124],"product_tag":[137,162,197,201,143,271,354,234],"class_list":{"0":"post-11692","1":"product","2":"type-product","3":"status-publish","4":"has-post-thumbnail","6":"product_cat-1-sabana-de-la-mar","7":"product_cat-1-samana","8":"product_cat-tours-excursions-samana-bay-dominican-republic","9":"product_tag-bacardi-island","10":"product_tag-cayo-levantado-day-pass","11":"product_tag-kayaking-dominican-republic","12":"product_tag-private-tours-samana","13":"product_tag-samana-tours","14":"product_tag-samana-whale-watching","15":"product_tag-snorkeling","16":"product_tag-whale-samana","18":"first","19":"instock","20":"sale","21":"sold-individually","22":"shipping-taxable","23":"product-type-external"},"_links":{"self":[{"href":"https:\/\/toursmiches.com\/sl\/wp-json\/wp\/v2\/product\/11692","targetHints":{"allow":["GET"]}}],"collection":[{"href":"https:\/\/toursmiches.com\/sl\/wp-json\/wp\/v2\/product"}],"about":[{"href":"https:\/\/toursmiches.com\/sl\/wp-json\/wp\/v2\/types\/product"}],"wp:featuredmedia":[{"embeddable":true,"href":"https:\/\/toursmiches.com\/sl\/wp-json\/wp\/v2\/media\/11712"}],"wp:attachment":[{"href":"https:\/\/toursmiches.com\/sl\/wp-json\/wp\/v2\/media?parent=11692"}],"wp:term":[{"taxonomy":"product_brand","embeddable":true,"href":"https:\/\/toursmiches.com\/sl\/wp-json\/wp\/v2\/product_brand?post=11692"},{"taxonomy":"product_cat","embeddable":true,"href":"https:\/\/toursmiches.com\/sl\/wp-json\/wp\/v2\/product_cat?post=11692"},{"taxonomy":"product_tag","embeddable":true,"href":"https:\/\/toursmiches.com\/sl\/wp-json\/wp\/v2\/product_tag?post=11692"}],"curies":[{"name":"wp","href":"https:\/\/api.w.org\/{rel}","templated":true}]}}