{"id":15008,"date":"2025-09-08T12:49:28","date_gmt":"2025-09-08T12:49:28","guid":{"rendered":"https:\/\/toursmiches.com\/?post_type=product&#038;p=15008"},"modified":"2025-09-08T13:01:00","modified_gmt":"2025-09-08T13:01:00","slug":"jarabacoa-buggy-with-baiguate-waterfall-double","status":"publish","type":"product","link":"https:\/\/toursmiches.com\/sl\/miches\/jarabacoa-buggy-with-baiguate-waterfall-double\/","title":{"rendered":"Jarabacoa Buggy with Baiguate Waterfall Double"},"content":{"rendered":"<div class=\"vc_row wpb_row vc_row-fluid\" ><div class=\"wpb_column vc_column_container vc_col-sm-12\"><div class=\"vc_column-inner\"><div class=\"wpb_wrapper\">[mkdf_section_title title_tag=\u00bb\u00bb disable_break_words=\u00bbno\u00bb subtitle_tag=\u00bb\u00bb title=\u00bbJarabacoa with Jimenoa and Baiguate Waterfalls\u00bb subtitle=\u00bbBuggy &#8211; Buggies\u00bb]<\/div><\/div><\/div><\/div><div class=\"vc_row wpb_row vc_row-fluid\" ><div class=\"wpb_column vc_column_container vc_col-sm-12\"><div class=\"vc_column-inner\"><div class=\"wpb_wrapper\"><div class=\"vc_btn3-container vc_btn3-inline\" ><a class=\"vc_general vc_btn3 vc_btn3-size-md vc_btn3-shape-rounded vc_btn3-style-modern vc_btn3-color-green\" href=\"https:\/\/bookingadventures.tours\/booking.php?tour_id=e29316590922029738666cca35b0d5d9\" title=\"\" target=\"_blank\" rel=\"noopener\">REZERVIRAJTE ZDAJ<\/a><\/div>\n\t<div class=\"wpb_text_column wpb_content_element\" >\n\t\t<div class=\"wpb_wrapper\">\n\t\t\t<h3 class=\"ui_header h1 attractions-product-info-ProductTitle__title--1qM0o\">Jarabacoa buggy with Baiguate Waterfall Double<\/h3>\n<h4><b><i>Pregled <\/i><\/b><\/h4>\n<p><span style=\"font-weight: 400;\">Join us and travel with a local expert from Jarabacoa and get the unique experience of visiting the best spots from the capital of ecotourism starting from Jarabacoa, this tour will take you around seeing the beautiful landscape of the largest mountain ranch of the Dominican Republic. As you drive around to the different locations you will feel the mountain air and enjoy the beauty of the countryside.\u00a0<\/span><\/p>\n<p><span style=\"font-weight: 400;\">We can get to the different locations for this tour. You&#8217;ll have the options: Biking, Horseback Riding, Safari, Four Wheels, or Buggy. Buy your ticket online now and let&#8217;s have fun learning about Jarabacoa and Dominican Republic culture as you travel around to the best locations of the town.<\/span><\/p>\n<p><span style=\"font-weight: 400;\">Jarabacoa is the city of the eternal spring break because of the weather and the second most important municipality from la Vega province. According to history, Jarabacoa means \u00abplace of much water\u00bb, On September 27, 1858, Jarabacoa began its life as a municipality, a category obtained after a career that came from the beginning of the 19th century. Travel with us and get to know more about the mountains, nature, culture, and people of the northern region of the Dominican Republic.\u00a0<\/span><\/p>\n<ul>\n<li style=\"font-weight: 400;\">Pristojbine vklju\u010dene<\/li>\n<li>Kosilo<\/li>\n<li>Prigrizki<\/li>\n<li style=\"font-weight: 400;\">Lokalni turisti\u010dni vodnik v angle\u0161\u010dini<\/li>\n<\/ul>\n<h4><b>Vklju\u010ditve in izklju\u010ditve<\/b><\/h4>\n<p><b>Vklju\u010dki<\/b><\/p>\n<ol>\n<li>Kosilo<\/li>\n<li style=\"font-weight: 400;\"><span style=\"font-weight: 400;\">Vsi davki, pristojbine in manipulativni stro\u0161ki<\/span><\/li>\n<li style=\"font-weight: 400;\"><span style=\"font-weight: 400;\">Lokalni davki<\/span><\/li>\n<li style=\"font-weight: 400;\"><span style=\"font-weight: 400;\">pija\u010de<\/span><\/li>\n<li>Prigrizki<\/li>\n<li style=\"font-weight: 400;\"><span style=\"font-weight: 400;\">Vse dejavnosti<\/span><\/li>\n<li style=\"font-weight: 400;\"><span style=\"font-weight: 400;\">Lokalni vodnik<\/span><\/li>\n<\/ol>\n<p><b> Izklju\u010ditve<\/b><\/p>\n<ol>\n<li style=\"font-weight: 400;\"><span style=\"font-weight: 400;\">Napitnine<\/span><\/li>\n<li>prevoz (nastavite tako, da nas kontaktirate)<\/li>\n<li style=\"font-weight: 400;\"><span style=\"font-weight: 400;\">Alkoholne pija\u010de<\/span><\/li>\n<\/ol>\n<h4><em><strong>Odhod in povratek<\/strong><\/em><\/h4>\n<p><span style=\"font-weight: 400;\">Potnik bo dobil zbirali\u0161\u010de po opravljenem postopku rezervacije. Ogledi se za\u010dnejo in kon\u010dajo na va\u0161ih zbirali\u0161\u010dih.<\/span><\/p>\n<h3 class=\"ui_header h1 attractions-product-info-ProductTitle__title--1qM0o\">Jarabacoa buggy with Baiguate Waterfall Double<\/h3>\n<h4><b><i>Kaj pri\u010dakovati?<\/i><\/b><\/h4>\n<p><span style=\"font-weight: 400;\">Get your ticket for Baiguate Waterfalls From Jarabacoa City by Buggy.\u00a0<\/span><\/p>\n<p><span style=\"font-weight: 400;\">When we talk about buggies, we are talking about an all-terrain vehicle that offers safety and ease of handling, while allowing the user greater contact with the terrain and nature that surrounds him while driving. Feel the breeze, the sun, the rain, see the landscape at your side in a comfortable and safe device designed to enjoy the forest track and off-road.<\/span><\/p>\n<p><span style=\"font-weight: 400;\">This Excursion starts from a meeting point you must confirm with our travel Agents or your Tour\u00a0 Guide before heading to any location. Once you meet your guide you\u2019ll have a debrief of the tour and everything related to your day.<\/span><\/p>\n<p><span style=\"font-weight: 400;\">When everyone is ready we will start our ride to some rural areas of Jarabacoa Town, while driving your buggy the bumpy roads and mountain air of the countryside from the central north of the country will show you the beauty and the nature through this adventure.<\/span><\/p>\n<p><span style=\"font-weight: 400;\">Some of the locations you will visit during this trip are La Confluencia where Jimenoa and Yaque Del Norte river meet, Cieneguita, and Monte Arriba.\u00a0<\/span><\/p>\n<p><span style=\"font-weight: 400;\">After riding for about 30 kilometers we will head to Baiguate Waterfall for a 10 minutes hike and swimming in natural pools.\u00a0<\/span><\/p>\n<p><span style=\"font-weight: 400;\">During this part of your trip, you will be able to go swimming for about 1 hour and take a break to try out some fresh fruits harvested from Jarabacoa farmer&#8217;s land every day. Baiguate has an 82 feet high fall and is the perfect place to relax a bit before going back to town.\u00a0\u00a0<\/span><\/p>\n<p><span style=\"font-weight: 400;\">During this part of your trip, you will be able to go swimming for about 1 hour and take a break to try out some fresh fruits harvested from Jarabacoa farmer&#8217;s land every day. Baiguate has an 82 feet high fall and is the perfect place to relax a bit before going back to town.\u00a0\u00a0<\/span><\/p>\n<p><span style=\"font-weight: 400;\">Later after Baiguate Waterfall we will head to Ivon\u2019s to try the best local ice cream flavor, homemade by a local expert, and walk to Duarte Central Park for the last part of your trip, this is a 6 hours tour that gives you the opportunity to oversee Jarabacoa,\u00a0 this excursion ends in the same place as it started.<\/span><\/p>\n<p><span style=\"font-weight: 400;\">Note: These tours are with Officials&#8217; Ecologist tour guides. Please Book with time because in the park there are not too many specialists.<\/span><\/p>\n<h4><em><strong>Kaj morate prinesti?<\/strong><\/em><\/h4>\n<ul>\n<li style=\"font-weight: 400;\"><span style=\"font-weight: 400;\">fotoaparat<\/span><\/li>\n<li style=\"font-weight: 400;\"><span style=\"font-weight: 400;\">Odganjalni popki<\/span><\/li>\n<li style=\"font-weight: 400;\"><span style=\"font-weight: 400;\">son\u010dna krema<\/span><\/li>\n<li style=\"font-weight: 400;\"><span style=\"font-weight: 400;\">Klobuk<\/span><\/li>\n<li style=\"font-weight: 400;\"><span style=\"font-weight: 400;\">Udobne hla\u010de<\/span><\/li>\n<li style=\"font-weight: 400;\"><span style=\"font-weight: 400;\">Pohodni\u0161ki \u010devlji za gozd<\/span><\/li>\n<li style=\"font-weight: 400;\"><span style=\"font-weight: 400;\">Sandali za pomladna obmo\u010dja.<\/span><\/li>\n<li style=\"font-weight: 400;\"><span style=\"font-weight: 400;\">Kopalna obla\u010dila<\/span><\/li>\n<\/ul>\n<h4><b><i>Prevzem v hotelu <\/i><\/b><\/h4>\n<p><span style=\"font-weight: 400;\">Prevzem iz hotela za to turnejo ni na voljo. Pick up nastavimo tako, da nas kontaktirate prek Whatsappa.<\/span><\/p>\n<p><b>Opomba:<\/b><span style=\"font-weight: 400;\"> \u010ce ste rezervirani v 24 urah po \u010dasu odhoda potovanja\/izleta, lahko organiziramo hotelski prevzem z dopla\u010dilom. Ko bo va\u0161 nakup opravljen, vam bomo poslali popolne kontaktne podatke (telefonsko \u0161tevilko, e-po\u0161tni naslov itd.) za na\u0161ega lokalnega turisti\u010dnega vodnika, ki bo organiziral prevzem.<\/span><\/p>\n<h4><b><i>Potrditev dodatnih informacij <\/i><\/b><\/h4>\n<ol>\n<li>Vstopnice so potrdilo po pla\u010dilu tega izleta. Pla\u010dilo lahko prika\u017eete na telefonu.<\/li>\n<li style=\"font-weight: 400;\"><span style=\"font-weight: 400;\">Zbirno mesto bo prejeto po opravljenem postopku rezervacije.<\/span><\/li>\n<li style=\"font-weight: 400;\"><span style=\"font-weight: 400;\">Otroci morajo biti v spremstvu odrasle osebe.<\/span><\/li>\n<li style=\"font-weight: 400;\"><span style=\"font-weight: 400;\"> Ni dostopno z invalidskim vozi\u010dkom <\/span><\/li>\n<li style=\"font-weight: 400;\"><span style=\"font-weight: 400;\">Dojen\u010dki morajo sedeti v naro\u010dju <\/span><\/li>\n<li style=\"font-weight: 400;\"><span style=\"font-weight: 400;\">Ni priporo\u010dljivo za popotnike s te\u017eavami s hrbtom<\/span><\/li>\n<li style=\"font-weight: 400;\"><span style=\"font-weight: 400;\">Ni priporo\u010dljivo za nose\u010dnice <\/span><\/li>\n<li style=\"font-weight: 400;\"><span style=\"font-weight: 400;\"> Brez te\u017eav s srcem ali drugih resnih zdravstvenih te\u017eav <\/span><\/li>\n<li style=\"font-weight: 400;\"><span style=\"font-weight: 400;\">Ve\u010dina popotnikov lahko sodeluje<\/span><\/li>\n<\/ol>\n<h4><b><i>Politika odpovedi<\/i><\/b><\/h4>\n<p>Za celotno vra\u010dilo preberite na\u0161e pravilnike o odpovedih\u00a0<a href=\"https:\/\/ticketswhales.com\/online-booking\/\" target=\"_blank\" rel=\"noopener\" data-saferedirecturl=\"https:\/\/www.google.com\/url?q=https:\/\/ticketswhales.com\/online-booking\/&amp;source=gmail&amp;ust=1672449202351000&amp;usg=AOvVaw1yAeVAPktmaVCqDujgUn90\">Klikni tukaj<\/a>. Sredstva bodo izgubljena, \u010de je rezervacija odpovedana isti dan potovanja.<\/p>\n\n\t\t<\/div>\n\t<\/div>\n<div class=\"vc_btn3-container vc_btn3-inline\" ><a class=\"vc_general vc_btn3 vc_btn3-size-md vc_btn3-shape-rounded vc_btn3-style-modern vc_btn3-color-green\" href=\"https:\/\/bookingadventures.tours\/booking.php?tour_id=e29316590922029738666cca35b0d5d9\" title=\"\" target=\"_blank\" rel=\"noopener\">REZERVIRAJTE ZDAJ<\/a><\/div><\/div><\/div><\/div><\/div><div class=\"vc_row wpb_row vc_row-fluid\" ><div class=\"wpb_column vc_column_container vc_col-sm-12\"><div class=\"vc_column-inner\"><div class=\"wpb_wrapper\">\n\t<div class=\"wpb_video_widget wpb_content_element vc_clearfix   vc_video-aspect-ratio-169 vc_video-el-width-100 vc_video-align-left\" >\n\t\t<div class=\"wpb_wrapper\">\n\t\t\t<h2 class=\"wpb_heading wpb_video_heading\">Jarabacoa City Video:<\/h2>\n\t\t\t<div class=\"wpb_video_wrapper\"><iframe loading=\"lazy\" title=\"Jarabacoa | Puro Turismo de Monta\u00f1a\" width=\"1100\" height=\"619\" src=\"https:\/\/www.youtube.com\/embed\/FRHfK4RS39A?feature=oembed\" frameborder=\"0\" allow=\"accelerometer; autoplay; clipboard-write; encrypted-media; gyroscope; picture-in-picture; web-share\" referrerpolicy=\"strict-origin-when-cross-origin\" allowfullscreen><\/iframe><\/div>\n\t\t<\/div>\n\t<\/div>\n<\/div><\/div><\/div><\/div><div class=\"vc_row wpb_row vc_row-fluid\" ><\/div><div class=\"wpb_column vc_column_container vc_col-sm-12\"><div class=\"vc_column-inner\"><div class=\"wpb_wrapper\"><\/div><\/div><\/div><div class=\"vc_empty_space\"   style=\"height: 32px\"><span class=\"vc_empty_space_inner\"><\/span><\/div><div class=\"vc_row wpb_row vc_row-fluid\" ><div class=\"wpb_column vc_column_container vc_col-sm-12\"><div class=\"vc_column-inner\"><div class=\"wpb_wrapper\"><div class=\"vc_btn3-container vc_btn3-inline\" ><a class=\"vc_general vc_btn3 vc_btn3-size-md vc_btn3-shape-rounded vc_btn3-style-modern vc_btn3-color-green\" href=\"https:\/\/bookingadventures.tours\/booking.php?tour_id=e29316590922029738666cca35b0d5d9\" title=\"\" target=\"_blank\" rel=\"noopener\">REZERVIRAJTE ZDAJ<\/a><\/div><\/div><\/div><\/div><\/div>","protected":false},"excerpt":{"rendered":"<p>Join us and travel with a local expert from Jarabacoa and get the unique experience of visiting the best places in the capital of ecotourism starting from Jarabacoa, this tour will take you to know the beautiful landscape of the largest mountain ranch in the Dominican Republic. As you drive through the different locations, you will feel the mountain air and enjoy the beauty of the countryside.<\/p>\n<p><strong>Select the date for the Tour:<\/strong><\/p>","protected":false},"featured_media":15126,"template":"","meta":[],"product_brand":[],"product_cat":[565,120,526,122],"product_tag":[527,528,529,530,531,532,533],"class_list":{"0":"post-15008","1":"product","2":"type-product","3":"status-publish","4":"has-post-thumbnail","6":"product_cat-1-sabana-de-la-mar","7":"product_cat-fees-entrace","8":"product_cat-jarabacoa-buggy","9":"product_cat-tours-and-excursions","10":"product_tag-baiguate-waterfall","11":"product_tag-jarabacoa-buggies","12":"product_tag-jarabacoa-buggy","13":"product_tag-jarabacoa-tour","14":"product_tag-jimenoa-waterfall","15":"product_tag-salto-baiguate","16":"product_tag-salto-jimenoa","18":"first","19":"instock","20":"sale","21":"sold-individually","22":"shipping-taxable","23":"product-type-external"},"_links":{"self":[{"href":"https:\/\/toursmiches.com\/sl\/wp-json\/wp\/v2\/product\/15008","targetHints":{"allow":["GET"]}}],"collection":[{"href":"https:\/\/toursmiches.com\/sl\/wp-json\/wp\/v2\/product"}],"about":[{"href":"https:\/\/toursmiches.com\/sl\/wp-json\/wp\/v2\/types\/product"}],"wp:featuredmedia":[{"embeddable":true,"href":"https:\/\/toursmiches.com\/sl\/wp-json\/wp\/v2\/media\/15126"}],"wp:attachment":[{"href":"https:\/\/toursmiches.com\/sl\/wp-json\/wp\/v2\/media?parent=15008"}],"wp:term":[{"taxonomy":"product_brand","embeddable":true,"href":"https:\/\/toursmiches.com\/sl\/wp-json\/wp\/v2\/product_brand?post=15008"},{"taxonomy":"product_cat","embeddable":true,"href":"https:\/\/toursmiches.com\/sl\/wp-json\/wp\/v2\/product_cat?post=15008"},{"taxonomy":"product_tag","embeddable":true,"href":"https:\/\/toursmiches.com\/sl\/wp-json\/wp\/v2\/product_tag?post=15008"}],"curies":[{"name":"wp","href":"https:\/\/api.w.org\/{rel}","templated":true}]}}