{"id":553,"date":"2020-06-21T20:30:49","date_gmt":"2020-06-21T20:30:49","guid":{"rendered":"http:\/\/toursmiches.com\/?post_type=product&#038;p=553"},"modified":"2024-04-17T21:13:57","modified_gmt":"2024-04-17T21:13:57","slug":"excursion-a-los-haitises-y-cano-hondo-desde-sabana-de-la-mar","status":"publish","type":"product","link":"https:\/\/toursmiches.com\/th\/miches\/excursion-a-los-haitises-y-cano-hondo-desde-sabana-de-la-mar\/","title":{"rendered":"\u0e17\u0e31\u0e27\u0e23\u0e4c\u0e2a\u0e48\u0e27\u0e19\u0e15\u0e31\u0e27\u0e44\u0e1b\u0e22\u0e31\u0e07 Los Haitises \u0e41\u0e25\u0e30 Ca\u00f1o Hondo \u0e08\u0e32\u0e01 Sabana de la Mar"},"content":{"rendered":"<div class=\"vc_row wpb_row vc_row-fluid\" ><div class=\"wpb_column vc_column_container vc_col-sm-12\"><div class=\"vc_column-inner\"><div class=\"wpb_wrapper\">[mkdf_section_title subtitle_tag=\u00bb\u00bb subtitle=\u00bbAlmuerzo y Nataci\u00f3n en Piscinas Naturales\u00bb]<\/div><\/div><\/div><\/div><div class=\"vc_row wpb_row vc_row-fluid\" ><div class=\"wpb_column vc_column_container vc_col-sm-12\"><div class=\"vc_column-inner\"><div class=\"wpb_wrapper\"><div class=\"vc_empty_space\"   style=\"height: 32px\"><span class=\"vc_empty_space_inner\"><\/span><\/div><\/div><\/div><\/div><\/div><div class=\"vc_row wpb_row vc_row-fluid\" ><div class=\"wpb_column vc_column_container vc_col-sm-12\"><div class=\"vc_column-inner\"><div class=\"wpb_wrapper\">\n\t<div class=\"wpb_text_column wpb_content_element\" >\n\t\t<div class=\"wpb_wrapper\">\n\t\t\t<h2>\u0e2d\u0e38\u0e17\u0e22\u0e32\u0e19\u0e41\u0e2b\u0e48\u0e07\u0e0a\u0e32\u0e15\u0e34 Los Haitises + \u0e2d\u0e32\u0e2b\u0e32\u0e23\u0e01\u0e25\u0e32\u0e07\u0e27\u0e31\u0e19\u0e43\u0e19 Ca\u00f1o Hondo \u0e08\u0e32\u0e01 Sabana de la Mar<\/h2>\n<h3>\u0e04\u0e33\u0e2d\u0e18\u0e34\u0e1a\u0e32\u0e22<\/h3>\n<p>\u0e17\u0e23\u0e34\u0e1b\u0e40\u0e15\u0e47\u0e21\u0e27\u0e31\u0e19\u0e44\u0e1b\u0e22\u0e31\u0e07\u0e2d\u0e38\u0e17\u0e22\u0e32\u0e19\u0e41\u0e2b\u0e48\u0e07\u0e0a\u0e32\u0e15\u0e34 Los Haitises \u0e41\u0e25\u0e30\u0e23\u0e31\u0e1a\u0e1b\u0e23\u0e30\u0e17\u0e32\u0e19\u0e2d\u0e32\u0e2b\u0e32\u0e23\u0e01\u0e25\u0e32\u0e07\u0e27\u0e31\u0e19\u0e43\u0e19 Ca\u00f1o Hondo \u0e1e\u0e23\u0e49\u0e2d\u0e21\u0e27\u0e48\u0e32\u0e22\u0e19\u0e49\u0e33\u0e43\u0e19\u0e2a\u0e23\u0e30\u0e19\u0e49\u0e33\u0e18\u0e23\u0e23\u0e21\u0e0a\u0e32\u0e15\u0e34 \u0e21\u0e32\u0e01\u0e31\u0e1a\u0e40\u0e23\u0e32\u0e41\u0e25\u0e30\u0e40\u0e22\u0e35\u0e48\u0e22\u0e21\u0e0a\u0e21\u0e2d\u0e38\u0e17\u0e22\u0e32\u0e19\u0e41\u0e2b\u0e48\u0e07\u0e0a\u0e32\u0e15\u0e34\u0e17\u0e35\u0e48\u0e2a\u0e27\u0e22\u0e17\u0e35\u0e48\u0e2a\u0e38\u0e14\u0e43\u0e19\u0e2a\u0e32\u0e18\u0e32\u0e23\u0e13\u0e23\u0e31\u0e10\u0e42\u0e14\u0e21\u0e34\u0e19\u0e34\u0e01\u0e31\u0e19 \u0e40\u0e22\u0e35\u0e48\u0e22\u0e21\u0e0a\u0e21\u0e1b\u0e48\u0e32\u0e0a\u0e32\u0e22\u0e40\u0e25\u0e19 \u0e16\u0e49\u0e33 \u0e41\u0e25\u0e30\u0e2d\u0e48\u0e32\u0e27\u0e0b\u0e32\u0e19\u0e25\u0e2d\u0e40\u0e23\u0e19\u0e42\u0e0b \u0e01\u0e25\u0e31\u0e1a\u0e44\u0e1b\u0e17\u0e35\u0e48\u0e17\u0e48\u0e32\u0e40\u0e23\u0e37\u0e2d Ca\u00f1o Hondo \u0e41\u0e25\u0e49\u0e27\u0e40\u0e14\u0e34\u0e19 15 \u0e19\u0e32\u0e17\u0e35\u0e40\u0e1e\u0e37\u0e48\u0e2d\u0e40\u0e1e\u0e25\u0e34\u0e14\u0e40\u0e1e\u0e25\u0e34\u0e19\u0e01\u0e31\u0e1a\u0e2d\u0e32\u0e2b\u0e32\u0e23\u0e01\u0e25\u0e32\u0e07\u0e27\u0e31\u0e19\u0e17\u0e31\u0e48\u0e27\u0e44\u0e1b\u0e1e\u0e23\u0e49\u0e2d\u0e21\u0e0a\u0e21\u0e17\u0e34\u0e27\u0e17\u0e31\u0e28\u0e19\u0e4c\u0e21\u0e2b\u0e32\u0e2a\u0e21\u0e38\u0e17\u0e23\u0e02\u0e2d\u0e07\u0e2d\u0e38\u0e17\u0e22\u0e32\u0e19\u0e41\u0e2b\u0e48\u0e07\u0e0a\u0e32\u0e15\u0e34 Los Haitises \u0e2b\u0e25\u0e31\u0e07\u0e08\u0e32\u0e01\u0e19\u0e35\u0e49\u0e25\u0e07\u0e40\u0e25\u0e48\u0e19\u0e19\u0e49\u0e33\u0e43\u0e19\u0e1a\u0e48\u0e2d\u0e19\u0e49\u0e33\u0e18\u0e23\u0e23\u0e21\u0e0a\u0e32\u0e15\u0e34\u0e08\u0e19\u0e16\u0e36\u0e07\u0e40\u0e27\u0e25\u0e32 16.30 \u0e19.<\/p>\n<ul>\n<li>\u0e23\u0e27\u0e21\u0e2d\u0e32\u0e2b\u0e32\u0e23\u0e01\u0e25\u0e32\u0e07\u0e27\u0e31\u0e19\u0e41\u0e1a\u0e1a\u0e1a\u0e38\u0e1f\u0e40\u0e1f\u0e48\u0e15\u0e4c<\/li>\n<li>\u0e27\u0e48\u0e32\u0e22\u0e19\u0e49\u0e33\u0e43\u0e19\u0e2a\u0e23\u0e30\u0e19\u0e49\u0e33\u0e18\u0e23\u0e23\u0e21\u0e0a\u0e32\u0e15\u0e34<\/li>\n<li>\u0e23\u0e27\u0e21\u0e20\u0e32\u0e29\u0e35\u0e41\u0e25\u0e49\u0e27<\/li>\n<li>\u0e04\u0e39\u0e48\u0e21\u0e37\u0e2d\u0e19\u0e35\u0e49\u0e08\u0e30\u0e43\u0e2b\u0e49\u0e04\u0e33\u0e41\u0e19\u0e30\u0e19\u0e33\u0e41\u0e25\u0e30\u0e01\u0e32\u0e23\u0e01\u0e33\u0e01\u0e31\u0e1a\u0e14\u0e39\u0e41\u0e25<\/li>\n<\/ul>\n<h3>\u0e01\u0e32\u0e23\u0e23\u0e27\u0e21\u0e41\u0e25\u0e30\u0e01\u0e32\u0e23\u0e22\u0e01\u0e40\u0e27\u0e49\u0e19<\/h3>\n<h4>\u0e01\u0e32\u0e23\u0e23\u0e27\u0e21<\/h4>\n<ol>\n<li>\u0e23\u0e31\u0e1a\u0e1b\u0e23\u0e30\u0e17\u0e32\u0e19\u0e2d\u0e32\u0e2b\u0e32\u0e23\u0e01\u0e25\u0e32\u0e07\u0e27\u0e31\u0e19\u0e17\u0e35\u0e48\u0e2d\u0e35\u0e42\u0e04\u0e25\u0e2d\u0e14\u0e08\u0e4c<\/li>\n<li>\u0e17\u0e31\u0e27\u0e23\u0e4c Los Haitises + \u0e16\u0e49\u0e33\u0e41\u0e25\u0e30\u0e2a\u0e31\u0e0d\u0e25\u0e31\u0e01\u0e29\u0e13\u0e4c<\/li>\n<li>\u0e20\u0e32\u0e29\u0e35 \u0e04\u0e48\u0e32\u0e18\u0e23\u0e23\u0e21\u0e40\u0e19\u0e35\u0e22\u0e21 \u0e41\u0e25\u0e30\u0e04\u0e48\u0e32\u0e18\u0e23\u0e23\u0e21\u0e40\u0e19\u0e35\u0e22\u0e21\u0e01\u0e32\u0e23\u0e08\u0e31\u0e14\u0e01\u0e32\u0e23\u0e17\u0e31\u0e49\u0e07\u0e2b\u0e21\u0e14<\/li>\n<li>\u0e20\u0e32\u0e29\u0e35\u0e17\u0e49\u0e2d\u0e07\u0e16\u0e34\u0e48\u0e19<\/li>\n<li>\u0e40\u0e04\u0e23\u0e37\u0e48\u0e2d\u0e07\u0e14\u0e37\u0e48\u0e21<\/li>\n<li>\u0e01\u0e34\u0e08\u0e01\u0e23\u0e23\u0e21\u0e17\u0e31\u0e49\u0e07\u0e2b\u0e21\u0e14<\/li>\n<li>\u0e21\u0e31\u0e04\u0e04\u0e38\u0e40\u0e17\u0e28\u0e01\u0e4c\u0e17\u0e49\u0e2d\u0e07\u0e16\u0e34\u0e48\u0e19<\/li>\n<\/ol>\n<h4>\u0e02\u0e49\u0e2d\u0e22\u0e01\u0e40\u0e27\u0e49\u0e19<\/h4>\n<ol>\n<li>\u0e40\u0e04\u0e25\u0e47\u0e14\u0e25\u0e31\u0e1a<\/li>\n<li>\u0e02\u0e19\u0e2a\u0e48\u0e07<\/li>\n<li>\u0e40\u0e04\u0e23\u0e37\u0e48\u0e2d\u0e07\u0e14\u0e37\u0e48\u0e21\u0e41\u0e2d\u0e25\u0e01\u0e2d\u0e2e\u0e2d\u0e25\u0e4c<\/li>\n<\/ol>\n<h3><em>\u0e2d\u0e2d\u0e01\u0e40\u0e14\u0e34\u0e19\u0e17\u0e32\u0e07\u0e41\u0e25\u0e30\u0e01\u0e25\u0e31\u0e1a<\/em><\/h3>\n<p>\u0e1c\u0e39\u0e49\u0e40\u0e14\u0e34\u0e19\u0e17\u0e32\u0e07\u0e08\u0e30\u0e44\u0e14\u0e49\u0e23\u0e31\u0e1a\u0e08\u0e38\u0e14\u0e19\u0e31\u0e14\u0e1e\u0e1a\u0e2b\u0e25\u0e31\u0e07\u0e08\u0e32\u0e01\u0e02\u0e31\u0e49\u0e19\u0e15\u0e2d\u0e19\u0e01\u0e32\u0e23\u0e08\u0e2d\u0e07 \u0e17\u0e31\u0e27\u0e23\u0e4c\u0e40\u0e23\u0e34\u0e48\u0e21\u0e15\u0e49\u0e19\u0e41\u0e25\u0e30\u0e2a\u0e34\u0e49\u0e19\u0e2a\u0e38\u0e14\u0e17\u0e35\u0e48\u0e08\u0e38\u0e14\u0e19\u0e31\u0e14\u0e1e\u0e1a\u0e02\u0e2d\u0e07\u0e40\u0e23\u0e32<\/p>\n<h3><em>\u0e04\u0e32\u0e14\u0e2b\u0e27\u0e31\u0e07\u0e2d\u0e30\u0e44\u0e23?<\/em><\/h3>\n<p>\u0e0b\u0e37\u0e49\u0e2d\u0e1a\u0e31\u0e15\u0e23\u0e40\u0e02\u0e49\u0e32\u0e0a\u0e21\u0e2d\u0e38\u0e17\u0e22\u0e32\u0e19\u0e41\u0e2b\u0e48\u0e07\u0e0a\u0e32\u0e15\u0e34 Los Haitises \u0e1e\u0e23\u0e49\u0e2d\u0e21\u0e23\u0e31\u0e1a\u0e1b\u0e23\u0e30\u0e17\u0e32\u0e19\u0e2d\u0e32\u0e2b\u0e32\u0e23\u0e01\u0e25\u0e32\u0e07\u0e27\u0e31\u0e19\u0e40\u0e25\u0e34\u0e28\u0e23\u0e2a\u0e17\u0e35\u0e48 Ca\u00f1o Hondo \u0e41\u0e25\u0e30\u0e27\u0e48\u0e32\u0e22\u0e19\u0e49\u0e33\u0e43\u0e19\u0e19\u0e49\u0e33\u0e1e\u0e38\u0e18\u0e23\u0e23\u0e21\u0e0a\u0e32\u0e15\u0e34 \u0e25\u0e48\u0e2d\u0e07\u0e40\u0e23\u0e37\u0e2d\u0e1c\u0e48\u0e32\u0e19\u0e1b\u0e48\u0e32\u0e0a\u0e32\u0e22\u0e40\u0e25\u0e19 \u0e16\u0e49\u0e33\u0e42\u0e08\u0e23\u0e2a\u0e25\u0e31\u0e14\u0e42\u0e1a\u0e23\u0e32\u0e13 \u0e41\u0e25\u0e30\u0e1b\u0e48\u0e32\u0e2a\u0e07\u0e27\u0e19\u0e43\u0e19\u0e40\u0e02\u0e15\u0e2a\u0e07\u0e27\u0e19\u0e17\u0e35\u0e48\u0e07\u0e14\u0e07\u0e32\u0e21\u0e41\u0e2b\u0e48\u0e07\u0e19\u0e35\u0e49 \u0e08\u0e32\u0e01\u0e1a\u0e23\u0e34\u0e40\u0e27\u0e13\u0e42\u0e23\u0e07\u0e41\u0e23\u0e21 Ca\u00f1o Hondo \u0e2b\u0e23\u0e37\u0e2d\u0e08\u0e32\u0e01 Sabana de la Mar<\/p>\n<p>El recorrido, organizado por \u00abBooking Adventures\u00bb, comienza en el punto de encuentro establecido con el gu\u00eda tur\u00edstico. Ven con Booking Adventures y comienza a observar algunos manglares llenos de p\u00e1jaros, colinas onduladas de exuberante vegetaci\u00f3n y cuevas del Parque Nacional Los Haitises. Excursi\u00f3n en bote desde el r\u00edo Ca\u00f1o Hondo, Sabana de la Mar.<\/p>\n<p>\u0e1c\u0e48\u0e32\u0e19\u0e1b\u0e48\u0e32\u0e0a\u0e32\u0e22\u0e40\u0e25\u0e19\u0e41\u0e25\u0e30\u0e1c\u0e37\u0e19\u0e14\u0e34\u0e19\u0e43\u0e19\u0e2d\u0e48\u0e32\u0e27 San Lorenzo \u0e2d\u0e31\u0e19\u0e40\u0e1b\u0e34\u0e14\u0e42\u0e25\u0e48\u0e07 \u0e08\u0e32\u0e01\u0e08\u0e38\u0e14\u0e17\u0e35\u0e48\u0e04\u0e38\u0e13\u0e2a\u0e32\u0e21\u0e32\u0e23\u0e16\u0e16\u0e48\u0e32\u0e22\u0e20\u0e32\u0e1e\u0e17\u0e34\u0e27\u0e17\u0e31\u0e28\u0e19\u0e4c\u0e1b\u0e48\u0e32\u0e2d\u0e31\u0e19\u0e02\u0e23\u0e38\u0e02\u0e23\u0e30\u0e44\u0e14\u0e49 \u0e21\u0e2d\u0e07\u0e2d\u0e2d\u0e01\u0e44\u0e1b\u0e43\u0e19\u0e19\u0e49\u0e33\u0e40\u0e1e\u0e37\u0e48\u0e2d\u0e14\u0e39\u0e1e\u0e30\u0e22\u0e39\u0e19 \u0e2a\u0e31\u0e15\u0e27\u0e4c\u0e19\u0e49\u0e33\u0e17\u0e35\u0e48\u0e21\u0e35\u0e40\u0e1b\u0e25\u0e37\u0e2d\u0e01\u0e41\u0e02\u0e47\u0e07 \u0e41\u0e25\u0e30\u0e42\u0e25\u0e21\u0e32<\/p>\n<p>El nombre del parque nacional proviene de sus habitantes originales, los indios ta\u00ednos. En su idioma, \u00abHaitises\u00bb se traduce en tierras altas o colinas, una referencia a las empinadas formaciones geol\u00f3gicas de la costa con calizas. Avent\u00farate m\u00e1s en el parque para explorar cuevas como la Cueva de la Arena y la Cueva de la l\u00ednea. Las cuevas en la reserva fueron utilizadas como refugio por los indios ta\u00ednos y, m\u00e1s tarde, por los piratas escondidos. Busque dibujos de indios que decoran algunas de las paredes. Despu\u00e9s de visitar el Parque Nacional Los Haitises iremos a Ca\u00f1o Hondo. En Ca\u00f1o Hondo aprendiendo sobre esta historia de ecolodge y la hora del almuerzo con la comida t\u00edpica de la comunidad de Sabana de la Mar.<\/p>\n<p>\u0e21\u0e37\u0e49\u0e2d\u0e40\u0e17\u0e35\u0e48\u0e22\u0e07\u0e08\u0e30\u0e2d\u0e23\u0e48\u0e2d\u0e22\u0e41\u0e15\u0e48\u0e40\u0e23\u0e32\u0e22\u0e31\u0e07\u0e44\u0e21\u0e48\u0e40\u0e2a\u0e23\u0e47\u0e08 \u0e2b\u0e25\u0e31\u0e07\u0e2d\u0e32\u0e2b\u0e32\u0e23\u0e01\u0e25\u0e32\u0e07\u0e27\u0e31\u0e19 \u0e40\u0e23\u0e32\u0e08\u0e30\u0e27\u0e48\u0e32\u0e22\u0e19\u0e49\u0e33\u0e43\u0e19\u0e19\u0e49\u0e33\u0e1e\u0e38\u0e18\u0e23\u0e23\u0e21\u0e0a\u0e32\u0e15\u0e34\u0e08\u0e32\u0e01\u0e41\u0e21\u0e48\u0e19\u0e49\u0e33 Jibales \u0e0b\u0e36\u0e48\u0e07\u0e40\u0e1b\u0e47\u0e19\u0e41\u0e21\u0e48\u0e19\u0e49\u0e33\u0e17\u0e35\u0e48\u0e22\u0e37\u0e19\u0e15\u0e49\u0e19\u0e44\u0e1b\u0e08\u0e19\u0e16\u0e36\u0e07\u0e41\u0e21\u0e48\u0e19\u0e49\u0e33 Ca\u00f1o Hondo \u0e2d\u0e22\u0e39\u0e48\u0e43\u0e19 Ca\u00f1o Hondo \u0e08\u0e19\u0e16\u0e36\u0e07 18:00 \u0e19. \u0e2b\u0e32\u0e01\u0e15\u0e49\u0e2d\u0e07\u0e01\u0e32\u0e23\u0e2b\u0e23\u0e37\u0e2d\u0e19\u0e49\u0e2d\u0e22\u0e01\u0e27\u0e48\u0e32\u0e19\u0e31\u0e49\u0e19<\/p>\n<p>\u0e43\u0e19\u0e2a\u0e23\u0e30\u0e19\u0e49\u0e33\u0e18\u0e23\u0e23\u0e21\u0e0a\u0e32\u0e15\u0e34 \u0e04\u0e38\u0e13\u0e2a\u0e32\u0e21\u0e32\u0e23\u0e16\u0e2d\u0e22\u0e39\u0e48\u0e44\u0e14\u0e49\u0e19\u0e32\u0e19\u0e40\u0e17\u0e48\u0e32\u0e17\u0e35\u0e48\u0e04\u0e38\u0e13\u0e15\u0e49\u0e2d\u0e07\u0e01\u0e32\u0e23\u0e27\u0e48\u0e32\u0e22\u0e19\u0e49\u0e33\u0e41\u0e25\u0e30\u0e40\u0e14\u0e34\u0e19\u0e1b\u0e48\u0e32 \u0e2b\u0e32\u0e01\u0e04\u0e38\u0e13\u0e40\u0e1b\u0e47\u0e19\u0e27\u0e35\u0e41\u0e01\u0e19 \u0e40\u0e23\u0e32\u0e01\u0e47\u0e2a\u0e32\u0e21\u0e32\u0e23\u0e16\u0e40\u0e15\u0e23\u0e35\u0e22\u0e21\u0e2d\u0e32\u0e2b\u0e32\u0e23\u0e43\u0e2b\u0e49\u0e04\u0e38\u0e13\u0e44\u0e14\u0e49\u0e40\u0e0a\u0e48\u0e19\u0e01\u0e31\u0e19<\/p>\n<h3><em>\u0e04\u0e38\u0e13\u0e04\u0e27\u0e23\u0e19\u0e33\u0e2d\u0e30\u0e44\u0e23\u0e21\u0e32\u0e1a\u0e49\u0e32\u0e07?<\/em><\/h3>\n<ul>\n<li>\u0e01\u0e25\u0e49\u0e2d\u0e07<\/li>\n<li>\u0e44\u0e25\u0e48<\/li>\n<li>\u0e04\u0e23\u0e35\u0e21\u0e01\u0e31\u0e19\u0e41\u0e14\u0e14<\/li>\n<li>\u0e2b\u0e21\u0e27\u0e01<\/li>\n<li>\u0e01\u0e32\u0e07\u0e40\u0e01\u0e07\u0e43\u0e2a\u0e48\u0e2a\u0e1a\u0e32\u0e22<\/li>\n<li>\u0e23\u0e2d\u0e07\u0e40\u0e17\u0e49\u0e32\u0e40\u0e14\u0e34\u0e19\u0e1b\u0e48\u0e32<\/li>\n<li>\u0e23\u0e2d\u0e07\u0e40\u0e17\u0e49\u0e32\u0e41\u0e15\u0e30\u0e44\u0e1b\u0e22\u0e31\u0e07\u0e1e\u0e37\u0e49\u0e19\u0e17\u0e35\u0e48\u0e2a\u0e1b\u0e23\u0e34\u0e07<\/li>\n<li>\u0e0a\u0e38\u0e14\u0e27\u0e48\u0e32\u0e22\u0e19\u0e49\u0e33<\/li>\n<\/ul>\n<h3><em>\u0e23\u0e16\u0e44\u0e1b\u0e23\u0e31\u0e1a\u0e17\u0e35\u0e48\u0e42\u0e23\u0e07\u0e41\u0e23\u0e21<\/em><\/h3>\n<p>\u0e44\u0e21\u0e48\u0e21\u0e35\u0e1a\u0e23\u0e34\u0e01\u0e32\u0e23\u0e44\u0e1b\u0e23\u0e31\u0e1a\u0e17\u0e35\u0e48\u0e42\u0e23\u0e07\u0e41\u0e23\u0e21\u0e2a\u0e33\u0e2b\u0e23\u0e31\u0e1a\u0e17\u0e31\u0e27\u0e23\u0e4c\u0e19\u0e35\u0e49<\/p>\n<p><strong>\u0e1a\u0e31\u0e19\u0e17\u0e36\u0e01:<\/strong> \u0e2b\u0e32\u0e01\u0e04\u0e38\u0e13\u0e08\u0e2d\u0e07\u0e20\u0e32\u0e22\u0e43\u0e19 24 \u0e0a\u0e31\u0e48\u0e27\u0e42\u0e21\u0e07\u0e19\u0e31\u0e1a\u0e08\u0e32\u0e01\u0e40\u0e27\u0e25\u0e32\u0e2d\u0e2d\u0e01\u0e40\u0e14\u0e34\u0e19\u0e17\u0e32\u0e07\u0e02\u0e2d\u0e07\u0e17\u0e31\u0e27\u0e23\u0e4c\/\u0e01\u0e32\u0e23\u0e40\u0e14\u0e34\u0e19\u0e17\u0e32\u0e07 \u0e40\u0e23\u0e32\u0e2a\u0e32\u0e21\u0e32\u0e23\u0e16\u0e08\u0e31\u0e14\u0e40\u0e15\u0e23\u0e35\u0e22\u0e21\u0e1a\u0e23\u0e34\u0e01\u0e32\u0e23\u0e44\u0e1b\u0e23\u0e31\u0e1a\u0e17\u0e35\u0e48\u0e42\u0e23\u0e07\u0e41\u0e23\u0e21\u0e42\u0e14\u0e22\u0e21\u0e35\u0e04\u0e48\u0e32\u0e43\u0e0a\u0e49\u0e08\u0e48\u0e32\u0e22\u0e40\u0e1e\u0e34\u0e48\u0e21\u0e40\u0e15\u0e34\u0e21 \u0e40\u0e21\u0e37\u0e48\u0e2d\u0e01\u0e32\u0e23\u0e0b\u0e37\u0e49\u0e2d\u0e02\u0e2d\u0e07\u0e04\u0e38\u0e13\u0e40\u0e2a\u0e23\u0e47\u0e08\u0e2a\u0e21\u0e1a\u0e39\u0e23\u0e13\u0e4c \u0e40\u0e23\u0e32\u0e08\u0e30\u0e2a\u0e48\u0e07\u0e02\u0e49\u0e2d\u0e21\u0e39\u0e25\u0e15\u0e34\u0e14\u0e15\u0e48\u0e2d\u0e17\u0e35\u0e48\u0e04\u0e23\u0e1a\u0e16\u0e49\u0e27\u0e19 (\u0e2b\u0e21\u0e32\u0e22\u0e40\u0e25\u0e02\u0e42\u0e17\u0e23\u0e28\u0e31\u0e1e\u0e17\u0e4c \u0e17\u0e35\u0e48\u0e2d\u0e22\u0e39\u0e48\u0e2d\u0e35\u0e40\u0e21\u0e25 \u0e2f\u0e25\u0e2f) \u0e43\u0e2b\u0e49\u0e01\u0e31\u0e1a\u0e44\u0e01\u0e14\u0e4c\u0e19\u0e33\u0e40\u0e17\u0e35\u0e48\u0e22\u0e27\u0e17\u0e49\u0e2d\u0e07\u0e16\u0e34\u0e48\u0e19\u0e02\u0e2d\u0e07\u0e40\u0e23\u0e32\u0e40\u0e1e\u0e37\u0e48\u0e2d\u0e08\u0e31\u0e14\u0e40\u0e15\u0e23\u0e35\u0e22\u0e21\u0e01\u0e32\u0e23\u0e44\u0e1b\u0e23\u0e31\u0e1a<\/p>\n<h3><em>\u0e01\u0e32\u0e23\u0e22\u0e37\u0e19\u0e22\u0e31\u0e19\u0e02\u0e49\u0e2d\u0e21\u0e39\u0e25\u0e40\u0e1e\u0e34\u0e48\u0e21\u0e40\u0e15\u0e34\u0e21<\/em><\/h3>\n<ul>\n<li>\u0e15\u0e31\u0e4b\u0e27\u0e40\u0e1b\u0e47\u0e19\u0e43\u0e1a\u0e40\u0e2a\u0e23\u0e47\u0e08\u0e23\u0e31\u0e1a\u0e40\u0e07\u0e34\u0e19\u0e2b\u0e25\u0e31\u0e07\u0e08\u0e32\u0e01\u0e0a\u0e33\u0e23\u0e30\u0e04\u0e48\u0e32\u0e17\u0e31\u0e27\u0e23\u0e4c\u0e04\u0e23\u0e31\u0e49\u0e07\u0e19\u0e35\u0e49 \u0e04\u0e38\u0e13\u0e2a\u0e32\u0e21\u0e32\u0e23\u0e16\u0e41\u0e2a\u0e14\u0e07\u0e01\u0e32\u0e23\u0e0a\u0e33\u0e23\u0e30\u0e40\u0e07\u0e34\u0e19\u0e1a\u0e19\u0e42\u0e17\u0e23\u0e28\u0e31\u0e1e\u0e17\u0e4c\u0e02\u0e2d\u0e07\u0e04\u0e38\u0e13\u0e44\u0e14\u0e49<\/li>\n<li>\u0e08\u0e38\u0e14\u0e19\u0e31\u0e14\u0e1e\u0e1a\u0e08\u0e30\u0e44\u0e14\u0e49\u0e23\u0e31\u0e1a\u0e2b\u0e25\u0e31\u0e07\u0e08\u0e32\u0e01\u0e02\u0e31\u0e49\u0e19\u0e15\u0e2d\u0e19\u0e01\u0e32\u0e23\u0e08\u0e2d\u0e07<\/li>\n<li>\u0e40\u0e14\u0e47\u0e01\u0e08\u0e30\u0e15\u0e49\u0e2d\u0e07\u0e21\u0e35\u0e1c\u0e39\u0e49\u0e43\u0e2b\u0e0d\u0e48\u0e21\u0e32\u0e14\u0e49\u0e27\u0e22<\/li>\n<li>\u0e44\u0e21\u0e48\u0e23\u0e2d\u0e07\u0e23\u0e31\u0e1a\u0e40\u0e01\u0e49\u0e32\u0e2d\u0e35\u0e49\u0e23\u0e16\u0e40\u0e02\u0e47\u0e19<\/li>\n<li>\u0e17\u0e32\u0e23\u0e01\u0e04\u0e27\u0e23\u0e19\u0e31\u0e48\u0e07\u0e43\u0e19\u0e17\u0e35\u0e48\u0e19\u0e31\u0e48\u0e07\u0e40\u0e14\u0e47\u0e01\u0e2b\u0e23\u0e37\u0e2d\u0e19\u0e31\u0e48\u0e07\u0e23\u0e48\u0e27\u0e21\u0e01\u0e31\u0e1a\u0e1c\u0e39\u0e49\u0e43\u0e2b\u0e0d\u0e48<\/li>\n<li>\u0e44\u0e21\u0e48\u0e41\u0e19\u0e30\u0e19\u0e33\u0e2a\u0e33\u0e2b\u0e23\u0e31\u0e1a\u0e19\u0e31\u0e01\u0e40\u0e14\u0e34\u0e19\u0e17\u0e32\u0e07\u0e17\u0e35\u0e48\u0e21\u0e35\u0e1b\u0e31\u0e0d\u0e2b\u0e32\u0e40\u0e01\u0e35\u0e48\u0e22\u0e27\u0e01\u0e31\u0e1a\u0e2b\u0e25\u0e31\u0e07<\/li>\n<li>\u0e44\u0e21\u0e48\u0e41\u0e19\u0e30\u0e19\u0e33\u0e2a\u0e33\u0e2b\u0e23\u0e31\u0e1a\u0e2a\u0e15\u0e23\u0e35\u0e21\u0e35\u0e04\u0e23\u0e23\u0e20\u0e4c<\/li>\n<li>\u0e44\u0e21\u0e48\u0e21\u0e35\u0e1b\u0e31\u0e0d\u0e2b\u0e32\u0e40\u0e01\u0e35\u0e48\u0e22\u0e27\u0e01\u0e31\u0e1a\u0e2b\u0e31\u0e27\u0e43\u0e08\u0e2b\u0e23\u0e37\u0e2d\u0e2d\u0e32\u0e01\u0e32\u0e23\u0e1b\u0e48\u0e27\u0e22\u0e23\u0e49\u0e32\u0e22\u0e41\u0e23\u0e07\u0e2d\u0e37\u0e48\u0e19\u0e46<\/li>\n<li>\u0e19\u0e31\u0e01\u0e17\u0e48\u0e2d\u0e07\u0e40\u0e17\u0e35\u0e48\u0e22\u0e27\u0e2a\u0e48\u0e27\u0e19\u0e43\u0e2b\u0e0d\u0e48\u0e2a\u0e32\u0e21\u0e32\u0e23\u0e16\u0e40\u0e02\u0e49\u0e32\u0e23\u0e48\u0e27\u0e21\u0e44\u0e14\u0e49<\/li>\n<\/ul>\n<h3><em>\u0e19\u0e42\u0e22\u0e1a\u0e32\u0e22\u0e01\u0e32\u0e23\u0e22\u0e01\u0e40\u0e25\u0e34\u0e01<\/em><\/h3>\n<p>\u0e2b\u0e32\u0e01\u0e15\u0e49\u0e2d\u0e07\u0e01\u0e32\u0e23\u0e04\u0e37\u0e19\u0e40\u0e07\u0e34\u0e19\u0e40\u0e15\u0e47\u0e21\u0e08\u0e33\u0e19\u0e27\u0e19 \u0e42\u0e1b\u0e23\u0e14\u0e22\u0e01\u0e40\u0e25\u0e34\u0e01\u0e25\u0e48\u0e27\u0e07\u0e2b\u0e19\u0e49\u0e32\u0e2d\u0e22\u0e48\u0e32\u0e07\u0e19\u0e49\u0e2d\u0e22 24 \u0e0a\u0e31\u0e48\u0e27\u0e42\u0e21\u0e07\u0e01\u0e48\u0e2d\u0e19\u0e27\u0e31\u0e19\u0e40\u0e23\u0e34\u0e48\u0e21\u0e1b\u0e23\u0e30\u0e2a\u0e1a\u0e01\u0e32\u0e23\u0e13\u0e4c<\/p>\n\n\t\t<\/div>\n\t<\/div>\n<\/div><\/div><\/div><\/div><div class=\"vc_row wpb_row vc_row-fluid\" ><div class=\"wpb_column vc_column_container vc_col-sm-12\"><div class=\"vc_column-inner\"><div class=\"wpb_wrapper\">\n\t<div class=\"wpb_video_widget wpb_content_element vc_clearfix   vc_video-aspect-ratio-169 vc_video-el-width-100 vc_video-align-left\" >\n\t\t<div class=\"wpb_wrapper\">\n\t\t\t\n\t\t\t<div class=\"wpb_video_wrapper\"><iframe loading=\"lazy\" title=\"\u0e2d\u0e38\u0e17\u0e22\u0e32\u0e19\u0e41\u0e2b\u0e48\u0e07\u0e0a\u0e32\u0e15\u0e34 Los Haitises \u0e17\u0e31\u0e27\u0e23\u0e4c &amp; \u0e17\u0e31\u0e28\u0e19\u0e28\u0e36\u0e01\u0e29\u0e32\u0e08\u0e32\u0e01 Samana \u0e2b\u0e23\u0e37\u0e2d Sabana de la Mar \u0e08\u0e2d\u0e07\u0e17\u0e35\u0e48\u0e19\u0e35\u0e48:\" src=\"https:\/\/player.vimeo.com\/video\/346508015?dnt=1&amp;app_id=122963\" width=\"1100\" height=\"619\" frameborder=\"0\" allow=\"autoplay; fullscreen\" allowfullscreen><\/iframe><\/div>\n\t\t<\/div>\n\t<\/div>\n<\/div><\/div><\/div><\/div><div class=\"vc_row wpb_row vc_row-fluid\" ><div class=\"wpb_column vc_column_container vc_col-sm-12\"><div class=\"vc_column-inner\"><div class=\"wpb_wrapper\"><div class=\"vc_empty_space\"   style=\"height: 32px\"><span class=\"vc_empty_space_inner\"><\/span><\/div>\n\t<div class=\"wpb_text_column wpb_content_element\" >\n\t\t<div class=\"wpb_wrapper\">\n\t\t\t<h4>\u0e15\u0e34\u0e14\u0e15\u0e48\u0e2d\u0e40\u0e23\u0e32?<\/h4>\n<h5>\u0e01\u0e32\u0e23\u0e08\u0e2d\u0e07\u0e01\u0e32\u0e23\u0e1c\u0e08\u0e0d\u0e20\u0e31\u0e22<\/h5>\n<p><strong><em>\u0e21\u0e31\u0e04\u0e04\u0e38\u0e40\u0e17\u0e28\u0e01\u0e4c\u0e17\u0e49\u0e2d\u0e07\u0e16\u0e34\u0e48\u0e19\u0e41\u0e25\u0e30\u0e23\u0e30\u0e14\u0e31\u0e1a\u0e0a\u0e32\u0e15\u0e34\u0e41\u0e25\u0e30\u0e1a\u0e23\u0e34\u0e01\u0e32\u0e23\u0e41\u0e02\u0e01<\/em><\/strong><\/p>\n<p>\u0e01\u0e32\u0e23\u0e08\u0e2d\u0e07: \u0e17\u0e31\u0e27\u0e23\u0e4c\u0e41\u0e25\u0e30\u0e17\u0e31\u0e28\u0e19\u0e28\u0e36\u0e01\u0e29\u0e32\u0e43\u0e19 Dom \u0e15\u0e31\u0e27\u0e41\u0e17\u0e19<\/p>\n<p>\u0e42\u0e17\u0e23\/\u0e27\u0e2d\u0e15\u0e2a\u0e4c\u0e41\u0e2d\u0e1e +1-809-720-6035<\/p>\n<p>info@bookingadventures.com.do<\/p>\n<p>\u0e40\u0e23\u0e32\u0e17\u0e33\u0e17\u0e31\u0e27\u0e23\u0e4c\u0e2a\u0e48\u0e27\u0e19\u0e15\u0e31\u0e27\u0e14\u0e49\u0e27\u0e22\u0e01\u0e32\u0e23\u0e01\u0e33\u0e2b\u0e19\u0e14\u0e04\u0e48\u0e32\u0e17\u0e35\u0e48\u0e22\u0e37\u0e14\u0e2b\u0e22\u0e38\u0e48\u0e19\u0e42\u0e14\u0e22 Whatsapp: +18097206035<\/p>\n\n\t\t<\/div>\n\t<\/div>\n<div class=\"vc_empty_space\"   style=\"height: 32px\"><span class=\"vc_empty_space_inner\"><\/span><\/div><\/div><\/div><\/div><\/div>","protected":false},"excerpt":{"rendered":"<p>\u0e40\u0e17\u0e35\u0e48\u0e22\u0e27\u0e0a\u0e21\u0e2d\u0e38\u0e17\u0e22\u0e32\u0e19\u0e41\u0e2b\u0e48\u0e07\u0e0a\u0e32\u0e15\u0e34 Los Haitises \u0e08\u0e32\u0e01 Sabana de la Mar \u0e40\u0e22\u0e35\u0e48\u0e22\u0e21\u0e0a\u0e21\u0e1b\u0e48\u0e32\u0e0a\u0e32\u0e22\u0e40\u0e25\u0e19 \u0e16\u0e49\u0e33 \u0e23\u0e39\u0e1b\u0e20\u0e32\u0e1e\u0e2a\u0e31\u0e0d\u0e25\u0e31\u0e01\u0e29\u0e13\u0e4c + \u0e2d\u0e32\u0e2b\u0e32\u0e23\u0e01\u0e25\u0e32\u0e07\u0e27\u0e31\u0e19\u0e43\u0e19\u0e17\u0e31\u0e27\u0e23\u0e4c Ca\u00f1o Hondo \u0e41\u0e25\u0e30\u0e2a\u0e23\u0e30\u0e27\u0e48\u0e32\u0e22\u0e19\u0e49\u0e33<\/p>\n<p>\u0e08\u0e31\u0e14\u0e17\u0e31\u0e27\u0e23\u0e4c\u0e19\u0e35\u0e49\u0e14\u0e49\u0e27\u0e22\u0e40\u0e2a\u0e49\u0e19\u0e17\u0e32\u0e07\u0e40\u0e14\u0e34\u0e19\u0e1b\u0e48\u0e32\u0e41\u0e25\u0e30\u0e40\u0e23\u0e35\u0e22\u0e19\u0e23\u0e39\u0e49\u0e40\u0e01\u0e35\u0e48\u0e22\u0e27\u0e01\u0e31\u0e1a\u0e1b\u0e23\u0e30\u0e27\u0e31\u0e15\u0e34\u0e28\u0e32\u0e2a\u0e15\u0e23\u0e4c\u0e02\u0e2d\u0e07\u0e2d\u0e38\u0e17\u0e22\u0e32\u0e19\u0e41\u0e2b\u0e48\u0e07\u0e0a\u0e32\u0e15\u0e34 Los Haitises \u0e08\u0e32\u0e01\u0e44\u0e01\u0e14\u0e4c\u0e17\u0e49\u0e2d\u0e07\u0e16\u0e34\u0e48\u0e19<\/p>","protected":false},"featured_media":82,"template":"","meta":[],"product_brand":[],"product_cat":[443,123,124],"product_tag":[126,127,128,145,202,203,132,133,146,114,204],"class_list":{"0":"post-553","1":"product","2":"type-product","3":"status-publish","4":"has-post-thumbnail","6":"product_cat-tours-y-excursiones-es","7":"product_cat-tours-excursions-los-haitises-national-park","8":"product_cat-tours-excursions-samana-bay-dominican-republic","9":"product_tag-cano-hondo","10":"product_tag-cano-hondo-hotel","11":"product_tag-cano-hondo-tours","12":"product_tag-day-tour-cano-hondo","13":"product_tag-la-arena-cave","14":"product_tag-line-cave","15":"product_tag-los-haitises","16":"product_tag-los-haitises-national-park","17":"product_tag-mangroves-los-haitises","18":"product_tag-sabana-de-la-mar","19":"product_tag-san-lorenzo-bay","21":"first","22":"instock","23":"sale","24":"sold-individually","25":"shipping-taxable","26":"product-type-external"},"_links":{"self":[{"href":"https:\/\/toursmiches.com\/th\/wp-json\/wp\/v2\/product\/553","targetHints":{"allow":["GET"]}}],"collection":[{"href":"https:\/\/toursmiches.com\/th\/wp-json\/wp\/v2\/product"}],"about":[{"href":"https:\/\/toursmiches.com\/th\/wp-json\/wp\/v2\/types\/product"}],"wp:featuredmedia":[{"embeddable":true,"href":"https:\/\/toursmiches.com\/th\/wp-json\/wp\/v2\/media\/82"}],"wp:attachment":[{"href":"https:\/\/toursmiches.com\/th\/wp-json\/wp\/v2\/media?parent=553"}],"wp:term":[{"taxonomy":"product_brand","embeddable":true,"href":"https:\/\/toursmiches.com\/th\/wp-json\/wp\/v2\/product_brand?post=553"},{"taxonomy":"product_cat","embeddable":true,"href":"https:\/\/toursmiches.com\/th\/wp-json\/wp\/v2\/product_cat?post=553"},{"taxonomy":"product_tag","embeddable":true,"href":"https:\/\/toursmiches.com\/th\/wp-json\/wp\/v2\/product_tag?post=553"}],"curies":[{"name":"wp","href":"https:\/\/api.w.org\/{rel}","templated":true}]}}