{"id":15083,"date":"2025-09-08T12:56:16","date_gmt":"2025-09-08T12:56:16","guid":{"rendered":"https:\/\/toursmiches.com\/?post_type=product&#038;p=15083"},"modified":"2025-09-08T13:06:38","modified_gmt":"2025-09-08T13:06:38","slug":"sabana-de-la-mar-taxi-to-punta-cana-transfer-private","status":"publish","type":"product","link":"https:\/\/toursmiches.com\/tr\/miches\/sabana-de-la-mar-taxi-to-punta-cana-transfer-private\/","title":{"rendered":"Sabana de la Mar Taxi to Punta Cana \/ Transfer Private"},"content":{"rendered":"<div class=\"vc_row wpb_row vc_row-fluid\" ><div class=\"wpb_column vc_column_container vc_col-sm-12\"><div class=\"vc_column-inner\"><div class=\"wpb_wrapper\">\n\t<div class=\"wpb_text_column wpb_content_element\" >\n\t\t<div class=\"wpb_wrapper\">\n\t\t\t<p>[mkdf_section_title title_tag=\u00bb\u00bb disable_break_words=\u00bbno\u00bb subtitle_tag=\u00bb\u00bb text_font_weight=\u00bb\u00bb title=\u00bbPunta Cana to Sabana de la Mar Taxi \/ Transfer Private\u00bb subtitle=\u00bbFrom Punta Cana\u00bb text=\u00bbNote: This is a Private transfer option from Punta Cana to Sabana de la mar or From Sabana de la mar to Punta Cana. If you will like to add more visitors please feel free to contact us.\u00bb]<\/p>\n\n\t\t<\/div>\n\t<\/div>\n<\/div><\/div><\/div><\/div><div class=\"vc_row wpb_row vc_row-fluid\" ><div class=\"wpb_column vc_column_container vc_col-sm-12\"><div class=\"vc_column-inner\"><div class=\"wpb_wrapper\"><div class=\"vc_empty_space\"   style=\"height: 32px\"><span class=\"vc_empty_space_inner\"><\/span><\/div><div class=\"vc_btn3-container vc_btn3-inline\" ><a class=\"vc_general vc_btn3 vc_btn3-size-md vc_btn3-shape-rounded vc_btn3-style-modern vc_btn3-color-green\" href=\"https:\/\/bookingadventures.tours\/booking.php?tour_id=6c46b6d75497756d7ee194109970e87a\" title=\"\" target=\"_blank\" rel=\"noopener\">REZERVASYON YAP<\/a><\/div><div class=\"woocommerce columns-4\"><ul class=\"products columns-4\">\n<li class=\"product type-product post-11698 status-publish first instock product_cat-1-samana product_cat-rent-catamaran-or-boat-samana product_tag-catamaran-for-renting-samana product_tag-samana-boat-rentals product_tag-samana-catamaran product_tag-samana-rentals has-post-thumbnail sale shipping-taxable product-type-external\">\n\t<div class=\"mkdf-pl-inner\"><div class=\"mkdf-pl-image\">\n\t<span class=\"mkdf-onsale\">SALE<\/span>\n\t<img loading=\"lazy\" decoding=\"async\" width=\"300\" height=\"300\" src=\"https:\/\/toursmiches.com\/wp-content\/uploads\/2021\/04\/WhatsApp-Image-2020-09-21-at-18.14.24-2-300x300.jpeg\" class=\"attachment-woocommerce_thumbnail size-woocommerce_thumbnail\" alt=\"\" srcset=\"https:\/\/toursmiches.com\/wp-content\/uploads\/2021\/04\/WhatsApp-Image-2020-09-21-at-18.14.24-2-300x300.jpeg 300w, https:\/\/toursmiches.com\/wp-content\/uploads\/2021\/04\/WhatsApp-Image-2020-09-21-at-18.14.24-2-100x100.jpeg 100w, https:\/\/toursmiches.com\/wp-content\/uploads\/2021\/04\/WhatsApp-Image-2020-09-21-at-18.14.24-2-150x150.jpeg 150w, https:\/\/toursmiches.com\/wp-content\/uploads\/2021\/04\/WhatsApp-Image-2020-09-21-at-18.14.24-2-85x85.jpeg 85w, https:\/\/toursmiches.com\/wp-content\/uploads\/2021\/04\/WhatsApp-Image-2020-09-21-at-18.14.24-2-550x550.jpeg 550w\" sizes=\"auto, (max-width: 300px) 100vw, 300px\" title=\"\"><div class=\"mkdf-pl-text\"><div class=\"mkdf-pl-text-outer\"><div class=\"mkdf-pl-text-inner\"><a href=\"https:\/\/bookingadventures.tours\/booking.php?slug=Private_Catamaran_Saman_Bay__Felipe_\" aria-describedby=\"woocommerce_loop_add_to_cart_link_describedby_11698\" data-quantity=\"1\" class=\"button product_type_external\" data-product_id=\"11698\" data-product_sku=\"\" aria-label=\"REZERVASYON YAP\" rel=\"nofollow noopener\" target=\"_blank\">REZERVASYON YAP<\/a>\t<span id=\"woocommerce_loop_add_to_cart_link_describedby_11698\" class=\"screen-reader-text\">\n\t\t\t<\/span>\n<\/div><\/div><\/div><\/div><a href=\"https:\/\/toursmiches.com\/tr\/miches\/samana-tekne-katamaran-kiralama-kiralik-a-ozel-tekne-katamaran\/\" class=\"woocommerce-LoopProduct-link woocommerce-loop-product__link\"><\/a><\/div><div class=\"mkdf-pl-text-wrapper\"><h4 class=\"mkdf-product-list-title\"><a href=\"https:\/\/toursmiches.com\/tr\/miches\/samana-tekne-katamaran-kiralama-kiralik-a-ozel-tekne-katamaran\/\">Private Catamaran Saman\u00e1 Bay &#8211; Felipe 2<\/a><\/h4>\n\t<span class=\"price\"><del aria-hidden=\"true\"><span class=\"woocommerce-Price-amount amount\"><bdi><span class=\"woocommerce-Price-currencySymbol\">&#36;<\/span>1,850.00<\/bdi><\/span><\/del> <span class=\"screen-reader-text\">Orijinal fiyat: &#036;1,850.00.<\/span><ins aria-hidden=\"true\"><span class=\"woocommerce-Price-amount amount\"><bdi><span class=\"woocommerce-Price-currencySymbol\">&#36;<\/span>1,499.00<\/bdi><\/span><\/ins><span class=\"screen-reader-text\">\u015eu andaki fiyat: &#036;1,499.00.<\/span><\/span>\n<\/div><\/li><li class=\"product type-product post-12214 status-publish instock product_cat-dominican-republic product_tag-excursion product_tag-tour has-post-thumbnail sale shipping-taxable product-type-external\">\n\t<div class=\"mkdf-pl-inner\"><div class=\"mkdf-pl-image\">\n\t<span class=\"mkdf-onsale\">SALE<\/span>\n\t<img loading=\"lazy\" decoding=\"async\" width=\"300\" height=\"300\" src=\"https:\/\/toursmiches.com\/wp-content\/uploads\/2024\/12\/98-3-300x300.jpg\" class=\"attachment-woocommerce_thumbnail size-woocommerce_thumbnail\" alt=\"\" srcset=\"https:\/\/toursmiches.com\/wp-content\/uploads\/2024\/12\/98-3-300x300.jpg 300w, https:\/\/toursmiches.com\/wp-content\/uploads\/2024\/12\/98-3-550x550.jpg 550w, https:\/\/toursmiches.com\/wp-content\/uploads\/2024\/12\/98-3-100x100.jpg 100w\" sizes=\"auto, (max-width: 300px) 100vw, 300px\" title=\"\"><div class=\"mkdf-pl-text\"><div class=\"mkdf-pl-text-outer\"><div class=\"mkdf-pl-text-inner\"><a href=\"https:\/\/gyg.me\/e4KDM3C3\" aria-describedby=\"woocommerce_loop_add_to_cart_link_describedby_12214\" data-quantity=\"1\" class=\"button product_type_external\" data-product_id=\"12214\" data-product_sku=\"\" aria-label=\"&ldquo;Punta cana : Off-road buggy adventure with cenote cave swim and beach&rdquo; \u00fcr\u00fcn\u00fcn\u00fc sat\u0131n al\" rel=\"nofollow noopener\" target=\"_blank\">\u00dcr\u00fcn sat\u0131n al<\/a>\t<span id=\"woocommerce_loop_add_to_cart_link_describedby_12214\" class=\"screen-reader-text\">\n\t\t\t<\/span>\n<\/div><\/div><\/div><\/div><a href=\"https:\/\/toursmiches.com\/tr\/miches\/punta-cana-off-road-buggy-adventure-with-cenote-cave-swim-and-beach\/\" class=\"woocommerce-LoopProduct-link woocommerce-loop-product__link\"><\/a><\/div><div class=\"mkdf-pl-text-wrapper\"><h4 class=\"mkdf-product-list-title\"><a href=\"https:\/\/toursmiches.com\/tr\/miches\/punta-cana-off-road-buggy-adventure-with-cenote-cave-swim-and-beach\/\">Punta cana : Off-road buggy adventure with cenote cave swim and beach<\/a><\/h4>\n\t<span class=\"price\"><del aria-hidden=\"true\"><span class=\"woocommerce-Price-amount amount\"><bdi><span class=\"woocommerce-Price-currencySymbol\">&#36;<\/span>49.00<\/bdi><\/span><\/del> <span class=\"screen-reader-text\">Orijinal fiyat: &#036;49.00.<\/span><ins aria-hidden=\"true\"><span class=\"woocommerce-Price-amount amount\"><bdi><span class=\"woocommerce-Price-currencySymbol\">&#36;<\/span>39.00<\/bdi><\/span><\/ins><span class=\"screen-reader-text\">\u015eu andaki fiyat: &#036;39.00.<\/span><\/span>\n<\/div><\/li><\/ul>\n<\/div><div class=\"vc_empty_space\"   style=\"height: 32px\"><span class=\"vc_empty_space_inner\"><\/span><\/div><\/div><\/div><\/div><\/div><div class=\"vc_row wpb_row vc_row-fluid\" ><div class=\"wpb_column vc_column_container vc_col-sm-12\"><div class=\"vc_column-inner\"><div class=\"wpb_wrapper\">\n\t<div class=\"wpb_text_column wpb_content_element\" >\n\t\t<div class=\"wpb_wrapper\">\n\t\t\t<h4>Bize Ula\u015f\u0131n?<\/h4>\n<h5><em><strong>Rezervasyon Maceralar\u0131<\/strong><\/em><\/h5>\n<p><em><strong>Yerliler<\/strong> Ve <strong>Vatanda\u015flar<\/strong> Tur Rehberleri ve Misafir Hizmetleri<\/em><\/p>\n<p><span class=\"text-turquoise\">Rezervasyonlar:<\/span> Dom. Cum. s\u0131n\u0131rlar\u0131ndaki Turlar ve Geziler<\/p>\n<p>&nbsp;<\/p>\n<h4><b><i>\u0130ptal politikas\u0131<\/i><\/b><\/h4>\n<p>For a full refund, please read our Cancellations policies\u00a0<a href=\"https:\/\/ticketswhales.com\/online-booking\/\" target=\"_blank\" rel=\"noopener\" data-saferedirecturl=\"https:\/\/www.google.com\/url?q=https:\/\/ticketswhales.com\/online-booking\/&amp;source=gmail&amp;ust=1672449202351000&amp;usg=AOvVaw1yAeVAPktmaVCqDujgUn90\">Click here<\/a>. Funds will be lost if the reservation is cancelled the same day of the trip.<\/p>\n\n\t\t<\/div>\n\t<\/div>\n<div class=\"vc_btn3-container vc_btn3-inline\" ><a class=\"vc_general vc_btn3 vc_btn3-size-md vc_btn3-shape-rounded vc_btn3-style-modern vc_btn3-color-green\" href=\"https:\/\/bookingadventures.tours\/booking.php?tour_id=6c46b6d75497756d7ee194109970e87a\" title=\"\" target=\"_blank\" rel=\"noopener\">REZERVASYON YAP<\/a><\/div><\/div><\/div><\/div><\/div><div class=\"vc_row wpb_row vc_row-fluid\" ><div class=\"wpb_column vc_column_container vc_col-sm-12\"><div class=\"vc_column-inner\"><div class=\"wpb_wrapper\"><div class=\"vc_empty_space\"   style=\"height: 32px\"><span class=\"vc_empty_space_inner\"><\/span><\/div>\n\t<div class=\"wpb_text_column wpb_content_element\" >\n\t\t<div class=\"wpb_wrapper\">\n\t\t\t<h4>Bize Ula\u015f\u0131n?<\/h4>\n<h5>Rezervasyon Maceralar\u0131<\/h5>\n<p><em><strong>Yerliler<\/strong>\u00a0Ve\u00a0<strong>Vatanda\u015flar<\/strong>\u00a0Tur Rehberleri ve Misafir Hizmetleri<\/em><\/p>\n<p><span class=\"text-turquoise\">Rezervasyonlar:<\/span>\u00a0Dom. Cum. s\u0131n\u0131rlar\u0131ndaki Turlar ve Geziler<\/p>\n<p><img decoding=\"async\" class=\"emoji\" draggable=\"false\" src=\"https:\/\/s.w.org\/images\/core\/emoji\/11.2.0\/svg\/1f4de.svg\" alt=\"\ud83d\udcde\" title=\"\">\u00a0Tel\/Whatsapp\u00a0\u00a0<a href=\"tel:+1-809-720-6035\">+1-809-720-6035<\/a>.<\/p>\n<p><img decoding=\"async\" class=\"emoji\" draggable=\"false\" src=\"https:\/\/s.w.org\/images\/core\/emoji\/11.2.0\/svg\/1f4e9.svg\" alt=\"\ud83d\udce9\" title=\"\">\u00a0<a href=\"mailto:info@bookingadventures.com.do\">info@bookingadventures.com.do<\/a><\/p>\n<p><strong>Whatsapp ile \u00d6zel Turlar\u0131 Esnek Ayarl\u0131yoruz:\u00a0<a href=\"tel:+18097206035\">+18097206035.<\/a><\/strong><\/p>\n\n\t\t<\/div>\n\t<\/div>\n<div class=\"vc_empty_space\"   style=\"height: 32px\"><span class=\"vc_empty_space_inner\"><\/span><\/div><\/div><\/div><\/div><\/div><div class=\"vc_row wpb_row vc_row-fluid\" ><div class=\"wpb_column vc_column_container vc_col-sm-12\"><div class=\"vc_column-inner\"><div class=\"wpb_wrapper\"><div class=\"vc_btn3-container vc_btn3-inline\" ><a class=\"vc_general vc_btn3 vc_btn3-size-md vc_btn3-shape-rounded vc_btn3-style-modern vc_btn3-color-green\" href=\"https:\/\/bookingadventures.tours\/booking.php?slug=\" title=\"\" target=\"_blank\" rel=\"noopener\">REZERVASYON YAP<\/a><\/div><\/div><\/div><\/div><\/div>","protected":false},"excerpt":{"rendered":"<p>Note: This is a Private transfer option from Punta Cana to Sabana de la mar or From Sabana de la mar to Punta Cana. If you will like to add more visitors please feel free to contact us.<\/p>\n<p><strong>In the Note from Reservation add time and place where you will be staying plus where in Sabana de la mar or Punta Cana you are visiting.<\/strong><\/p>\n<p>Place to Pick- up:<\/p>\n<p>Place to Drop-off:<\/p>\n<p>Time:<\/p>\n<p><em><strong>Please Select date for\u00a0 the transfer :\u00a0<\/strong><\/em><\/p>","protected":false},"featured_media":15220,"template":"","meta":[],"product_brand":[],"product_cat":[576,449,569,599,305,122,259],"product_tag":[620,621,623,627,628],"class_list":{"0":"post-15083","1":"product","2":"type-product","3":"status-publish","4":"has-post-thumbnail","6":"product_cat-1-punta-cana","7":"product_cat-punta-cana-buggy-tour","8":"product_cat-punta-cana-group-tours","9":"product_cat-punta-cana-buggies","10":"product_cat-tours-and-excursion-punta-cana","11":"product_cat-tours-and-excursions","12":"product_cat-tours-excursions-punta-cana-dominican-republic","13":"product_tag-de-aeropuerto-punta-cana-puj-a-sabana-de-la-mar","14":"product_tag-de-punta-cana-a-sabana-de-la-mar-en-2-horas","15":"product_tag-punta-cana-to-sabana-del-mar","16":"product_tag-shuttles-from-punta-cana-to-sabana-de-la-mar","17":"product_tag-taxi-punta-cana-sabana-de-la-mar-dominican-republic","19":"first","20":"instock","21":"sale","22":"sold-individually","23":"shipping-taxable","24":"product-type-external"},"_links":{"self":[{"href":"https:\/\/toursmiches.com\/tr\/wp-json\/wp\/v2\/product\/15083","targetHints":{"allow":["GET"]}}],"collection":[{"href":"https:\/\/toursmiches.com\/tr\/wp-json\/wp\/v2\/product"}],"about":[{"href":"https:\/\/toursmiches.com\/tr\/wp-json\/wp\/v2\/types\/product"}],"wp:featuredmedia":[{"embeddable":true,"href":"https:\/\/toursmiches.com\/tr\/wp-json\/wp\/v2\/media\/15220"}],"wp:attachment":[{"href":"https:\/\/toursmiches.com\/tr\/wp-json\/wp\/v2\/media?parent=15083"}],"wp:term":[{"taxonomy":"product_brand","embeddable":true,"href":"https:\/\/toursmiches.com\/tr\/wp-json\/wp\/v2\/product_brand?post=15083"},{"taxonomy":"product_cat","embeddable":true,"href":"https:\/\/toursmiches.com\/tr\/wp-json\/wp\/v2\/product_cat?post=15083"},{"taxonomy":"product_tag","embeddable":true,"href":"https:\/\/toursmiches.com\/tr\/wp-json\/wp\/v2\/product_tag?post=15083"}],"curies":[{"name":"wp","href":"https:\/\/api.w.org\/{rel}","templated":true}]}}