{"id":565,"date":"2020-06-27T16:23:17","date_gmt":"2020-06-27T16:23:17","guid":{"rendered":"http:\/\/toursmiches.com\/?post_type=product&#038;p=565"},"modified":"2024-04-17T17:12:17","modified_gmt":"2024-04-17T17:12:17","slug":"excursion-a-los-27-charcos-de-damajagua","status":"publish","type":"product","link":"https:\/\/toursmiches.com\/vi\/miches\/excursion-a-los-27-charcos-de-damajagua\/","title":{"rendered":"Chuy\u1ebfn tham quan \u0111\u1ebfn 27 Charcos c\u1ee7a Damajagua"},"content":{"rendered":"<div class=\"vc_row wpb_row vc_row-fluid\" ><div class=\"wpb_column vc_column_container vc_col-sm-12\"><div class=\"vc_column-inner\"><div class=\"wpb_wrapper\">[mkdf_section_title subtitle_tag=\u00bb\u00bb subtitle=\u00bbAlmuerzo Inclu\u00eddo\u00bb]<\/div><\/div><\/div><\/div><div class=\"vc_row wpb_row vc_row-fluid\" ><div class=\"wpb_column vc_column_container vc_col-sm-12\"><div class=\"vc_column-inner\"><div class=\"wpb_wrapper\">\n\t<div class=\"wpb_text_column wpb_content_element\" >\n\t\t<div class=\"wpb_wrapper\">\n\t\t\t<h2>27 Cascadas de Damajagua Tour desde Puerto Plata. Excursi\u00f3n de medio d\u00eda.<\/h2>\n<h5>27 Charcos de Damajagua Excursi\u00f3n desde Puerto Plata. Tour de medio d\u00eda.<\/h5>\n<h3>S\u1ef1 mi\u00eau t\u1ea3<\/h3>\n<p>Obtenga sus entradas para una excursi\u00f3n de medio d\u00eda aqu\u00ed en los 27 Charcos de Damajagua. Las entradas con almuerzo y excursi\u00f3n incluyen saltar y nadar en las cascadas m\u00e1s hermosas de la Rep\u00fablica Dominicana. Senderismo y nataci\u00f3n con equipo de seguridad para tener la mejor experiencia de su vida!<\/p>\n<p>Despu\u00e9s de esta experiencia, volver\u00e1 a la ubicaci\u00f3n donde se reunir\u00e1 con el gu\u00eda tur\u00edstico.<\/p>\n<ul>\n<li>Bao g\u1ed3m thu\u1ebf<\/li>\n<li>Almuerzo<\/li>\n<li>Aperitivos<\/li>\n<li>Gu\u00eda de turismo local en ingl\u00e9s<\/li>\n<\/ul>\n<h3>Bao g\u1ed3m v\u00e0 lo\u1ea1i tr\u1eeb<\/h3>\n<h4>Bao g\u1ed3m<\/h4>\n<ol>\n<li>27 cascadas de Damajagua<\/li>\n<li>Almuerzo<\/li>\n<li>T\u1ea5t c\u1ea3 c\u00e1c lo\u1ea1i thu\u1ebf, ph\u00ed v\u00e0 ph\u00ed x\u1eed l\u00fd<\/li>\n<li>Thu\u1ebf \u0111\u1ecba ph\u01b0\u01a1ng<\/li>\n<li>\u0110\u00f4\u0340 u\u00f4\u0341ng<\/li>\n<li>Aperitivos<\/li>\n<li>T\u1ea5t c\u1ea3 c\u00e1c ho\u1ea1t \u0111\u1ed9ng<\/li>\n<li>H\u01b0\u1edbng d\u1eabn \u0111\u1ecba ph\u01b0\u01a1ng<\/li>\n<\/ol>\n<h4>Lo\u1ea1i tr\u1eeb<\/h4>\n<ol>\n<li>L\u1eddi khuy\u00ean<\/li>\n<li>Transporte (establecido al contactarnos)<\/li>\n<li>\u0110\u1ed3 u\u1ed1ng c\u00f3 c\u1ed3n<\/li>\n<\/ol>\n<h3><em>Kh\u1edfi h\u00e0nh v\u00e0 tr\u1edf v\u1ec1<\/em><\/h3>\n<p>El viajero obtendr\u00e1 un punto de encuentro despu\u00e9s del proceso de reserva. Los recorridos comienzan y finalizan en sus puntos de encuentro.<\/p>\n<p>27 Cascadas de Damajagua Tour desde Puerto Plata.<\/p>\n<h3><em>Nh\u1eefng g\u00ec mong \u0111\u1ee3i?<\/em><\/h3>\n<p>Descubra las aisladas cascadas de Damajagua, escondidas en las colinas del Corredor Norte de la Rep\u00fablica Dominicana, en esta excursi\u00f3n de un d\u00eda desde Puerto Plata. Explore las veintisiete ca\u00eddas v\u00edrgenes, que caen en cascada sobre la piedra caliza, con su gu\u00eda local. Obtenga una breve sesi\u00f3n informativa de seguridad, luego salte, nade y desl\u00edcese por toboganes naturales.<br \/>\nAlmuerzo y bebidas inclu\u00eddas. Una caminata moderada de 40 minutos cuesta arriba a trav\u00e9s de un hermoso paisaje selv\u00e1tico lo lleva a la cascada 12 o, si est\u00e1 en excelente estado f\u00edsico, elija caminar hasta la cima de las 27 cascadas (aproximadamente 70 minutos) y experimentarlo todo .<br \/>\nDe cualquier manera, tu verdadera diversi\u00f3n comienza cuando volvemos r\u00edo abajo y saltas, te deslizas y nadas a trav\u00e9s de una serie de espectaculares cascadas, ca\u00f1ones y piscinas azules, emergiendo con una sonrisa tonta en la cara y recuerdos incre\u00edbles para atesorar. Los recorridos incluyen saltos de hasta 25 pies (8 metros), pero no se preocupe, los grandes tienen otra forma de bajar si no quiere saltar.<br \/>\nDespu\u00e9s de una caminata de 15 minutos de regreso al campamento base y de ponerse ropa seca, disfrute de un delicioso y variado almuerzo buffet dominicano, que incluye cosas como pollo y cerdo a la parrilla, guisos, arroz, pasta y ensaladas.<br \/>\nSe incluyen bebidas locales de ron, gaseosas y agua (cerveza disponible pero no inclu\u00edda). Despu\u00e9s de la comida, desp\u00eddase de los gu\u00edas locales y su mejor experiencia se tendr\u00e1 en cuenta y fotos o videos para el resto de su vida.<\/p>\n<h3><em>B\u1ea1n n\u00ean mang theo nh\u1eefng g\u00ec?<\/em><\/h3>\n<ul>\n<li>M\u00e1y \u1ea3nh<\/li>\n<li>Thu\u1ed1c \u0111u\u1ed5i<\/li>\n<li>Kem ch\u1ed1ng n\u1eafng<\/li>\n<li>M\u0169<\/li>\n<li>Qu\u1ea7n tho\u1ea3i m\u00e1i<\/li>\n<li>Gi\u00e0y \u0111i r\u1eebng<\/li>\n<li>D\u00e9p \u0111\u1ebfn mi\u1ec1n xu\u00e2n.<\/li>\n<li>\u0110\u1ed3 b\u01a1i<\/li>\n<\/ul>\n<h3><em>\u0110\u00f3n kh\u00e1ch s\u1ea1n<\/em><\/h3>\n<p>No se ofrece la recogida en el hotel para este tour. Configuramos recogida contact\u00e1ndonos por Whatsapp +1 809-720-6035.<\/p>\n<p><strong>Ghi ch\u00fa<\/strong>: Si realiza la reserva dentro de las 24 horas de la hora de salida del tour \/ excursi\u00f3n, podemos organizar la recogida en el hotel con cargos adicionales. Una vez que se complete su compra, le enviaremos informaci\u00f3n de contacto completa (n\u00famero de tel\u00e9fono, direcci\u00f3n de correo electr\u00f3nico, etc.) para que nuestro gu\u00eda tur\u00edstico local organice los arreglos de recogida.<\/p>\n<h3><em>X\u00e1c nh\u1eadn th\u00f4ng tin b\u1ed5 sung<\/em><\/h3>\n<ul>\n<li>V\u00e9 l\u00e0 Bi\u00ean lai sau khi thanh to\u00e1n cho Chuy\u1ebfn tham quan n\u00e0y. B\u1ea1n c\u00f3 th\u1ec3 hi\u1ec3n th\u1ecb kho\u1ea3n thanh to\u00e1n tr\u00ean \u0111i\u1ec7n tho\u1ea1i c\u1ee7a m\u00ecnh.<\/li>\n<li>\u0110i\u1ec3m t\u1eadp trung s\u1ebd \u0111\u01b0\u1ee3c nh\u1eadn sau qu\u00e1 tr\u00ecnh \u0111\u1eb7t ch\u1ed7.<\/li>\n<li>Tr\u1ebb em ph\u1ea3i \u0111i c\u00f9ng ng\u01b0\u1eddi l\u1edbn.<\/li>\n<li>Kh\u00f4ng th\u1ec3 s\u1eed d\u1ee5ng xe l\u0103n<\/li>\n<li>Tr\u1ebb s\u01a1 sinh n\u00ean ng\u1ed3i tr\u00ean gh\u1ebf em b\u00e9 ho\u1eb7c ng\u1ed3i c\u00f9ng ng\u01b0\u1eddi l\u1edbn<\/li>\n<li>Kh\u00f4ng n\u00ean d\u00f9ng cho du kh\u00e1ch c\u00f3 v\u1ea5n \u0111\u1ec1 v\u1ec1 l\u01b0ng.<\/li>\n<li>Kh\u00f4ng n\u00ean d\u00f9ng cho ph\u1ee5 n\u1eef mang thai.<\/li>\n<li>Kh\u00f4ng c\u00f3 v\u1ea5n \u0111\u1ec1 v\u1ec1 tim ho\u1eb7c c\u00e1c t\u00ecnh tr\u1ea1ng b\u1ec7nh l\u00fd nghi\u00eam tr\u1ecdng kh\u00e1c.<\/li>\n<li>H\u1ea7u h\u1ebft du kh\u00e1ch c\u00f3 th\u1ec3 tham gia.<\/li>\n<\/ul>\n<h3><em>Ch\u00ednh s\u00e1ch h\u1ee7y<\/em><\/h3>\n<p>Para obtener un reembolso completo, cancele al menos 24 horas antes de la fecha de inicio de la experiencia. Los fondos se perder\u00e1n si la reserva se cancela el mismo d\u00eda del viaje.<\/p>\n\n\t\t<\/div>\n\t<\/div>\n<\/div><\/div><\/div><\/div><div class=\"vc_row wpb_row vc_row-fluid\" ><div class=\"wpb_column vc_column_container vc_col-sm-12\"><div class=\"vc_column-inner\"><div class=\"wpb_wrapper\">\n\t<div class=\"wpb_video_widget wpb_content_element vc_clearfix   vc_video-aspect-ratio-169 vc_video-el-width-100 vc_video-align-left\" >\n\t\t<div class=\"wpb_wrapper\">\n\t\t\t<h2 class=\"wpb_heading wpb_video_heading\">27 Waterfalls of Damajagua Tour from Puerto Plata:<\/h2>\n\t\t\t<div class=\"wpb_video_wrapper\"><iframe loading=\"lazy\" title=\"27 Waterfalls of Damajagua by Booking Adventures &amp; Travel Dominican Republic\" width=\"1100\" height=\"619\" src=\"https:\/\/www.youtube.com\/embed\/AVNh_we_RQE?start=17&feature=oembed\" frameborder=\"0\" allow=\"accelerometer; autoplay; encrypted-media; gyroscope; picture-in-picture\" allowfullscreen><\/iframe><\/div>\n\t\t<\/div>\n\t<\/div>\n<\/div><\/div><\/div><\/div><div class=\"vc_row wpb_row vc_row-fluid\" ><div class=\"wpb_column vc_column_container vc_col-sm-12\"><div class=\"vc_column-inner\"><div class=\"wpb_wrapper\"><div class=\"vc_empty_space\"   style=\"height: 32px\"><span class=\"vc_empty_space_inner\"><\/span><\/div>\n\t<div class=\"wpb_text_column wpb_content_element\" >\n\t\t<div class=\"wpb_wrapper\">\n\t\t\t<h4>Cont\u00e1ctenos<\/h4>\n<h5>\u0110\u1eb7t ch\u1ed7 phi\u00eau l\u01b0u<\/h5>\n<p><strong><em>H\u01b0\u1edbng d\u1eabn vi\u00ean v\u00e0 d\u1ecbch v\u1ee5 du l\u1ecbch trong n\u01b0\u1edbc v\u00e0 \u0111\u1ecba ph\u01b0\u01a1ng<\/em><\/strong><\/p>\n<p>\u0110\u1eb7t ch\u1ed7: C\u00e1c chuy\u1ebfn tham quan v\u00e0 du ngo\u1ea1n t\u1ea1i Dom. Reps.<\/p>\n<p>\u0110i\u1ec7n tho\u1ea1i\/Whatsapp +1-809-720-6035.<\/p>\n<p>info@bookingadventures.com.do<\/p>\n<p>Ch\u00fang t\u00f4i th\u1ef1c hi\u1ec7n c\u00e1c chuy\u1ebfn tham quan ri\u00eang v\u1edbi c\u1ea5u h\u00ecnh linh ho\u1ea1t b\u1eb1ng Whatsapp: +18097206035.<\/p>\n\n\t\t<\/div>\n\t<\/div>\n<div class=\"vc_empty_space\"   style=\"height: 32px\"><span class=\"vc_empty_space_inner\"><\/span><\/div><\/div><\/div><\/div><\/div>","protected":false},"excerpt":{"rendered":"<p>Esta excursi\u00f3n a las 27 cascadas de Damajagua en Puerto Plata, almuerzo y excursi\u00f3n por las 27 cascadas, senderismo y salto al r\u00edo.<\/p>\n<p>Viaje ecol\u00f3gico a las 27 cascadas de Puerto Plata. Obtenga sus entradas para una excursi\u00f3n de medio d\u00eda aqu\u00ed en los 27 charcos de Damajagua. Las entradas con almuerzo y excursi\u00f3n incluyen saltar y nadar en las cascadas m\u00e1s hermosas de la Rep\u00fablica Dominicana. Senderismo y nataci\u00f3n con equipo de seguridad para tener la mejor experiencia de su vida!<\/p>\n<p><strong>Vui l\u00f2ng ch\u1ecdn ng\u00e0y cho chuy\u1ebfn tham quan:<\/strong><\/p>","protected":false},"featured_media":271,"template":"","meta":[],"product_brand":[],"product_cat":[239,240,120,96,135,122,443,241,100],"product_tag":[242,243,244,245,246,247,248,249,250,251,252,253,254,255,256,257,258],"class_list":{"0":"post-565","1":"product","2":"type-product","3":"status-publish","4":"has-post-thumbnail","6":"product_cat-27-waterfalls","7":"product_cat-damajagua","8":"product_cat-fees-entrace","9":"product_cat-hiking","10":"product_cat-lunch","11":"product_cat-tours-and-excursions","12":"product_cat-tours-y-excursiones-es","13":"product_cat-tours-excursions-27-waterfalls-puerto-plata-dominican-republic","14":"product_cat-waterfalls","15":"product_tag-27-charcos-de-damajagua","16":"product_tag-27-waterfalls","17":"product_tag-27-waterfalls-dominican-republic","18":"product_tag-27-waterfalls-dominican-republic-facts","19":"product_tag-27-waterfalls-excursion","20":"product_tag-27-waterfalls-puerto-plata","21":"product_tag-amber-cove-cruise-terminal-27-waterfalls","22":"product_tag-amber-cove-excursions","23":"product_tag-damajagua-falls-tours","24":"product_tag-damajagua-national-park","25":"product_tag-excursion-27-waterfalls","26":"product_tag-how-to-get-to-27-waterfalls-from-puerto-plata","27":"product_tag-jumping-27-waterfalls","28":"product_tag-los-27-charcos-de-puerto-plata","29":"product_tag-puerto-plata","30":"product_tag-things-to-do-in-amber-cove","31":"product_tag-tour-27-waterfalls","33":"first","34":"instock","35":"sale","36":"sold-individually","37":"shipping-taxable","38":"product-type-external"},"_links":{"self":[{"href":"https:\/\/toursmiches.com\/vi\/wp-json\/wp\/v2\/product\/565","targetHints":{"allow":["GET"]}}],"collection":[{"href":"https:\/\/toursmiches.com\/vi\/wp-json\/wp\/v2\/product"}],"about":[{"href":"https:\/\/toursmiches.com\/vi\/wp-json\/wp\/v2\/types\/product"}],"wp:featuredmedia":[{"embeddable":true,"href":"https:\/\/toursmiches.com\/vi\/wp-json\/wp\/v2\/media\/271"}],"wp:attachment":[{"href":"https:\/\/toursmiches.com\/vi\/wp-json\/wp\/v2\/media?parent=565"}],"wp:term":[{"taxonomy":"product_brand","embeddable":true,"href":"https:\/\/toursmiches.com\/vi\/wp-json\/wp\/v2\/product_brand?post=565"},{"taxonomy":"product_cat","embeddable":true,"href":"https:\/\/toursmiches.com\/vi\/wp-json\/wp\/v2\/product_cat?post=565"},{"taxonomy":"product_tag","embeddable":true,"href":"https:\/\/toursmiches.com\/vi\/wp-json\/wp\/v2\/product_tag?post=565"}],"curies":[{"name":"wp","href":"https:\/\/api.w.org\/{rel}","templated":true}]}}